{"id":144854,"date":"2020-08-01T10:00:38","date_gmt":"2020-08-01T08:00:38","guid":{"rendered":"https:\/\/joyana.fr\/?post_type=product&#038;p=144854"},"modified":"2021-01-30T16:19:01","modified_gmt":"2021-01-30T14:19:01","slug":"20200507-aokabi-saya","status":"publish","type":"product","link":"https:\/\/joyana.fr\/en\/gallery\/20200507-aokabi-saya\/","title":{"rendered":"20200507 &#8211; AOKABI SAYA"},"content":{"rendered":"<p>About the artist :<\/p>\n<p>AOKABI SAYA presents some particular drawings, inspired by mangas and its feminine characters. For those who look closely, pencil and brush strokes offer here a glimpse of an eye, there a lock of hair, or even a nose, in this style typical from Japan.<\/p>\n","protected":false},"excerpt":{"rendered":"<p>ARTIST | AOKABI SAYA (JAPAN)<br \/>\nTITLE | 20200507<br \/>\nINFO | 36x51cm acrylic on linen on wood frame<br \/>\nEXPEDITION | Sent from France at the end of August<\/p>\n","protected":false},"author":3,"featured_media":144858,"template":"","meta":{"_coblocks_attr":"","_coblocks_dimensions":"","_coblocks_responsive_height":"","_coblocks_accordion_ie_support":"","_uag_custom_page_level_css":"","advgb_blocks_editor_width":"","advgb_blocks_columns_visual_guide":"","_genesis_hide_title":false,"_genesis_hide_breadcrumbs":false,"_genesis_hide_singular_image":false,"_genesis_hide_footer_widgets":false,"_genesis_custom_body_class":"","_genesis_custom_post_class":"","_genesis_layout":"full-width-content","_themeisle_gutenberg_block_has_review":false},"product_cat":[5190,5264,5263],"product_tag":[],"class_list":{"0":"post-144854","1":"product","2":"type-product","3":"status-publish","4":"has-post-thumbnail","6":"product_cat-aokabi-saya","7":"product_cat-toile-oeuvres-sold-out","8":"product_cat-oeuvres-sold-out","9":"product_shipping_class-monde-60x60","10":"entry","12":"first","13":"outofstock","14":"shipping-taxable","15":"purchasable","16":"product-type-simple"},"featured_image_urls":{"full":["https:\/\/i0.wp.com\/joyana.fr\/wp-content\/uploads\/2020\/07\/carre-Blue_Aokabi.jpg?fit=698%2C698&ssl=1",698,698,false],"thumbnail":["https:\/\/i0.wp.com\/joyana.fr\/wp-content\/uploads\/2020\/07\/carre-Blue_Aokabi.jpg?resize=150%2C150&ssl=1",150,150,true],"medium":["https:\/\/i0.wp.com\/joyana.fr\/wp-content\/uploads\/2020\/07\/carre-Blue_Aokabi.jpg?fit=389%2C389&ssl=1",389,389,true],"medium_large":["https:\/\/i0.wp.com\/joyana.fr\/wp-content\/uploads\/2020\/07\/carre-Blue_Aokabi.jpg?fit=698%2C698&ssl=1",698,698,true],"large":["https:\/\/i0.wp.com\/joyana.fr\/wp-content\/uploads\/2020\/07\/carre-Blue_Aokabi.jpg?fit=698%2C698&ssl=1",698,698,true],"1536x1536":["https:\/\/i0.wp.com\/joyana.fr\/wp-content\/uploads\/2020\/07\/carre-Blue_Aokabi.jpg?fit=698%2C698&ssl=1",698,698,true],"2048x2048":["https:\/\/i0.wp.com\/joyana.fr\/wp-content\/uploads\/2020\/07\/carre-Blue_Aokabi.jpg?fit=698%2C698&ssl=1",698,698,true],"featured-thumb":["https:\/\/i0.wp.com\/joyana.fr\/wp-content\/uploads\/2020\/07\/carre-Blue_Aokabi.jpg?resize=698%2C698&ssl=1",698,698,true],"ab-block-post-grid-landscape":["https:\/\/i0.wp.com\/joyana.fr\/wp-content\/uploads\/2020\/07\/carre-Blue_Aokabi.jpg?resize=600%2C400&ssl=1",600,400,true],"ab-block-post-grid-square":["https:\/\/i0.wp.com\/joyana.fr\/wp-content\/uploads\/2020\/07\/carre-Blue_Aokabi.jpg?resize=600%2C600&ssl=1",600,600,true],"author-pro-image":["https:\/\/i0.wp.com\/joyana.fr\/wp-content\/uploads\/2020\/07\/carre-Blue_Aokabi.jpg?resize=360%2C570&ssl=1",360,570,true],"slider":["https:\/\/i0.wp.com\/joyana.fr\/wp-content\/uploads\/2020\/07\/carre-Blue_Aokabi.jpg?resize=698%2C400&ssl=1",698,400,true],"woocommerce_thumbnail":["https:\/\/i0.wp.com\/joyana.fr\/wp-content\/uploads\/2020\/07\/carre-Blue_Aokabi.jpg?resize=450%2C450&ssl=1",450,450,true],"woocommerce_single":["https:\/\/i0.wp.com\/joyana.fr\/wp-content\/uploads\/2020\/07\/carre-Blue_Aokabi.jpg?fit=698%2C698&ssl=1",698,698,true],"woocommerce_gallery_thumbnail":["https:\/\/i0.wp.com\/joyana.fr\/wp-content\/uploads\/2020\/07\/carre-Blue_Aokabi.jpg?resize=180%2C180&ssl=1",180,180,true],"sow-carousel-default":["https:\/\/i0.wp.com\/joyana.fr\/wp-content\/uploads\/2020\/07\/carre-Blue_Aokabi.jpg?resize=272%2C182&ssl=1",272,182,true]},"post_excerpt_stackable":"<p>ARTIST | AOKABI SAYA (JAPAN)<br \/>\nTITLE | 20200507<br \/>\nINFO | 36x51cm acrylic on linen on wood frame<br \/>\nEXPEDITION | Sent from France at the end of August<\/p>\n","category_list":"","author_info":{"name":"Jo Yana","url":"https:\/\/joyana.fr\/en\/author\/joyana\/"},"comments_num":"0 comments","featured_image_urls_v2":{"full":["https:\/\/i0.wp.com\/joyana.fr\/wp-content\/uploads\/2020\/07\/carre-Blue_Aokabi.jpg?fit=698%2C698&ssl=1",698,698,false],"thumbnail":["https:\/\/i0.wp.com\/joyana.fr\/wp-content\/uploads\/2020\/07\/carre-Blue_Aokabi.jpg?resize=150%2C150&ssl=1",150,150,true],"medium":["https:\/\/i0.wp.com\/joyana.fr\/wp-content\/uploads\/2020\/07\/carre-Blue_Aokabi.jpg?fit=389%2C389&ssl=1",389,389,true],"medium_large":["https:\/\/i0.wp.com\/joyana.fr\/wp-content\/uploads\/2020\/07\/carre-Blue_Aokabi.jpg?fit=698%2C698&ssl=1",698,698,true],"large":["https:\/\/i0.wp.com\/joyana.fr\/wp-content\/uploads\/2020\/07\/carre-Blue_Aokabi.jpg?fit=698%2C698&ssl=1",698,698,true],"1536x1536":["https:\/\/i0.wp.com\/joyana.fr\/wp-content\/uploads\/2020\/07\/carre-Blue_Aokabi.jpg?fit=698%2C698&ssl=1",698,698,true],"2048x2048":["https:\/\/i0.wp.com\/joyana.fr\/wp-content\/uploads\/2020\/07\/carre-Blue_Aokabi.jpg?fit=698%2C698&ssl=1",698,698,true],"featured-thumb":["https:\/\/i0.wp.com\/joyana.fr\/wp-content\/uploads\/2020\/07\/carre-Blue_Aokabi.jpg?resize=698%2C698&ssl=1",698,698,true],"ab-block-post-grid-landscape":["https:\/\/i0.wp.com\/joyana.fr\/wp-content\/uploads\/2020\/07\/carre-Blue_Aokabi.jpg?resize=600%2C400&ssl=1",600,400,true],"ab-block-post-grid-square":["https:\/\/i0.wp.com\/joyana.fr\/wp-content\/uploads\/2020\/07\/carre-Blue_Aokabi.jpg?resize=600%2C600&ssl=1",600,600,true],"author-pro-image":["https:\/\/i0.wp.com\/joyana.fr\/wp-content\/uploads\/2020\/07\/carre-Blue_Aokabi.jpg?resize=360%2C570&ssl=1",360,570,true],"slider":["https:\/\/i0.wp.com\/joyana.fr\/wp-content\/uploads\/2020\/07\/carre-Blue_Aokabi.jpg?resize=698%2C400&ssl=1",698,400,true],"woocommerce_thumbnail":["https:\/\/i0.wp.com\/joyana.fr\/wp-content\/uploads\/2020\/07\/carre-Blue_Aokabi.jpg?resize=450%2C450&ssl=1",450,450,true],"woocommerce_single":["https:\/\/i0.wp.com\/joyana.fr\/wp-content\/uploads\/2020\/07\/carre-Blue_Aokabi.jpg?fit=698%2C698&ssl=1",698,698,true],"woocommerce_gallery_thumbnail":["https:\/\/i0.wp.com\/joyana.fr\/wp-content\/uploads\/2020\/07\/carre-Blue_Aokabi.jpg?resize=180%2C180&ssl=1",180,180,true],"sow-carousel-default":["https:\/\/i0.wp.com\/joyana.fr\/wp-content\/uploads\/2020\/07\/carre-Blue_Aokabi.jpg?resize=272%2C182&ssl=1",272,182,true]},"post_excerpt_stackable_v2":"<p>ARTIST | AOKABI SAYA (JAPAN)<br \/>\nTITLE | 20200507<br \/>\nINFO | 36x51cm acrylic on linen on wood frame<br \/>\nEXPEDITION | Sent from France at the end of August<\/p>\n","category_list_v2":"","author_info_v2":{"name":"Jo Yana","url":"https:\/\/joyana.fr\/en\/author\/joyana\/"},"comments_num_v2":"0 comments","yoast_head":"<!-- This site is optimized with the Yoast SEO plugin v26.8 - https:\/\/yoast.com\/product\/yoast-seo-wordpress\/ -->\n<title>20200507 - 20200507 -  - AOKABI SAYA[:] - JO YANA<\/title>\n<meta name=\"robots\" content=\"index, follow, max-snippet:-1, max-image-preview:large, max-video-preview:-1\" \/>\n<link rel=\"canonical\" href=\"https:\/\/joyana.fr\/en\/gallery\/20200507-aokabi-saya\/\" \/>\n<meta property=\"og:locale\" content=\"en_US\" \/>\n<meta property=\"og:locale:alternate\" content=\"fr_FR\" \/>\n<meta property=\"og:locale:alternate\" content=\"ja\" \/>\n<meta property=\"og:type\" content=\"article\" \/>\n<meta property=\"og:title\" content=\"20200507 - AOKABI SAYA\" \/>\n<meta property=\"og:description\" content=\"ARTIST | AOKABI SAYA (JAPAN) TITLE | 20200507 INFO | 36x51cm acrylic on linen on wood frame EXPEDITION | Sent from France at the end of August\" \/>\n<meta property=\"og:url\" content=\"https:\/\/joyana.fr\/en\/gallery\/20200507-aokabi-saya\/\" \/>\n<meta property=\"og:site_name\" content=\"JO YANA\" \/>\n<meta property=\"article:modified_time\" content=\"2021-01-30T14:19:01+00:00\" \/>\n<meta property=\"og:image\" content=\"https:\/\/i0.wp.com\/joyana.fr\/wp-content\/uploads\/2020\/07\/carre-Blue_Aokabi.jpg?fit=698%2C698&ssl=1\" \/>\n\t<meta property=\"og:image:width\" content=\"698\" \/>\n\t<meta property=\"og:image:height\" content=\"698\" \/>\n\t<meta property=\"og:image:type\" content=\"image\/jpeg\" \/>\n<meta name=\"twitter:card\" content=\"summary_large_image\" \/>\n<meta name=\"twitter:site\" content=\"@Jo_Yana\" \/>\n<meta name=\"twitter:label1\" content=\"Est. reading time\" \/>\n\t<meta name=\"twitter:data1\" content=\"1 minute\" \/>\n<script type=\"application\/ld+json\" class=\"yoast-schema-graph\">{\"@context\":\"https:\/\/schema.org\",\"@graph\":[{\"@type\":\"WebPage\",\"@id\":\"https:\/\/joyana.fr\/en\/gallery\/20200507-aokabi-saya\/\",\"url\":\"https:\/\/joyana.fr\/en\/gallery\/20200507-aokabi-saya\/\",\"name\":\"20200507 - AOKABI SAYA\",\"isPartOf\":{\"@id\":\"https:\/\/www.joyana.fr\/#website\"},\"primaryImageOfPage\":{\"@id\":\"https:\/\/joyana.fr\/en\/gallery\/20200507-aokabi-saya\/#primaryimage\"},\"image\":{\"@id\":\"https:\/\/joyana.fr\/en\/gallery\/20200507-aokabi-saya\/#primaryimage\"},\"thumbnailUrl\":\"https:\/\/i0.wp.com\/joyana.fr\/wp-content\/uploads\/2020\/07\/carre-Blue_Aokabi.jpg?fit=698%2C698&ssl=1\",\"datePublished\":\"2020-08-01T08:00:38+00:00\",\"dateModified\":\"2021-01-30T14:19:01+00:00\",\"breadcrumb\":{\"@id\":\"https:\/\/joyana.fr\/en\/gallery\/20200507-aokabi-saya\/#breadcrumb\"},\"inLanguage\":\"en-US\",\"potentialAction\":[{\"@type\":\"ReadAction\",\"target\":[\"https:\/\/joyana.fr\/en\/gallery\/20200507-aokabi-saya\/\"]}]},{\"@type\":\"ImageObject\",\"inLanguage\":\"en-US\",\"@id\":\"https:\/\/joyana.fr\/en\/gallery\/20200507-aokabi-saya\/#primaryimage\",\"url\":\"https:\/\/i0.wp.com\/joyana.fr\/wp-content\/uploads\/2020\/07\/carre-Blue_Aokabi.jpg?fit=698%2C698&ssl=1\",\"contentUrl\":\"https:\/\/i0.wp.com\/joyana.fr\/wp-content\/uploads\/2020\/07\/carre-Blue_Aokabi.jpg?fit=698%2C698&ssl=1\",\"width\":698,\"height\":698},{\"@type\":\"BreadcrumbList\",\"@id\":\"https:\/\/joyana.fr\/en\/gallery\/20200507-aokabi-saya\/#breadcrumb\",\"itemListElement\":[{\"@type\":\"ListItem\",\"position\":1,\"name\":\"Accueil\",\"item\":\"https:\/\/www.joyana.fr\/\"},{\"@type\":\"ListItem\",\"position\":2,\"name\":\"GALLERY JO YANA\",\"item\":\"https:\/\/www.joyana.fr\/en\/artgallery\/\"},{\"@type\":\"ListItem\",\"position\":3,\"name\":\"20200507 &#8211; AOKABI SAYA\"}]},{\"@type\":\"WebSite\",\"@id\":\"https:\/\/www.joyana.fr\/#website\",\"url\":\"https:\/\/www.joyana.fr\/\",\"name\":\"JO YANA\",\"description\":\"Blog Mode Homme, Lifestyle, D\u00e9co-Design\",\"publisher\":{\"@id\":\"https:\/\/www.joyana.fr\/#\/schema\/person\/cf2a1ad12a27c12c21801075bf37407c\"},\"potentialAction\":[{\"@type\":\"SearchAction\",\"target\":{\"@type\":\"EntryPoint\",\"urlTemplate\":\"https:\/\/www.joyana.fr\/?s={search_term_string}\"},\"query-input\":{\"@type\":\"PropertyValueSpecification\",\"valueRequired\":true,\"valueName\":\"search_term_string\"}}],\"inLanguage\":\"en-US\"},{\"@type\":[\"Person\",\"Organization\"],\"@id\":\"https:\/\/www.joyana.fr\/#\/schema\/person\/cf2a1ad12a27c12c21801075bf37407c\",\"name\":\"Jo Yana\",\"image\":{\"@type\":\"ImageObject\",\"inLanguage\":\"en-US\",\"@id\":\"https:\/\/www.joyana.fr\/#\/schema\/person\/image\/\",\"url\":\"https:\/\/i0.wp.com\/joyana.fr\/wp-content\/uploads\/2016\/08\/cropped-joyana-logo-black-360x180.png?fit=343%2C164&ssl=1\",\"contentUrl\":\"https:\/\/i0.wp.com\/joyana.fr\/wp-content\/uploads\/2016\/08\/cropped-joyana-logo-black-360x180.png?fit=343%2C164&ssl=1\",\"width\":343,\"height\":164,\"caption\":\"Jo Yana\"},\"logo\":{\"@id\":\"https:\/\/www.joyana.fr\/#\/schema\/person\/image\/\"},\"description\":\"Jo Yana est le cr\u00e9ateur et r\u00e9dacteur en chef des sites DECO-DESIGN. Passionn\u00e9 de Design, Mode, Photo, Luxe, Lifestyle, Musique, mais avant tout Blogueur ! Le plaisir de partager l'anime et a comme devise \\\"POUR L'AMOUR DU BEAU\\\". Retrouvez le aussi sur son blog personnel - https:\/\/joyana.fr...\",\"sameAs\":[\"https:\/\/joyana.fr\/\"]}]}<\/script>\n<!-- \/ Yoast SEO plugin. -->","yoast_head_json":{"title":"20200507 - 20200507 -  - AOKABI SAYA[:] - JO YANA","robots":{"index":"index","follow":"follow","max-snippet":"max-snippet:-1","max-image-preview":"max-image-preview:large","max-video-preview":"max-video-preview:-1"},"canonical":"https:\/\/joyana.fr\/en\/gallery\/20200507-aokabi-saya\/","og_locale":"en_US","og_type":"article","og_title":"[:fr]20200507 - AOKABI SAYA[:en]20200507 - AOKABI SAYA[:ja]20200507 - AOKABI SAYA[:] - JO YANA","og_description":"ARTIST | AOKABI SAYA (JAPAN) TITLE | 20200507 INFO | 36x51cm acrylic on linen on wood frame EXPEDITION | Sent from France at the end of August","og_url":"https:\/\/joyana.fr\/en\/gallery\/20200507-aokabi-saya\/","og_site_name":"JO YANA","article_modified_time":"2021-01-30T14:19:01+00:00","og_image":[{"width":698,"height":698,"url":"https:\/\/i0.wp.com\/joyana.fr\/wp-content\/uploads\/2020\/07\/carre-Blue_Aokabi.jpg?fit=698%2C698&ssl=1","type":"image\/jpeg"}],"twitter_card":"summary_large_image","twitter_site":"@Jo_Yana","twitter_misc":{"Est. reading time":"1 minute"},"schema":{"@context":"https:\/\/schema.org","@graph":[{"@type":"WebPage","@id":"https:\/\/joyana.fr\/en\/gallery\/20200507-aokabi-saya\/","url":"https:\/\/joyana.fr\/en\/gallery\/20200507-aokabi-saya\/","name":"20200507 - AOKABI SAYA","isPartOf":{"@id":"https:\/\/www.joyana.fr\/#website"},"primaryImageOfPage":{"@id":"https:\/\/joyana.fr\/en\/gallery\/20200507-aokabi-saya\/#primaryimage"},"image":{"@id":"https:\/\/joyana.fr\/en\/gallery\/20200507-aokabi-saya\/#primaryimage"},"thumbnailUrl":"https:\/\/i0.wp.com\/joyana.fr\/wp-content\/uploads\/2020\/07\/carre-Blue_Aokabi.jpg?fit=698%2C698&ssl=1","datePublished":"2020-08-01T08:00:38+00:00","dateModified":"2021-01-30T14:19:01+00:00","breadcrumb":{"@id":"https:\/\/joyana.fr\/en\/gallery\/20200507-aokabi-saya\/#breadcrumb"},"inLanguage":"en-US","potentialAction":[{"@type":"ReadAction","target":["https:\/\/joyana.fr\/en\/gallery\/20200507-aokabi-saya\/"]}]},{"@type":"ImageObject","inLanguage":"en-US","@id":"https:\/\/joyana.fr\/en\/gallery\/20200507-aokabi-saya\/#primaryimage","url":"https:\/\/i0.wp.com\/joyana.fr\/wp-content\/uploads\/2020\/07\/carre-Blue_Aokabi.jpg?fit=698%2C698&ssl=1","contentUrl":"https:\/\/i0.wp.com\/joyana.fr\/wp-content\/uploads\/2020\/07\/carre-Blue_Aokabi.jpg?fit=698%2C698&ssl=1","width":698,"height":698},{"@type":"BreadcrumbList","@id":"https:\/\/joyana.fr\/en\/gallery\/20200507-aokabi-saya\/#breadcrumb","itemListElement":[{"@type":"ListItem","position":1,"name":"Accueil","item":"https:\/\/www.joyana.fr\/"},{"@type":"ListItem","position":2,"name":"GALLERY JO YANA","item":"https:\/\/www.joyana.fr\/en\/artgallery\/"},{"@type":"ListItem","position":3,"name":"20200507 &#8211; AOKABI SAYA"}]},{"@type":"WebSite","@id":"https:\/\/www.joyana.fr\/#website","url":"https:\/\/www.joyana.fr\/","name":"JO YANA","description":"Blog Mode Homme, Lifestyle, D\u00e9co-Design","publisher":{"@id":"https:\/\/www.joyana.fr\/#\/schema\/person\/cf2a1ad12a27c12c21801075bf37407c"},"potentialAction":[{"@type":"SearchAction","target":{"@type":"EntryPoint","urlTemplate":"https:\/\/www.joyana.fr\/?s={search_term_string}"},"query-input":{"@type":"PropertyValueSpecification","valueRequired":true,"valueName":"search_term_string"}}],"inLanguage":"en-US"},{"@type":["Person","Organization"],"@id":"https:\/\/www.joyana.fr\/#\/schema\/person\/cf2a1ad12a27c12c21801075bf37407c","name":"Jo Yana","image":{"@type":"ImageObject","inLanguage":"en-US","@id":"https:\/\/www.joyana.fr\/#\/schema\/person\/image\/","url":"https:\/\/i0.wp.com\/joyana.fr\/wp-content\/uploads\/2016\/08\/cropped-joyana-logo-black-360x180.png?fit=343%2C164&ssl=1","contentUrl":"https:\/\/i0.wp.com\/joyana.fr\/wp-content\/uploads\/2016\/08\/cropped-joyana-logo-black-360x180.png?fit=343%2C164&ssl=1","width":343,"height":164,"caption":"Jo Yana"},"logo":{"@id":"https:\/\/www.joyana.fr\/#\/schema\/person\/image\/"},"description":"Jo Yana est le cr\u00e9ateur et r\u00e9dacteur en chef des sites DECO-DESIGN. Passionn\u00e9 de Design, Mode, Photo, Luxe, Lifestyle, Musique, mais avant tout Blogueur ! Le plaisir de partager l'anime et a comme devise \"POUR L'AMOUR DU BEAU\". Retrouvez le aussi sur son blog personnel - https:\/\/joyana.fr...","sameAs":["https:\/\/joyana.fr\/"]}]}},"uagb_featured_image_src":{"full":["https:\/\/i0.wp.com\/joyana.fr\/wp-content\/uploads\/2020\/07\/carre-Blue_Aokabi.jpg?fit=698%2C698&ssl=1",698,698,false],"thumbnail":["https:\/\/i0.wp.com\/joyana.fr\/wp-content\/uploads\/2020\/07\/carre-Blue_Aokabi.jpg?resize=150%2C150&ssl=1",150,150,true],"medium":["https:\/\/i0.wp.com\/joyana.fr\/wp-content\/uploads\/2020\/07\/carre-Blue_Aokabi.jpg?fit=389%2C389&ssl=1",389,389,true],"medium_large":["https:\/\/i0.wp.com\/joyana.fr\/wp-content\/uploads\/2020\/07\/carre-Blue_Aokabi.jpg?fit=698%2C698&ssl=1",698,698,true],"large":["https:\/\/i0.wp.com\/joyana.fr\/wp-content\/uploads\/2020\/07\/carre-Blue_Aokabi.jpg?fit=698%2C698&ssl=1",698,698,true],"1536x1536":["https:\/\/i0.wp.com\/joyana.fr\/wp-content\/uploads\/2020\/07\/carre-Blue_Aokabi.jpg?fit=698%2C698&ssl=1",698,698,true],"2048x2048":["https:\/\/i0.wp.com\/joyana.fr\/wp-content\/uploads\/2020\/07\/carre-Blue_Aokabi.jpg?fit=698%2C698&ssl=1",698,698,true],"featured-thumb":["https:\/\/i0.wp.com\/joyana.fr\/wp-content\/uploads\/2020\/07\/carre-Blue_Aokabi.jpg?resize=698%2C698&ssl=1",698,698,true],"ab-block-post-grid-landscape":["https:\/\/i0.wp.com\/joyana.fr\/wp-content\/uploads\/2020\/07\/carre-Blue_Aokabi.jpg?resize=600%2C400&ssl=1",600,400,true],"ab-block-post-grid-square":["https:\/\/i0.wp.com\/joyana.fr\/wp-content\/uploads\/2020\/07\/carre-Blue_Aokabi.jpg?resize=600%2C600&ssl=1",600,600,true],"author-pro-image":["https:\/\/i0.wp.com\/joyana.fr\/wp-content\/uploads\/2020\/07\/carre-Blue_Aokabi.jpg?resize=360%2C570&ssl=1",360,570,true],"slider":["https:\/\/i0.wp.com\/joyana.fr\/wp-content\/uploads\/2020\/07\/carre-Blue_Aokabi.jpg?resize=698%2C400&ssl=1",698,400,true],"woocommerce_thumbnail":["https:\/\/i0.wp.com\/joyana.fr\/wp-content\/uploads\/2020\/07\/carre-Blue_Aokabi.jpg?resize=450%2C450&ssl=1",450,450,true],"woocommerce_single":["https:\/\/i0.wp.com\/joyana.fr\/wp-content\/uploads\/2020\/07\/carre-Blue_Aokabi.jpg?fit=698%2C698&ssl=1",698,698,true],"woocommerce_gallery_thumbnail":["https:\/\/i0.wp.com\/joyana.fr\/wp-content\/uploads\/2020\/07\/carre-Blue_Aokabi.jpg?resize=180%2C180&ssl=1",180,180,true],"sow-carousel-default":["https:\/\/i0.wp.com\/joyana.fr\/wp-content\/uploads\/2020\/07\/carre-Blue_Aokabi.jpg?resize=272%2C182&ssl=1",272,182,true]},"uagb_author_info":{"display_name":"Jo Yana","author_link":"https:\/\/joyana.fr\/en\/author\/joyana\/"},"uagb_comment_info":0,"uagb_excerpt":"ARTIST | AOKABI SAYA (JAPAN) TITLE | 20200507 INFO | 36x51cm acrylic on linen on wood frame EXPEDITION | Sent from France at the end of August","featured_img":"https:\/\/joyana.fr\/wp-content\/uploads\/2020\/07\/carre-Blue_Aokabi.jpg","coauthors":[],"author_meta":{"author_link":"https:\/\/joyana.fr\/en\/author\/joyana\/","display_name":"Jo Yana"},"relative_dates":{"created":"Posted 6 years ago","modified":"Updated 5 years ago"},"absolute_dates":{"created":"Posted on 1 August 2020","modified":"Updated on 30 January 2021"},"absolute_dates_time":{"created":"Posted on 1 August 2020 10:00","modified":"Updated on 30 January 2021 16:19"},"featured_img_caption":"","tax_additional":{"product_type":{"linked":["<a href=\"https:\/\/joyana.fr\/en\/?taxonomy=product_type&#038;term=simple\" class=\"advgb-post-tax-term\">simple<\/a>"],"unlinked":["<span class=\"advgb-post-tax-term\">simple<\/span>"],"slug":"product_type","name":"Product type"},"product_visibility":{"linked":["<a href=\"https:\/\/joyana.fr\/en\/?taxonomy=product_visibility&#038;term=outofstock\" class=\"advgb-post-tax-term\">outofstock<\/a>"],"unlinked":["<span class=\"advgb-post-tax-term\">outofstock<\/span>"],"slug":"product_visibility","name":"Product visibility"},"product_cat":{"linked":["<a href=\"https:\/\/joyana.fr\/en\/artgallery\/nos-artistes\/aokabi-saya\/\" class=\"advgb-post-tax-term\">Aokabi SAYA<\/a>","<a href=\"https:\/\/joyana.fr\/en\/artgallery\/oeuvres\/oeuvres-sold-out\/toile-oeuvres-sold-out\/\" class=\"advgb-post-tax-term\">Toile<\/a>","<a href=\"https:\/\/joyana.fr\/en\/artgallery\/oeuvres\/oeuvres-sold-out\/\" class=\"advgb-post-tax-term\">\u0152uvres sold out<\/a>"],"unlinked":["<span class=\"advgb-post-tax-term\">Aokabi SAYA<\/span>","<span class=\"advgb-post-tax-term\">Toile<\/span>","<span class=\"advgb-post-tax-term\">\u0152uvres sold out<\/span>"],"slug":"product_cat","name":"Product categories"},"product_tag":{"linked":[],"unlinked":[],"slug":"product_tag","name":"Product tags"},"product_shipping_class":{"linked":["<a href=\"https:\/\/joyana.fr\/en\/?taxonomy=product_shipping_class&#038;term=monde-60x60\" class=\"advgb-post-tax-term\">monde 60x60<\/a>"],"unlinked":["<span class=\"advgb-post-tax-term\">monde 60x60<\/span>"],"slug":"product_shipping_class","name":"Product shipping classes"},"pa_color":{"linked":[],"unlinked":[],"slug":"pa_color","name":"Product Colors"},"pa_frhoraires":{"linked":[],"unlinked":[],"slug":"pa_frhoraires","name":"Product Horaires"}},"series_order":"","jetpack_sharing_enabled":true,"jetpack-related-posts":[],"_links":{"self":[{"href":"https:\/\/joyana.fr\/en\/wp-json\/wp\/v2\/product\/144854","targetHints":{"allow":["GET"]}}],"collection":[{"href":"https:\/\/joyana.fr\/en\/wp-json\/wp\/v2\/product"}],"about":[{"href":"https:\/\/joyana.fr\/en\/wp-json\/wp\/v2\/types\/product"}],"wp:featuredmedia":[{"embeddable":true,"href":"https:\/\/joyana.fr\/en\/wp-json\/wp\/v2\/media\/144858"}],"wp:attachment":[{"href":"https:\/\/joyana.fr\/en\/wp-json\/wp\/v2\/media?parent=144854"}],"wp:term":[{"taxonomy":"product_cat","embeddable":true,"href":"https:\/\/joyana.fr\/en\/wp-json\/wp\/v2\/product_cat?post=144854"},{"taxonomy":"product_tag","embeddable":true,"href":"https:\/\/joyana.fr\/en\/wp-json\/wp\/v2\/product_tag?post=144854"}],"curies":[{"name":"wp","href":"https:\/\/api.w.org\/{rel}","templated":true}]}}