{"id":145839,"date":"2020-12-10T11:15:50","date_gmt":"2020-12-10T09:15:50","guid":{"rendered":"https:\/\/joyana.fr\/ja\/?post_type=product&#038;p=145839"},"modified":"2021-01-30T15:05:17","modified_gmt":"2021-01-30T13:05:17","slug":"pixel-491y-makers-space","status":"publish","type":"product","link":"https:\/\/joyana.fr\/en\/gallery\/pixel-491y-makers-space\/","title":{"rendered":"PIXEL 491Y &#8211; MAKERS SPACE"},"content":{"rendered":"<p>After several years roaming for his own style, MAKERS_SPACE started to form his inspiration into vivid colored pieces of cubes. He conveyed art into sophisticated simplicity. Every color blended into a beautiful rhythm, from trivial scenes to intricate form of aesthetical illustrations. It is his way of turning the mundaneness of todays world into something distinctive. The series \u201cPixelation\u201d is originally planned as an installation of photographed sessions where people are pixelated. Their own form of uniqueness embodied into the pixelation.<\/p>\n<p>The installations imply the ultramodern issue about attention-seeking versus private protection. By pixelating, people could find their ambivalence in this digital autonomous era. And what sparkles most about \u201cPixelation\u201d is its primitive power from randomized arrangement of cubes. The inspiring composition is just based on artist\u2019s instincts.<\/p>\n<p>The name or identity is no longer important, what you create and how you affect other lives is!!<\/p>\n<p>\u201cStay pixelated\u201d<\/p>\n","protected":false},"excerpt":{"rendered":"<p>PIXEL 491Y by artist MAKERS SPACE (Tokyo)<br \/>\nDimensions 81x63cm &#8211; custom wood frame made by the artist, acrylic on canvas.<br \/>\nSigned, unique piece<br \/>\nSent from France<\/p>\n<p>A WORD FROM THE GALLERY: This last series of paintings has been SOLD OUT since the first day at the gallery. Our artist MAKERS SPACE is more and more in demand around the world. Contact us if you are interested in the artist we study all projects &#8230;<\/p>\n","protected":false},"author":3,"featured_media":145840,"template":"","meta":{"_coblocks_attr":"","_coblocks_dimensions":"","_coblocks_responsive_height":"","_coblocks_accordion_ie_support":"","_uag_custom_page_level_css":"","advgb_blocks_editor_width":"","advgb_blocks_columns_visual_guide":"","_genesis_hide_title":false,"_genesis_hide_breadcrumbs":false,"_genesis_hide_singular_image":false,"_genesis_hide_footer_widgets":false,"_genesis_custom_body_class":"","_genesis_custom_post_class":"","_genesis_layout":"full-width-content","_themeisle_gutenberg_block_has_review":false},"product_cat":[5264,5263],"product_tag":[5122,5121,5120],"class_list":{"0":"post-145839","1":"product","2":"type-product","3":"status-publish","4":"has-post-thumbnail","6":"product_cat-toile-oeuvres-sold-out","7":"product_cat-oeuvres-sold-out","8":"product_tag-art","9":"product_tag-gallery-jo-yana","10":"product_tag-makers__space","11":"product_shipping_class-free","12":"entry","14":"first","15":"outofstock","16":"sold-individually","17":"shipping-taxable","18":"purchasable","19":"product-type-simple"},"featured_image_urls":{"full":["https:\/\/i0.wp.com\/joyana.fr\/wp-content\/uploads\/2020\/12\/DSC00952-2.jpg?fit=2000%2C2000&ssl=1",2000,2000,false],"thumbnail":["https:\/\/i0.wp.com\/joyana.fr\/wp-content\/uploads\/2020\/12\/DSC00952-2.jpg?resize=150%2C150&ssl=1",150,150,true],"medium":["https:\/\/i0.wp.com\/joyana.fr\/wp-content\/uploads\/2020\/12\/DSC00952-2.jpg?fit=389%2C389&ssl=1",389,389,true],"medium_large":["https:\/\/i0.wp.com\/joyana.fr\/wp-content\/uploads\/2020\/12\/DSC00952-2.jpg?fit=768%2C768&ssl=1",768,768,true],"large":["https:\/\/i0.wp.com\/joyana.fr\/wp-content\/uploads\/2020\/12\/DSC00952-2.jpg?fit=1024%2C1024&ssl=1",1024,1024,true],"1536x1536":["https:\/\/i0.wp.com\/joyana.fr\/wp-content\/uploads\/2020\/12\/DSC00952-2.jpg?fit=1536%2C1536&ssl=1",1536,1536,true],"2048x2048":["https:\/\/i0.wp.com\/joyana.fr\/wp-content\/uploads\/2020\/12\/DSC00952-2.jpg?fit=2000%2C2000&ssl=1",2000,2000,true],"featured-thumb":["https:\/\/i0.wp.com\/joyana.fr\/wp-content\/uploads\/2020\/12\/DSC00952-2.jpg?resize=1903%2C750&ssl=1",1903,750,true],"ab-block-post-grid-landscape":["https:\/\/i0.wp.com\/joyana.fr\/wp-content\/uploads\/2020\/12\/DSC00952-2.jpg?resize=600%2C400&ssl=1",600,400,true],"ab-block-post-grid-square":["https:\/\/i0.wp.com\/joyana.fr\/wp-content\/uploads\/2020\/12\/DSC00952-2.jpg?resize=600%2C600&ssl=1",600,600,true],"author-pro-image":["https:\/\/i0.wp.com\/joyana.fr\/wp-content\/uploads\/2020\/12\/DSC00952-2.jpg?resize=360%2C570&ssl=1",360,570,true],"slider":["https:\/\/i0.wp.com\/joyana.fr\/wp-content\/uploads\/2020\/12\/DSC00952-2.jpg?resize=920%2C400&ssl=1",920,400,true],"woocommerce_thumbnail":["https:\/\/i0.wp.com\/joyana.fr\/wp-content\/uploads\/2020\/12\/DSC00952-2.jpg?resize=450%2C450&ssl=1",450,450,true],"woocommerce_single":["https:\/\/i0.wp.com\/joyana.fr\/wp-content\/uploads\/2020\/12\/DSC00952-2.jpg?fit=920%2C920&ssl=1",920,920,true],"woocommerce_gallery_thumbnail":["https:\/\/i0.wp.com\/joyana.fr\/wp-content\/uploads\/2020\/12\/DSC00952-2.jpg?resize=180%2C180&ssl=1",180,180,true],"sow-carousel-default":["https:\/\/i0.wp.com\/joyana.fr\/wp-content\/uploads\/2020\/12\/DSC00952-2.jpg?resize=272%2C182&ssl=1",272,182,true]},"post_excerpt_stackable":"<p>PIXEL 491Y by artist MAKERS SPACE (Tokyo)<br \/>\nDimensions 81x63cm &#8211; custom wood frame made by the artist, acrylic on canvas.<br \/>\nSigned, unique piece<br \/>\nSent from France<\/p>\n<p>A WORD FROM THE GALLERY: This last series of paintings has been SOLD OUT since the first day at the gallery. Our artist MAKERS SPACE is more and more in demand around the world. Contact us if you are interested in the artist we study all projects &#8230;<\/p>\n","category_list":"","author_info":{"name":"Jo Yana","url":"https:\/\/joyana.fr\/en\/author\/joyana\/"},"comments_num":"0 comments","featured_image_urls_v2":{"full":["https:\/\/i0.wp.com\/joyana.fr\/wp-content\/uploads\/2020\/12\/DSC00952-2.jpg?fit=2000%2C2000&ssl=1",2000,2000,false],"thumbnail":["https:\/\/i0.wp.com\/joyana.fr\/wp-content\/uploads\/2020\/12\/DSC00952-2.jpg?resize=150%2C150&ssl=1",150,150,true],"medium":["https:\/\/i0.wp.com\/joyana.fr\/wp-content\/uploads\/2020\/12\/DSC00952-2.jpg?fit=389%2C389&ssl=1",389,389,true],"medium_large":["https:\/\/i0.wp.com\/joyana.fr\/wp-content\/uploads\/2020\/12\/DSC00952-2.jpg?fit=768%2C768&ssl=1",768,768,true],"large":["https:\/\/i0.wp.com\/joyana.fr\/wp-content\/uploads\/2020\/12\/DSC00952-2.jpg?fit=1024%2C1024&ssl=1",1024,1024,true],"1536x1536":["https:\/\/i0.wp.com\/joyana.fr\/wp-content\/uploads\/2020\/12\/DSC00952-2.jpg?fit=1536%2C1536&ssl=1",1536,1536,true],"2048x2048":["https:\/\/i0.wp.com\/joyana.fr\/wp-content\/uploads\/2020\/12\/DSC00952-2.jpg?fit=2000%2C2000&ssl=1",2000,2000,true],"featured-thumb":["https:\/\/i0.wp.com\/joyana.fr\/wp-content\/uploads\/2020\/12\/DSC00952-2.jpg?resize=1903%2C750&ssl=1",1903,750,true],"ab-block-post-grid-landscape":["https:\/\/i0.wp.com\/joyana.fr\/wp-content\/uploads\/2020\/12\/DSC00952-2.jpg?resize=600%2C400&ssl=1",600,400,true],"ab-block-post-grid-square":["https:\/\/i0.wp.com\/joyana.fr\/wp-content\/uploads\/2020\/12\/DSC00952-2.jpg?resize=600%2C600&ssl=1",600,600,true],"author-pro-image":["https:\/\/i0.wp.com\/joyana.fr\/wp-content\/uploads\/2020\/12\/DSC00952-2.jpg?resize=360%2C570&ssl=1",360,570,true],"slider":["https:\/\/i0.wp.com\/joyana.fr\/wp-content\/uploads\/2020\/12\/DSC00952-2.jpg?resize=920%2C400&ssl=1",920,400,true],"woocommerce_thumbnail":["https:\/\/i0.wp.com\/joyana.fr\/wp-content\/uploads\/2020\/12\/DSC00952-2.jpg?resize=450%2C450&ssl=1",450,450,true],"woocommerce_single":["https:\/\/i0.wp.com\/joyana.fr\/wp-content\/uploads\/2020\/12\/DSC00952-2.jpg?fit=920%2C920&ssl=1",920,920,true],"woocommerce_gallery_thumbnail":["https:\/\/i0.wp.com\/joyana.fr\/wp-content\/uploads\/2020\/12\/DSC00952-2.jpg?resize=180%2C180&ssl=1",180,180,true],"sow-carousel-default":["https:\/\/i0.wp.com\/joyana.fr\/wp-content\/uploads\/2020\/12\/DSC00952-2.jpg?resize=272%2C182&ssl=1",272,182,true]},"post_excerpt_stackable_v2":"<p>PIXEL 491Y by artist MAKERS SPACE (Tokyo)<br \/>\nDimensions 81x63cm &#8211; custom wood frame made by the artist, acrylic on canvas.<br \/>\nSigned, unique piece<br \/>\nSent from France<\/p>\n<p>A WORD FROM THE GALLERY: This last series of paintings has been SOLD OUT since the first day at the gallery. Our artist MAKERS SPACE is more and more in demand around the world. Contact us if you are interested in the artist we study all projects &#8230;<\/p>\n","category_list_v2":"","author_info_v2":{"name":"Jo Yana","url":"https:\/\/joyana.fr\/en\/author\/joyana\/"},"comments_num_v2":"0 comments","yoast_head":"<!-- This site is optimized with the Yoast SEO plugin v26.8 - https:\/\/yoast.com\/product\/yoast-seo-wordpress\/ -->\n<title>PIXEL 491Y - PIXEL 491Y -  - MAKERS SPACE[:] - JO YANA<\/title>\n<meta name=\"robots\" content=\"index, follow, max-snippet:-1, max-image-preview:large, max-video-preview:-1\" \/>\n<link rel=\"canonical\" href=\"https:\/\/joyana.fr\/en\/gallery\/pixel-491y-makers-space\/\" \/>\n<meta property=\"og:locale\" content=\"en_US\" \/>\n<meta property=\"og:locale:alternate\" content=\"fr_FR\" \/>\n<meta property=\"og:locale:alternate\" content=\"ja\" \/>\n<meta property=\"og:type\" content=\"article\" \/>\n<meta property=\"og:title\" content=\"PIXEL 491Y - MAKERS SPACE\" \/>\n<meta property=\"og:description\" content=\"PIXEL 491Y by artist MAKERS SPACE (Tokyo) Dimensions 81x63cm - custom wood frame made by the artist, acrylic on canvas. Signed, unique piece Sent from France  A WORD FROM THE GALLERY: This last series of paintings has been SOLD OUT since the first day at the gallery. Our artist MAKERS SPACE is more and more in demand around the world. Contact us if you are interested in the artist we study all projects ...\" \/>\n<meta property=\"og:url\" content=\"https:\/\/joyana.fr\/en\/gallery\/pixel-491y-makers-space\/\" \/>\n<meta property=\"og:site_name\" content=\"JO YANA\" \/>\n<meta property=\"article:modified_time\" content=\"2021-01-30T13:05:17+00:00\" \/>\n<meta property=\"og:image\" content=\"https:\/\/i0.wp.com\/joyana.fr\/wp-content\/uploads\/2020\/12\/DSC00952-2.jpg?fit=2000%2C2000&ssl=1\" \/>\n\t<meta property=\"og:image:width\" content=\"2000\" \/>\n\t<meta property=\"og:image:height\" content=\"2000\" \/>\n\t<meta property=\"og:image:type\" content=\"image\/jpeg\" \/>\n<meta name=\"twitter:card\" content=\"summary_large_image\" \/>\n<meta name=\"twitter:site\" content=\"@Jo_Yana\" \/>\n<meta name=\"twitter:label1\" content=\"Est. reading time\" \/>\n\t<meta name=\"twitter:data1\" content=\"2 minutes\" \/>\n<script type=\"application\/ld+json\" class=\"yoast-schema-graph\">{\"@context\":\"https:\/\/schema.org\",\"@graph\":[{\"@type\":\"WebPage\",\"@id\":\"https:\/\/joyana.fr\/ja\/gallery\/pixel-491y-makers-space\/\",\"url\":\"https:\/\/joyana.fr\/ja\/gallery\/pixel-491y-makers-space\/\",\"name\":\"PIXEL 491Y - MAKERS SPACE\",\"isPartOf\":{\"@id\":\"https:\/\/joyana.fr\/#website\"},\"primaryImageOfPage\":{\"@id\":\"https:\/\/joyana.fr\/ja\/gallery\/pixel-491y-makers-space\/#primaryimage\"},\"image\":{\"@id\":\"https:\/\/joyana.fr\/ja\/gallery\/pixel-491y-makers-space\/#primaryimage\"},\"thumbnailUrl\":\"https:\/\/i0.wp.com\/joyana.fr\/wp-content\/uploads\/2020\/12\/DSC00952-2.jpg?fit=2000%2C2000&ssl=1\",\"datePublished\":\"2020-12-10T09:15:50+00:00\",\"dateModified\":\"2021-01-30T13:05:17+00:00\",\"breadcrumb\":{\"@id\":\"https:\/\/joyana.fr\/ja\/gallery\/pixel-491y-makers-space\/#breadcrumb\"},\"inLanguage\":\"en-US\",\"potentialAction\":[{\"@type\":\"ReadAction\",\"target\":[\"https:\/\/joyana.fr\/ja\/gallery\/pixel-491y-makers-space\/\"]}]},{\"@type\":\"ImageObject\",\"inLanguage\":\"en-US\",\"@id\":\"https:\/\/joyana.fr\/ja\/gallery\/pixel-491y-makers-space\/#primaryimage\",\"url\":\"https:\/\/i0.wp.com\/joyana.fr\/wp-content\/uploads\/2020\/12\/DSC00952-2.jpg?fit=2000%2C2000&ssl=1\",\"contentUrl\":\"https:\/\/i0.wp.com\/joyana.fr\/wp-content\/uploads\/2020\/12\/DSC00952-2.jpg?fit=2000%2C2000&ssl=1\",\"width\":2000,\"height\":2000},{\"@type\":\"BreadcrumbList\",\"@id\":\"https:\/\/joyana.fr\/ja\/gallery\/pixel-491y-makers-space\/#breadcrumb\",\"itemListElement\":[{\"@type\":\"ListItem\",\"position\":1,\"name\":\"Accueil\",\"item\":\"https:\/\/joyana.fr\/\"},{\"@type\":\"ListItem\",\"position\":2,\"name\":\"GALLERY JO YANA\",\"item\":\"https:\/\/joyana.fr\/ja\/artgallery\/\"},{\"@type\":\"ListItem\",\"position\":3,\"name\":\"PIXEL 491Y &#8211; MAKERS SPACE\"}]},{\"@type\":\"WebSite\",\"@id\":\"https:\/\/joyana.fr\/#website\",\"url\":\"https:\/\/joyana.fr\/\",\"name\":\"JO YANA\",\"description\":\"Blog Mode Homme, Lifestyle, D\u00e9co-Design\",\"publisher\":{\"@id\":\"https:\/\/joyana.fr\/#\/schema\/person\/cf2a1ad12a27c12c21801075bf37407c\"},\"potentialAction\":[{\"@type\":\"SearchAction\",\"target\":{\"@type\":\"EntryPoint\",\"urlTemplate\":\"https:\/\/joyana.fr\/?s={search_term_string}\"},\"query-input\":{\"@type\":\"PropertyValueSpecification\",\"valueRequired\":true,\"valueName\":\"search_term_string\"}}],\"inLanguage\":\"en-US\"},{\"@type\":[\"Person\",\"Organization\"],\"@id\":\"https:\/\/joyana.fr\/#\/schema\/person\/cf2a1ad12a27c12c21801075bf37407c\",\"name\":\"Jo Yana\",\"image\":{\"@type\":\"ImageObject\",\"inLanguage\":\"en-US\",\"@id\":\"https:\/\/joyana.fr\/#\/schema\/person\/image\/\",\"url\":\"https:\/\/i0.wp.com\/joyana.fr\/wp-content\/uploads\/2016\/08\/cropped-joyana-logo-black-360x180.png?fit=343%2C164&ssl=1\",\"contentUrl\":\"https:\/\/i0.wp.com\/joyana.fr\/wp-content\/uploads\/2016\/08\/cropped-joyana-logo-black-360x180.png?fit=343%2C164&ssl=1\",\"width\":343,\"height\":164,\"caption\":\"Jo Yana\"},\"logo\":{\"@id\":\"https:\/\/joyana.fr\/#\/schema\/person\/image\/\"},\"description\":\"Jo Yana est le cr\u00e9ateur et r\u00e9dacteur en chef des sites DECO-DESIGN. Passionn\u00e9 de Design, Mode, Photo, Luxe, Lifestyle, Musique, mais avant tout Blogueur ! Le plaisir de partager l'anime et a comme devise \\\"POUR L'AMOUR DU BEAU\\\". Retrouvez le aussi sur son blog personnel - https:\/\/joyana.fr...\",\"sameAs\":[\"https:\/\/joyana.fr\/\"]}]}<\/script>\n<!-- \/ Yoast SEO plugin. -->","yoast_head_json":{"title":"PIXEL 491Y - PIXEL 491Y -  - MAKERS SPACE[:] - JO YANA","robots":{"index":"index","follow":"follow","max-snippet":"max-snippet:-1","max-image-preview":"max-image-preview:large","max-video-preview":"max-video-preview:-1"},"canonical":"https:\/\/joyana.fr\/en\/gallery\/pixel-491y-makers-space\/","og_locale":"en_US","og_type":"article","og_title":"[:fr]PIXEL 491Y - MAKERS SPACE[:en]PIXEL 491Y - MAKERS SPACE[:ja]PIXEL 491Y - MAKERS SPACE[:] - JO YANA","og_description":"PIXEL 491Y by artist MAKERS SPACE (Tokyo) Dimensions 81x63cm - custom wood frame made by the artist, acrylic on canvas. Signed, unique piece Sent from France  A WORD FROM THE GALLERY: This last series of paintings has been SOLD OUT since the first day at the gallery. Our artist MAKERS SPACE is more and more in demand around the world. Contact us if you are interested in the artist we study all projects ...","og_url":"https:\/\/joyana.fr\/en\/gallery\/pixel-491y-makers-space\/","og_site_name":"JO YANA","article_modified_time":"2021-01-30T13:05:17+00:00","og_image":[{"width":2000,"height":2000,"url":"https:\/\/i0.wp.com\/joyana.fr\/wp-content\/uploads\/2020\/12\/DSC00952-2.jpg?fit=2000%2C2000&ssl=1","type":"image\/jpeg"}],"twitter_card":"summary_large_image","twitter_site":"@Jo_Yana","twitter_misc":{"Est. reading time":"2 minutes"},"schema":{"@context":"https:\/\/schema.org","@graph":[{"@type":"WebPage","@id":"https:\/\/joyana.fr\/ja\/gallery\/pixel-491y-makers-space\/","url":"https:\/\/joyana.fr\/ja\/gallery\/pixel-491y-makers-space\/","name":"PIXEL 491Y - MAKERS SPACE","isPartOf":{"@id":"https:\/\/joyana.fr\/#website"},"primaryImageOfPage":{"@id":"https:\/\/joyana.fr\/ja\/gallery\/pixel-491y-makers-space\/#primaryimage"},"image":{"@id":"https:\/\/joyana.fr\/ja\/gallery\/pixel-491y-makers-space\/#primaryimage"},"thumbnailUrl":"https:\/\/i0.wp.com\/joyana.fr\/wp-content\/uploads\/2020\/12\/DSC00952-2.jpg?fit=2000%2C2000&ssl=1","datePublished":"2020-12-10T09:15:50+00:00","dateModified":"2021-01-30T13:05:17+00:00","breadcrumb":{"@id":"https:\/\/joyana.fr\/ja\/gallery\/pixel-491y-makers-space\/#breadcrumb"},"inLanguage":"en-US","potentialAction":[{"@type":"ReadAction","target":["https:\/\/joyana.fr\/ja\/gallery\/pixel-491y-makers-space\/"]}]},{"@type":"ImageObject","inLanguage":"en-US","@id":"https:\/\/joyana.fr\/ja\/gallery\/pixel-491y-makers-space\/#primaryimage","url":"https:\/\/i0.wp.com\/joyana.fr\/wp-content\/uploads\/2020\/12\/DSC00952-2.jpg?fit=2000%2C2000&ssl=1","contentUrl":"https:\/\/i0.wp.com\/joyana.fr\/wp-content\/uploads\/2020\/12\/DSC00952-2.jpg?fit=2000%2C2000&ssl=1","width":2000,"height":2000},{"@type":"BreadcrumbList","@id":"https:\/\/joyana.fr\/ja\/gallery\/pixel-491y-makers-space\/#breadcrumb","itemListElement":[{"@type":"ListItem","position":1,"name":"Accueil","item":"https:\/\/joyana.fr\/"},{"@type":"ListItem","position":2,"name":"GALLERY JO YANA","item":"https:\/\/joyana.fr\/ja\/artgallery\/"},{"@type":"ListItem","position":3,"name":"PIXEL 491Y &#8211; MAKERS SPACE"}]},{"@type":"WebSite","@id":"https:\/\/joyana.fr\/#website","url":"https:\/\/joyana.fr\/","name":"JO YANA","description":"Blog Mode Homme, Lifestyle, D\u00e9co-Design","publisher":{"@id":"https:\/\/joyana.fr\/#\/schema\/person\/cf2a1ad12a27c12c21801075bf37407c"},"potentialAction":[{"@type":"SearchAction","target":{"@type":"EntryPoint","urlTemplate":"https:\/\/joyana.fr\/?s={search_term_string}"},"query-input":{"@type":"PropertyValueSpecification","valueRequired":true,"valueName":"search_term_string"}}],"inLanguage":"en-US"},{"@type":["Person","Organization"],"@id":"https:\/\/joyana.fr\/#\/schema\/person\/cf2a1ad12a27c12c21801075bf37407c","name":"Jo Yana","image":{"@type":"ImageObject","inLanguage":"en-US","@id":"https:\/\/joyana.fr\/#\/schema\/person\/image\/","url":"https:\/\/i0.wp.com\/joyana.fr\/wp-content\/uploads\/2016\/08\/cropped-joyana-logo-black-360x180.png?fit=343%2C164&ssl=1","contentUrl":"https:\/\/i0.wp.com\/joyana.fr\/wp-content\/uploads\/2016\/08\/cropped-joyana-logo-black-360x180.png?fit=343%2C164&ssl=1","width":343,"height":164,"caption":"Jo Yana"},"logo":{"@id":"https:\/\/joyana.fr\/#\/schema\/person\/image\/"},"description":"Jo Yana est le cr\u00e9ateur et r\u00e9dacteur en chef des sites DECO-DESIGN. Passionn\u00e9 de Design, Mode, Photo, Luxe, Lifestyle, Musique, mais avant tout Blogueur ! Le plaisir de partager l'anime et a comme devise \"POUR L'AMOUR DU BEAU\". Retrouvez le aussi sur son blog personnel - https:\/\/joyana.fr...","sameAs":["https:\/\/joyana.fr\/"]}]}},"uagb_featured_image_src":{"full":["https:\/\/i0.wp.com\/joyana.fr\/wp-content\/uploads\/2020\/12\/DSC00952-2.jpg?fit=2000%2C2000&ssl=1",2000,2000,false],"thumbnail":["https:\/\/i0.wp.com\/joyana.fr\/wp-content\/uploads\/2020\/12\/DSC00952-2.jpg?resize=150%2C150&ssl=1",150,150,true],"medium":["https:\/\/i0.wp.com\/joyana.fr\/wp-content\/uploads\/2020\/12\/DSC00952-2.jpg?fit=389%2C389&ssl=1",389,389,true],"medium_large":["https:\/\/i0.wp.com\/joyana.fr\/wp-content\/uploads\/2020\/12\/DSC00952-2.jpg?fit=768%2C768&ssl=1",768,768,true],"large":["https:\/\/i0.wp.com\/joyana.fr\/wp-content\/uploads\/2020\/12\/DSC00952-2.jpg?fit=1024%2C1024&ssl=1",1024,1024,true],"1536x1536":["https:\/\/i0.wp.com\/joyana.fr\/wp-content\/uploads\/2020\/12\/DSC00952-2.jpg?fit=1536%2C1536&ssl=1",1536,1536,true],"2048x2048":["https:\/\/i0.wp.com\/joyana.fr\/wp-content\/uploads\/2020\/12\/DSC00952-2.jpg?fit=2000%2C2000&ssl=1",2000,2000,true],"featured-thumb":["https:\/\/i0.wp.com\/joyana.fr\/wp-content\/uploads\/2020\/12\/DSC00952-2.jpg?resize=1903%2C750&ssl=1",1903,750,true],"ab-block-post-grid-landscape":["https:\/\/i0.wp.com\/joyana.fr\/wp-content\/uploads\/2020\/12\/DSC00952-2.jpg?resize=600%2C400&ssl=1",600,400,true],"ab-block-post-grid-square":["https:\/\/i0.wp.com\/joyana.fr\/wp-content\/uploads\/2020\/12\/DSC00952-2.jpg?resize=600%2C600&ssl=1",600,600,true],"author-pro-image":["https:\/\/i0.wp.com\/joyana.fr\/wp-content\/uploads\/2020\/12\/DSC00952-2.jpg?resize=360%2C570&ssl=1",360,570,true],"slider":["https:\/\/i0.wp.com\/joyana.fr\/wp-content\/uploads\/2020\/12\/DSC00952-2.jpg?resize=920%2C400&ssl=1",920,400,true],"woocommerce_thumbnail":["https:\/\/i0.wp.com\/joyana.fr\/wp-content\/uploads\/2020\/12\/DSC00952-2.jpg?resize=450%2C450&ssl=1",450,450,true],"woocommerce_single":["https:\/\/i0.wp.com\/joyana.fr\/wp-content\/uploads\/2020\/12\/DSC00952-2.jpg?fit=920%2C920&ssl=1",920,920,true],"woocommerce_gallery_thumbnail":["https:\/\/i0.wp.com\/joyana.fr\/wp-content\/uploads\/2020\/12\/DSC00952-2.jpg?resize=180%2C180&ssl=1",180,180,true],"sow-carousel-default":["https:\/\/i0.wp.com\/joyana.fr\/wp-content\/uploads\/2020\/12\/DSC00952-2.jpg?resize=272%2C182&ssl=1",272,182,true]},"uagb_author_info":{"display_name":"Jo Yana","author_link":"https:\/\/joyana.fr\/en\/author\/joyana\/"},"uagb_comment_info":0,"uagb_excerpt":"PIXEL 491Y by artist MAKERS SPACE (Tokyo) Dimensions 81x63cm - custom wood frame made by the artist, acrylic on canvas. Signed, unique piece Sent from France A WORD FROM THE GALLERY: This last series of paintings has been SOLD OUT since the first day at the gallery. Our artist MAKERS SPACE is more and more&hellip;","featured_img":"https:\/\/joyana.fr\/wp-content\/uploads\/2020\/12\/DSC00952-2.jpg","coauthors":[],"author_meta":{"author_link":"https:\/\/joyana.fr\/en\/author\/joyana\/","display_name":"Jo Yana"},"relative_dates":{"created":"Posted 5 years ago","modified":"Updated 5 years ago"},"absolute_dates":{"created":"Posted on 10 December 2020","modified":"Updated on 30 January 2021"},"absolute_dates_time":{"created":"Posted on 10 December 2020 11:15","modified":"Updated on 30 January 2021 15:05"},"featured_img_caption":"","tax_additional":{"product_type":{"linked":["<a href=\"https:\/\/joyana.fr\/en\/?taxonomy=product_type&#038;term=simple\" class=\"advgb-post-tax-term\">simple<\/a>"],"unlinked":["<span class=\"advgb-post-tax-term\">simple<\/span>"],"slug":"product_type","name":"Product type"},"product_visibility":{"linked":["<a href=\"https:\/\/joyana.fr\/en\/?taxonomy=product_visibility&#038;term=outofstock\" class=\"advgb-post-tax-term\">outofstock<\/a>"],"unlinked":["<span class=\"advgb-post-tax-term\">outofstock<\/span>"],"slug":"product_visibility","name":"Product visibility"},"product_cat":{"linked":["<a href=\"https:\/\/joyana.fr\/en\/artgallery\/oeuvres\/oeuvres-sold-out\/toile-oeuvres-sold-out\/\" class=\"advgb-post-tax-term\">Toile<\/a>","<a href=\"https:\/\/joyana.fr\/en\/artgallery\/oeuvres\/oeuvres-sold-out\/\" class=\"advgb-post-tax-term\">\u0152uvres sold out<\/a>"],"unlinked":["<span class=\"advgb-post-tax-term\">Toile<\/span>","<span class=\"advgb-post-tax-term\">\u0152uvres sold out<\/span>"],"slug":"product_cat","name":"Product categories"},"product_tag":{"linked":["<a href=\"https:\/\/joyana.fr\/en\/etiquette-produit\/art\/\" class=\"advgb-post-tax-term\">Art<\/a>","<a href=\"https:\/\/joyana.fr\/en\/etiquette-produit\/gallery-jo-yana\/\" class=\"advgb-post-tax-term\">Gallery Jo Yana<\/a>","<a href=\"https:\/\/joyana.fr\/en\/etiquette-produit\/makers__space\/\" class=\"advgb-post-tax-term\">Makers__Space<\/a>"],"unlinked":["<span class=\"advgb-post-tax-term\">Art<\/span>","<span class=\"advgb-post-tax-term\">Gallery Jo Yana<\/span>","<span class=\"advgb-post-tax-term\">Makers__Space<\/span>"],"slug":"product_tag","name":"Product tags"},"product_shipping_class":{"linked":["<a href=\"https:\/\/joyana.fr\/en\/?taxonomy=product_shipping_class&#038;term=free\" class=\"advgb-post-tax-term\">free delivery<\/a>"],"unlinked":["<span class=\"advgb-post-tax-term\">free delivery<\/span>"],"slug":"product_shipping_class","name":"Product shipping classes"},"pa_color":{"linked":["<a href=\"https:\/\/joyana.fr\/en\/?taxonomy=pa_color&#038;term=aqua\" class=\"advgb-post-tax-term\">Aqua<\/a>","<a href=\"https:\/\/joyana.fr\/en\/?taxonomy=pa_color&#038;term=klein\" class=\"advgb-post-tax-term\">Klein<\/a>","<a href=\"https:\/\/joyana.fr\/en\/?taxonomy=pa_color&#038;term=green-camo\" class=\"advgb-post-tax-term\">Green Camo<\/a>","<a href=\"https:\/\/joyana.fr\/en\/?taxonomy=pa_color&#038;term=cosmo-pink\" class=\"advgb-post-tax-term\">Cosmo Pink<\/a>","<a href=\"https:\/\/joyana.fr\/en\/?taxonomy=pa_color&#038;term=deep-yellow\" class=\"advgb-post-tax-term\">Deep Yellow<\/a>"],"unlinked":["<span class=\"advgb-post-tax-term\">Aqua<\/span>","<span class=\"advgb-post-tax-term\">Klein<\/span>","<span class=\"advgb-post-tax-term\">Green Camo<\/span>","<span class=\"advgb-post-tax-term\">Cosmo Pink<\/span>","<span class=\"advgb-post-tax-term\">Deep Yellow<\/span>"],"slug":"pa_color","name":"Product Colors"},"pa_frhoraires":{"linked":[],"unlinked":[],"slug":"pa_frhoraires","name":"Product Horaires"}},"series_order":"","jetpack_sharing_enabled":false,"jetpack-related-posts":[],"_links":{"self":[{"href":"https:\/\/joyana.fr\/en\/wp-json\/wp\/v2\/product\/145839","targetHints":{"allow":["GET"]}}],"collection":[{"href":"https:\/\/joyana.fr\/en\/wp-json\/wp\/v2\/product"}],"about":[{"href":"https:\/\/joyana.fr\/en\/wp-json\/wp\/v2\/types\/product"}],"wp:featuredmedia":[{"embeddable":true,"href":"https:\/\/joyana.fr\/en\/wp-json\/wp\/v2\/media\/145840"}],"wp:attachment":[{"href":"https:\/\/joyana.fr\/en\/wp-json\/wp\/v2\/media?parent=145839"}],"wp:term":[{"taxonomy":"product_cat","embeddable":true,"href":"https:\/\/joyana.fr\/en\/wp-json\/wp\/v2\/product_cat?post=145839"},{"taxonomy":"product_tag","embeddable":true,"href":"https:\/\/joyana.fr\/en\/wp-json\/wp\/v2\/product_tag?post=145839"}],"curies":[{"name":"wp","href":"https:\/\/api.w.org\/{rel}","templated":true}]}}