{"id":146424,"date":"2021-03-01T11:00:34","date_gmt":"2021-03-01T09:00:34","guid":{"rendered":"https:\/\/joyana.fr\/?post_type=product&#038;p=146424"},"modified":"2021-10-01T07:57:13","modified_gmt":"2021-10-01T05:57:13","slug":"porcelaine-flow-ii-iv-hojung-kim","status":"publish","type":"product","link":"https:\/\/joyana.fr\/en\/gallery\/porcelaine-flow-ii-iv-hojung-kim\/","title":{"rendered":"Porcelain FLOW II-IV &#8211; HOJUNG KIM"},"content":{"rendered":"<p>HOJUNG KIM is an artist based in Seoul. After studying ceramics in South Korea, she graduated from the Royal College of Art in England. Her work dynamically expresses the movement of colors in a variety of forms &#8211; ceramics, drawings, paintings &#8230; Inspired by observing the everyday world, she develops imagery by exploring movement and harmony &#8230; @hojungstudio<\/p>\n","protected":false},"excerpt":{"rendered":"<p>ARTIST | HOJUNG KIM (Korea)<br \/>\nTITLE | FLOW II-IV<br \/>\nINFO | Porcelain<br \/>\n15.5x14cm<br \/>\nPRICE | \u20ac 380<\/p>\n","protected":false},"author":3,"featured_media":146396,"template":"","meta":{"_coblocks_attr":"","_coblocks_dimensions":"","_coblocks_responsive_height":"","_coblocks_accordion_ie_support":"","_uag_custom_page_level_css":"","advgb_blocks_editor_width":"","advgb_blocks_columns_visual_guide":"","_genesis_hide_title":false,"_genesis_hide_breadcrumbs":false,"_genesis_hide_singular_image":false,"_genesis_hide_footer_widgets":false,"_genesis_custom_body_class":"","_genesis_custom_post_class":"","_genesis_layout":"full-width-content","_themeisle_gutenberg_block_has_review":false},"product_cat":[5262,5294,5269,5258],"product_tag":[5295],"class_list":{"0":"post-146424","1":"product","2":"type-product","3":"status-publish","4":"has-post-thumbnail","6":"product_cat-ceramique","7":"product_cat-hojung-kim","8":"product_cat-oeuvres","9":"product_cat-oeuvres-disponibles","10":"product_tag-hojung-kim","11":"product_shipping_class-print-enroule-60","12":"entry","14":"first","15":"instock","16":"shipping-taxable","17":"purchasable","18":"product-type-simple"},"featured_image_urls":{"full":["https:\/\/i0.wp.com\/joyana.fr\/wp-content\/uploads\/2021\/02\/DSC01654.jpg?fit=1618%2C1618&ssl=1",1618,1618,false],"thumbnail":["https:\/\/i0.wp.com\/joyana.fr\/wp-content\/uploads\/2021\/02\/DSC01654.jpg?resize=150%2C150&ssl=1",150,150,true],"medium":["https:\/\/i0.wp.com\/joyana.fr\/wp-content\/uploads\/2021\/02\/DSC01654.jpg?fit=389%2C389&ssl=1",389,389,true],"medium_large":["https:\/\/i0.wp.com\/joyana.fr\/wp-content\/uploads\/2021\/02\/DSC01654.jpg?fit=768%2C768&ssl=1",768,768,true],"large":["https:\/\/i0.wp.com\/joyana.fr\/wp-content\/uploads\/2021\/02\/DSC01654.jpg?fit=1024%2C1024&ssl=1",1024,1024,true],"1536x1536":["https:\/\/i0.wp.com\/joyana.fr\/wp-content\/uploads\/2021\/02\/DSC01654.jpg?fit=1536%2C1536&ssl=1",1536,1536,true],"2048x2048":["https:\/\/i0.wp.com\/joyana.fr\/wp-content\/uploads\/2021\/02\/DSC01654.jpg?fit=1618%2C1618&ssl=1",1618,1618,true],"featured-thumb":["https:\/\/i0.wp.com\/joyana.fr\/wp-content\/uploads\/2021\/02\/DSC01654.jpg?resize=1618%2C750&ssl=1",1618,750,true],"ab-block-post-grid-landscape":["https:\/\/i0.wp.com\/joyana.fr\/wp-content\/uploads\/2021\/02\/DSC01654.jpg?resize=600%2C400&ssl=1",600,400,true],"ab-block-post-grid-square":["https:\/\/i0.wp.com\/joyana.fr\/wp-content\/uploads\/2021\/02\/DSC01654.jpg?resize=600%2C600&ssl=1",600,600,true],"author-pro-image":["https:\/\/i0.wp.com\/joyana.fr\/wp-content\/uploads\/2021\/02\/DSC01654.jpg?resize=360%2C570&ssl=1",360,570,true],"slider":["https:\/\/i0.wp.com\/joyana.fr\/wp-content\/uploads\/2021\/02\/DSC01654.jpg?resize=920%2C400&ssl=1",920,400,true],"woocommerce_thumbnail":["https:\/\/i0.wp.com\/joyana.fr\/wp-content\/uploads\/2021\/02\/DSC01654.jpg?resize=450%2C450&ssl=1",450,450,true],"woocommerce_single":["https:\/\/i0.wp.com\/joyana.fr\/wp-content\/uploads\/2021\/02\/DSC01654.jpg?fit=920%2C920&ssl=1",920,920,true],"woocommerce_gallery_thumbnail":["https:\/\/i0.wp.com\/joyana.fr\/wp-content\/uploads\/2021\/02\/DSC01654.jpg?resize=180%2C180&ssl=1",180,180,true],"sow-carousel-default":["https:\/\/i0.wp.com\/joyana.fr\/wp-content\/uploads\/2021\/02\/DSC01654.jpg?resize=272%2C182&ssl=1",272,182,true]},"post_excerpt_stackable":"<p>ARTIST | HOJUNG KIM (Korea)<br \/>\nTITLE | FLOW II-IV<br \/>\nINFO | Porcelain<br \/>\n15.5x14cm<br \/>\nPRICE | \u20ac 380<\/p>\n","category_list":"","author_info":{"name":"Jo Yana","url":"https:\/\/joyana.fr\/en\/author\/joyana\/"},"comments_num":"0 comments","featured_image_urls_v2":{"full":["https:\/\/i0.wp.com\/joyana.fr\/wp-content\/uploads\/2021\/02\/DSC01654.jpg?fit=1618%2C1618&ssl=1",1618,1618,false],"thumbnail":["https:\/\/i0.wp.com\/joyana.fr\/wp-content\/uploads\/2021\/02\/DSC01654.jpg?resize=150%2C150&ssl=1",150,150,true],"medium":["https:\/\/i0.wp.com\/joyana.fr\/wp-content\/uploads\/2021\/02\/DSC01654.jpg?fit=389%2C389&ssl=1",389,389,true],"medium_large":["https:\/\/i0.wp.com\/joyana.fr\/wp-content\/uploads\/2021\/02\/DSC01654.jpg?fit=768%2C768&ssl=1",768,768,true],"large":["https:\/\/i0.wp.com\/joyana.fr\/wp-content\/uploads\/2021\/02\/DSC01654.jpg?fit=1024%2C1024&ssl=1",1024,1024,true],"1536x1536":["https:\/\/i0.wp.com\/joyana.fr\/wp-content\/uploads\/2021\/02\/DSC01654.jpg?fit=1536%2C1536&ssl=1",1536,1536,true],"2048x2048":["https:\/\/i0.wp.com\/joyana.fr\/wp-content\/uploads\/2021\/02\/DSC01654.jpg?fit=1618%2C1618&ssl=1",1618,1618,true],"featured-thumb":["https:\/\/i0.wp.com\/joyana.fr\/wp-content\/uploads\/2021\/02\/DSC01654.jpg?resize=1618%2C750&ssl=1",1618,750,true],"ab-block-post-grid-landscape":["https:\/\/i0.wp.com\/joyana.fr\/wp-content\/uploads\/2021\/02\/DSC01654.jpg?resize=600%2C400&ssl=1",600,400,true],"ab-block-post-grid-square":["https:\/\/i0.wp.com\/joyana.fr\/wp-content\/uploads\/2021\/02\/DSC01654.jpg?resize=600%2C600&ssl=1",600,600,true],"author-pro-image":["https:\/\/i0.wp.com\/joyana.fr\/wp-content\/uploads\/2021\/02\/DSC01654.jpg?resize=360%2C570&ssl=1",360,570,true],"slider":["https:\/\/i0.wp.com\/joyana.fr\/wp-content\/uploads\/2021\/02\/DSC01654.jpg?resize=920%2C400&ssl=1",920,400,true],"woocommerce_thumbnail":["https:\/\/i0.wp.com\/joyana.fr\/wp-content\/uploads\/2021\/02\/DSC01654.jpg?resize=450%2C450&ssl=1",450,450,true],"woocommerce_single":["https:\/\/i0.wp.com\/joyana.fr\/wp-content\/uploads\/2021\/02\/DSC01654.jpg?fit=920%2C920&ssl=1",920,920,true],"woocommerce_gallery_thumbnail":["https:\/\/i0.wp.com\/joyana.fr\/wp-content\/uploads\/2021\/02\/DSC01654.jpg?resize=180%2C180&ssl=1",180,180,true],"sow-carousel-default":["https:\/\/i0.wp.com\/joyana.fr\/wp-content\/uploads\/2021\/02\/DSC01654.jpg?resize=272%2C182&ssl=1",272,182,true]},"post_excerpt_stackable_v2":"<p>ARTIST | HOJUNG KIM (Korea)<br \/>\nTITLE | FLOW II-IV<br \/>\nINFO | Porcelain<br \/>\n15.5x14cm<br \/>\nPRICE | \u20ac 380<\/p>\n","category_list_v2":"","author_info_v2":{"name":"Jo Yana","url":"https:\/\/joyana.fr\/en\/author\/joyana\/"},"comments_num_v2":"0 comments","yoast_head":"<!-- This site is optimized with the Yoast SEO plugin v26.8 - https:\/\/yoast.com\/product\/yoast-seo-wordpress\/ -->\n<title>Porcelaine FLOW II-IV - Porcelain FLOW II-IV -  - HOJUNG KIM[:] - JO YANA<\/title>\n<meta name=\"robots\" content=\"index, follow, max-snippet:-1, max-image-preview:large, max-video-preview:-1\" \/>\n<link rel=\"canonical\" href=\"https:\/\/joyana.fr\/en\/gallery\/porcelaine-flow-ii-iv-hojung-kim\/\" \/>\n<meta property=\"og:locale\" content=\"en_US\" \/>\n<meta property=\"og:locale:alternate\" content=\"fr_FR\" \/>\n<meta property=\"og:locale:alternate\" content=\"ja\" \/>\n<meta property=\"og:type\" content=\"article\" \/>\n<meta property=\"og:title\" content=\"Porcelain FLOW II-IV - HOJUNG KIM\" \/>\n<meta property=\"og:description\" content=\"ARTIST | HOJUNG KIM (Korea) TITLE | FLOW II-IV INFO | Porcelain 15.5x14cm PRICE | \u20ac 380\" \/>\n<meta property=\"og:url\" content=\"https:\/\/joyana.fr\/en\/gallery\/porcelaine-flow-ii-iv-hojung-kim\/\" \/>\n<meta property=\"og:site_name\" content=\"JO YANA\" \/>\n<meta property=\"article:modified_time\" content=\"2021-10-01T05:57:13+00:00\" \/>\n<meta property=\"og:image\" content=\"https:\/\/i0.wp.com\/joyana.fr\/wp-content\/uploads\/2021\/02\/DSC01654.jpg?fit=1618%2C1618&ssl=1\" \/>\n\t<meta property=\"og:image:width\" content=\"1618\" \/>\n\t<meta property=\"og:image:height\" content=\"1618\" \/>\n\t<meta property=\"og:image:type\" content=\"image\/jpeg\" \/>\n<meta name=\"twitter:card\" content=\"summary_large_image\" \/>\n<meta name=\"twitter:site\" content=\"@Jo_Yana\" \/>\n<meta name=\"twitter:label1\" content=\"Est. reading time\" \/>\n\t<meta name=\"twitter:data1\" content=\"1 minute\" \/>\n<script type=\"application\/ld+json\" class=\"yoast-schema-graph\">{\"@context\":\"https:\/\/schema.org\",\"@graph\":[{\"@type\":\"WebPage\",\"@id\":\"https:\/\/joyana.fr\/en\/gallery\/porcelaine-flow-ii-iv-hojung-kim\/\",\"url\":\"https:\/\/joyana.fr\/en\/gallery\/porcelaine-flow-ii-iv-hojung-kim\/\",\"name\":\"Porcelain FLOW II-IV - HOJUNG KIM\",\"isPartOf\":{\"@id\":\"https:\/\/www.joyana.fr\/ja\/#website\"},\"primaryImageOfPage\":{\"@id\":\"https:\/\/joyana.fr\/en\/gallery\/porcelaine-flow-ii-iv-hojung-kim\/#primaryimage\"},\"image\":{\"@id\":\"https:\/\/joyana.fr\/en\/gallery\/porcelaine-flow-ii-iv-hojung-kim\/#primaryimage\"},\"thumbnailUrl\":\"https:\/\/i0.wp.com\/joyana.fr\/wp-content\/uploads\/2021\/02\/DSC01654.jpg?fit=1618%2C1618&ssl=1\",\"datePublished\":\"2021-03-01T09:00:34+00:00\",\"dateModified\":\"2021-10-01T05:57:13+00:00\",\"breadcrumb\":{\"@id\":\"https:\/\/joyana.fr\/en\/gallery\/porcelaine-flow-ii-iv-hojung-kim\/#breadcrumb\"},\"inLanguage\":\"en-US\",\"potentialAction\":[{\"@type\":\"ReadAction\",\"target\":[\"https:\/\/joyana.fr\/en\/gallery\/porcelaine-flow-ii-iv-hojung-kim\/\"]}]},{\"@type\":\"ImageObject\",\"inLanguage\":\"en-US\",\"@id\":\"https:\/\/joyana.fr\/en\/gallery\/porcelaine-flow-ii-iv-hojung-kim\/#primaryimage\",\"url\":\"https:\/\/i0.wp.com\/joyana.fr\/wp-content\/uploads\/2021\/02\/DSC01654.jpg?fit=1618%2C1618&ssl=1\",\"contentUrl\":\"https:\/\/i0.wp.com\/joyana.fr\/wp-content\/uploads\/2021\/02\/DSC01654.jpg?fit=1618%2C1618&ssl=1\",\"width\":1618,\"height\":1618},{\"@type\":\"BreadcrumbList\",\"@id\":\"https:\/\/joyana.fr\/en\/gallery\/porcelaine-flow-ii-iv-hojung-kim\/#breadcrumb\",\"itemListElement\":[{\"@type\":\"ListItem\",\"position\":1,\"name\":\"Accueil\",\"item\":\"https:\/\/www.joyana.fr\/ja\/\"},{\"@type\":\"ListItem\",\"position\":2,\"name\":\"GALLERY JO YANA\",\"item\":\"https:\/\/joyana.fr\/en\/artgallery\/\"},{\"@type\":\"ListItem\",\"position\":3,\"name\":\"Porcelain FLOW II-IV &#8211; HOJUNG KIM\"}]},{\"@type\":\"WebSite\",\"@id\":\"https:\/\/www.joyana.fr\/ja\/#website\",\"url\":\"https:\/\/www.joyana.fr\/ja\/\",\"name\":\"JO YANA\",\"description\":\"Blog Mode Homme, Lifestyle, D\u00e9co-Design\",\"publisher\":{\"@id\":\"https:\/\/www.joyana.fr\/ja\/#\/schema\/person\/cf2a1ad12a27c12c21801075bf37407c\"},\"potentialAction\":[{\"@type\":\"SearchAction\",\"target\":{\"@type\":\"EntryPoint\",\"urlTemplate\":\"https:\/\/www.joyana.fr\/ja\/?s={search_term_string}\"},\"query-input\":{\"@type\":\"PropertyValueSpecification\",\"valueRequired\":true,\"valueName\":\"search_term_string\"}}],\"inLanguage\":\"en-US\"},{\"@type\":[\"Person\",\"Organization\"],\"@id\":\"https:\/\/www.joyana.fr\/ja\/#\/schema\/person\/cf2a1ad12a27c12c21801075bf37407c\",\"name\":\"Jo Yana\",\"image\":{\"@type\":\"ImageObject\",\"inLanguage\":\"en-US\",\"@id\":\"https:\/\/www.joyana.fr\/ja\/#\/schema\/person\/image\/\",\"url\":\"https:\/\/i0.wp.com\/joyana.fr\/wp-content\/uploads\/2016\/08\/cropped-joyana-logo-black-360x180.png?fit=343%2C164&ssl=1\",\"contentUrl\":\"https:\/\/i0.wp.com\/joyana.fr\/wp-content\/uploads\/2016\/08\/cropped-joyana-logo-black-360x180.png?fit=343%2C164&ssl=1\",\"width\":343,\"height\":164,\"caption\":\"Jo Yana\"},\"logo\":{\"@id\":\"https:\/\/www.joyana.fr\/ja\/#\/schema\/person\/image\/\"},\"description\":\"Jo Yana est le cr\u00e9ateur et r\u00e9dacteur en chef des sites DECO-DESIGN. Passionn\u00e9 de Design, Mode, Photo, Luxe, Lifestyle, Musique, mais avant tout Blogueur ! Le plaisir de partager l'anime et a comme devise \\\"POUR L'AMOUR DU BEAU\\\". Retrouvez le aussi sur son blog personnel - https:\/\/joyana.fr...\",\"sameAs\":[\"https:\/\/joyana.fr\/\"]}]}<\/script>\n<!-- \/ Yoast SEO plugin. -->","yoast_head_json":{"title":"Porcelaine FLOW II-IV - Porcelain FLOW II-IV -  - HOJUNG KIM[:] - JO YANA","robots":{"index":"index","follow":"follow","max-snippet":"max-snippet:-1","max-image-preview":"max-image-preview:large","max-video-preview":"max-video-preview:-1"},"canonical":"https:\/\/joyana.fr\/en\/gallery\/porcelaine-flow-ii-iv-hojung-kim\/","og_locale":"en_US","og_type":"article","og_title":"[:fr]Porcelaine FLOW II-IV - HOJUNG KIM[:en]Porcelain FLOW II-IV - HOJUNG KIM[:ja]Porcelain FLOW II-IV - HOJUNG KIM[:] - JO YANA","og_description":"ARTIST | HOJUNG KIM (Korea) TITLE | FLOW II-IV INFO | Porcelain 15.5x14cm PRICE | \u20ac 380","og_url":"https:\/\/joyana.fr\/en\/gallery\/porcelaine-flow-ii-iv-hojung-kim\/","og_site_name":"JO YANA","article_modified_time":"2021-10-01T05:57:13+00:00","og_image":[{"width":1618,"height":1618,"url":"https:\/\/i0.wp.com\/joyana.fr\/wp-content\/uploads\/2021\/02\/DSC01654.jpg?fit=1618%2C1618&ssl=1","type":"image\/jpeg"}],"twitter_card":"summary_large_image","twitter_site":"@Jo_Yana","twitter_misc":{"Est. reading time":"1 minute"},"schema":{"@context":"https:\/\/schema.org","@graph":[{"@type":"WebPage","@id":"https:\/\/joyana.fr\/en\/gallery\/porcelaine-flow-ii-iv-hojung-kim\/","url":"https:\/\/joyana.fr\/en\/gallery\/porcelaine-flow-ii-iv-hojung-kim\/","name":"Porcelain FLOW II-IV - HOJUNG KIM","isPartOf":{"@id":"https:\/\/www.joyana.fr\/ja\/#website"},"primaryImageOfPage":{"@id":"https:\/\/joyana.fr\/en\/gallery\/porcelaine-flow-ii-iv-hojung-kim\/#primaryimage"},"image":{"@id":"https:\/\/joyana.fr\/en\/gallery\/porcelaine-flow-ii-iv-hojung-kim\/#primaryimage"},"thumbnailUrl":"https:\/\/i0.wp.com\/joyana.fr\/wp-content\/uploads\/2021\/02\/DSC01654.jpg?fit=1618%2C1618&ssl=1","datePublished":"2021-03-01T09:00:34+00:00","dateModified":"2021-10-01T05:57:13+00:00","breadcrumb":{"@id":"https:\/\/joyana.fr\/en\/gallery\/porcelaine-flow-ii-iv-hojung-kim\/#breadcrumb"},"inLanguage":"en-US","potentialAction":[{"@type":"ReadAction","target":["https:\/\/joyana.fr\/en\/gallery\/porcelaine-flow-ii-iv-hojung-kim\/"]}]},{"@type":"ImageObject","inLanguage":"en-US","@id":"https:\/\/joyana.fr\/en\/gallery\/porcelaine-flow-ii-iv-hojung-kim\/#primaryimage","url":"https:\/\/i0.wp.com\/joyana.fr\/wp-content\/uploads\/2021\/02\/DSC01654.jpg?fit=1618%2C1618&ssl=1","contentUrl":"https:\/\/i0.wp.com\/joyana.fr\/wp-content\/uploads\/2021\/02\/DSC01654.jpg?fit=1618%2C1618&ssl=1","width":1618,"height":1618},{"@type":"BreadcrumbList","@id":"https:\/\/joyana.fr\/en\/gallery\/porcelaine-flow-ii-iv-hojung-kim\/#breadcrumb","itemListElement":[{"@type":"ListItem","position":1,"name":"Accueil","item":"https:\/\/www.joyana.fr\/ja\/"},{"@type":"ListItem","position":2,"name":"GALLERY JO YANA","item":"https:\/\/joyana.fr\/en\/artgallery\/"},{"@type":"ListItem","position":3,"name":"Porcelain FLOW II-IV &#8211; HOJUNG KIM"}]},{"@type":"WebSite","@id":"https:\/\/www.joyana.fr\/ja\/#website","url":"https:\/\/www.joyana.fr\/ja\/","name":"JO YANA","description":"Blog Mode Homme, Lifestyle, D\u00e9co-Design","publisher":{"@id":"https:\/\/www.joyana.fr\/ja\/#\/schema\/person\/cf2a1ad12a27c12c21801075bf37407c"},"potentialAction":[{"@type":"SearchAction","target":{"@type":"EntryPoint","urlTemplate":"https:\/\/www.joyana.fr\/ja\/?s={search_term_string}"},"query-input":{"@type":"PropertyValueSpecification","valueRequired":true,"valueName":"search_term_string"}}],"inLanguage":"en-US"},{"@type":["Person","Organization"],"@id":"https:\/\/www.joyana.fr\/ja\/#\/schema\/person\/cf2a1ad12a27c12c21801075bf37407c","name":"Jo Yana","image":{"@type":"ImageObject","inLanguage":"en-US","@id":"https:\/\/www.joyana.fr\/ja\/#\/schema\/person\/image\/","url":"https:\/\/i0.wp.com\/joyana.fr\/wp-content\/uploads\/2016\/08\/cropped-joyana-logo-black-360x180.png?fit=343%2C164&ssl=1","contentUrl":"https:\/\/i0.wp.com\/joyana.fr\/wp-content\/uploads\/2016\/08\/cropped-joyana-logo-black-360x180.png?fit=343%2C164&ssl=1","width":343,"height":164,"caption":"Jo Yana"},"logo":{"@id":"https:\/\/www.joyana.fr\/ja\/#\/schema\/person\/image\/"},"description":"Jo Yana est le cr\u00e9ateur et r\u00e9dacteur en chef des sites DECO-DESIGN. Passionn\u00e9 de Design, Mode, Photo, Luxe, Lifestyle, Musique, mais avant tout Blogueur ! Le plaisir de partager l'anime et a comme devise \"POUR L'AMOUR DU BEAU\". Retrouvez le aussi sur son blog personnel - https:\/\/joyana.fr...","sameAs":["https:\/\/joyana.fr\/"]}]}},"uagb_featured_image_src":{"full":["https:\/\/i0.wp.com\/joyana.fr\/wp-content\/uploads\/2021\/02\/DSC01654.jpg?fit=1618%2C1618&ssl=1",1618,1618,false],"thumbnail":["https:\/\/i0.wp.com\/joyana.fr\/wp-content\/uploads\/2021\/02\/DSC01654.jpg?resize=150%2C150&ssl=1",150,150,true],"medium":["https:\/\/i0.wp.com\/joyana.fr\/wp-content\/uploads\/2021\/02\/DSC01654.jpg?fit=389%2C389&ssl=1",389,389,true],"medium_large":["https:\/\/i0.wp.com\/joyana.fr\/wp-content\/uploads\/2021\/02\/DSC01654.jpg?fit=768%2C768&ssl=1",768,768,true],"large":["https:\/\/i0.wp.com\/joyana.fr\/wp-content\/uploads\/2021\/02\/DSC01654.jpg?fit=1024%2C1024&ssl=1",1024,1024,true],"1536x1536":["https:\/\/i0.wp.com\/joyana.fr\/wp-content\/uploads\/2021\/02\/DSC01654.jpg?fit=1536%2C1536&ssl=1",1536,1536,true],"2048x2048":["https:\/\/i0.wp.com\/joyana.fr\/wp-content\/uploads\/2021\/02\/DSC01654.jpg?fit=1618%2C1618&ssl=1",1618,1618,true],"featured-thumb":["https:\/\/i0.wp.com\/joyana.fr\/wp-content\/uploads\/2021\/02\/DSC01654.jpg?resize=1618%2C750&ssl=1",1618,750,true],"ab-block-post-grid-landscape":["https:\/\/i0.wp.com\/joyana.fr\/wp-content\/uploads\/2021\/02\/DSC01654.jpg?resize=600%2C400&ssl=1",600,400,true],"ab-block-post-grid-square":["https:\/\/i0.wp.com\/joyana.fr\/wp-content\/uploads\/2021\/02\/DSC01654.jpg?resize=600%2C600&ssl=1",600,600,true],"author-pro-image":["https:\/\/i0.wp.com\/joyana.fr\/wp-content\/uploads\/2021\/02\/DSC01654.jpg?resize=360%2C570&ssl=1",360,570,true],"slider":["https:\/\/i0.wp.com\/joyana.fr\/wp-content\/uploads\/2021\/02\/DSC01654.jpg?resize=920%2C400&ssl=1",920,400,true],"woocommerce_thumbnail":["https:\/\/i0.wp.com\/joyana.fr\/wp-content\/uploads\/2021\/02\/DSC01654.jpg?resize=450%2C450&ssl=1",450,450,true],"woocommerce_single":["https:\/\/i0.wp.com\/joyana.fr\/wp-content\/uploads\/2021\/02\/DSC01654.jpg?fit=920%2C920&ssl=1",920,920,true],"woocommerce_gallery_thumbnail":["https:\/\/i0.wp.com\/joyana.fr\/wp-content\/uploads\/2021\/02\/DSC01654.jpg?resize=180%2C180&ssl=1",180,180,true],"sow-carousel-default":["https:\/\/i0.wp.com\/joyana.fr\/wp-content\/uploads\/2021\/02\/DSC01654.jpg?resize=272%2C182&ssl=1",272,182,true]},"uagb_author_info":{"display_name":"Jo Yana","author_link":"https:\/\/joyana.fr\/en\/author\/joyana\/"},"uagb_comment_info":0,"uagb_excerpt":"ARTIST | HOJUNG KIM (Korea) TITLE | FLOW II-IV INFO | Porcelain 15.5x14cm PRICE | \u20ac 380","featured_img":"https:\/\/joyana.fr\/wp-content\/uploads\/2021\/02\/DSC01654.jpg","coauthors":[],"author_meta":{"author_link":"https:\/\/joyana.fr\/en\/author\/joyana\/","display_name":"Jo Yana"},"relative_dates":{"created":"Posted 5 years ago","modified":"Updated 5 years ago"},"absolute_dates":{"created":"Posted on 1 March 2021","modified":"Updated on 1 October 2021"},"absolute_dates_time":{"created":"Posted on 1 March 2021 11:00","modified":"Updated on 1 October 2021 7:57"},"featured_img_caption":"","tax_additional":{"product_type":{"linked":["<a href=\"https:\/\/joyana.fr\/en\/?taxonomy=product_type&#038;term=simple\" class=\"advgb-post-tax-term\">simple<\/a>"],"unlinked":["<span class=\"advgb-post-tax-term\">simple<\/span>"],"slug":"product_type","name":"Product type"},"product_visibility":{"linked":[],"unlinked":[],"slug":"product_visibility","name":"Product visibility"},"product_cat":{"linked":["<a href=\"https:\/\/joyana.fr\/en\/artgallery\/oeuvres\/oeuvres-disponibles\/ceramique\/\" class=\"advgb-post-tax-term\">C\u00e9ramique<\/a>","<a href=\"https:\/\/joyana.fr\/en\/artgallery\/nos-artistes\/hojung-kim\/\" class=\"advgb-post-tax-term\">HOJUNG KIM<\/a>","<a href=\"https:\/\/joyana.fr\/en\/artgallery\/oeuvres\/\" class=\"advgb-post-tax-term\">PIECES OF ART<\/a>","<a href=\"https:\/\/joyana.fr\/en\/artgallery\/oeuvres\/oeuvres-disponibles\/\" class=\"advgb-post-tax-term\">\u0152uvres disponibles<\/a>"],"unlinked":["<span class=\"advgb-post-tax-term\">C\u00e9ramique<\/span>","<span class=\"advgb-post-tax-term\">HOJUNG KIM<\/span>","<span class=\"advgb-post-tax-term\">PIECES OF ART<\/span>","<span class=\"advgb-post-tax-term\">\u0152uvres disponibles<\/span>"],"slug":"product_cat","name":"Product categories"},"product_tag":{"linked":["<a href=\"https:\/\/joyana.fr\/en\/etiquette-produit\/hojung-kim\/\" class=\"advgb-post-tax-term\">HOJUNG KIM<\/a>"],"unlinked":["<span class=\"advgb-post-tax-term\">HOJUNG KIM<\/span>"],"slug":"product_tag","name":"Product tags"},"product_shipping_class":{"linked":["<a href=\"https:\/\/joyana.fr\/en\/?taxonomy=product_shipping_class&#038;term=print-enroule-60\" class=\"advgb-post-tax-term\">print enroule 60<\/a>"],"unlinked":["<span class=\"advgb-post-tax-term\">print enroule 60<\/span>"],"slug":"product_shipping_class","name":"Product shipping classes"},"pa_color":{"linked":[],"unlinked":[],"slug":"pa_color","name":"Product Colors"},"pa_frhoraires":{"linked":[],"unlinked":[],"slug":"pa_frhoraires","name":"Product Horaires"}},"series_order":"","jetpack_sharing_enabled":true,"jetpack-related-posts":[],"_links":{"self":[{"href":"https:\/\/joyana.fr\/en\/wp-json\/wp\/v2\/product\/146424","targetHints":{"allow":["GET"]}}],"collection":[{"href":"https:\/\/joyana.fr\/en\/wp-json\/wp\/v2\/product"}],"about":[{"href":"https:\/\/joyana.fr\/en\/wp-json\/wp\/v2\/types\/product"}],"wp:featuredmedia":[{"embeddable":true,"href":"https:\/\/joyana.fr\/en\/wp-json\/wp\/v2\/media\/146396"}],"wp:attachment":[{"href":"https:\/\/joyana.fr\/en\/wp-json\/wp\/v2\/media?parent=146424"}],"wp:term":[{"taxonomy":"product_cat","embeddable":true,"href":"https:\/\/joyana.fr\/en\/wp-json\/wp\/v2\/product_cat?post=146424"},{"taxonomy":"product_tag","embeddable":true,"href":"https:\/\/joyana.fr\/en\/wp-json\/wp\/v2\/product_tag?post=146424"}],"curies":[{"name":"wp","href":"https:\/\/api.w.org\/{rel}","templated":true}]}}