{"id":149340,"date":"2024-02-20T12:41:29","date_gmt":"2024-02-20T10:41:29","guid":{"rendered":"https:\/\/joyana.fr\/?post_type=product&#038;p=149340"},"modified":"2024-02-20T17:35:33","modified_gmt":"2024-02-20T15:35:33","slug":"terraforming-yokosaka-tatsuya","status":"publish","type":"product","link":"https:\/\/joyana.fr\/en\/gallery\/terraforming-yokosaka-tatsuya\/","title":{"rendered":"TERRAFORMING &#8211; YOKOSAKA TATSUYA"},"content":{"rendered":"<p><span style=\"font-weight: 400\">About YOKOSAKA TATSUYA:<\/span><\/p>\n<p><span style=\"font-weight: 400\">YOKOSAKA TATSUYA was born in 1981 in Gunma Prefecture and currently works in Tokyo. Inspired by celluloid painting techniques, he creates artworks by layering pictures drawn on clear vinyl chloride over the canvas background. His works feature elements from the 1980s, legendary figures, and classic animated characters to represent his own experiences as a theme. They convey admiration and hopefulness towards what humanity will achieve in the future, while still sharing a sense of pride and nostalgia for the past.<\/span><\/p>\n","protected":false},"excerpt":{"rendered":"<p>Title: TERRAFORMING<\/p>\n<p>Size: Diptyque two sheets of 116,7&#215;72,7&#215;6,8cm<\/p>\n<p>Acrylic on canvas<\/p>\n<p>Clear vinyl chloride<\/p>\n","protected":false},"author":615,"featured_media":149332,"template":"","meta":{"_coblocks_attr":"","_coblocks_dimensions":"","_coblocks_responsive_height":"","_coblocks_accordion_ie_support":"","_uag_custom_page_level_css":"","advgb_blocks_editor_width":"","advgb_blocks_columns_visual_guide":"","_genesis_hide_title":false,"_genesis_hide_breadcrumbs":false,"_genesis_hide_singular_image":false,"_genesis_hide_footer_widgets":false,"_genesis_custom_body_class":"","_genesis_custom_post_class":"","_genesis_layout":"","_themeisle_gutenberg_block_has_review":false},"product_cat":[5269,5259,5410,5258],"product_tag":[5310,5121,5425],"class_list":{"0":"post-149340","1":"product","2":"type-product","3":"status-publish","4":"has-post-thumbnail","6":"product_cat-oeuvres","7":"product_cat-toile","8":"product_cat-yokosaka-tatsuya","9":"product_cat-oeuvres-disponibles","10":"product_tag-art-japonais","11":"product_tag-gallery-jo-yana","12":"product_tag-yokosaka-tatsuya","13":"entry","15":"first","16":"instock","17":"shipping-taxable","18":"product-type-simple"},"featured_image_urls":{"full":["https:\/\/i0.wp.com\/joyana.fr\/wp-content\/uploads\/2024\/02\/VUE-GALERIE-YOKOSAKA-TATSUYA-TERRAFORMING--scaled.jpg?fit=2048%2C1366&ssl=1",2048,1366,false],"thumbnail":["https:\/\/i0.wp.com\/joyana.fr\/wp-content\/uploads\/2024\/02\/VUE-GALERIE-YOKOSAKA-TATSUYA-TERRAFORMING--scaled.jpg?resize=150%2C150&ssl=1",150,150,true],"medium":["https:\/\/i0.wp.com\/joyana.fr\/wp-content\/uploads\/2024\/02\/VUE-GALERIE-YOKOSAKA-TATSUYA-TERRAFORMING--scaled.jpg?fit=389%2C259&ssl=1",389,259,true],"medium_large":["https:\/\/i0.wp.com\/joyana.fr\/wp-content\/uploads\/2024\/02\/VUE-GALERIE-YOKOSAKA-TATSUYA-TERRAFORMING--scaled.jpg?fit=768%2C512&ssl=1",768,512,true],"large":["https:\/\/i0.wp.com\/joyana.fr\/wp-content\/uploads\/2024\/02\/VUE-GALERIE-YOKOSAKA-TATSUYA-TERRAFORMING--scaled.jpg?fit=1024%2C683&ssl=1",1024,683,true],"1536x1536":["https:\/\/i0.wp.com\/joyana.fr\/wp-content\/uploads\/2024\/02\/VUE-GALERIE-YOKOSAKA-TATSUYA-TERRAFORMING--scaled.jpg?fit=1536%2C1025&ssl=1",1536,1025,true],"2048x2048":["https:\/\/i0.wp.com\/joyana.fr\/wp-content\/uploads\/2024\/02\/VUE-GALERIE-YOKOSAKA-TATSUYA-TERRAFORMING--scaled.jpg?fit=2048%2C1366&ssl=1",2048,1366,true],"featured-thumb":["https:\/\/i0.wp.com\/joyana.fr\/wp-content\/uploads\/2024\/02\/VUE-GALERIE-YOKOSAKA-TATSUYA-TERRAFORMING--scaled.jpg?resize=1903%2C750&ssl=1",1903,750,true],"ab-block-post-grid-landscape":["https:\/\/i0.wp.com\/joyana.fr\/wp-content\/uploads\/2024\/02\/VUE-GALERIE-YOKOSAKA-TATSUYA-TERRAFORMING--scaled.jpg?resize=600%2C400&ssl=1",600,400,true],"ab-block-post-grid-square":["https:\/\/i0.wp.com\/joyana.fr\/wp-content\/uploads\/2024\/02\/VUE-GALERIE-YOKOSAKA-TATSUYA-TERRAFORMING--scaled.jpg?resize=600%2C600&ssl=1",600,600,true],"author-pro-image":["https:\/\/i0.wp.com\/joyana.fr\/wp-content\/uploads\/2024\/02\/VUE-GALERIE-YOKOSAKA-TATSUYA-TERRAFORMING--scaled.jpg?resize=360%2C570&ssl=1",360,570,true],"slider":["https:\/\/i0.wp.com\/joyana.fr\/wp-content\/uploads\/2024\/02\/VUE-GALERIE-YOKOSAKA-TATSUYA-TERRAFORMING--scaled.jpg?resize=920%2C400&ssl=1",920,400,true],"woocommerce_thumbnail":["https:\/\/i0.wp.com\/joyana.fr\/wp-content\/uploads\/2024\/02\/VUE-GALERIE-YOKOSAKA-TATSUYA-TERRAFORMING--scaled.jpg?resize=450%2C450&ssl=1",450,450,true],"woocommerce_single":["https:\/\/i0.wp.com\/joyana.fr\/wp-content\/uploads\/2024\/02\/VUE-GALERIE-YOKOSAKA-TATSUYA-TERRAFORMING--scaled.jpg?fit=920%2C614&ssl=1",920,614,true],"woocommerce_gallery_thumbnail":["https:\/\/i0.wp.com\/joyana.fr\/wp-content\/uploads\/2024\/02\/VUE-GALERIE-YOKOSAKA-TATSUYA-TERRAFORMING--scaled.jpg?resize=180%2C180&ssl=1",180,180,true],"sow-carousel-default":["https:\/\/i0.wp.com\/joyana.fr\/wp-content\/uploads\/2024\/02\/VUE-GALERIE-YOKOSAKA-TATSUYA-TERRAFORMING--scaled.jpg?resize=272%2C182&ssl=1",272,182,true]},"post_excerpt_stackable":"<p>Title: TERRAFORMING<\/p>\n<p>Size: Diptyque two sheets of 116,7&#215;72,7&#215;6,8cm<\/p>\n<p>Acrylic on canvas<\/p>\n<p>Clear vinyl chloride<\/p>\n","category_list":"","author_info":{"name":"makita","url":"https:\/\/joyana.fr\/en\/author\/makita\/"},"comments_num":"0 comments","featured_image_urls_v2":{"full":["https:\/\/i0.wp.com\/joyana.fr\/wp-content\/uploads\/2024\/02\/VUE-GALERIE-YOKOSAKA-TATSUYA-TERRAFORMING--scaled.jpg?fit=2048%2C1366&ssl=1",2048,1366,false],"thumbnail":["https:\/\/i0.wp.com\/joyana.fr\/wp-content\/uploads\/2024\/02\/VUE-GALERIE-YOKOSAKA-TATSUYA-TERRAFORMING--scaled.jpg?resize=150%2C150&ssl=1",150,150,true],"medium":["https:\/\/i0.wp.com\/joyana.fr\/wp-content\/uploads\/2024\/02\/VUE-GALERIE-YOKOSAKA-TATSUYA-TERRAFORMING--scaled.jpg?fit=389%2C259&ssl=1",389,259,true],"medium_large":["https:\/\/i0.wp.com\/joyana.fr\/wp-content\/uploads\/2024\/02\/VUE-GALERIE-YOKOSAKA-TATSUYA-TERRAFORMING--scaled.jpg?fit=768%2C512&ssl=1",768,512,true],"large":["https:\/\/i0.wp.com\/joyana.fr\/wp-content\/uploads\/2024\/02\/VUE-GALERIE-YOKOSAKA-TATSUYA-TERRAFORMING--scaled.jpg?fit=1024%2C683&ssl=1",1024,683,true],"1536x1536":["https:\/\/i0.wp.com\/joyana.fr\/wp-content\/uploads\/2024\/02\/VUE-GALERIE-YOKOSAKA-TATSUYA-TERRAFORMING--scaled.jpg?fit=1536%2C1025&ssl=1",1536,1025,true],"2048x2048":["https:\/\/i0.wp.com\/joyana.fr\/wp-content\/uploads\/2024\/02\/VUE-GALERIE-YOKOSAKA-TATSUYA-TERRAFORMING--scaled.jpg?fit=2048%2C1366&ssl=1",2048,1366,true],"featured-thumb":["https:\/\/i0.wp.com\/joyana.fr\/wp-content\/uploads\/2024\/02\/VUE-GALERIE-YOKOSAKA-TATSUYA-TERRAFORMING--scaled.jpg?resize=1903%2C750&ssl=1",1903,750,true],"ab-block-post-grid-landscape":["https:\/\/i0.wp.com\/joyana.fr\/wp-content\/uploads\/2024\/02\/VUE-GALERIE-YOKOSAKA-TATSUYA-TERRAFORMING--scaled.jpg?resize=600%2C400&ssl=1",600,400,true],"ab-block-post-grid-square":["https:\/\/i0.wp.com\/joyana.fr\/wp-content\/uploads\/2024\/02\/VUE-GALERIE-YOKOSAKA-TATSUYA-TERRAFORMING--scaled.jpg?resize=600%2C600&ssl=1",600,600,true],"author-pro-image":["https:\/\/i0.wp.com\/joyana.fr\/wp-content\/uploads\/2024\/02\/VUE-GALERIE-YOKOSAKA-TATSUYA-TERRAFORMING--scaled.jpg?resize=360%2C570&ssl=1",360,570,true],"slider":["https:\/\/i0.wp.com\/joyana.fr\/wp-content\/uploads\/2024\/02\/VUE-GALERIE-YOKOSAKA-TATSUYA-TERRAFORMING--scaled.jpg?resize=920%2C400&ssl=1",920,400,true],"woocommerce_thumbnail":["https:\/\/i0.wp.com\/joyana.fr\/wp-content\/uploads\/2024\/02\/VUE-GALERIE-YOKOSAKA-TATSUYA-TERRAFORMING--scaled.jpg?resize=450%2C450&ssl=1",450,450,true],"woocommerce_single":["https:\/\/i0.wp.com\/joyana.fr\/wp-content\/uploads\/2024\/02\/VUE-GALERIE-YOKOSAKA-TATSUYA-TERRAFORMING--scaled.jpg?fit=920%2C614&ssl=1",920,614,true],"woocommerce_gallery_thumbnail":["https:\/\/i0.wp.com\/joyana.fr\/wp-content\/uploads\/2024\/02\/VUE-GALERIE-YOKOSAKA-TATSUYA-TERRAFORMING--scaled.jpg?resize=180%2C180&ssl=1",180,180,true],"sow-carousel-default":["https:\/\/i0.wp.com\/joyana.fr\/wp-content\/uploads\/2024\/02\/VUE-GALERIE-YOKOSAKA-TATSUYA-TERRAFORMING--scaled.jpg?resize=272%2C182&ssl=1",272,182,true]},"post_excerpt_stackable_v2":"<p>Title: TERRAFORMING<\/p>\n<p>Size: Diptyque two sheets of 116,7&#215;72,7&#215;6,8cm<\/p>\n<p>Acrylic on canvas<\/p>\n<p>Clear vinyl chloride<\/p>\n","category_list_v2":"","author_info_v2":{"name":"makita","url":"https:\/\/joyana.fr\/en\/author\/makita\/"},"comments_num_v2":"0 comments","yoast_head":"<!-- This site is optimized with the Yoast SEO plugin v26.8 - https:\/\/yoast.com\/product\/yoast-seo-wordpress\/ -->\n<title>TERRAFORMING - TERRAFORMING -  - YOKOSAKA TATSUYA[:] - JO YANA<\/title>\n<meta name=\"robots\" content=\"index, follow, max-snippet:-1, max-image-preview:large, max-video-preview:-1\" \/>\n<link rel=\"canonical\" href=\"https:\/\/www.joyana.fr\/ja\/gallery\/terraforming-yokosaka-tatsuya\/\" \/>\n<meta property=\"og:locale\" content=\"en_US\" \/>\n<meta property=\"og:locale:alternate\" content=\"fr_FR\" \/>\n<meta property=\"og:locale:alternate\" content=\"ja\" \/>\n<meta property=\"og:type\" content=\"article\" \/>\n<meta property=\"og:title\" content=\"TERRAFORMING - YOKOSAKA TATSUYA\" \/>\n<meta property=\"og:description\" content=\"Title: TERRAFORMING  Size: Diptyque two sheets of 116,7x72,7x6,8cm  Acrylic on canvas  Clear vinyl chloride\" \/>\n<meta property=\"og:url\" content=\"https:\/\/joyana.fr\/en\/gallery\/terraforming-yokosaka-tatsuya\/\" \/>\n<meta property=\"og:site_name\" content=\"JO YANA\" \/>\n<meta property=\"article:modified_time\" content=\"2024-02-20T15:35:33+00:00\" \/>\n<meta property=\"og:image\" content=\"https:\/\/i0.wp.com\/www.joyana.fr\/wp-content\/uploads\/2024\/02\/VUE-GALERIE-YOKOSAKA-TATSUYA-TERRAFORMING--scaled.jpg?fit=2048%2C1366&ssl=1\" \/>\n\t<meta property=\"og:image:width\" content=\"2048\" \/>\n\t<meta property=\"og:image:height\" content=\"1366\" \/>\n\t<meta property=\"og:image:type\" content=\"image\/jpeg\" \/>\n<meta name=\"twitter:card\" content=\"summary_large_image\" \/>\n<meta name=\"twitter:site\" content=\"@Jo_Yana\" \/>\n<meta name=\"twitter:label1\" content=\"Est. reading time\" \/>\n\t<meta name=\"twitter:data1\" content=\"1 minute\" \/>\n<script type=\"application\/ld+json\" class=\"yoast-schema-graph\">{\"@context\":\"https:\/\/schema.org\",\"@graph\":[{\"@type\":\"WebPage\",\"@id\":\"https:\/\/www.joyana.fr\/ja\/gallery\/terraforming-yokosaka-tatsuya\/\",\"url\":\"https:\/\/www.joyana.fr\/ja\/gallery\/terraforming-yokosaka-tatsuya\/\",\"name\":\"TERRAFORMING - YOKOSAKA TATSUYA\",\"isPartOf\":{\"@id\":\"https:\/\/joyana.fr\/#website\"},\"primaryImageOfPage\":{\"@id\":\"https:\/\/www.joyana.fr\/ja\/gallery\/terraforming-yokosaka-tatsuya\/#primaryimage\"},\"image\":{\"@id\":\"https:\/\/www.joyana.fr\/ja\/gallery\/terraforming-yokosaka-tatsuya\/#primaryimage\"},\"thumbnailUrl\":\"https:\/\/i0.wp.com\/joyana.fr\/wp-content\/uploads\/2024\/02\/VUE-GALERIE-YOKOSAKA-TATSUYA-TERRAFORMING--scaled.jpg?fit=2048%2C1366&ssl=1\",\"datePublished\":\"2024-02-20T10:41:29+00:00\",\"dateModified\":\"2024-02-20T15:35:33+00:00\",\"breadcrumb\":{\"@id\":\"https:\/\/www.joyana.fr\/ja\/gallery\/terraforming-yokosaka-tatsuya\/#breadcrumb\"},\"inLanguage\":\"en-US\",\"potentialAction\":[{\"@type\":\"ReadAction\",\"target\":[\"https:\/\/www.joyana.fr\/ja\/gallery\/terraforming-yokosaka-tatsuya\/\"]}]},{\"@type\":\"ImageObject\",\"inLanguage\":\"en-US\",\"@id\":\"https:\/\/www.joyana.fr\/ja\/gallery\/terraforming-yokosaka-tatsuya\/#primaryimage\",\"url\":\"https:\/\/i0.wp.com\/joyana.fr\/wp-content\/uploads\/2024\/02\/VUE-GALERIE-YOKOSAKA-TATSUYA-TERRAFORMING--scaled.jpg?fit=2048%2C1366&ssl=1\",\"contentUrl\":\"https:\/\/i0.wp.com\/joyana.fr\/wp-content\/uploads\/2024\/02\/VUE-GALERIE-YOKOSAKA-TATSUYA-TERRAFORMING--scaled.jpg?fit=2048%2C1366&ssl=1\",\"width\":2048,\"height\":1366},{\"@type\":\"BreadcrumbList\",\"@id\":\"https:\/\/www.joyana.fr\/ja\/gallery\/terraforming-yokosaka-tatsuya\/#breadcrumb\",\"itemListElement\":[{\"@type\":\"ListItem\",\"position\":1,\"name\":\"Accueil\",\"item\":\"https:\/\/joyana.fr\/\"},{\"@type\":\"ListItem\",\"position\":2,\"name\":\"GALLERY JO YANA\",\"item\":\"https:\/\/joyana.fr\/en\/artgallery\/\"},{\"@type\":\"ListItem\",\"position\":3,\"name\":\"TERRAFORMING &#8211; YOKOSAKA TATSUYA\"}]},{\"@type\":\"WebSite\",\"@id\":\"https:\/\/joyana.fr\/#website\",\"url\":\"https:\/\/joyana.fr\/\",\"name\":\"JO YANA\",\"description\":\"Blog Mode Homme, Lifestyle, D\u00e9co-Design\",\"publisher\":{\"@id\":\"https:\/\/joyana.fr\/#\/schema\/person\/cf2a1ad12a27c12c21801075bf37407c\"},\"potentialAction\":[{\"@type\":\"SearchAction\",\"target\":{\"@type\":\"EntryPoint\",\"urlTemplate\":\"https:\/\/joyana.fr\/?s={search_term_string}\"},\"query-input\":{\"@type\":\"PropertyValueSpecification\",\"valueRequired\":true,\"valueName\":\"search_term_string\"}}],\"inLanguage\":\"en-US\"},{\"@type\":[\"Person\",\"Organization\"],\"@id\":\"https:\/\/joyana.fr\/#\/schema\/person\/cf2a1ad12a27c12c21801075bf37407c\",\"name\":\"Jo Yana\",\"image\":{\"@type\":\"ImageObject\",\"inLanguage\":\"en-US\",\"@id\":\"https:\/\/joyana.fr\/#\/schema\/person\/image\/\",\"url\":\"https:\/\/i0.wp.com\/joyana.fr\/wp-content\/uploads\/2016\/08\/cropped-joyana-logo-black-360x180.png?fit=343%2C164&ssl=1\",\"contentUrl\":\"https:\/\/i0.wp.com\/joyana.fr\/wp-content\/uploads\/2016\/08\/cropped-joyana-logo-black-360x180.png?fit=343%2C164&ssl=1\",\"width\":343,\"height\":164,\"caption\":\"Jo Yana\"},\"logo\":{\"@id\":\"https:\/\/joyana.fr\/#\/schema\/person\/image\/\"},\"description\":\"Jo Yana est le cr\u00e9ateur et r\u00e9dacteur en chef des sites DECO-DESIGN. Passionn\u00e9 de Design, Mode, Photo, Luxe, Lifestyle, Musique, mais avant tout Blogueur ! Le plaisir de partager l'anime et a comme devise \\\"POUR L'AMOUR DU BEAU\\\". Retrouvez le aussi sur son blog personnel - https:\/\/joyana.fr...\",\"sameAs\":[\"https:\/\/joyana.fr\/\"]}]}<\/script>\n<!-- \/ Yoast SEO plugin. -->","yoast_head_json":{"title":"TERRAFORMING - TERRAFORMING -  - YOKOSAKA TATSUYA[:] - JO YANA","robots":{"index":"index","follow":"follow","max-snippet":"max-snippet:-1","max-image-preview":"max-image-preview:large","max-video-preview":"max-video-preview:-1"},"canonical":"https:\/\/www.joyana.fr\/ja\/gallery\/terraforming-yokosaka-tatsuya\/","og_locale":"en_US","og_type":"article","og_title":"[:fr]TERRAFORMING - YOKOSAKA TATSUYA[:en]TERRAFORMING - YOKOSAKA TATSUYA[:ja]TERRAFORMING - YOKOSAKA TATSUYA[:] - JO YANA","og_description":"Title: TERRAFORMING  Size: Diptyque two sheets of 116,7x72,7x6,8cm  Acrylic on canvas  Clear vinyl chloride","og_url":"https:\/\/joyana.fr\/en\/gallery\/terraforming-yokosaka-tatsuya\/","og_site_name":"JO YANA","article_modified_time":"2024-02-20T15:35:33+00:00","og_image":[{"width":2048,"height":1366,"url":"https:\/\/i0.wp.com\/www.joyana.fr\/wp-content\/uploads\/2024\/02\/VUE-GALERIE-YOKOSAKA-TATSUYA-TERRAFORMING--scaled.jpg?fit=2048%2C1366&ssl=1","type":"image\/jpeg"}],"twitter_card":"summary_large_image","twitter_site":"@Jo_Yana","twitter_misc":{"Est. reading time":"1 minute"},"schema":{"@context":"https:\/\/schema.org","@graph":[{"@type":"WebPage","@id":"https:\/\/www.joyana.fr\/ja\/gallery\/terraforming-yokosaka-tatsuya\/","url":"https:\/\/www.joyana.fr\/ja\/gallery\/terraforming-yokosaka-tatsuya\/","name":"TERRAFORMING - YOKOSAKA TATSUYA","isPartOf":{"@id":"https:\/\/joyana.fr\/#website"},"primaryImageOfPage":{"@id":"https:\/\/www.joyana.fr\/ja\/gallery\/terraforming-yokosaka-tatsuya\/#primaryimage"},"image":{"@id":"https:\/\/www.joyana.fr\/ja\/gallery\/terraforming-yokosaka-tatsuya\/#primaryimage"},"thumbnailUrl":"https:\/\/i0.wp.com\/joyana.fr\/wp-content\/uploads\/2024\/02\/VUE-GALERIE-YOKOSAKA-TATSUYA-TERRAFORMING--scaled.jpg?fit=2048%2C1366&ssl=1","datePublished":"2024-02-20T10:41:29+00:00","dateModified":"2024-02-20T15:35:33+00:00","breadcrumb":{"@id":"https:\/\/www.joyana.fr\/ja\/gallery\/terraforming-yokosaka-tatsuya\/#breadcrumb"},"inLanguage":"en-US","potentialAction":[{"@type":"ReadAction","target":["https:\/\/www.joyana.fr\/ja\/gallery\/terraforming-yokosaka-tatsuya\/"]}]},{"@type":"ImageObject","inLanguage":"en-US","@id":"https:\/\/www.joyana.fr\/ja\/gallery\/terraforming-yokosaka-tatsuya\/#primaryimage","url":"https:\/\/i0.wp.com\/joyana.fr\/wp-content\/uploads\/2024\/02\/VUE-GALERIE-YOKOSAKA-TATSUYA-TERRAFORMING--scaled.jpg?fit=2048%2C1366&ssl=1","contentUrl":"https:\/\/i0.wp.com\/joyana.fr\/wp-content\/uploads\/2024\/02\/VUE-GALERIE-YOKOSAKA-TATSUYA-TERRAFORMING--scaled.jpg?fit=2048%2C1366&ssl=1","width":2048,"height":1366},{"@type":"BreadcrumbList","@id":"https:\/\/www.joyana.fr\/ja\/gallery\/terraforming-yokosaka-tatsuya\/#breadcrumb","itemListElement":[{"@type":"ListItem","position":1,"name":"Accueil","item":"https:\/\/joyana.fr\/"},{"@type":"ListItem","position":2,"name":"GALLERY JO YANA","item":"https:\/\/joyana.fr\/en\/artgallery\/"},{"@type":"ListItem","position":3,"name":"TERRAFORMING &#8211; YOKOSAKA TATSUYA"}]},{"@type":"WebSite","@id":"https:\/\/joyana.fr\/#website","url":"https:\/\/joyana.fr\/","name":"JO YANA","description":"Blog Mode Homme, Lifestyle, D\u00e9co-Design","publisher":{"@id":"https:\/\/joyana.fr\/#\/schema\/person\/cf2a1ad12a27c12c21801075bf37407c"},"potentialAction":[{"@type":"SearchAction","target":{"@type":"EntryPoint","urlTemplate":"https:\/\/joyana.fr\/?s={search_term_string}"},"query-input":{"@type":"PropertyValueSpecification","valueRequired":true,"valueName":"search_term_string"}}],"inLanguage":"en-US"},{"@type":["Person","Organization"],"@id":"https:\/\/joyana.fr\/#\/schema\/person\/cf2a1ad12a27c12c21801075bf37407c","name":"Jo Yana","image":{"@type":"ImageObject","inLanguage":"en-US","@id":"https:\/\/joyana.fr\/#\/schema\/person\/image\/","url":"https:\/\/i0.wp.com\/joyana.fr\/wp-content\/uploads\/2016\/08\/cropped-joyana-logo-black-360x180.png?fit=343%2C164&ssl=1","contentUrl":"https:\/\/i0.wp.com\/joyana.fr\/wp-content\/uploads\/2016\/08\/cropped-joyana-logo-black-360x180.png?fit=343%2C164&ssl=1","width":343,"height":164,"caption":"Jo Yana"},"logo":{"@id":"https:\/\/joyana.fr\/#\/schema\/person\/image\/"},"description":"Jo Yana est le cr\u00e9ateur et r\u00e9dacteur en chef des sites DECO-DESIGN. Passionn\u00e9 de Design, Mode, Photo, Luxe, Lifestyle, Musique, mais avant tout Blogueur ! Le plaisir de partager l'anime et a comme devise \"POUR L'AMOUR DU BEAU\". Retrouvez le aussi sur son blog personnel - https:\/\/joyana.fr...","sameAs":["https:\/\/joyana.fr\/"]}]}},"uagb_featured_image_src":{"full":["https:\/\/i0.wp.com\/joyana.fr\/wp-content\/uploads\/2024\/02\/VUE-GALERIE-YOKOSAKA-TATSUYA-TERRAFORMING--scaled.jpg?fit=2048%2C1366&ssl=1",2048,1366,false],"thumbnail":["https:\/\/i0.wp.com\/joyana.fr\/wp-content\/uploads\/2024\/02\/VUE-GALERIE-YOKOSAKA-TATSUYA-TERRAFORMING--scaled.jpg?resize=150%2C150&ssl=1",150,150,true],"medium":["https:\/\/i0.wp.com\/joyana.fr\/wp-content\/uploads\/2024\/02\/VUE-GALERIE-YOKOSAKA-TATSUYA-TERRAFORMING--scaled.jpg?fit=389%2C259&ssl=1",389,259,true],"medium_large":["https:\/\/i0.wp.com\/joyana.fr\/wp-content\/uploads\/2024\/02\/VUE-GALERIE-YOKOSAKA-TATSUYA-TERRAFORMING--scaled.jpg?fit=768%2C512&ssl=1",768,512,true],"large":["https:\/\/i0.wp.com\/joyana.fr\/wp-content\/uploads\/2024\/02\/VUE-GALERIE-YOKOSAKA-TATSUYA-TERRAFORMING--scaled.jpg?fit=1024%2C683&ssl=1",1024,683,true],"1536x1536":["https:\/\/i0.wp.com\/joyana.fr\/wp-content\/uploads\/2024\/02\/VUE-GALERIE-YOKOSAKA-TATSUYA-TERRAFORMING--scaled.jpg?fit=1536%2C1025&ssl=1",1536,1025,true],"2048x2048":["https:\/\/i0.wp.com\/joyana.fr\/wp-content\/uploads\/2024\/02\/VUE-GALERIE-YOKOSAKA-TATSUYA-TERRAFORMING--scaled.jpg?fit=2048%2C1366&ssl=1",2048,1366,true],"featured-thumb":["https:\/\/i0.wp.com\/joyana.fr\/wp-content\/uploads\/2024\/02\/VUE-GALERIE-YOKOSAKA-TATSUYA-TERRAFORMING--scaled.jpg?resize=1903%2C750&ssl=1",1903,750,true],"ab-block-post-grid-landscape":["https:\/\/i0.wp.com\/joyana.fr\/wp-content\/uploads\/2024\/02\/VUE-GALERIE-YOKOSAKA-TATSUYA-TERRAFORMING--scaled.jpg?resize=600%2C400&ssl=1",600,400,true],"ab-block-post-grid-square":["https:\/\/i0.wp.com\/joyana.fr\/wp-content\/uploads\/2024\/02\/VUE-GALERIE-YOKOSAKA-TATSUYA-TERRAFORMING--scaled.jpg?resize=600%2C600&ssl=1",600,600,true],"author-pro-image":["https:\/\/i0.wp.com\/joyana.fr\/wp-content\/uploads\/2024\/02\/VUE-GALERIE-YOKOSAKA-TATSUYA-TERRAFORMING--scaled.jpg?resize=360%2C570&ssl=1",360,570,true],"slider":["https:\/\/i0.wp.com\/joyana.fr\/wp-content\/uploads\/2024\/02\/VUE-GALERIE-YOKOSAKA-TATSUYA-TERRAFORMING--scaled.jpg?resize=920%2C400&ssl=1",920,400,true],"woocommerce_thumbnail":["https:\/\/i0.wp.com\/joyana.fr\/wp-content\/uploads\/2024\/02\/VUE-GALERIE-YOKOSAKA-TATSUYA-TERRAFORMING--scaled.jpg?resize=450%2C450&ssl=1",450,450,true],"woocommerce_single":["https:\/\/i0.wp.com\/joyana.fr\/wp-content\/uploads\/2024\/02\/VUE-GALERIE-YOKOSAKA-TATSUYA-TERRAFORMING--scaled.jpg?fit=920%2C614&ssl=1",920,614,true],"woocommerce_gallery_thumbnail":["https:\/\/i0.wp.com\/joyana.fr\/wp-content\/uploads\/2024\/02\/VUE-GALERIE-YOKOSAKA-TATSUYA-TERRAFORMING--scaled.jpg?resize=180%2C180&ssl=1",180,180,true],"sow-carousel-default":["https:\/\/i0.wp.com\/joyana.fr\/wp-content\/uploads\/2024\/02\/VUE-GALERIE-YOKOSAKA-TATSUYA-TERRAFORMING--scaled.jpg?resize=272%2C182&ssl=1",272,182,true]},"uagb_author_info":{"display_name":"makita","author_link":"https:\/\/joyana.fr\/en\/author\/makita\/"},"uagb_comment_info":0,"uagb_excerpt":"Title: TERRAFORMING Size: Diptyque two sheets of 116,7x72,7x6,8cm Acrylic on canvas Clear vinyl chloride","featured_img":"https:\/\/joyana.fr\/wp-content\/uploads\/2024\/02\/VUE-GALERIE-YOKOSAKA-TATSUYA-TERRAFORMING--scaled.jpg","coauthors":[],"author_meta":{"author_link":"https:\/\/joyana.fr\/en\/author\/makita\/","display_name":"makita"},"relative_dates":{"created":"Posted 2 years ago","modified":"Updated 2 years ago"},"absolute_dates":{"created":"Posted on 20 February 2024","modified":"Updated on 20 February 2024"},"absolute_dates_time":{"created":"Posted on 20 February 2024 12:41","modified":"Updated on 20 February 2024 17:35"},"featured_img_caption":"","tax_additional":{"product_type":{"linked":["<a href=\"https:\/\/joyana.fr\/en\/?taxonomy=product_type&#038;term=simple\" class=\"advgb-post-tax-term\">simple<\/a>"],"unlinked":["<span class=\"advgb-post-tax-term\">simple<\/span>"],"slug":"product_type","name":"Product type"},"product_visibility":{"linked":[],"unlinked":[],"slug":"product_visibility","name":"Product visibility"},"product_cat":{"linked":["<a href=\"https:\/\/joyana.fr\/en\/artgallery\/oeuvres\/\" class=\"advgb-post-tax-term\">PIECES OF ART<\/a>","<a href=\"https:\/\/joyana.fr\/en\/artgallery\/oeuvres\/oeuvres-disponibles\/toile\/\" class=\"advgb-post-tax-term\">Toile<\/a>","<a href=\"https:\/\/joyana.fr\/en\/artgallery\/yokosaka-tatsuya\/\" class=\"advgb-post-tax-term\">YOKOSAKA TATSUYA<\/a>","<a href=\"https:\/\/joyana.fr\/en\/artgallery\/oeuvres\/oeuvres-disponibles\/\" class=\"advgb-post-tax-term\">\u0152uvres disponibles<\/a>"],"unlinked":["<span class=\"advgb-post-tax-term\">PIECES OF ART<\/span>","<span class=\"advgb-post-tax-term\">Toile<\/span>","<span class=\"advgb-post-tax-term\">YOKOSAKA TATSUYA<\/span>","<span class=\"advgb-post-tax-term\">\u0152uvres disponibles<\/span>"],"slug":"product_cat","name":"Product categories"},"product_tag":{"linked":["<a href=\"https:\/\/joyana.fr\/en\/etiquette-produit\/art-japonais\/\" class=\"advgb-post-tax-term\">Art Japonais<\/a>","<a href=\"https:\/\/joyana.fr\/en\/etiquette-produit\/gallery-jo-yana\/\" class=\"advgb-post-tax-term\">Gallery Jo Yana<\/a>","<a href=\"https:\/\/joyana.fr\/en\/etiquette-produit\/yokosaka-tatsuya\/\" class=\"advgb-post-tax-term\">YOKOSAKA TATSUYA<\/a>"],"unlinked":["<span class=\"advgb-post-tax-term\">Art Japonais<\/span>","<span class=\"advgb-post-tax-term\">Gallery Jo Yana<\/span>","<span class=\"advgb-post-tax-term\">YOKOSAKA TATSUYA<\/span>"],"slug":"product_tag","name":"Product tags"},"product_shipping_class":{"linked":[],"unlinked":[],"slug":"product_shipping_class","name":"Product shipping classes"},"pa_color":{"linked":[],"unlinked":[],"slug":"pa_color","name":"Product Colors"},"pa_frhoraires":{"linked":[],"unlinked":[],"slug":"pa_frhoraires","name":"Product Horaires"}},"series_order":"","jetpack_sharing_enabled":true,"jetpack-related-posts":[],"_links":{"self":[{"href":"https:\/\/joyana.fr\/en\/wp-json\/wp\/v2\/product\/149340","targetHints":{"allow":["GET"]}}],"collection":[{"href":"https:\/\/joyana.fr\/en\/wp-json\/wp\/v2\/product"}],"about":[{"href":"https:\/\/joyana.fr\/en\/wp-json\/wp\/v2\/types\/product"}],"wp:featuredmedia":[{"embeddable":true,"href":"https:\/\/joyana.fr\/en\/wp-json\/wp\/v2\/media\/149332"}],"wp:attachment":[{"href":"https:\/\/joyana.fr\/en\/wp-json\/wp\/v2\/media?parent=149340"}],"wp:term":[{"taxonomy":"product_cat","embeddable":true,"href":"https:\/\/joyana.fr\/en\/wp-json\/wp\/v2\/product_cat?post=149340"},{"taxonomy":"product_tag","embeddable":true,"href":"https:\/\/joyana.fr\/en\/wp-json\/wp\/v2\/product_tag?post=149340"}],"curies":[{"name":"wp","href":"https:\/\/api.w.org\/{rel}","templated":true}]}}