{"id":149350,"date":"2024-02-20T14:50:40","date_gmt":"2024-02-20T12:50:40","guid":{"rendered":"https:\/\/joyana.fr\/ja\/?post_type=product&#038;p=149350"},"modified":"2024-12-15T13:26:55","modified_gmt":"2024-12-15T11:26:55","slug":"white-girls-creature-sowsow","status":"publish","type":"product","link":"https:\/\/joyana.fr\/en\/gallery\/white-girls-creature-sowsow\/","title":{"rendered":"WHITE GIRL&#8217;S CREATURE &#8211; SOWSOW"},"content":{"rendered":"<p>About SOWSOW:<\/p>\n<p>SOWSOW previously worked as a planning designer for television programs, toys, miscellaneous goods, etc. for 10 years. He now focuses on illustration and character design, having worked on illustrating cards for famous franchises such as Pokemon and One piece. His style is picturesque, featuring soft shapes and colors with a deliberate and charming simplicity.<\/p>\n","protected":false},"excerpt":{"rendered":"<p>Title: WHITE GIRL&#8217;S CREATURE<\/p>\n<p>Size: 36x26cm (without frame)<\/p>\n<p>Acrylic on hard cardboard<\/p>\n<p>Framed with museum glass<\/p>\n","protected":false},"author":615,"featured_media":149351,"template":"","meta":{"_coblocks_attr":"","_coblocks_dimensions":"","_coblocks_responsive_height":"","_coblocks_accordion_ie_support":"","_uag_custom_page_level_css":"","advgb_blocks_editor_width":"","advgb_blocks_columns_visual_guide":"","_genesis_hide_title":false,"_genesis_hide_breadcrumbs":false,"_genesis_hide_singular_image":false,"_genesis_hide_footer_widgets":false,"_genesis_custom_body_class":"","_genesis_custom_post_class":"","_genesis_layout":"","_themeisle_gutenberg_block_has_review":false},"product_cat":[5421,5260,5408,5258],"product_tag":[5310,5121,5427],"class_list":{"0":"post-149350","1":"product","2":"type-product","3":"status-publish","4":"has-post-thumbnail","6":"product_cat-oeuvres-sur-demande","7":"product_cat-dessin-oeuvres-disponibles","8":"product_cat-sowsow","9":"product_cat-oeuvres-disponibles","10":"product_tag-art-japonais","11":"product_tag-gallery-jo-yana","12":"product_tag-sowsow","13":"entry","15":"first","16":"instock","17":"shipping-taxable","18":"product-type-simple"},"featured_image_urls":{"full":["https:\/\/i0.wp.com\/joyana.fr\/wp-content\/uploads\/2024\/02\/SOWSOW-WHITE-GIRLS-CREATURE-scaled.jpg?fit=2048%2C1444&ssl=1",2048,1444,false],"thumbnail":["https:\/\/i0.wp.com\/joyana.fr\/wp-content\/uploads\/2024\/02\/SOWSOW-WHITE-GIRLS-CREATURE-scaled.jpg?resize=150%2C150&ssl=1",150,150,true],"medium":["https:\/\/i0.wp.com\/joyana.fr\/wp-content\/uploads\/2024\/02\/SOWSOW-WHITE-GIRLS-CREATURE-scaled.jpg?fit=389%2C274&ssl=1",389,274,true],"medium_large":["https:\/\/i0.wp.com\/joyana.fr\/wp-content\/uploads\/2024\/02\/SOWSOW-WHITE-GIRLS-CREATURE-scaled.jpg?fit=768%2C542&ssl=1",768,542,true],"large":["https:\/\/i0.wp.com\/joyana.fr\/wp-content\/uploads\/2024\/02\/SOWSOW-WHITE-GIRLS-CREATURE-scaled.jpg?fit=1024%2C722&ssl=1",1024,722,true],"1536x1536":["https:\/\/i0.wp.com\/joyana.fr\/wp-content\/uploads\/2024\/02\/SOWSOW-WHITE-GIRLS-CREATURE-scaled.jpg?fit=1536%2C1083&ssl=1",1536,1083,true],"2048x2048":["https:\/\/i0.wp.com\/joyana.fr\/wp-content\/uploads\/2024\/02\/SOWSOW-WHITE-GIRLS-CREATURE-scaled.jpg?fit=2048%2C1444&ssl=1",2048,1444,true],"featured-thumb":["https:\/\/i0.wp.com\/joyana.fr\/wp-content\/uploads\/2024\/02\/SOWSOW-WHITE-GIRLS-CREATURE-scaled.jpg?resize=1903%2C750&ssl=1",1903,750,true],"ab-block-post-grid-landscape":["https:\/\/i0.wp.com\/joyana.fr\/wp-content\/uploads\/2024\/02\/SOWSOW-WHITE-GIRLS-CREATURE-scaled.jpg?resize=600%2C400&ssl=1",600,400,true],"ab-block-post-grid-square":["https:\/\/i0.wp.com\/joyana.fr\/wp-content\/uploads\/2024\/02\/SOWSOW-WHITE-GIRLS-CREATURE-scaled.jpg?resize=600%2C600&ssl=1",600,600,true],"author-pro-image":["https:\/\/i0.wp.com\/joyana.fr\/wp-content\/uploads\/2024\/02\/SOWSOW-WHITE-GIRLS-CREATURE-scaled.jpg?resize=360%2C570&ssl=1",360,570,true],"slider":["https:\/\/i0.wp.com\/joyana.fr\/wp-content\/uploads\/2024\/02\/SOWSOW-WHITE-GIRLS-CREATURE-scaled.jpg?resize=920%2C400&ssl=1",920,400,true],"woocommerce_thumbnail":["https:\/\/i0.wp.com\/joyana.fr\/wp-content\/uploads\/2024\/02\/SOWSOW-WHITE-GIRLS-CREATURE-scaled.jpg?resize=450%2C450&ssl=1",450,450,true],"woocommerce_single":["https:\/\/i0.wp.com\/joyana.fr\/wp-content\/uploads\/2024\/02\/SOWSOW-WHITE-GIRLS-CREATURE-scaled.jpg?fit=920%2C649&ssl=1",920,649,true],"woocommerce_gallery_thumbnail":["https:\/\/i0.wp.com\/joyana.fr\/wp-content\/uploads\/2024\/02\/SOWSOW-WHITE-GIRLS-CREATURE-scaled.jpg?resize=180%2C180&ssl=1",180,180,true],"sow-carousel-default":["https:\/\/i0.wp.com\/joyana.fr\/wp-content\/uploads\/2024\/02\/SOWSOW-WHITE-GIRLS-CREATURE-scaled.jpg?resize=272%2C182&ssl=1",272,182,true]},"post_excerpt_stackable":"<p>Title: WHITE GIRL&#8217;S CREATURE<\/p>\n<p>Size: 36x26cm (without frame)<\/p>\n<p>Acrylic on hard cardboard<\/p>\n<p>Framed with museum glass<\/p>\n","category_list":"","author_info":{"name":"makita","url":"https:\/\/joyana.fr\/en\/author\/makita\/"},"comments_num":"0 comments","featured_image_urls_v2":{"full":["https:\/\/i0.wp.com\/joyana.fr\/wp-content\/uploads\/2024\/02\/SOWSOW-WHITE-GIRLS-CREATURE-scaled.jpg?fit=2048%2C1444&ssl=1",2048,1444,false],"thumbnail":["https:\/\/i0.wp.com\/joyana.fr\/wp-content\/uploads\/2024\/02\/SOWSOW-WHITE-GIRLS-CREATURE-scaled.jpg?resize=150%2C150&ssl=1",150,150,true],"medium":["https:\/\/i0.wp.com\/joyana.fr\/wp-content\/uploads\/2024\/02\/SOWSOW-WHITE-GIRLS-CREATURE-scaled.jpg?fit=389%2C274&ssl=1",389,274,true],"medium_large":["https:\/\/i0.wp.com\/joyana.fr\/wp-content\/uploads\/2024\/02\/SOWSOW-WHITE-GIRLS-CREATURE-scaled.jpg?fit=768%2C542&ssl=1",768,542,true],"large":["https:\/\/i0.wp.com\/joyana.fr\/wp-content\/uploads\/2024\/02\/SOWSOW-WHITE-GIRLS-CREATURE-scaled.jpg?fit=1024%2C722&ssl=1",1024,722,true],"1536x1536":["https:\/\/i0.wp.com\/joyana.fr\/wp-content\/uploads\/2024\/02\/SOWSOW-WHITE-GIRLS-CREATURE-scaled.jpg?fit=1536%2C1083&ssl=1",1536,1083,true],"2048x2048":["https:\/\/i0.wp.com\/joyana.fr\/wp-content\/uploads\/2024\/02\/SOWSOW-WHITE-GIRLS-CREATURE-scaled.jpg?fit=2048%2C1444&ssl=1",2048,1444,true],"featured-thumb":["https:\/\/i0.wp.com\/joyana.fr\/wp-content\/uploads\/2024\/02\/SOWSOW-WHITE-GIRLS-CREATURE-scaled.jpg?resize=1903%2C750&ssl=1",1903,750,true],"ab-block-post-grid-landscape":["https:\/\/i0.wp.com\/joyana.fr\/wp-content\/uploads\/2024\/02\/SOWSOW-WHITE-GIRLS-CREATURE-scaled.jpg?resize=600%2C400&ssl=1",600,400,true],"ab-block-post-grid-square":["https:\/\/i0.wp.com\/joyana.fr\/wp-content\/uploads\/2024\/02\/SOWSOW-WHITE-GIRLS-CREATURE-scaled.jpg?resize=600%2C600&ssl=1",600,600,true],"author-pro-image":["https:\/\/i0.wp.com\/joyana.fr\/wp-content\/uploads\/2024\/02\/SOWSOW-WHITE-GIRLS-CREATURE-scaled.jpg?resize=360%2C570&ssl=1",360,570,true],"slider":["https:\/\/i0.wp.com\/joyana.fr\/wp-content\/uploads\/2024\/02\/SOWSOW-WHITE-GIRLS-CREATURE-scaled.jpg?resize=920%2C400&ssl=1",920,400,true],"woocommerce_thumbnail":["https:\/\/i0.wp.com\/joyana.fr\/wp-content\/uploads\/2024\/02\/SOWSOW-WHITE-GIRLS-CREATURE-scaled.jpg?resize=450%2C450&ssl=1",450,450,true],"woocommerce_single":["https:\/\/i0.wp.com\/joyana.fr\/wp-content\/uploads\/2024\/02\/SOWSOW-WHITE-GIRLS-CREATURE-scaled.jpg?fit=920%2C649&ssl=1",920,649,true],"woocommerce_gallery_thumbnail":["https:\/\/i0.wp.com\/joyana.fr\/wp-content\/uploads\/2024\/02\/SOWSOW-WHITE-GIRLS-CREATURE-scaled.jpg?resize=180%2C180&ssl=1",180,180,true],"sow-carousel-default":["https:\/\/i0.wp.com\/joyana.fr\/wp-content\/uploads\/2024\/02\/SOWSOW-WHITE-GIRLS-CREATURE-scaled.jpg?resize=272%2C182&ssl=1",272,182,true]},"post_excerpt_stackable_v2":"<p>Title: WHITE GIRL&#8217;S CREATURE<\/p>\n<p>Size: 36x26cm (without frame)<\/p>\n<p>Acrylic on hard cardboard<\/p>\n<p>Framed with museum glass<\/p>\n","category_list_v2":"","author_info_v2":{"name":"makita","url":"https:\/\/joyana.fr\/en\/author\/makita\/"},"comments_num_v2":"0 comments","yoast_head":"<!-- This site is optimized with the Yoast SEO plugin v26.8 - https:\/\/yoast.com\/product\/yoast-seo-wordpress\/ -->\n<title>WHITE GIRL&#039;S CREATURE - WHITE GIRL&#039;S CREATURE -  - SOWSOW[:] - JO YANA<\/title>\n<meta name=\"robots\" content=\"index, follow, max-snippet:-1, max-image-preview:large, max-video-preview:-1\" \/>\n<link rel=\"canonical\" href=\"https:\/\/www.joyana.fr\/en\/gallery\/white-girls-creature-sowsow\/\" \/>\n<meta property=\"og:locale\" content=\"en_US\" \/>\n<meta property=\"og:locale:alternate\" content=\"fr_FR\" \/>\n<meta property=\"og:locale:alternate\" content=\"ja\" \/>\n<meta property=\"og:type\" content=\"article\" \/>\n<meta property=\"og:title\" content=\"WHITE GIRL&#039;S CREATURE - SOWSOW\" \/>\n<meta property=\"og:description\" content=\"Title: WHITE GIRL&#039;S CREATURE  Size: 36x26cm (without frame)  Acrylic on hard cardboard  Framed with museum glass\" \/>\n<meta property=\"og:url\" content=\"https:\/\/joyana.fr\/en\/gallery\/white-girls-creature-sowsow\/\" \/>\n<meta property=\"og:site_name\" content=\"JO YANA\" \/>\n<meta property=\"article:modified_time\" content=\"2024-12-15T11:26:55+00:00\" \/>\n<meta property=\"og:image\" content=\"https:\/\/i0.wp.com\/www.joyana.fr\/wp-content\/uploads\/2024\/02\/SOWSOW-WHITE-GIRLS-CREATURE-scaled.jpg?fit=2048%2C1444&ssl=1\" \/>\n\t<meta property=\"og:image:width\" content=\"2048\" \/>\n\t<meta property=\"og:image:height\" content=\"1444\" \/>\n\t<meta property=\"og:image:type\" content=\"image\/jpeg\" \/>\n<meta name=\"twitter:card\" content=\"summary_large_image\" \/>\n<meta name=\"twitter:site\" content=\"@Jo_Yana\" \/>\n<meta name=\"twitter:label1\" content=\"Est. reading time\" \/>\n\t<meta name=\"twitter:data1\" content=\"1 minute\" \/>\n<script type=\"application\/ld+json\" class=\"yoast-schema-graph\">{\"@context\":\"https:\/\/schema.org\",\"@graph\":[{\"@type\":\"WebPage\",\"@id\":\"https:\/\/www.joyana.fr\/en\/gallery\/white-girls-creature-sowsow\/\",\"url\":\"https:\/\/www.joyana.fr\/en\/gallery\/white-girls-creature-sowsow\/\",\"name\":\"WHITE GIRL'S CREATURE - SOWSOW\",\"isPartOf\":{\"@id\":\"https:\/\/joyana.fr\/ja\/#website\"},\"primaryImageOfPage\":{\"@id\":\"https:\/\/www.joyana.fr\/en\/gallery\/white-girls-creature-sowsow\/#primaryimage\"},\"image\":{\"@id\":\"https:\/\/www.joyana.fr\/en\/gallery\/white-girls-creature-sowsow\/#primaryimage\"},\"thumbnailUrl\":\"https:\/\/i0.wp.com\/joyana.fr\/wp-content\/uploads\/2024\/02\/SOWSOW-WHITE-GIRLS-CREATURE-scaled.jpg?fit=2048%2C1444&ssl=1\",\"datePublished\":\"2024-02-20T12:50:40+00:00\",\"dateModified\":\"2024-12-15T11:26:55+00:00\",\"breadcrumb\":{\"@id\":\"https:\/\/www.joyana.fr\/en\/gallery\/white-girls-creature-sowsow\/#breadcrumb\"},\"inLanguage\":\"en-US\",\"potentialAction\":[{\"@type\":\"ReadAction\",\"target\":[\"https:\/\/www.joyana.fr\/en\/gallery\/white-girls-creature-sowsow\/\"]}]},{\"@type\":\"ImageObject\",\"inLanguage\":\"en-US\",\"@id\":\"https:\/\/www.joyana.fr\/en\/gallery\/white-girls-creature-sowsow\/#primaryimage\",\"url\":\"https:\/\/i0.wp.com\/joyana.fr\/wp-content\/uploads\/2024\/02\/SOWSOW-WHITE-GIRLS-CREATURE-scaled.jpg?fit=2048%2C1444&ssl=1\",\"contentUrl\":\"https:\/\/i0.wp.com\/joyana.fr\/wp-content\/uploads\/2024\/02\/SOWSOW-WHITE-GIRLS-CREATURE-scaled.jpg?fit=2048%2C1444&ssl=1\",\"width\":2048,\"height\":1444},{\"@type\":\"BreadcrumbList\",\"@id\":\"https:\/\/www.joyana.fr\/en\/gallery\/white-girls-creature-sowsow\/#breadcrumb\",\"itemListElement\":[{\"@type\":\"ListItem\",\"position\":1,\"name\":\"Accueil\",\"item\":\"https:\/\/joyana.fr\/ja\/\"},{\"@type\":\"ListItem\",\"position\":2,\"name\":\"GALLERY JO YANA\",\"item\":\"https:\/\/joyana.fr\/en\/artgallery\/\"},{\"@type\":\"ListItem\",\"position\":3,\"name\":\"WHITE GIRL&#8217;S CREATURE &#8211; SOWSOW\"}]},{\"@type\":\"WebSite\",\"@id\":\"https:\/\/joyana.fr\/ja\/#website\",\"url\":\"https:\/\/joyana.fr\/ja\/\",\"name\":\"JO YANA\",\"description\":\"Blog Mode Homme, Lifestyle, D\u00e9co-Design\",\"publisher\":{\"@id\":\"https:\/\/joyana.fr\/ja\/#\/schema\/person\/cf2a1ad12a27c12c21801075bf37407c\"},\"potentialAction\":[{\"@type\":\"SearchAction\",\"target\":{\"@type\":\"EntryPoint\",\"urlTemplate\":\"https:\/\/joyana.fr\/ja\/?s={search_term_string}\"},\"query-input\":{\"@type\":\"PropertyValueSpecification\",\"valueRequired\":true,\"valueName\":\"search_term_string\"}}],\"inLanguage\":\"en-US\"},{\"@type\":[\"Person\",\"Organization\"],\"@id\":\"https:\/\/joyana.fr\/ja\/#\/schema\/person\/cf2a1ad12a27c12c21801075bf37407c\",\"name\":\"Jo Yana\",\"image\":{\"@type\":\"ImageObject\",\"inLanguage\":\"en-US\",\"@id\":\"https:\/\/joyana.fr\/ja\/#\/schema\/person\/image\/\",\"url\":\"https:\/\/i0.wp.com\/joyana.fr\/wp-content\/uploads\/2016\/08\/cropped-joyana-logo-black-360x180.png?fit=343%2C164&ssl=1\",\"contentUrl\":\"https:\/\/i0.wp.com\/joyana.fr\/wp-content\/uploads\/2016\/08\/cropped-joyana-logo-black-360x180.png?fit=343%2C164&ssl=1\",\"width\":343,\"height\":164,\"caption\":\"Jo Yana\"},\"logo\":{\"@id\":\"https:\/\/joyana.fr\/ja\/#\/schema\/person\/image\/\"},\"description\":\"Jo Yana est le cr\u00e9ateur et r\u00e9dacteur en chef des sites DECO-DESIGN. Passionn\u00e9 de Design, Mode, Photo, Luxe, Lifestyle, Musique, mais avant tout Blogueur ! Le plaisir de partager l'anime et a comme devise \\\"POUR L'AMOUR DU BEAU\\\". Retrouvez le aussi sur son blog personnel - https:\/\/joyana.fr...\",\"sameAs\":[\"https:\/\/joyana.fr\/\"]}]}<\/script>\n<!-- \/ Yoast SEO plugin. -->","yoast_head_json":{"title":"WHITE GIRL'S CREATURE - WHITE GIRL'S CREATURE -  - SOWSOW[:] - JO YANA","robots":{"index":"index","follow":"follow","max-snippet":"max-snippet:-1","max-image-preview":"max-image-preview:large","max-video-preview":"max-video-preview:-1"},"canonical":"https:\/\/www.joyana.fr\/en\/gallery\/white-girls-creature-sowsow\/","og_locale":"en_US","og_type":"article","og_title":"[:fr]WHITE GIRL'S CREATURE - SOWSOW[:en]WHITE GIRL'S CREATURE - SOWSOW[:ja]WHITE GIRL'S CREATURE - SOWSOW[:] - JO YANA","og_description":"Title: WHITE GIRL'S CREATURE  Size: 36x26cm (without frame)  Acrylic on hard cardboard  Framed with museum glass","og_url":"https:\/\/joyana.fr\/en\/gallery\/white-girls-creature-sowsow\/","og_site_name":"JO YANA","article_modified_time":"2024-12-15T11:26:55+00:00","og_image":[{"width":2048,"height":1444,"url":"https:\/\/i0.wp.com\/www.joyana.fr\/wp-content\/uploads\/2024\/02\/SOWSOW-WHITE-GIRLS-CREATURE-scaled.jpg?fit=2048%2C1444&ssl=1","type":"image\/jpeg"}],"twitter_card":"summary_large_image","twitter_site":"@Jo_Yana","twitter_misc":{"Est. reading time":"1 minute"},"schema":{"@context":"https:\/\/schema.org","@graph":[{"@type":"WebPage","@id":"https:\/\/www.joyana.fr\/en\/gallery\/white-girls-creature-sowsow\/","url":"https:\/\/www.joyana.fr\/en\/gallery\/white-girls-creature-sowsow\/","name":"WHITE GIRL'S CREATURE - SOWSOW","isPartOf":{"@id":"https:\/\/joyana.fr\/ja\/#website"},"primaryImageOfPage":{"@id":"https:\/\/www.joyana.fr\/en\/gallery\/white-girls-creature-sowsow\/#primaryimage"},"image":{"@id":"https:\/\/www.joyana.fr\/en\/gallery\/white-girls-creature-sowsow\/#primaryimage"},"thumbnailUrl":"https:\/\/i0.wp.com\/joyana.fr\/wp-content\/uploads\/2024\/02\/SOWSOW-WHITE-GIRLS-CREATURE-scaled.jpg?fit=2048%2C1444&ssl=1","datePublished":"2024-02-20T12:50:40+00:00","dateModified":"2024-12-15T11:26:55+00:00","breadcrumb":{"@id":"https:\/\/www.joyana.fr\/en\/gallery\/white-girls-creature-sowsow\/#breadcrumb"},"inLanguage":"en-US","potentialAction":[{"@type":"ReadAction","target":["https:\/\/www.joyana.fr\/en\/gallery\/white-girls-creature-sowsow\/"]}]},{"@type":"ImageObject","inLanguage":"en-US","@id":"https:\/\/www.joyana.fr\/en\/gallery\/white-girls-creature-sowsow\/#primaryimage","url":"https:\/\/i0.wp.com\/joyana.fr\/wp-content\/uploads\/2024\/02\/SOWSOW-WHITE-GIRLS-CREATURE-scaled.jpg?fit=2048%2C1444&ssl=1","contentUrl":"https:\/\/i0.wp.com\/joyana.fr\/wp-content\/uploads\/2024\/02\/SOWSOW-WHITE-GIRLS-CREATURE-scaled.jpg?fit=2048%2C1444&ssl=1","width":2048,"height":1444},{"@type":"BreadcrumbList","@id":"https:\/\/www.joyana.fr\/en\/gallery\/white-girls-creature-sowsow\/#breadcrumb","itemListElement":[{"@type":"ListItem","position":1,"name":"Accueil","item":"https:\/\/joyana.fr\/ja\/"},{"@type":"ListItem","position":2,"name":"GALLERY JO YANA","item":"https:\/\/joyana.fr\/en\/artgallery\/"},{"@type":"ListItem","position":3,"name":"WHITE GIRL&#8217;S CREATURE &#8211; SOWSOW"}]},{"@type":"WebSite","@id":"https:\/\/joyana.fr\/ja\/#website","url":"https:\/\/joyana.fr\/ja\/","name":"JO YANA","description":"Blog Mode Homme, Lifestyle, D\u00e9co-Design","publisher":{"@id":"https:\/\/joyana.fr\/ja\/#\/schema\/person\/cf2a1ad12a27c12c21801075bf37407c"},"potentialAction":[{"@type":"SearchAction","target":{"@type":"EntryPoint","urlTemplate":"https:\/\/joyana.fr\/ja\/?s={search_term_string}"},"query-input":{"@type":"PropertyValueSpecification","valueRequired":true,"valueName":"search_term_string"}}],"inLanguage":"en-US"},{"@type":["Person","Organization"],"@id":"https:\/\/joyana.fr\/ja\/#\/schema\/person\/cf2a1ad12a27c12c21801075bf37407c","name":"Jo Yana","image":{"@type":"ImageObject","inLanguage":"en-US","@id":"https:\/\/joyana.fr\/ja\/#\/schema\/person\/image\/","url":"https:\/\/i0.wp.com\/joyana.fr\/wp-content\/uploads\/2016\/08\/cropped-joyana-logo-black-360x180.png?fit=343%2C164&ssl=1","contentUrl":"https:\/\/i0.wp.com\/joyana.fr\/wp-content\/uploads\/2016\/08\/cropped-joyana-logo-black-360x180.png?fit=343%2C164&ssl=1","width":343,"height":164,"caption":"Jo Yana"},"logo":{"@id":"https:\/\/joyana.fr\/ja\/#\/schema\/person\/image\/"},"description":"Jo Yana est le cr\u00e9ateur et r\u00e9dacteur en chef des sites DECO-DESIGN. Passionn\u00e9 de Design, Mode, Photo, Luxe, Lifestyle, Musique, mais avant tout Blogueur ! Le plaisir de partager l'anime et a comme devise \"POUR L'AMOUR DU BEAU\". Retrouvez le aussi sur son blog personnel - https:\/\/joyana.fr...","sameAs":["https:\/\/joyana.fr\/"]}]}},"uagb_featured_image_src":{"full":["https:\/\/i0.wp.com\/joyana.fr\/wp-content\/uploads\/2024\/02\/SOWSOW-WHITE-GIRLS-CREATURE-scaled.jpg?fit=2048%2C1444&ssl=1",2048,1444,false],"thumbnail":["https:\/\/i0.wp.com\/joyana.fr\/wp-content\/uploads\/2024\/02\/SOWSOW-WHITE-GIRLS-CREATURE-scaled.jpg?resize=150%2C150&ssl=1",150,150,true],"medium":["https:\/\/i0.wp.com\/joyana.fr\/wp-content\/uploads\/2024\/02\/SOWSOW-WHITE-GIRLS-CREATURE-scaled.jpg?fit=389%2C274&ssl=1",389,274,true],"medium_large":["https:\/\/i0.wp.com\/joyana.fr\/wp-content\/uploads\/2024\/02\/SOWSOW-WHITE-GIRLS-CREATURE-scaled.jpg?fit=768%2C542&ssl=1",768,542,true],"large":["https:\/\/i0.wp.com\/joyana.fr\/wp-content\/uploads\/2024\/02\/SOWSOW-WHITE-GIRLS-CREATURE-scaled.jpg?fit=1024%2C722&ssl=1",1024,722,true],"1536x1536":["https:\/\/i0.wp.com\/joyana.fr\/wp-content\/uploads\/2024\/02\/SOWSOW-WHITE-GIRLS-CREATURE-scaled.jpg?fit=1536%2C1083&ssl=1",1536,1083,true],"2048x2048":["https:\/\/i0.wp.com\/joyana.fr\/wp-content\/uploads\/2024\/02\/SOWSOW-WHITE-GIRLS-CREATURE-scaled.jpg?fit=2048%2C1444&ssl=1",2048,1444,true],"featured-thumb":["https:\/\/i0.wp.com\/joyana.fr\/wp-content\/uploads\/2024\/02\/SOWSOW-WHITE-GIRLS-CREATURE-scaled.jpg?resize=1903%2C750&ssl=1",1903,750,true],"ab-block-post-grid-landscape":["https:\/\/i0.wp.com\/joyana.fr\/wp-content\/uploads\/2024\/02\/SOWSOW-WHITE-GIRLS-CREATURE-scaled.jpg?resize=600%2C400&ssl=1",600,400,true],"ab-block-post-grid-square":["https:\/\/i0.wp.com\/joyana.fr\/wp-content\/uploads\/2024\/02\/SOWSOW-WHITE-GIRLS-CREATURE-scaled.jpg?resize=600%2C600&ssl=1",600,600,true],"author-pro-image":["https:\/\/i0.wp.com\/joyana.fr\/wp-content\/uploads\/2024\/02\/SOWSOW-WHITE-GIRLS-CREATURE-scaled.jpg?resize=360%2C570&ssl=1",360,570,true],"slider":["https:\/\/i0.wp.com\/joyana.fr\/wp-content\/uploads\/2024\/02\/SOWSOW-WHITE-GIRLS-CREATURE-scaled.jpg?resize=920%2C400&ssl=1",920,400,true],"woocommerce_thumbnail":["https:\/\/i0.wp.com\/joyana.fr\/wp-content\/uploads\/2024\/02\/SOWSOW-WHITE-GIRLS-CREATURE-scaled.jpg?resize=450%2C450&ssl=1",450,450,true],"woocommerce_single":["https:\/\/i0.wp.com\/joyana.fr\/wp-content\/uploads\/2024\/02\/SOWSOW-WHITE-GIRLS-CREATURE-scaled.jpg?fit=920%2C649&ssl=1",920,649,true],"woocommerce_gallery_thumbnail":["https:\/\/i0.wp.com\/joyana.fr\/wp-content\/uploads\/2024\/02\/SOWSOW-WHITE-GIRLS-CREATURE-scaled.jpg?resize=180%2C180&ssl=1",180,180,true],"sow-carousel-default":["https:\/\/i0.wp.com\/joyana.fr\/wp-content\/uploads\/2024\/02\/SOWSOW-WHITE-GIRLS-CREATURE-scaled.jpg?resize=272%2C182&ssl=1",272,182,true]},"uagb_author_info":{"display_name":"makita","author_link":"https:\/\/joyana.fr\/en\/author\/makita\/"},"uagb_comment_info":0,"uagb_excerpt":"Title: WHITE GIRL'S CREATURE Size: 36x26cm (without frame) Acrylic on hard cardboard Framed with museum glass","featured_img":"https:\/\/joyana.fr\/wp-content\/uploads\/2024\/02\/SOWSOW-WHITE-GIRLS-CREATURE-scaled.jpg","coauthors":[],"author_meta":{"author_link":"https:\/\/joyana.fr\/en\/author\/makita\/","display_name":"makita"},"relative_dates":{"created":"Posted 2 years ago","modified":"Updated 1 year ago"},"absolute_dates":{"created":"Posted on 20 February 2024","modified":"Updated on 15 December 2024"},"absolute_dates_time":{"created":"Posted on 20 February 2024 14:50","modified":"Updated on 15 December 2024 13:26"},"featured_img_caption":"","tax_additional":{"product_type":{"linked":["<a href=\"https:\/\/joyana.fr\/en\/?taxonomy=product_type&#038;term=simple\" class=\"advgb-post-tax-term\">simple<\/a>"],"unlinked":["<span class=\"advgb-post-tax-term\">simple<\/span>"],"slug":"product_type","name":"Product type"},"product_visibility":{"linked":[],"unlinked":[],"slug":"product_visibility","name":"Product visibility"},"product_cat":{"linked":["<a href=\"https:\/\/joyana.fr\/en\/artgallery\/oeuvres\/oeuvres-sur-demande\/\" class=\"advgb-post-tax-term\">Oeuvres sur demande<\/a>","<a href=\"https:\/\/joyana.fr\/en\/artgallery\/oeuvres\/oeuvres-disponibles\/dessin-oeuvres-disponibles\/\" class=\"advgb-post-tax-term\">Dessin<\/a>","<a href=\"https:\/\/joyana.fr\/en\/artgallery\/nos-artistes\/sowsow\/\" class=\"advgb-post-tax-term\">SOWSOW<\/a>","<a href=\"https:\/\/joyana.fr\/en\/artgallery\/oeuvres\/oeuvres-disponibles\/\" class=\"advgb-post-tax-term\">\u0152uvres disponibles<\/a>"],"unlinked":["<span class=\"advgb-post-tax-term\">Oeuvres sur demande<\/span>","<span class=\"advgb-post-tax-term\">Dessin<\/span>","<span class=\"advgb-post-tax-term\">SOWSOW<\/span>","<span class=\"advgb-post-tax-term\">\u0152uvres disponibles<\/span>"],"slug":"product_cat","name":"Product categories"},"product_tag":{"linked":["<a href=\"https:\/\/joyana.fr\/en\/etiquette-produit\/art-japonais\/\" class=\"advgb-post-tax-term\">Art Japonais<\/a>","<a href=\"https:\/\/joyana.fr\/en\/etiquette-produit\/gallery-jo-yana\/\" class=\"advgb-post-tax-term\">Gallery Jo Yana<\/a>","<a href=\"https:\/\/joyana.fr\/en\/etiquette-produit\/sowsow\/\" class=\"advgb-post-tax-term\">SOWSOW<\/a>"],"unlinked":["<span class=\"advgb-post-tax-term\">Art Japonais<\/span>","<span class=\"advgb-post-tax-term\">Gallery Jo Yana<\/span>","<span class=\"advgb-post-tax-term\">SOWSOW<\/span>"],"slug":"product_tag","name":"Product tags"},"product_shipping_class":{"linked":[],"unlinked":[],"slug":"product_shipping_class","name":"Product shipping classes"},"pa_color":{"linked":[],"unlinked":[],"slug":"pa_color","name":"Product Colors"},"pa_frhoraires":{"linked":[],"unlinked":[],"slug":"pa_frhoraires","name":"Product Horaires"}},"series_order":"","jetpack_sharing_enabled":true,"jetpack-related-posts":[],"_links":{"self":[{"href":"https:\/\/joyana.fr\/en\/wp-json\/wp\/v2\/product\/149350","targetHints":{"allow":["GET"]}}],"collection":[{"href":"https:\/\/joyana.fr\/en\/wp-json\/wp\/v2\/product"}],"about":[{"href":"https:\/\/joyana.fr\/en\/wp-json\/wp\/v2\/types\/product"}],"wp:featuredmedia":[{"embeddable":true,"href":"https:\/\/joyana.fr\/en\/wp-json\/wp\/v2\/media\/149351"}],"wp:attachment":[{"href":"https:\/\/joyana.fr\/en\/wp-json\/wp\/v2\/media?parent=149350"}],"wp:term":[{"taxonomy":"product_cat","embeddable":true,"href":"https:\/\/joyana.fr\/en\/wp-json\/wp\/v2\/product_cat?post=149350"},{"taxonomy":"product_tag","embeddable":true,"href":"https:\/\/joyana.fr\/en\/wp-json\/wp\/v2\/product_tag?post=149350"}],"curies":[{"name":"wp","href":"https:\/\/api.w.org\/{rel}","templated":true}]}}