{"id":149623,"date":"2024-02-21T18:28:07","date_gmt":"2024-02-21T16:28:07","guid":{"rendered":"https:\/\/joyana.fr\/?post_type=product&#038;p=149623"},"modified":"2025-02-13T17:29:13","modified_gmt":"2025-02-13T15:29:13","slug":"birth-lizhe-liang","status":"publish","type":"product","link":"https:\/\/joyana.fr\/en\/gallery\/birth-lizhe-liang\/","title":{"rendered":"BIRTH &#8211; LIZHE LIANG"},"content":{"rendered":"<p>About LIZHE LIANG:<\/p>\n<p>LIZHE LIANG is an artist that loves nature, animals and fantasy art. She has spent the last few years honing her illustration talents. Her works are primarily used for commercial and personal illustration. Participating in exhibitions provided her with the opportunity to explore and convey her artistic expression using traditional media. \u201cAll that comes from the heart is important. A word can have different meanings but I want the people who see my art to feel and connect to their heart.\u201d<\/p>\n","protected":false},"excerpt":{"rendered":"<p>Title: BIRTH<br \/>\nSize: 120x60cm<br \/>\nTriptych 40&#215;60 (each)<br \/>\nAcrylic on canvas<\/p>\n","protected":false},"author":614,"featured_media":149625,"template":"","meta":{"_coblocks_attr":"","_coblocks_dimensions":"","_coblocks_responsive_height":"","_coblocks_accordion_ie_support":"","_uag_custom_page_level_css":"","advgb_blocks_editor_width":"","advgb_blocks_columns_visual_guide":"","_genesis_hide_title":false,"_genesis_hide_breadcrumbs":false,"_genesis_hide_singular_image":false,"_genesis_hide_footer_widgets":false,"_genesis_custom_body_class":"","_genesis_custom_post_class":"","_genesis_layout":"full-width-content","_themeisle_gutenberg_block_has_review":false},"product_cat":[5421,5397,5259,5258],"product_tag":[5121],"class_list":{"0":"post-149623","1":"product","2":"type-product","3":"status-publish","4":"has-post-thumbnail","6":"product_cat-oeuvres-sur-demande","7":"product_cat-lizhe-liang","8":"product_cat-toile","9":"product_cat-oeuvres-disponibles","10":"product_tag-gallery-jo-yana","11":"entry","13":"first","14":"instock","15":"shipping-taxable","16":"product-type-simple"},"featured_image_urls":{"full":["https:\/\/i0.wp.com\/joyana.fr\/wp-content\/uploads\/2024\/02\/birth.png?fit=1748%2C850&ssl=1",1748,850,false],"thumbnail":["https:\/\/i0.wp.com\/joyana.fr\/wp-content\/uploads\/2024\/02\/birth.png?resize=150%2C150&ssl=1",150,150,true],"medium":["https:\/\/i0.wp.com\/joyana.fr\/wp-content\/uploads\/2024\/02\/birth.png?fit=389%2C189&ssl=1",389,189,true],"medium_large":["https:\/\/i0.wp.com\/joyana.fr\/wp-content\/uploads\/2024\/02\/birth.png?fit=768%2C373&ssl=1",768,373,true],"large":["https:\/\/i0.wp.com\/joyana.fr\/wp-content\/uploads\/2024\/02\/birth.png?fit=1024%2C498&ssl=1",1024,498,true],"1536x1536":["https:\/\/i0.wp.com\/joyana.fr\/wp-content\/uploads\/2024\/02\/birth.png?fit=1536%2C747&ssl=1",1536,747,true],"2048x2048":["https:\/\/i0.wp.com\/joyana.fr\/wp-content\/uploads\/2024\/02\/birth.png?fit=1748%2C850&ssl=1",1748,850,true],"featured-thumb":["https:\/\/i0.wp.com\/joyana.fr\/wp-content\/uploads\/2024\/02\/birth.png?resize=1748%2C750&ssl=1",1748,750,true],"ab-block-post-grid-landscape":["https:\/\/i0.wp.com\/joyana.fr\/wp-content\/uploads\/2024\/02\/birth.png?resize=600%2C400&ssl=1",600,400,true],"ab-block-post-grid-square":["https:\/\/i0.wp.com\/joyana.fr\/wp-content\/uploads\/2024\/02\/birth.png?resize=600%2C600&ssl=1",600,600,true],"author-pro-image":["https:\/\/i0.wp.com\/joyana.fr\/wp-content\/uploads\/2024\/02\/birth.png?resize=360%2C570&ssl=1",360,570,true],"slider":["https:\/\/i0.wp.com\/joyana.fr\/wp-content\/uploads\/2024\/02\/birth.png?resize=920%2C400&ssl=1",920,400,true],"woocommerce_thumbnail":["https:\/\/i0.wp.com\/joyana.fr\/wp-content\/uploads\/2024\/02\/birth.png?resize=450%2C450&ssl=1",450,450,true],"woocommerce_single":["https:\/\/i0.wp.com\/joyana.fr\/wp-content\/uploads\/2024\/02\/birth.png?fit=920%2C447&ssl=1",920,447,true],"woocommerce_gallery_thumbnail":["https:\/\/i0.wp.com\/joyana.fr\/wp-content\/uploads\/2024\/02\/birth.png?resize=180%2C180&ssl=1",180,180,true],"sow-carousel-default":["https:\/\/i0.wp.com\/joyana.fr\/wp-content\/uploads\/2024\/02\/birth.png?resize=272%2C182&ssl=1",272,182,true]},"post_excerpt_stackable":"<p>Title: BIRTH<br \/>\nSize: 120x60cm<br \/>\nTriptych 40&#215;60 (each)<br \/>\nAcrylic on canvas<\/p>\n","category_list":"","author_info":{"name":"angela","url":"https:\/\/joyana.fr\/en\/author\/angela\/"},"comments_num":"0 comments","featured_image_urls_v2":{"full":["https:\/\/i0.wp.com\/joyana.fr\/wp-content\/uploads\/2024\/02\/birth.png?fit=1748%2C850&ssl=1",1748,850,false],"thumbnail":["https:\/\/i0.wp.com\/joyana.fr\/wp-content\/uploads\/2024\/02\/birth.png?resize=150%2C150&ssl=1",150,150,true],"medium":["https:\/\/i0.wp.com\/joyana.fr\/wp-content\/uploads\/2024\/02\/birth.png?fit=389%2C189&ssl=1",389,189,true],"medium_large":["https:\/\/i0.wp.com\/joyana.fr\/wp-content\/uploads\/2024\/02\/birth.png?fit=768%2C373&ssl=1",768,373,true],"large":["https:\/\/i0.wp.com\/joyana.fr\/wp-content\/uploads\/2024\/02\/birth.png?fit=1024%2C498&ssl=1",1024,498,true],"1536x1536":["https:\/\/i0.wp.com\/joyana.fr\/wp-content\/uploads\/2024\/02\/birth.png?fit=1536%2C747&ssl=1",1536,747,true],"2048x2048":["https:\/\/i0.wp.com\/joyana.fr\/wp-content\/uploads\/2024\/02\/birth.png?fit=1748%2C850&ssl=1",1748,850,true],"featured-thumb":["https:\/\/i0.wp.com\/joyana.fr\/wp-content\/uploads\/2024\/02\/birth.png?resize=1748%2C750&ssl=1",1748,750,true],"ab-block-post-grid-landscape":["https:\/\/i0.wp.com\/joyana.fr\/wp-content\/uploads\/2024\/02\/birth.png?resize=600%2C400&ssl=1",600,400,true],"ab-block-post-grid-square":["https:\/\/i0.wp.com\/joyana.fr\/wp-content\/uploads\/2024\/02\/birth.png?resize=600%2C600&ssl=1",600,600,true],"author-pro-image":["https:\/\/i0.wp.com\/joyana.fr\/wp-content\/uploads\/2024\/02\/birth.png?resize=360%2C570&ssl=1",360,570,true],"slider":["https:\/\/i0.wp.com\/joyana.fr\/wp-content\/uploads\/2024\/02\/birth.png?resize=920%2C400&ssl=1",920,400,true],"woocommerce_thumbnail":["https:\/\/i0.wp.com\/joyana.fr\/wp-content\/uploads\/2024\/02\/birth.png?resize=450%2C450&ssl=1",450,450,true],"woocommerce_single":["https:\/\/i0.wp.com\/joyana.fr\/wp-content\/uploads\/2024\/02\/birth.png?fit=920%2C447&ssl=1",920,447,true],"woocommerce_gallery_thumbnail":["https:\/\/i0.wp.com\/joyana.fr\/wp-content\/uploads\/2024\/02\/birth.png?resize=180%2C180&ssl=1",180,180,true],"sow-carousel-default":["https:\/\/i0.wp.com\/joyana.fr\/wp-content\/uploads\/2024\/02\/birth.png?resize=272%2C182&ssl=1",272,182,true]},"post_excerpt_stackable_v2":"<p>Title: BIRTH<br \/>\nSize: 120x60cm<br \/>\nTriptych 40&#215;60 (each)<br \/>\nAcrylic on canvas<\/p>\n","category_list_v2":"","author_info_v2":{"name":"angela","url":"https:\/\/joyana.fr\/en\/author\/angela\/"},"comments_num_v2":"0 comments","yoast_head":"<!-- This site is optimized with the Yoast SEO plugin v26.8 - https:\/\/yoast.com\/product\/yoast-seo-wordpress\/ -->\n<title>BIRTH - BIRTH -  - LIZHE LIANG[:] - JO YANA<\/title>\n<meta name=\"robots\" content=\"index, follow, max-snippet:-1, max-image-preview:large, max-video-preview:-1\" \/>\n<link rel=\"canonical\" href=\"https:\/\/joyana.fr\/en\/gallery\/birth-lizhe-liang\/\" \/>\n<meta property=\"og:locale\" content=\"en_US\" \/>\n<meta property=\"og:locale:alternate\" content=\"fr_FR\" \/>\n<meta property=\"og:locale:alternate\" content=\"ja\" \/>\n<meta property=\"og:type\" content=\"article\" \/>\n<meta property=\"og:title\" content=\"BIRTH - LIZHE LIANG\" \/>\n<meta property=\"og:description\" content=\"Title: BIRTH Size: 120x60cm Triptych 40x60 (each) Acrylic on canvas\" \/>\n<meta property=\"og:url\" content=\"https:\/\/joyana.fr\/en\/gallery\/birth-lizhe-liang\/\" \/>\n<meta property=\"og:site_name\" content=\"JO YANA\" \/>\n<meta property=\"article:modified_time\" content=\"2025-02-13T15:29:13+00:00\" \/>\n<meta property=\"og:image\" content=\"https:\/\/joyana.fr\/wp-content\/uploads\/2024\/02\/birth-1024x498.png\" \/>\n\t<meta property=\"og:image:width\" content=\"1024\" \/>\n\t<meta property=\"og:image:height\" content=\"498\" \/>\n\t<meta property=\"og:image:type\" content=\"image\/png\" \/>\n<meta name=\"twitter:card\" content=\"summary_large_image\" \/>\n<meta name=\"twitter:site\" content=\"@Jo_Yana\" \/>\n<meta name=\"twitter:label1\" content=\"Est. reading time\" \/>\n\t<meta name=\"twitter:data1\" content=\"1 minute\" \/>\n<script type=\"application\/ld+json\" class=\"yoast-schema-graph\">{\"@context\":\"https:\/\/schema.org\",\"@graph\":[{\"@type\":\"WebPage\",\"@id\":\"https:\/\/joyana.fr\/ja\/gallery\/birth-lizhe-liang\/\",\"url\":\"https:\/\/joyana.fr\/ja\/gallery\/birth-lizhe-liang\/\",\"name\":\"BIRTH - LIZHE LIANG\",\"isPartOf\":{\"@id\":\"https:\/\/joyana.fr\/#website\"},\"primaryImageOfPage\":{\"@id\":\"https:\/\/joyana.fr\/ja\/gallery\/birth-lizhe-liang\/#primaryimage\"},\"image\":{\"@id\":\"https:\/\/joyana.fr\/ja\/gallery\/birth-lizhe-liang\/#primaryimage\"},\"thumbnailUrl\":\"https:\/\/i0.wp.com\/joyana.fr\/wp-content\/uploads\/2024\/02\/birth.png?fit=1748%2C850&ssl=1\",\"datePublished\":\"2024-02-21T16:28:07+00:00\",\"dateModified\":\"2025-02-13T15:29:13+00:00\",\"breadcrumb\":{\"@id\":\"https:\/\/joyana.fr\/ja\/gallery\/birth-lizhe-liang\/#breadcrumb\"},\"inLanguage\":\"en-US\",\"potentialAction\":[{\"@type\":\"ReadAction\",\"target\":[\"https:\/\/joyana.fr\/ja\/gallery\/birth-lizhe-liang\/\"]}]},{\"@type\":\"ImageObject\",\"inLanguage\":\"en-US\",\"@id\":\"https:\/\/joyana.fr\/ja\/gallery\/birth-lizhe-liang\/#primaryimage\",\"url\":\"https:\/\/i0.wp.com\/joyana.fr\/wp-content\/uploads\/2024\/02\/birth.png?fit=1748%2C850&ssl=1\",\"contentUrl\":\"https:\/\/i0.wp.com\/joyana.fr\/wp-content\/uploads\/2024\/02\/birth.png?fit=1748%2C850&ssl=1\",\"width\":1748,\"height\":850},{\"@type\":\"BreadcrumbList\",\"@id\":\"https:\/\/joyana.fr\/ja\/gallery\/birth-lizhe-liang\/#breadcrumb\",\"itemListElement\":[{\"@type\":\"ListItem\",\"position\":1,\"name\":\"Accueil\",\"item\":\"https:\/\/joyana.fr\/\"},{\"@type\":\"ListItem\",\"position\":2,\"name\":\"GALLERY JO YANA\",\"item\":\"https:\/\/joyana.fr\/en\/artgallery\/\"},{\"@type\":\"ListItem\",\"position\":3,\"name\":\"BIRTH &#8211; LIZHE LIANG\"}]},{\"@type\":\"WebSite\",\"@id\":\"https:\/\/joyana.fr\/#website\",\"url\":\"https:\/\/joyana.fr\/\",\"name\":\"JO YANA\",\"description\":\"Blog Mode Homme, Lifestyle, D\u00e9co-Design\",\"publisher\":{\"@id\":\"https:\/\/joyana.fr\/#\/schema\/person\/cf2a1ad12a27c12c21801075bf37407c\"},\"potentialAction\":[{\"@type\":\"SearchAction\",\"target\":{\"@type\":\"EntryPoint\",\"urlTemplate\":\"https:\/\/joyana.fr\/?s={search_term_string}\"},\"query-input\":{\"@type\":\"PropertyValueSpecification\",\"valueRequired\":true,\"valueName\":\"search_term_string\"}}],\"inLanguage\":\"en-US\"},{\"@type\":[\"Person\",\"Organization\"],\"@id\":\"https:\/\/joyana.fr\/#\/schema\/person\/cf2a1ad12a27c12c21801075bf37407c\",\"name\":\"Jo Yana\",\"image\":{\"@type\":\"ImageObject\",\"inLanguage\":\"en-US\",\"@id\":\"https:\/\/joyana.fr\/#\/schema\/person\/image\/\",\"url\":\"https:\/\/i0.wp.com\/joyana.fr\/wp-content\/uploads\/2016\/08\/cropped-joyana-logo-black-360x180.png?fit=343%2C164&ssl=1\",\"contentUrl\":\"https:\/\/i0.wp.com\/joyana.fr\/wp-content\/uploads\/2016\/08\/cropped-joyana-logo-black-360x180.png?fit=343%2C164&ssl=1\",\"width\":343,\"height\":164,\"caption\":\"Jo Yana\"},\"logo\":{\"@id\":\"https:\/\/joyana.fr\/#\/schema\/person\/image\/\"},\"description\":\"Jo Yana est le cr\u00e9ateur et r\u00e9dacteur en chef des sites DECO-DESIGN. Passionn\u00e9 de Design, Mode, Photo, Luxe, Lifestyle, Musique, mais avant tout Blogueur ! Le plaisir de partager l'anime et a comme devise \\\"POUR L'AMOUR DU BEAU\\\". Retrouvez le aussi sur son blog personnel - https:\/\/joyana.fr...\",\"sameAs\":[\"https:\/\/joyana.fr\/\"]}]}<\/script>\n<!-- \/ Yoast SEO plugin. -->","yoast_head_json":{"title":"BIRTH - BIRTH -  - LIZHE LIANG[:] - JO YANA","robots":{"index":"index","follow":"follow","max-snippet":"max-snippet:-1","max-image-preview":"max-image-preview:large","max-video-preview":"max-video-preview:-1"},"canonical":"https:\/\/joyana.fr\/en\/gallery\/birth-lizhe-liang\/","og_locale":"en_US","og_type":"article","og_title":"[:fr]BIRTH - LIZHE LJANG[:en]BIRTH - LIZHE LIANG[:ja]BIRTH - LIZHE LIANG[:] - JO YANA","og_description":"Title: BIRTH Size: 120x60cm Triptych 40x60 (each) Acrylic on canvas","og_url":"https:\/\/joyana.fr\/en\/gallery\/birth-lizhe-liang\/","og_site_name":"JO YANA","article_modified_time":"2025-02-13T15:29:13+00:00","og_image":[{"width":1024,"height":498,"url":"https:\/\/joyana.fr\/wp-content\/uploads\/2024\/02\/birth-1024x498.png","type":"image\/png"}],"twitter_card":"summary_large_image","twitter_site":"@Jo_Yana","twitter_misc":{"Est. reading time":"1 minute"},"schema":{"@context":"https:\/\/schema.org","@graph":[{"@type":"WebPage","@id":"https:\/\/joyana.fr\/ja\/gallery\/birth-lizhe-liang\/","url":"https:\/\/joyana.fr\/ja\/gallery\/birth-lizhe-liang\/","name":"BIRTH - LIZHE LIANG","isPartOf":{"@id":"https:\/\/joyana.fr\/#website"},"primaryImageOfPage":{"@id":"https:\/\/joyana.fr\/ja\/gallery\/birth-lizhe-liang\/#primaryimage"},"image":{"@id":"https:\/\/joyana.fr\/ja\/gallery\/birth-lizhe-liang\/#primaryimage"},"thumbnailUrl":"https:\/\/i0.wp.com\/joyana.fr\/wp-content\/uploads\/2024\/02\/birth.png?fit=1748%2C850&ssl=1","datePublished":"2024-02-21T16:28:07+00:00","dateModified":"2025-02-13T15:29:13+00:00","breadcrumb":{"@id":"https:\/\/joyana.fr\/ja\/gallery\/birth-lizhe-liang\/#breadcrumb"},"inLanguage":"en-US","potentialAction":[{"@type":"ReadAction","target":["https:\/\/joyana.fr\/ja\/gallery\/birth-lizhe-liang\/"]}]},{"@type":"ImageObject","inLanguage":"en-US","@id":"https:\/\/joyana.fr\/ja\/gallery\/birth-lizhe-liang\/#primaryimage","url":"https:\/\/i0.wp.com\/joyana.fr\/wp-content\/uploads\/2024\/02\/birth.png?fit=1748%2C850&ssl=1","contentUrl":"https:\/\/i0.wp.com\/joyana.fr\/wp-content\/uploads\/2024\/02\/birth.png?fit=1748%2C850&ssl=1","width":1748,"height":850},{"@type":"BreadcrumbList","@id":"https:\/\/joyana.fr\/ja\/gallery\/birth-lizhe-liang\/#breadcrumb","itemListElement":[{"@type":"ListItem","position":1,"name":"Accueil","item":"https:\/\/joyana.fr\/"},{"@type":"ListItem","position":2,"name":"GALLERY JO YANA","item":"https:\/\/joyana.fr\/en\/artgallery\/"},{"@type":"ListItem","position":3,"name":"BIRTH &#8211; LIZHE LIANG"}]},{"@type":"WebSite","@id":"https:\/\/joyana.fr\/#website","url":"https:\/\/joyana.fr\/","name":"JO YANA","description":"Blog Mode Homme, Lifestyle, D\u00e9co-Design","publisher":{"@id":"https:\/\/joyana.fr\/#\/schema\/person\/cf2a1ad12a27c12c21801075bf37407c"},"potentialAction":[{"@type":"SearchAction","target":{"@type":"EntryPoint","urlTemplate":"https:\/\/joyana.fr\/?s={search_term_string}"},"query-input":{"@type":"PropertyValueSpecification","valueRequired":true,"valueName":"search_term_string"}}],"inLanguage":"en-US"},{"@type":["Person","Organization"],"@id":"https:\/\/joyana.fr\/#\/schema\/person\/cf2a1ad12a27c12c21801075bf37407c","name":"Jo Yana","image":{"@type":"ImageObject","inLanguage":"en-US","@id":"https:\/\/joyana.fr\/#\/schema\/person\/image\/","url":"https:\/\/i0.wp.com\/joyana.fr\/wp-content\/uploads\/2016\/08\/cropped-joyana-logo-black-360x180.png?fit=343%2C164&ssl=1","contentUrl":"https:\/\/i0.wp.com\/joyana.fr\/wp-content\/uploads\/2016\/08\/cropped-joyana-logo-black-360x180.png?fit=343%2C164&ssl=1","width":343,"height":164,"caption":"Jo Yana"},"logo":{"@id":"https:\/\/joyana.fr\/#\/schema\/person\/image\/"},"description":"Jo Yana est le cr\u00e9ateur et r\u00e9dacteur en chef des sites DECO-DESIGN. Passionn\u00e9 de Design, Mode, Photo, Luxe, Lifestyle, Musique, mais avant tout Blogueur ! Le plaisir de partager l'anime et a comme devise \"POUR L'AMOUR DU BEAU\". Retrouvez le aussi sur son blog personnel - https:\/\/joyana.fr...","sameAs":["https:\/\/joyana.fr\/"]}]}},"uagb_featured_image_src":{"full":["https:\/\/i0.wp.com\/joyana.fr\/wp-content\/uploads\/2024\/02\/birth.png?fit=1748%2C850&ssl=1",1748,850,false],"thumbnail":["https:\/\/i0.wp.com\/joyana.fr\/wp-content\/uploads\/2024\/02\/birth.png?resize=150%2C150&ssl=1",150,150,true],"medium":["https:\/\/i0.wp.com\/joyana.fr\/wp-content\/uploads\/2024\/02\/birth.png?fit=389%2C189&ssl=1",389,189,true],"medium_large":["https:\/\/i0.wp.com\/joyana.fr\/wp-content\/uploads\/2024\/02\/birth.png?fit=768%2C373&ssl=1",768,373,true],"large":["https:\/\/i0.wp.com\/joyana.fr\/wp-content\/uploads\/2024\/02\/birth.png?fit=1024%2C498&ssl=1",1024,498,true],"1536x1536":["https:\/\/i0.wp.com\/joyana.fr\/wp-content\/uploads\/2024\/02\/birth.png?fit=1536%2C747&ssl=1",1536,747,true],"2048x2048":["https:\/\/i0.wp.com\/joyana.fr\/wp-content\/uploads\/2024\/02\/birth.png?fit=1748%2C850&ssl=1",1748,850,true],"featured-thumb":["https:\/\/i0.wp.com\/joyana.fr\/wp-content\/uploads\/2024\/02\/birth.png?resize=1748%2C750&ssl=1",1748,750,true],"ab-block-post-grid-landscape":["https:\/\/i0.wp.com\/joyana.fr\/wp-content\/uploads\/2024\/02\/birth.png?resize=600%2C400&ssl=1",600,400,true],"ab-block-post-grid-square":["https:\/\/i0.wp.com\/joyana.fr\/wp-content\/uploads\/2024\/02\/birth.png?resize=600%2C600&ssl=1",600,600,true],"author-pro-image":["https:\/\/i0.wp.com\/joyana.fr\/wp-content\/uploads\/2024\/02\/birth.png?resize=360%2C570&ssl=1",360,570,true],"slider":["https:\/\/i0.wp.com\/joyana.fr\/wp-content\/uploads\/2024\/02\/birth.png?resize=920%2C400&ssl=1",920,400,true],"woocommerce_thumbnail":["https:\/\/i0.wp.com\/joyana.fr\/wp-content\/uploads\/2024\/02\/birth.png?resize=450%2C450&ssl=1",450,450,true],"woocommerce_single":["https:\/\/i0.wp.com\/joyana.fr\/wp-content\/uploads\/2024\/02\/birth.png?fit=920%2C447&ssl=1",920,447,true],"woocommerce_gallery_thumbnail":["https:\/\/i0.wp.com\/joyana.fr\/wp-content\/uploads\/2024\/02\/birth.png?resize=180%2C180&ssl=1",180,180,true],"sow-carousel-default":["https:\/\/i0.wp.com\/joyana.fr\/wp-content\/uploads\/2024\/02\/birth.png?resize=272%2C182&ssl=1",272,182,true]},"uagb_author_info":{"display_name":"angela","author_link":"https:\/\/joyana.fr\/en\/author\/angela\/"},"uagb_comment_info":0,"uagb_excerpt":"Title: BIRTH Size: 120x60cm Triptych 40x60 (each) Acrylic on canvas","featured_img":"https:\/\/joyana.fr\/wp-content\/uploads\/2024\/02\/birth.png","coauthors":[],"author_meta":{"author_link":"https:\/\/joyana.fr\/en\/author\/angela\/","display_name":"angela"},"relative_dates":{"created":"Posted 2 years ago","modified":"Updated 1 year ago"},"absolute_dates":{"created":"Posted on 21 February 2024","modified":"Updated on 13 February 2025"},"absolute_dates_time":{"created":"Posted on 21 February 2024 18:28","modified":"Updated on 13 February 2025 17:29"},"featured_img_caption":"","tax_additional":{"product_type":{"linked":["<a href=\"https:\/\/joyana.fr\/en\/?taxonomy=product_type&#038;term=simple\" class=\"advgb-post-tax-term\">simple<\/a>"],"unlinked":["<span class=\"advgb-post-tax-term\">simple<\/span>"],"slug":"product_type","name":"Product type"},"product_visibility":{"linked":[],"unlinked":[],"slug":"product_visibility","name":"Product visibility"},"product_cat":{"linked":["<a href=\"https:\/\/joyana.fr\/en\/artgallery\/oeuvres\/oeuvres-sur-demande\/\" class=\"advgb-post-tax-term\">Oeuvres sur demande<\/a>","<a href=\"https:\/\/joyana.fr\/en\/artgallery\/nos-artistes\/lizhe-liang\/\" class=\"advgb-post-tax-term\">LIZHE LIANG<\/a>","<a href=\"https:\/\/joyana.fr\/en\/artgallery\/oeuvres\/oeuvres-disponibles\/toile\/\" class=\"advgb-post-tax-term\">Toile<\/a>","<a href=\"https:\/\/joyana.fr\/en\/artgallery\/oeuvres\/oeuvres-disponibles\/\" class=\"advgb-post-tax-term\">\u0152uvres disponibles<\/a>"],"unlinked":["<span class=\"advgb-post-tax-term\">Oeuvres sur demande<\/span>","<span class=\"advgb-post-tax-term\">LIZHE LIANG<\/span>","<span class=\"advgb-post-tax-term\">Toile<\/span>","<span class=\"advgb-post-tax-term\">\u0152uvres disponibles<\/span>"],"slug":"product_cat","name":"Product categories"},"product_tag":{"linked":["<a href=\"https:\/\/joyana.fr\/en\/etiquette-produit\/gallery-jo-yana\/\" class=\"advgb-post-tax-term\">Gallery Jo Yana<\/a>"],"unlinked":["<span class=\"advgb-post-tax-term\">Gallery Jo Yana<\/span>"],"slug":"product_tag","name":"Product tags"},"product_shipping_class":{"linked":[],"unlinked":[],"slug":"product_shipping_class","name":"Product shipping classes"},"pa_color":{"linked":[],"unlinked":[],"slug":"pa_color","name":"Product Colors"},"pa_frhoraires":{"linked":[],"unlinked":[],"slug":"pa_frhoraires","name":"Product Horaires"}},"series_order":"","jetpack_sharing_enabled":true,"jetpack-related-posts":[],"_links":{"self":[{"href":"https:\/\/joyana.fr\/en\/wp-json\/wp\/v2\/product\/149623","targetHints":{"allow":["GET"]}}],"collection":[{"href":"https:\/\/joyana.fr\/en\/wp-json\/wp\/v2\/product"}],"about":[{"href":"https:\/\/joyana.fr\/en\/wp-json\/wp\/v2\/types\/product"}],"wp:featuredmedia":[{"embeddable":true,"href":"https:\/\/joyana.fr\/en\/wp-json\/wp\/v2\/media\/149625"}],"wp:attachment":[{"href":"https:\/\/joyana.fr\/en\/wp-json\/wp\/v2\/media?parent=149623"}],"wp:term":[{"taxonomy":"product_cat","embeddable":true,"href":"https:\/\/joyana.fr\/en\/wp-json\/wp\/v2\/product_cat?post=149623"},{"taxonomy":"product_tag","embeddable":true,"href":"https:\/\/joyana.fr\/en\/wp-json\/wp\/v2\/product_tag?post=149623"}],"curies":[{"name":"wp","href":"https:\/\/api.w.org\/{rel}","templated":true}]}}