{"id":149846,"date":"2024-04-28T14:51:23","date_gmt":"2024-04-28T12:51:23","guid":{"rendered":"https:\/\/www.joyana.fr\/?post_type=product&#038;p=149846"},"modified":"2024-04-28T15:16:30","modified_gmt":"2024-04-28T13:16:30","slug":"till-we-meet-again-kana-arimura","status":"publish","type":"product","link":"https:\/\/joyana.fr\/en\/gallery\/till-we-meet-again-kana-arimura\/","title":{"rendered":"TILL WE MEET AGAIN &#8211; KANA ARIMURA"},"content":{"rendered":"<p>About KANA ARIMURA &#8211; Since 2018, the artist KANA ARIMURA has dedicated himself to a series of captivating drawings, where a woman adorned with a rabbit mask becomes the symbol of a deep reflection on the &#8220;life and death of a young girl modern&#8221;. Powerfully inspired by the delicate ephemerality of cherry blossoms, this series of works delicately captures the fleeting beauty of existence.<\/p>\n<p>Born in the year 1985, Kana Arimura stands out in the world of modern and contemporary art. His reputation has risen within prestigious galleries and cultural institutions, such as Masataka Contemporary in Chuo-ku, Tokyo, Japan. In 2023, his first work was presented at auction during the Mainichi Auction in Tokyo.<\/p>\n<p>This SAKURA exhibition represents a rare opportunity to immerse yourself in the fascinating world of an eminent artist. KANA ARIMURA&#8217;s works, imbued with an intimate reflection on the transience of human existence, resonate as a profound meditation on life and its mysteries.<br \/>\nCome discover the creations of an artist whose promising talent is already leaving its mark on the history of contemporary art. See you soon. Arigato<\/p>\n","protected":false},"excerpt":{"rendered":"<p>TILL WE MEET AGAIN &#8211; KANA ARIMURA<\/p>\n<p>80X80cm<\/p>\n<p>Acrylic on canvas<\/p>\n","protected":false},"author":3,"featured_media":149808,"template":"","meta":{"_coblocks_attr":"","_coblocks_dimensions":"","_coblocks_responsive_height":"","_coblocks_accordion_ie_support":"","_uag_custom_page_level_css":"","advgb_blocks_editor_width":"","advgb_blocks_columns_visual_guide":"","_genesis_hide_title":false,"_genesis_hide_breadcrumbs":false,"_genesis_hide_singular_image":false,"_genesis_hide_footer_widgets":false,"_genesis_custom_body_class":"","_genesis_custom_post_class":"","_genesis_layout":"full-width-content","_themeisle_gutenberg_block_has_review":false},"product_cat":[5421,5412,5259],"product_tag":[5437,5438],"class_list":{"0":"post-149846","1":"product","2":"type-product","3":"status-publish","4":"has-post-thumbnail","6":"product_cat-oeuvres-sur-demande","7":"product_cat-kana-arimura","8":"product_cat-toile","9":"product_tag-kana-arimura","10":"product_tag-sakura","11":"entry","13":"first","14":"instock","15":"shipping-taxable","16":"product-type-simple"},"featured_image_urls":{"full":["https:\/\/i0.wp.com\/joyana.fr\/wp-content\/uploads\/2024\/04\/till_we_meet_again_80-80cm-scaled.jpg?fit=2037%2C2048&ssl=1",2037,2048,false],"thumbnail":["https:\/\/i0.wp.com\/joyana.fr\/wp-content\/uploads\/2024\/04\/till_we_meet_again_80-80cm-scaled.jpg?resize=150%2C150&ssl=1",150,150,true],"medium":["https:\/\/i0.wp.com\/joyana.fr\/wp-content\/uploads\/2024\/04\/till_we_meet_again_80-80cm-scaled.jpg?fit=387%2C389&ssl=1",387,389,true],"medium_large":["https:\/\/i0.wp.com\/joyana.fr\/wp-content\/uploads\/2024\/04\/till_we_meet_again_80-80cm-scaled.jpg?fit=768%2C772&ssl=1",768,772,true],"large":["https:\/\/i0.wp.com\/joyana.fr\/wp-content\/uploads\/2024\/04\/till_we_meet_again_80-80cm-scaled.jpg?fit=1018%2C1024&ssl=1",1018,1024,true],"1536x1536":["https:\/\/i0.wp.com\/joyana.fr\/wp-content\/uploads\/2024\/04\/till_we_meet_again_80-80cm-scaled.jpg?fit=1527%2C1536&ssl=1",1527,1536,true],"2048x2048":["https:\/\/i0.wp.com\/joyana.fr\/wp-content\/uploads\/2024\/04\/till_we_meet_again_80-80cm-scaled.jpg?fit=2037%2C2048&ssl=1",2037,2048,true],"featured-thumb":["https:\/\/i0.wp.com\/joyana.fr\/wp-content\/uploads\/2024\/04\/till_we_meet_again_80-80cm-scaled.jpg?resize=1903%2C750&ssl=1",1903,750,true],"ab-block-post-grid-landscape":["https:\/\/i0.wp.com\/joyana.fr\/wp-content\/uploads\/2024\/04\/till_we_meet_again_80-80cm-scaled.jpg?resize=600%2C400&ssl=1",600,400,true],"ab-block-post-grid-square":["https:\/\/i0.wp.com\/joyana.fr\/wp-content\/uploads\/2024\/04\/till_we_meet_again_80-80cm-scaled.jpg?resize=600%2C600&ssl=1",600,600,true],"author-pro-image":["https:\/\/i0.wp.com\/joyana.fr\/wp-content\/uploads\/2024\/04\/till_we_meet_again_80-80cm-scaled.jpg?resize=360%2C570&ssl=1",360,570,true],"slider":["https:\/\/i0.wp.com\/joyana.fr\/wp-content\/uploads\/2024\/04\/till_we_meet_again_80-80cm-scaled.jpg?resize=920%2C400&ssl=1",920,400,true],"woocommerce_thumbnail":["https:\/\/i0.wp.com\/joyana.fr\/wp-content\/uploads\/2024\/04\/till_we_meet_again_80-80cm-scaled.jpg?resize=450%2C450&ssl=1",450,450,true],"woocommerce_single":["https:\/\/i0.wp.com\/joyana.fr\/wp-content\/uploads\/2024\/04\/till_we_meet_again_80-80cm-scaled.jpg?fit=920%2C925&ssl=1",920,925,true],"woocommerce_gallery_thumbnail":["https:\/\/i0.wp.com\/joyana.fr\/wp-content\/uploads\/2024\/04\/till_we_meet_again_80-80cm-scaled.jpg?resize=180%2C180&ssl=1",180,180,true],"sow-carousel-default":["https:\/\/i0.wp.com\/joyana.fr\/wp-content\/uploads\/2024\/04\/till_we_meet_again_80-80cm-scaled.jpg?resize=272%2C182&ssl=1",272,182,true]},"post_excerpt_stackable":"<p>TILL WE MEET AGAIN &#8211; KANA ARIMURA<\/p>\n<p>80X80cm<\/p>\n<p>Acrylic on canvas<\/p>\n","category_list":"","author_info":{"name":"Jo Yana","url":"https:\/\/joyana.fr\/en\/author\/joyana\/"},"comments_num":"0 comments","featured_image_urls_v2":{"full":["https:\/\/i0.wp.com\/joyana.fr\/wp-content\/uploads\/2024\/04\/till_we_meet_again_80-80cm-scaled.jpg?fit=2037%2C2048&ssl=1",2037,2048,false],"thumbnail":["https:\/\/i0.wp.com\/joyana.fr\/wp-content\/uploads\/2024\/04\/till_we_meet_again_80-80cm-scaled.jpg?resize=150%2C150&ssl=1",150,150,true],"medium":["https:\/\/i0.wp.com\/joyana.fr\/wp-content\/uploads\/2024\/04\/till_we_meet_again_80-80cm-scaled.jpg?fit=387%2C389&ssl=1",387,389,true],"medium_large":["https:\/\/i0.wp.com\/joyana.fr\/wp-content\/uploads\/2024\/04\/till_we_meet_again_80-80cm-scaled.jpg?fit=768%2C772&ssl=1",768,772,true],"large":["https:\/\/i0.wp.com\/joyana.fr\/wp-content\/uploads\/2024\/04\/till_we_meet_again_80-80cm-scaled.jpg?fit=1018%2C1024&ssl=1",1018,1024,true],"1536x1536":["https:\/\/i0.wp.com\/joyana.fr\/wp-content\/uploads\/2024\/04\/till_we_meet_again_80-80cm-scaled.jpg?fit=1527%2C1536&ssl=1",1527,1536,true],"2048x2048":["https:\/\/i0.wp.com\/joyana.fr\/wp-content\/uploads\/2024\/04\/till_we_meet_again_80-80cm-scaled.jpg?fit=2037%2C2048&ssl=1",2037,2048,true],"featured-thumb":["https:\/\/i0.wp.com\/joyana.fr\/wp-content\/uploads\/2024\/04\/till_we_meet_again_80-80cm-scaled.jpg?resize=1903%2C750&ssl=1",1903,750,true],"ab-block-post-grid-landscape":["https:\/\/i0.wp.com\/joyana.fr\/wp-content\/uploads\/2024\/04\/till_we_meet_again_80-80cm-scaled.jpg?resize=600%2C400&ssl=1",600,400,true],"ab-block-post-grid-square":["https:\/\/i0.wp.com\/joyana.fr\/wp-content\/uploads\/2024\/04\/till_we_meet_again_80-80cm-scaled.jpg?resize=600%2C600&ssl=1",600,600,true],"author-pro-image":["https:\/\/i0.wp.com\/joyana.fr\/wp-content\/uploads\/2024\/04\/till_we_meet_again_80-80cm-scaled.jpg?resize=360%2C570&ssl=1",360,570,true],"slider":["https:\/\/i0.wp.com\/joyana.fr\/wp-content\/uploads\/2024\/04\/till_we_meet_again_80-80cm-scaled.jpg?resize=920%2C400&ssl=1",920,400,true],"woocommerce_thumbnail":["https:\/\/i0.wp.com\/joyana.fr\/wp-content\/uploads\/2024\/04\/till_we_meet_again_80-80cm-scaled.jpg?resize=450%2C450&ssl=1",450,450,true],"woocommerce_single":["https:\/\/i0.wp.com\/joyana.fr\/wp-content\/uploads\/2024\/04\/till_we_meet_again_80-80cm-scaled.jpg?fit=920%2C925&ssl=1",920,925,true],"woocommerce_gallery_thumbnail":["https:\/\/i0.wp.com\/joyana.fr\/wp-content\/uploads\/2024\/04\/till_we_meet_again_80-80cm-scaled.jpg?resize=180%2C180&ssl=1",180,180,true],"sow-carousel-default":["https:\/\/i0.wp.com\/joyana.fr\/wp-content\/uploads\/2024\/04\/till_we_meet_again_80-80cm-scaled.jpg?resize=272%2C182&ssl=1",272,182,true]},"post_excerpt_stackable_v2":"<p>TILL WE MEET AGAIN &#8211; KANA ARIMURA<\/p>\n<p>80X80cm<\/p>\n<p>Acrylic on canvas<\/p>\n","category_list_v2":"","author_info_v2":{"name":"Jo Yana","url":"https:\/\/joyana.fr\/en\/author\/joyana\/"},"comments_num_v2":"0 comments","yoast_head":"<!-- This site is optimized with the Yoast SEO plugin v26.8 - https:\/\/yoast.com\/product\/yoast-seo-wordpress\/ -->\n<title>TILL WE MEET AGAIN - TILL WE MEET AGAIN -  - KANA ARIMURA[:] - Gallery Jo Yana<\/title>\n<meta name=\"robots\" content=\"index, follow, max-snippet:-1, max-image-preview:large, max-video-preview:-1\" \/>\n<link rel=\"canonical\" href=\"https:\/\/joyana.fr\/en\/gallery\/till-we-meet-again-kana-arimura\/\" \/>\n<meta property=\"og:locale\" content=\"en_US\" \/>\n<meta property=\"og:locale:alternate\" content=\"fr_FR\" \/>\n<meta property=\"og:locale:alternate\" content=\"ja\" \/>\n<meta property=\"og:type\" content=\"article\" \/>\n<meta property=\"og:title\" content=\"TILL WE MEET AGAIN - KANA ARIMURA\" \/>\n<meta property=\"og:description\" content=\"TILL WE MEET AGAIN - KANA ARIMURA  80X80cm  Acrylic on canvas\" \/>\n<meta property=\"og:url\" content=\"https:\/\/joyana.fr\/en\/gallery\/till-we-meet-again-kana-arimura\/\" \/>\n<meta property=\"og:site_name\" content=\"JO YANA\" \/>\n<meta property=\"article:modified_time\" content=\"2024-04-28T13:16:30+00:00\" \/>\n<meta property=\"og:image\" content=\"https:\/\/i0.wp.com\/joyana.fr\/wp-content\/uploads\/2024\/04\/till_we_meet_again_80-80cm-scaled.jpg?fit=2037%2C2048&ssl=1\" \/>\n\t<meta property=\"og:image:width\" content=\"2037\" \/>\n\t<meta property=\"og:image:height\" content=\"2048\" \/>\n\t<meta property=\"og:image:type\" content=\"image\/jpeg\" \/>\n<meta name=\"twitter:card\" content=\"summary_large_image\" \/>\n<meta name=\"twitter:site\" content=\"@Jo_Yana\" \/>\n<meta name=\"twitter:label1\" content=\"Est. reading time\" \/>\n\t<meta name=\"twitter:data1\" content=\"1 minute\" \/>\n<script type=\"application\/ld+json\" class=\"yoast-schema-graph\">{\"@context\":\"https:\/\/schema.org\",\"@graph\":[{\"@type\":\"WebPage\",\"@id\":\"https:\/\/joyana.fr\/en\/gallery\/till-we-meet-again-kana-arimura\/\",\"url\":\"https:\/\/joyana.fr\/en\/gallery\/till-we-meet-again-kana-arimura\/\",\"name\":\"TILL WE MEET AGAIN - KANA ARIMURA\",\"isPartOf\":{\"@id\":\"https:\/\/www.joyana.fr\/#website\"},\"primaryImageOfPage\":{\"@id\":\"https:\/\/joyana.fr\/en\/gallery\/till-we-meet-again-kana-arimura\/#primaryimage\"},\"image\":{\"@id\":\"https:\/\/joyana.fr\/en\/gallery\/till-we-meet-again-kana-arimura\/#primaryimage\"},\"thumbnailUrl\":\"https:\/\/i0.wp.com\/joyana.fr\/wp-content\/uploads\/2024\/04\/till_we_meet_again_80-80cm-scaled.jpg?fit=2037%2C2048&ssl=1\",\"datePublished\":\"2024-04-28T12:51:23+00:00\",\"dateModified\":\"2024-04-28T13:16:30+00:00\",\"breadcrumb\":{\"@id\":\"https:\/\/joyana.fr\/en\/gallery\/till-we-meet-again-kana-arimura\/#breadcrumb\"},\"inLanguage\":\"en-US\",\"potentialAction\":[{\"@type\":\"ReadAction\",\"target\":[\"https:\/\/joyana.fr\/en\/gallery\/till-we-meet-again-kana-arimura\/\"]}]},{\"@type\":\"ImageObject\",\"inLanguage\":\"en-US\",\"@id\":\"https:\/\/joyana.fr\/en\/gallery\/till-we-meet-again-kana-arimura\/#primaryimage\",\"url\":\"https:\/\/i0.wp.com\/joyana.fr\/wp-content\/uploads\/2024\/04\/till_we_meet_again_80-80cm-scaled.jpg?fit=2037%2C2048&ssl=1\",\"contentUrl\":\"https:\/\/i0.wp.com\/joyana.fr\/wp-content\/uploads\/2024\/04\/till_we_meet_again_80-80cm-scaled.jpg?fit=2037%2C2048&ssl=1\",\"width\":2037,\"height\":2048},{\"@type\":\"BreadcrumbList\",\"@id\":\"https:\/\/joyana.fr\/en\/gallery\/till-we-meet-again-kana-arimura\/#breadcrumb\",\"itemListElement\":[{\"@type\":\"ListItem\",\"position\":1,\"name\":\"Accueil\",\"item\":\"https:\/\/www.joyana.fr\/\"},{\"@type\":\"ListItem\",\"position\":2,\"name\":\"GALLERY JO YANA\",\"item\":\"https:\/\/www.joyana.fr\/ja\/artgallery\/\"},{\"@type\":\"ListItem\",\"position\":3,\"name\":\"TILL WE MEET AGAIN &#8211; KANA ARIMURA\"}]},{\"@type\":\"WebSite\",\"@id\":\"https:\/\/www.joyana.fr\/#website\",\"url\":\"https:\/\/www.joyana.fr\/\",\"name\":\"JO YANA\",\"description\":\"Blog Mode Homme, Lifestyle, D\u00e9co-Design\",\"publisher\":{\"@id\":\"https:\/\/www.joyana.fr\/#\/schema\/person\/cf2a1ad12a27c12c21801075bf37407c\"},\"potentialAction\":[{\"@type\":\"SearchAction\",\"target\":{\"@type\":\"EntryPoint\",\"urlTemplate\":\"https:\/\/www.joyana.fr\/?s={search_term_string}\"},\"query-input\":{\"@type\":\"PropertyValueSpecification\",\"valueRequired\":true,\"valueName\":\"search_term_string\"}}],\"inLanguage\":\"en-US\"},{\"@type\":[\"Person\",\"Organization\"],\"@id\":\"https:\/\/www.joyana.fr\/#\/schema\/person\/cf2a1ad12a27c12c21801075bf37407c\",\"name\":\"Jo Yana\",\"image\":{\"@type\":\"ImageObject\",\"inLanguage\":\"en-US\",\"@id\":\"https:\/\/www.joyana.fr\/#\/schema\/person\/image\/\",\"url\":\"https:\/\/i0.wp.com\/joyana.fr\/wp-content\/uploads\/2016\/08\/cropped-joyana-logo-black-360x180.png?fit=343%2C164&ssl=1\",\"contentUrl\":\"https:\/\/i0.wp.com\/joyana.fr\/wp-content\/uploads\/2016\/08\/cropped-joyana-logo-black-360x180.png?fit=343%2C164&ssl=1\",\"width\":343,\"height\":164,\"caption\":\"Jo Yana\"},\"logo\":{\"@id\":\"https:\/\/www.joyana.fr\/#\/schema\/person\/image\/\"},\"description\":\"Jo Yana est le cr\u00e9ateur et r\u00e9dacteur en chef des sites DECO-DESIGN. Passionn\u00e9 de Design, Mode, Photo, Luxe, Lifestyle, Musique, mais avant tout Blogueur ! Le plaisir de partager l'anime et a comme devise \\\"POUR L'AMOUR DU BEAU\\\". Retrouvez le aussi sur son blog personnel - https:\/\/joyana.fr...\",\"sameAs\":[\"https:\/\/joyana.fr\/\"]}]}<\/script>\n<!-- \/ Yoast SEO plugin. -->","yoast_head_json":{"title":"TILL WE MEET AGAIN - TILL WE MEET AGAIN -  - KANA ARIMURA[:] - Gallery Jo Yana","robots":{"index":"index","follow":"follow","max-snippet":"max-snippet:-1","max-image-preview":"max-image-preview:large","max-video-preview":"max-video-preview:-1"},"canonical":"https:\/\/joyana.fr\/en\/gallery\/till-we-meet-again-kana-arimura\/","og_locale":"en_US","og_type":"article","og_title":"[:fr]TILL WE MEET AGAIN - KANA ARIMURA[:en]TILL WE MEET AGAIN - KANA ARIMURA[:ja]TILL WE MEET AGAIN - KANA ARIMURA[:] - Gallery Jo Yana","og_description":"TILL WE MEET AGAIN - KANA ARIMURA  80X80cm  Acrylic on canvas","og_url":"https:\/\/joyana.fr\/en\/gallery\/till-we-meet-again-kana-arimura\/","og_site_name":"JO YANA","article_modified_time":"2024-04-28T13:16:30+00:00","og_image":[{"width":2037,"height":2048,"url":"https:\/\/i0.wp.com\/joyana.fr\/wp-content\/uploads\/2024\/04\/till_we_meet_again_80-80cm-scaled.jpg?fit=2037%2C2048&ssl=1","type":"image\/jpeg"}],"twitter_card":"summary_large_image","twitter_site":"@Jo_Yana","twitter_misc":{"Est. reading time":"1 minute"},"schema":{"@context":"https:\/\/schema.org","@graph":[{"@type":"WebPage","@id":"https:\/\/joyana.fr\/en\/gallery\/till-we-meet-again-kana-arimura\/","url":"https:\/\/joyana.fr\/en\/gallery\/till-we-meet-again-kana-arimura\/","name":"TILL WE MEET AGAIN - KANA ARIMURA","isPartOf":{"@id":"https:\/\/www.joyana.fr\/#website"},"primaryImageOfPage":{"@id":"https:\/\/joyana.fr\/en\/gallery\/till-we-meet-again-kana-arimura\/#primaryimage"},"image":{"@id":"https:\/\/joyana.fr\/en\/gallery\/till-we-meet-again-kana-arimura\/#primaryimage"},"thumbnailUrl":"https:\/\/i0.wp.com\/joyana.fr\/wp-content\/uploads\/2024\/04\/till_we_meet_again_80-80cm-scaled.jpg?fit=2037%2C2048&ssl=1","datePublished":"2024-04-28T12:51:23+00:00","dateModified":"2024-04-28T13:16:30+00:00","breadcrumb":{"@id":"https:\/\/joyana.fr\/en\/gallery\/till-we-meet-again-kana-arimura\/#breadcrumb"},"inLanguage":"en-US","potentialAction":[{"@type":"ReadAction","target":["https:\/\/joyana.fr\/en\/gallery\/till-we-meet-again-kana-arimura\/"]}]},{"@type":"ImageObject","inLanguage":"en-US","@id":"https:\/\/joyana.fr\/en\/gallery\/till-we-meet-again-kana-arimura\/#primaryimage","url":"https:\/\/i0.wp.com\/joyana.fr\/wp-content\/uploads\/2024\/04\/till_we_meet_again_80-80cm-scaled.jpg?fit=2037%2C2048&ssl=1","contentUrl":"https:\/\/i0.wp.com\/joyana.fr\/wp-content\/uploads\/2024\/04\/till_we_meet_again_80-80cm-scaled.jpg?fit=2037%2C2048&ssl=1","width":2037,"height":2048},{"@type":"BreadcrumbList","@id":"https:\/\/joyana.fr\/en\/gallery\/till-we-meet-again-kana-arimura\/#breadcrumb","itemListElement":[{"@type":"ListItem","position":1,"name":"Accueil","item":"https:\/\/www.joyana.fr\/"},{"@type":"ListItem","position":2,"name":"GALLERY JO YANA","item":"https:\/\/www.joyana.fr\/ja\/artgallery\/"},{"@type":"ListItem","position":3,"name":"TILL WE MEET AGAIN &#8211; KANA ARIMURA"}]},{"@type":"WebSite","@id":"https:\/\/www.joyana.fr\/#website","url":"https:\/\/www.joyana.fr\/","name":"JO YANA","description":"Blog Mode Homme, Lifestyle, D\u00e9co-Design","publisher":{"@id":"https:\/\/www.joyana.fr\/#\/schema\/person\/cf2a1ad12a27c12c21801075bf37407c"},"potentialAction":[{"@type":"SearchAction","target":{"@type":"EntryPoint","urlTemplate":"https:\/\/www.joyana.fr\/?s={search_term_string}"},"query-input":{"@type":"PropertyValueSpecification","valueRequired":true,"valueName":"search_term_string"}}],"inLanguage":"en-US"},{"@type":["Person","Organization"],"@id":"https:\/\/www.joyana.fr\/#\/schema\/person\/cf2a1ad12a27c12c21801075bf37407c","name":"Jo Yana","image":{"@type":"ImageObject","inLanguage":"en-US","@id":"https:\/\/www.joyana.fr\/#\/schema\/person\/image\/","url":"https:\/\/i0.wp.com\/joyana.fr\/wp-content\/uploads\/2016\/08\/cropped-joyana-logo-black-360x180.png?fit=343%2C164&ssl=1","contentUrl":"https:\/\/i0.wp.com\/joyana.fr\/wp-content\/uploads\/2016\/08\/cropped-joyana-logo-black-360x180.png?fit=343%2C164&ssl=1","width":343,"height":164,"caption":"Jo Yana"},"logo":{"@id":"https:\/\/www.joyana.fr\/#\/schema\/person\/image\/"},"description":"Jo Yana est le cr\u00e9ateur et r\u00e9dacteur en chef des sites DECO-DESIGN. Passionn\u00e9 de Design, Mode, Photo, Luxe, Lifestyle, Musique, mais avant tout Blogueur ! Le plaisir de partager l'anime et a comme devise \"POUR L'AMOUR DU BEAU\". Retrouvez le aussi sur son blog personnel - https:\/\/joyana.fr...","sameAs":["https:\/\/joyana.fr\/"]}]}},"uagb_featured_image_src":{"full":["https:\/\/i0.wp.com\/joyana.fr\/wp-content\/uploads\/2024\/04\/till_we_meet_again_80-80cm-scaled.jpg?fit=2037%2C2048&ssl=1",2037,2048,false],"thumbnail":["https:\/\/i0.wp.com\/joyana.fr\/wp-content\/uploads\/2024\/04\/till_we_meet_again_80-80cm-scaled.jpg?resize=150%2C150&ssl=1",150,150,true],"medium":["https:\/\/i0.wp.com\/joyana.fr\/wp-content\/uploads\/2024\/04\/till_we_meet_again_80-80cm-scaled.jpg?fit=387%2C389&ssl=1",387,389,true],"medium_large":["https:\/\/i0.wp.com\/joyana.fr\/wp-content\/uploads\/2024\/04\/till_we_meet_again_80-80cm-scaled.jpg?fit=768%2C772&ssl=1",768,772,true],"large":["https:\/\/i0.wp.com\/joyana.fr\/wp-content\/uploads\/2024\/04\/till_we_meet_again_80-80cm-scaled.jpg?fit=1018%2C1024&ssl=1",1018,1024,true],"1536x1536":["https:\/\/i0.wp.com\/joyana.fr\/wp-content\/uploads\/2024\/04\/till_we_meet_again_80-80cm-scaled.jpg?fit=1527%2C1536&ssl=1",1527,1536,true],"2048x2048":["https:\/\/i0.wp.com\/joyana.fr\/wp-content\/uploads\/2024\/04\/till_we_meet_again_80-80cm-scaled.jpg?fit=2037%2C2048&ssl=1",2037,2048,true],"featured-thumb":["https:\/\/i0.wp.com\/joyana.fr\/wp-content\/uploads\/2024\/04\/till_we_meet_again_80-80cm-scaled.jpg?resize=1903%2C750&ssl=1",1903,750,true],"ab-block-post-grid-landscape":["https:\/\/i0.wp.com\/joyana.fr\/wp-content\/uploads\/2024\/04\/till_we_meet_again_80-80cm-scaled.jpg?resize=600%2C400&ssl=1",600,400,true],"ab-block-post-grid-square":["https:\/\/i0.wp.com\/joyana.fr\/wp-content\/uploads\/2024\/04\/till_we_meet_again_80-80cm-scaled.jpg?resize=600%2C600&ssl=1",600,600,true],"author-pro-image":["https:\/\/i0.wp.com\/joyana.fr\/wp-content\/uploads\/2024\/04\/till_we_meet_again_80-80cm-scaled.jpg?resize=360%2C570&ssl=1",360,570,true],"slider":["https:\/\/i0.wp.com\/joyana.fr\/wp-content\/uploads\/2024\/04\/till_we_meet_again_80-80cm-scaled.jpg?resize=920%2C400&ssl=1",920,400,true],"woocommerce_thumbnail":["https:\/\/i0.wp.com\/joyana.fr\/wp-content\/uploads\/2024\/04\/till_we_meet_again_80-80cm-scaled.jpg?resize=450%2C450&ssl=1",450,450,true],"woocommerce_single":["https:\/\/i0.wp.com\/joyana.fr\/wp-content\/uploads\/2024\/04\/till_we_meet_again_80-80cm-scaled.jpg?fit=920%2C925&ssl=1",920,925,true],"woocommerce_gallery_thumbnail":["https:\/\/i0.wp.com\/joyana.fr\/wp-content\/uploads\/2024\/04\/till_we_meet_again_80-80cm-scaled.jpg?resize=180%2C180&ssl=1",180,180,true],"sow-carousel-default":["https:\/\/i0.wp.com\/joyana.fr\/wp-content\/uploads\/2024\/04\/till_we_meet_again_80-80cm-scaled.jpg?resize=272%2C182&ssl=1",272,182,true]},"uagb_author_info":{"display_name":"Jo Yana","author_link":"https:\/\/joyana.fr\/en\/author\/joyana\/"},"uagb_comment_info":0,"uagb_excerpt":"TILL WE MEET AGAIN - KANA ARIMURA 80X80cm Acrylic on canvas","featured_img":"https:\/\/joyana.fr\/wp-content\/uploads\/2024\/04\/till_we_meet_again_80-80cm-scaled.jpg","coauthors":[],"author_meta":{"author_link":"https:\/\/joyana.fr\/en\/author\/joyana\/","display_name":"Jo Yana"},"relative_dates":{"created":"Posted 2 years ago","modified":"Updated 2 years ago"},"absolute_dates":{"created":"Posted on 28 April 2024","modified":"Updated on 28 April 2024"},"absolute_dates_time":{"created":"Posted on 28 April 2024 14:51","modified":"Updated on 28 April 2024 15:16"},"featured_img_caption":"","tax_additional":{"product_type":{"linked":["<a href=\"https:\/\/joyana.fr\/en\/?taxonomy=product_type&#038;term=simple\" class=\"advgb-post-tax-term\">simple<\/a>"],"unlinked":["<span class=\"advgb-post-tax-term\">simple<\/span>"],"slug":"product_type","name":"Product type"},"product_visibility":{"linked":[],"unlinked":[],"slug":"product_visibility","name":"Product visibility"},"product_cat":{"linked":["<a href=\"https:\/\/joyana.fr\/en\/artgallery\/oeuvres\/oeuvres-sur-demande\/\" class=\"advgb-post-tax-term\">Oeuvres sur demande<\/a>","<a href=\"https:\/\/joyana.fr\/en\/artgallery\/nos-artistes\/kana-arimura\/\" class=\"advgb-post-tax-term\">KANA ARIMURA<\/a>","<a href=\"https:\/\/joyana.fr\/en\/artgallery\/oeuvres\/oeuvres-disponibles\/toile\/\" class=\"advgb-post-tax-term\">Toile<\/a>"],"unlinked":["<span class=\"advgb-post-tax-term\">Oeuvres sur demande<\/span>","<span class=\"advgb-post-tax-term\">KANA ARIMURA<\/span>","<span class=\"advgb-post-tax-term\">Toile<\/span>"],"slug":"product_cat","name":"Product categories"},"product_tag":{"linked":["<a href=\"https:\/\/joyana.fr\/en\/etiquette-produit\/kana-arimura\/\" class=\"advgb-post-tax-term\">Kana Arimura<\/a>","<a href=\"https:\/\/joyana.fr\/en\/etiquette-produit\/sakura\/\" class=\"advgb-post-tax-term\">Sakura<\/a>"],"unlinked":["<span class=\"advgb-post-tax-term\">Kana Arimura<\/span>","<span class=\"advgb-post-tax-term\">Sakura<\/span>"],"slug":"product_tag","name":"Product tags"},"product_shipping_class":{"linked":[],"unlinked":[],"slug":"product_shipping_class","name":"Product shipping classes"},"pa_color":{"linked":[],"unlinked":[],"slug":"pa_color","name":"Product Colors"},"pa_frhoraires":{"linked":[],"unlinked":[],"slug":"pa_frhoraires","name":"Product Horaires"}},"series_order":"","jetpack_sharing_enabled":true,"jetpack-related-posts":[],"_links":{"self":[{"href":"https:\/\/joyana.fr\/en\/wp-json\/wp\/v2\/product\/149846","targetHints":{"allow":["GET"]}}],"collection":[{"href":"https:\/\/joyana.fr\/en\/wp-json\/wp\/v2\/product"}],"about":[{"href":"https:\/\/joyana.fr\/en\/wp-json\/wp\/v2\/types\/product"}],"wp:featuredmedia":[{"embeddable":true,"href":"https:\/\/joyana.fr\/en\/wp-json\/wp\/v2\/media\/149808"}],"wp:attachment":[{"href":"https:\/\/joyana.fr\/en\/wp-json\/wp\/v2\/media?parent=149846"}],"wp:term":[{"taxonomy":"product_cat","embeddable":true,"href":"https:\/\/joyana.fr\/en\/wp-json\/wp\/v2\/product_cat?post=149846"},{"taxonomy":"product_tag","embeddable":true,"href":"https:\/\/joyana.fr\/en\/wp-json\/wp\/v2\/product_tag?post=149846"}],"curies":[{"name":"wp","href":"https:\/\/api.w.org\/{rel}","templated":true}]}}