{"id":151441,"date":"2025-02-13T23:10:47","date_gmt":"2025-02-13T21:10:47","guid":{"rendered":"https:\/\/joyana.fr\/?post_type=product&#038;p=151441"},"modified":"2025-02-13T23:14:59","modified_gmt":"2025-02-13T21:14:59","slug":"fishing-sowsow","status":"publish","type":"product","link":"https:\/\/joyana.fr\/en\/gallery\/fishing-sowsow\/","title":{"rendered":"FISHING &#8211; SOWSOW"},"content":{"rendered":"<p>SOWSOW is a talented illustrator from Japan, renowned for his work in children&#8217;s books, toys, trading card games like Pok\u00e9mon and One Piece, and video games. His illustrations vividly depict fantasy worlds that are inspired by everyday human life and filled with whimsical animais and creatures. This unique blend of the fantastical and the familiar has made his work especially captivating for both children and adults.<br \/>\nHis contributions to the Pok\u00e9mon Trading Card Game since 2018 have been particularly celebrated, adding a touch of everyday charm and cuteness to the beloved franchise. His ability to evoke a sense of &#8220;closeness&#8221; and relatability in his illustrations helps bring the world of Pok\u00e9mon into the daily lives of fans.<\/p>\n","protected":false},"excerpt":{"rendered":"<p>Title : FISHING<\/p>\n<p>Dimensions : 24X28CM<\/p>\n<p>Techniques : Mixed media on paper<\/p>\n","protected":false},"author":629,"featured_media":0,"template":"","meta":{"_coblocks_attr":"","_coblocks_dimensions":"","_coblocks_responsive_height":"","_coblocks_accordion_ie_support":"","_uag_custom_page_level_css":"","advgb_blocks_editor_width":"","advgb_blocks_columns_visual_guide":"","_genesis_hide_title":false,"_genesis_hide_breadcrumbs":false,"_genesis_hide_singular_image":false,"_genesis_hide_footer_widgets":false,"_genesis_custom_body_class":"","_genesis_custom_post_class":"","_genesis_layout":"full-width-content","_themeisle_gutenberg_block_has_review":false},"product_cat":[5421,5408,5259],"product_tag":[],"class_list":{"0":"post-151441","1":"product","2":"type-product","3":"status-publish","5":"product_cat-oeuvres-sur-demande","6":"product_cat-sowsow","7":"product_cat-toile","8":"entry","10":"first","11":"instock","12":"shipping-taxable","13":"product-type-simple"},"featured_image_urls":{"full":"","thumbnail":"","medium":"","medium_large":"","large":"","1536x1536":"","2048x2048":"","featured-thumb":"","ab-block-post-grid-landscape":"","ab-block-post-grid-square":"","author-pro-image":"","slider":"","woocommerce_thumbnail":"","woocommerce_single":"","woocommerce_gallery_thumbnail":"","sow-carousel-default":""},"post_excerpt_stackable":"<p>Title : FISHING<\/p>\n<p>Dimensions : 24X28CM<\/p>\n<p>Techniques : Mixed media on paper<\/p>\n","category_list":"","author_info":{"name":"Lou","url":"https:\/\/joyana.fr\/en\/author\/lou\/"},"comments_num":"0 comments","featured_image_urls_v2":{"full":"","thumbnail":"","medium":"","medium_large":"","large":"","1536x1536":"","2048x2048":"","featured-thumb":"","ab-block-post-grid-landscape":"","ab-block-post-grid-square":"","author-pro-image":"","slider":"","woocommerce_thumbnail":"","woocommerce_single":"","woocommerce_gallery_thumbnail":"","sow-carousel-default":""},"post_excerpt_stackable_v2":"<p>Title : FISHING<\/p>\n<p>Dimensions : 24X28CM<\/p>\n<p>Techniques : Mixed media on paper<\/p>\n","category_list_v2":"","author_info_v2":{"name":"Lou","url":"https:\/\/joyana.fr\/en\/author\/lou\/"},"comments_num_v2":"0 comments","yoast_head":"<!-- This site is optimized with the Yoast SEO plugin v26.8 - https:\/\/yoast.com\/product\/yoast-seo-wordpress\/ -->\n<title>FISHING - FISHING -  - SOWSOW[:]<\/title>\n<meta name=\"robots\" content=\"index, follow, max-snippet:-1, max-image-preview:large, max-video-preview:-1\" \/>\n<link rel=\"canonical\" href=\"https:\/\/joyana.fr\/en\/gallery\/fishing-sowsow\/\" \/>\n<meta property=\"og:locale\" content=\"en_US\" \/>\n<meta property=\"og:locale:alternate\" content=\"fr_FR\" \/>\n<meta property=\"og:locale:alternate\" content=\"ja\" \/>\n<meta property=\"og:type\" content=\"article\" \/>\n<meta property=\"og:title\" content=\"FISHING - SOWSOW\" \/>\n<meta property=\"og:description\" content=\"Title : FISHING  Dimensions : 24X28CM  Techniques : Mixed media on paper\" \/>\n<meta property=\"og:url\" content=\"https:\/\/joyana.fr\/en\/gallery\/fishing-sowsow\/\" \/>\n<meta property=\"og:site_name\" content=\"JO YANA\" \/>\n<meta property=\"article:modified_time\" content=\"2025-02-13T21:14:59+00:00\" \/>\n<meta name=\"twitter:card\" content=\"summary_large_image\" \/>\n<meta name=\"twitter:site\" content=\"@Jo_Yana\" \/>\n<meta name=\"twitter:label1\" content=\"Est. reading time\" \/>\n\t<meta name=\"twitter:data1\" content=\"1 minute\" \/>\n<script type=\"application\/ld+json\" class=\"yoast-schema-graph\">{\"@context\":\"https:\/\/schema.org\",\"@graph\":[{\"@type\":\"WebPage\",\"@id\":\"https:\/\/joyana.fr\/gallery\/fishing-sowsow\/\",\"url\":\"https:\/\/joyana.fr\/gallery\/fishing-sowsow\/\",\"name\":\"FISHING - SOWSOW\",\"isPartOf\":{\"@id\":\"https:\/\/joyana.fr\/#website\"},\"datePublished\":\"2025-02-13T21:10:47+00:00\",\"dateModified\":\"2025-02-13T21:14:59+00:00\",\"breadcrumb\":{\"@id\":\"https:\/\/joyana.fr\/gallery\/fishing-sowsow\/#breadcrumb\"},\"inLanguage\":\"en-US\",\"potentialAction\":[{\"@type\":\"ReadAction\",\"target\":[\"https:\/\/joyana.fr\/gallery\/fishing-sowsow\/\"]}]},{\"@type\":\"BreadcrumbList\",\"@id\":\"https:\/\/joyana.fr\/gallery\/fishing-sowsow\/#breadcrumb\",\"itemListElement\":[{\"@type\":\"ListItem\",\"position\":1,\"name\":\"Accueil\",\"item\":\"https:\/\/joyana.fr\/\"},{\"@type\":\"ListItem\",\"position\":2,\"name\":\"GALLERY JO YANA\",\"item\":\"https:\/\/joyana.fr\/ja\/artgallery\/\"},{\"@type\":\"ListItem\",\"position\":3,\"name\":\"FISHING &#8211; SOWSOW\"}]},{\"@type\":\"WebSite\",\"@id\":\"https:\/\/joyana.fr\/#website\",\"url\":\"https:\/\/joyana.fr\/\",\"name\":\"JO YANA\",\"description\":\"Blog Mode Homme, Lifestyle, D\u00e9co-Design\",\"publisher\":{\"@id\":\"https:\/\/joyana.fr\/#\/schema\/person\/cf2a1ad12a27c12c21801075bf37407c\"},\"potentialAction\":[{\"@type\":\"SearchAction\",\"target\":{\"@type\":\"EntryPoint\",\"urlTemplate\":\"https:\/\/joyana.fr\/?s={search_term_string}\"},\"query-input\":{\"@type\":\"PropertyValueSpecification\",\"valueRequired\":true,\"valueName\":\"search_term_string\"}}],\"inLanguage\":\"en-US\"},{\"@type\":[\"Person\",\"Organization\"],\"@id\":\"https:\/\/joyana.fr\/#\/schema\/person\/cf2a1ad12a27c12c21801075bf37407c\",\"name\":\"Jo Yana\",\"image\":{\"@type\":\"ImageObject\",\"inLanguage\":\"en-US\",\"@id\":\"https:\/\/joyana.fr\/#\/schema\/person\/image\/\",\"url\":\"https:\/\/i0.wp.com\/joyana.fr\/wp-content\/uploads\/2016\/08\/cropped-joyana-logo-black-360x180.png?fit=343%2C164&ssl=1\",\"contentUrl\":\"https:\/\/i0.wp.com\/joyana.fr\/wp-content\/uploads\/2016\/08\/cropped-joyana-logo-black-360x180.png?fit=343%2C164&ssl=1\",\"width\":343,\"height\":164,\"caption\":\"Jo Yana\"},\"logo\":{\"@id\":\"https:\/\/joyana.fr\/#\/schema\/person\/image\/\"},\"description\":\"Jo Yana est le cr\u00e9ateur et r\u00e9dacteur en chef des sites DECO-DESIGN. Passionn\u00e9 de Design, Mode, Photo, Luxe, Lifestyle, Musique, mais avant tout Blogueur ! Le plaisir de partager l'anime et a comme devise \\\"POUR L'AMOUR DU BEAU\\\". Retrouvez le aussi sur son blog personnel - https:\/\/joyana.fr...\",\"sameAs\":[\"https:\/\/joyana.fr\/\"]}]}<\/script>\n<!-- \/ Yoast SEO plugin. -->","yoast_head_json":{"title":"FISHING - FISHING -  - SOWSOW[:]","robots":{"index":"index","follow":"follow","max-snippet":"max-snippet:-1","max-image-preview":"max-image-preview:large","max-video-preview":"max-video-preview:-1"},"canonical":"https:\/\/joyana.fr\/en\/gallery\/fishing-sowsow\/","og_locale":"en_US","og_type":"article","og_title":"[:fr]FISHING - SOWSOW[:en]FISHING - SOWSOW[:ja]FISHING - SOWSOW[:]","og_description":"Title : FISHING  Dimensions : 24X28CM  Techniques : Mixed media on paper","og_url":"https:\/\/joyana.fr\/en\/gallery\/fishing-sowsow\/","og_site_name":"JO YANA","article_modified_time":"2025-02-13T21:14:59+00:00","twitter_card":"summary_large_image","twitter_site":"@Jo_Yana","twitter_misc":{"Est. reading time":"1 minute"},"schema":{"@context":"https:\/\/schema.org","@graph":[{"@type":"WebPage","@id":"https:\/\/joyana.fr\/gallery\/fishing-sowsow\/","url":"https:\/\/joyana.fr\/gallery\/fishing-sowsow\/","name":"FISHING - SOWSOW","isPartOf":{"@id":"https:\/\/joyana.fr\/#website"},"datePublished":"2025-02-13T21:10:47+00:00","dateModified":"2025-02-13T21:14:59+00:00","breadcrumb":{"@id":"https:\/\/joyana.fr\/gallery\/fishing-sowsow\/#breadcrumb"},"inLanguage":"en-US","potentialAction":[{"@type":"ReadAction","target":["https:\/\/joyana.fr\/gallery\/fishing-sowsow\/"]}]},{"@type":"BreadcrumbList","@id":"https:\/\/joyana.fr\/gallery\/fishing-sowsow\/#breadcrumb","itemListElement":[{"@type":"ListItem","position":1,"name":"Accueil","item":"https:\/\/joyana.fr\/"},{"@type":"ListItem","position":2,"name":"GALLERY JO YANA","item":"https:\/\/joyana.fr\/ja\/artgallery\/"},{"@type":"ListItem","position":3,"name":"FISHING &#8211; SOWSOW"}]},{"@type":"WebSite","@id":"https:\/\/joyana.fr\/#website","url":"https:\/\/joyana.fr\/","name":"JO YANA","description":"Blog Mode Homme, Lifestyle, D\u00e9co-Design","publisher":{"@id":"https:\/\/joyana.fr\/#\/schema\/person\/cf2a1ad12a27c12c21801075bf37407c"},"potentialAction":[{"@type":"SearchAction","target":{"@type":"EntryPoint","urlTemplate":"https:\/\/joyana.fr\/?s={search_term_string}"},"query-input":{"@type":"PropertyValueSpecification","valueRequired":true,"valueName":"search_term_string"}}],"inLanguage":"en-US"},{"@type":["Person","Organization"],"@id":"https:\/\/joyana.fr\/#\/schema\/person\/cf2a1ad12a27c12c21801075bf37407c","name":"Jo Yana","image":{"@type":"ImageObject","inLanguage":"en-US","@id":"https:\/\/joyana.fr\/#\/schema\/person\/image\/","url":"https:\/\/i0.wp.com\/joyana.fr\/wp-content\/uploads\/2016\/08\/cropped-joyana-logo-black-360x180.png?fit=343%2C164&ssl=1","contentUrl":"https:\/\/i0.wp.com\/joyana.fr\/wp-content\/uploads\/2016\/08\/cropped-joyana-logo-black-360x180.png?fit=343%2C164&ssl=1","width":343,"height":164,"caption":"Jo Yana"},"logo":{"@id":"https:\/\/joyana.fr\/#\/schema\/person\/image\/"},"description":"Jo Yana est le cr\u00e9ateur et r\u00e9dacteur en chef des sites DECO-DESIGN. Passionn\u00e9 de Design, Mode, Photo, Luxe, Lifestyle, Musique, mais avant tout Blogueur ! Le plaisir de partager l'anime et a comme devise \"POUR L'AMOUR DU BEAU\". Retrouvez le aussi sur son blog personnel - https:\/\/joyana.fr...","sameAs":["https:\/\/joyana.fr\/"]}]}},"uagb_featured_image_src":{"full":false,"thumbnail":false,"medium":false,"medium_large":false,"large":false,"1536x1536":false,"2048x2048":false,"featured-thumb":false,"ab-block-post-grid-landscape":false,"ab-block-post-grid-square":false,"author-pro-image":false,"slider":false,"woocommerce_thumbnail":false,"woocommerce_single":false,"woocommerce_gallery_thumbnail":false,"sow-carousel-default":false},"uagb_author_info":{"display_name":"Lou","author_link":"https:\/\/joyana.fr\/en\/author\/lou\/"},"uagb_comment_info":0,"uagb_excerpt":"Title : FISHING Dimensions : 24X28CM Techniques : Mixed media on paper","featured_img":false,"coauthors":[],"author_meta":{"author_link":"https:\/\/joyana.fr\/en\/author\/lou\/","display_name":"Lou"},"relative_dates":{"created":"Posted 1 year ago","modified":"Updated 1 year ago"},"absolute_dates":{"created":"Posted on 13 February 2025","modified":"Updated on 13 February 2025"},"absolute_dates_time":{"created":"Posted on 13 February 2025 23:10","modified":"Updated on 13 February 2025 23:14"},"featured_img_caption":"","tax_additional":{"product_type":{"linked":["<a href=\"https:\/\/joyana.fr\/en\/?taxonomy=product_type&#038;term=simple\" class=\"advgb-post-tax-term\">simple<\/a>"],"unlinked":["<span class=\"advgb-post-tax-term\">simple<\/span>"],"slug":"product_type","name":"Product type"},"product_visibility":{"linked":[],"unlinked":[],"slug":"product_visibility","name":"Product visibility"},"product_cat":{"linked":["<a href=\"https:\/\/joyana.fr\/en\/artgallery\/oeuvres\/oeuvres-sur-demande\/\" class=\"advgb-post-tax-term\">Oeuvres sur demande<\/a>","<a href=\"https:\/\/joyana.fr\/en\/artgallery\/nos-artistes\/sowsow\/\" class=\"advgb-post-tax-term\">SOWSOW<\/a>","<a href=\"https:\/\/joyana.fr\/en\/artgallery\/oeuvres\/oeuvres-disponibles\/toile\/\" class=\"advgb-post-tax-term\">Toile<\/a>"],"unlinked":["<span class=\"advgb-post-tax-term\">Oeuvres sur demande<\/span>","<span class=\"advgb-post-tax-term\">SOWSOW<\/span>","<span class=\"advgb-post-tax-term\">Toile<\/span>"],"slug":"product_cat","name":"Product categories"},"product_tag":{"linked":[],"unlinked":[],"slug":"product_tag","name":"Product tags"},"product_shipping_class":{"linked":[],"unlinked":[],"slug":"product_shipping_class","name":"Product shipping classes"},"pa_color":{"linked":[],"unlinked":[],"slug":"pa_color","name":"Product Colors"},"pa_frhoraires":{"linked":[],"unlinked":[],"slug":"pa_frhoraires","name":"Product Horaires"}},"series_order":"","jetpack_sharing_enabled":true,"jetpack-related-posts":[],"_links":{"self":[{"href":"https:\/\/joyana.fr\/en\/wp-json\/wp\/v2\/product\/151441","targetHints":{"allow":["GET"]}}],"collection":[{"href":"https:\/\/joyana.fr\/en\/wp-json\/wp\/v2\/product"}],"about":[{"href":"https:\/\/joyana.fr\/en\/wp-json\/wp\/v2\/types\/product"}],"wp:attachment":[{"href":"https:\/\/joyana.fr\/en\/wp-json\/wp\/v2\/media?parent=151441"}],"wp:term":[{"taxonomy":"product_cat","embeddable":true,"href":"https:\/\/joyana.fr\/en\/wp-json\/wp\/v2\/product_cat?post=151441"},{"taxonomy":"product_tag","embeddable":true,"href":"https:\/\/joyana.fr\/en\/wp-json\/wp\/v2\/product_tag?post=151441"}],"curies":[{"name":"wp","href":"https:\/\/api.w.org\/{rel}","templated":true}]}}