{"id":131913,"date":"2019-09-01T04:00:17","date_gmt":"2019-09-01T02:00:17","guid":{"rendered":"https:\/\/joyana.fr\/?post_type=product&#038;p=131913"},"modified":"2021-01-30T16:40:45","modified_gmt":"2021-01-30T14:40:45","slug":"pixel-150-makers-space","status":"publish","type":"product","link":"https:\/\/joyana.fr\/ja\/gallery\/pixel-150-makers-space\/","title":{"rendered":"PIXEL 150 par MAKERS SPACE | SOLD OUT"},"content":{"rendered":"<p>The Tokyo based artist MAKERS SPACE launches pre-order the PIXEL 150 &#8211; a limited edition of 30 copies for this 2019 design (25 for pre-orders, and 5 presented at the Gallery Jo Yana on November 17).<\/p>\n<p>The PIXEL 150 is available in 5 different tones colors, choose your favorite dominant (Aqua, Klein, Camo, Cosmos Pink, Deep Yellow), and the artist will create a 150 cubes pixel with unique colors for you &#8230;<\/p>\n<p>DIMENSIONS:<br \/>\nPixel W1cm x L19.5cm x H11cm<br \/>\nPlexiglass frame W5.5cm x L20.6cm x H20.6cm<\/p>\n","protected":false},"excerpt":{"rendered":"<p>PIXEL 150 by the artist MAKERS SPACE<\/p>\n<p>The pre-order of the PIXEL 150 (limited to 30ex all colorway include not for each \u2013 25 for website, 5 in gallery for the 2019 design) is now closed. <a href=\"https:\/\/joyana.fr\/contact\/\" target=\"_blank\" rel=\"noopener noreferrer\">Contact us<\/a> if you want more information&#8230;<\/p>\n<p>Signed, numbered and dated. Delivered with its custom-made plexi box and its certificate of authenticity.<br \/>\nMore information at the bottom of the page&#8230;<\/p>\n","protected":false},"author":3,"featured_media":131902,"template":"","meta":{"_coblocks_attr":"","_coblocks_dimensions":"","_coblocks_responsive_height":"","_coblocks_accordion_ie_support":"","_uag_custom_page_level_css":"","advgb_blocks_editor_width":"","advgb_blocks_columns_visual_guide":"","_genesis_hide_title":false,"_genesis_hide_breadcrumbs":false,"_genesis_hide_singular_image":false,"_genesis_hide_footer_widgets":false,"_genesis_custom_body_class":"","_genesis_custom_post_class":"","_genesis_layout":"full-width-content","_themeisle_gutenberg_block_has_review":false},"product_cat":[5266,5263],"product_tag":[5122,5121,5120],"class_list":{"0":"post-131913","1":"product","2":"type-product","3":"status-publish","4":"has-post-thumbnail","6":"product_cat-sculpture-oeuvres-sold-out","7":"product_cat-oeuvres-sold-out","8":"product_tag-art","9":"product_tag-gallery-jo-yana","10":"product_tag-makers__space","11":"product_shipping_class-monde-classic","12":"entry","14":"first","15":"outofstock","16":"sold-individually","17":"shipping-taxable","18":"purchasable","19":"product-type-variable"},"featured_image_urls":{"full":["https:\/\/i0.wp.com\/joyana.fr\/wp-content\/uploads\/2019\/08\/IMG_6007-2.jpg?fit=2048%2C2048&ssl=1",2048,2048,false],"thumbnail":["https:\/\/i0.wp.com\/joyana.fr\/wp-content\/uploads\/2019\/08\/IMG_6007-2.jpg?resize=150%2C150&ssl=1",150,150,true],"medium":["https:\/\/i0.wp.com\/joyana.fr\/wp-content\/uploads\/2019\/08\/IMG_6007-2.jpg?fit=389%2C389&ssl=1",389,389,true],"medium_large":["https:\/\/i0.wp.com\/joyana.fr\/wp-content\/uploads\/2019\/08\/IMG_6007-2.jpg?fit=768%2C768&ssl=1",768,768,true],"large":["https:\/\/i0.wp.com\/joyana.fr\/wp-content\/uploads\/2019\/08\/IMG_6007-2.jpg?fit=1024%2C1024&ssl=1",1024,1024,true],"1536x1536":["https:\/\/i0.wp.com\/joyana.fr\/wp-content\/uploads\/2019\/08\/IMG_6007-2.jpg?fit=1536%2C1536&ssl=1",1536,1536,true],"2048x2048":["https:\/\/i0.wp.com\/joyana.fr\/wp-content\/uploads\/2019\/08\/IMG_6007-2.jpg?fit=2048%2C2048&ssl=1",2048,2048,true],"featured-thumb":["https:\/\/i0.wp.com\/joyana.fr\/wp-content\/uploads\/2019\/08\/IMG_6007-2.jpg?resize=1903%2C750&ssl=1",1903,750,true],"ab-block-post-grid-landscape":["https:\/\/i0.wp.com\/joyana.fr\/wp-content\/uploads\/2019\/08\/IMG_6007-2.jpg?resize=600%2C400&ssl=1",600,400,true],"ab-block-post-grid-square":["https:\/\/i0.wp.com\/joyana.fr\/wp-content\/uploads\/2019\/08\/IMG_6007-2.jpg?resize=600%2C600&ssl=1",600,600,true],"author-pro-image":["https:\/\/i0.wp.com\/joyana.fr\/wp-content\/uploads\/2019\/08\/IMG_6007-2.jpg?resize=360%2C570&ssl=1",360,570,true],"slider":["https:\/\/i0.wp.com\/joyana.fr\/wp-content\/uploads\/2019\/08\/IMG_6007-2.jpg?resize=920%2C400&ssl=1",920,400,true],"woocommerce_thumbnail":["https:\/\/i0.wp.com\/joyana.fr\/wp-content\/uploads\/2019\/08\/IMG_6007-2.jpg?resize=450%2C450&ssl=1",450,450,true],"woocommerce_single":["https:\/\/i0.wp.com\/joyana.fr\/wp-content\/uploads\/2019\/08\/IMG_6007-2.jpg?fit=920%2C920&ssl=1",920,920,true],"woocommerce_gallery_thumbnail":["https:\/\/i0.wp.com\/joyana.fr\/wp-content\/uploads\/2019\/08\/IMG_6007-2.jpg?resize=180%2C180&ssl=1",180,180,true],"sow-carousel-default":["https:\/\/i0.wp.com\/joyana.fr\/wp-content\/uploads\/2019\/08\/IMG_6007-2.jpg?resize=272%2C182&ssl=1",272,182,true]},"post_excerpt_stackable":"<p>PIXEL 150 by the artist MAKERS SPACE<\/p>\n<p>The pre-order of the PIXEL 150 (limited to 30ex all colorway include not for each \u2013 25 for website, 5 in gallery for the 2019 design) is now closed. <a href=\"https:\/\/joyana.fr\/contact\/\" target=\"_blank\" rel=\"noopener noreferrer\">Contact us<\/a> if you want more information&#8230;<\/p>\n<p>Signed, numbered and dated. Delivered with its custom-made plexi box and its certificate of authenticity.<br \/>\nMore information at the bottom of the page&#8230;<\/p>\n","category_list":"","author_info":{"name":"Jo Yana","url":"https:\/\/joyana.fr\/ja\/author\/joyana\/"},"comments_num":"0 comments","featured_image_urls_v2":{"full":["https:\/\/i0.wp.com\/joyana.fr\/wp-content\/uploads\/2019\/08\/IMG_6007-2.jpg?fit=2048%2C2048&ssl=1",2048,2048,false],"thumbnail":["https:\/\/i0.wp.com\/joyana.fr\/wp-content\/uploads\/2019\/08\/IMG_6007-2.jpg?resize=150%2C150&ssl=1",150,150,true],"medium":["https:\/\/i0.wp.com\/joyana.fr\/wp-content\/uploads\/2019\/08\/IMG_6007-2.jpg?fit=389%2C389&ssl=1",389,389,true],"medium_large":["https:\/\/i0.wp.com\/joyana.fr\/wp-content\/uploads\/2019\/08\/IMG_6007-2.jpg?fit=768%2C768&ssl=1",768,768,true],"large":["https:\/\/i0.wp.com\/joyana.fr\/wp-content\/uploads\/2019\/08\/IMG_6007-2.jpg?fit=1024%2C1024&ssl=1",1024,1024,true],"1536x1536":["https:\/\/i0.wp.com\/joyana.fr\/wp-content\/uploads\/2019\/08\/IMG_6007-2.jpg?fit=1536%2C1536&ssl=1",1536,1536,true],"2048x2048":["https:\/\/i0.wp.com\/joyana.fr\/wp-content\/uploads\/2019\/08\/IMG_6007-2.jpg?fit=2048%2C2048&ssl=1",2048,2048,true],"featured-thumb":["https:\/\/i0.wp.com\/joyana.fr\/wp-content\/uploads\/2019\/08\/IMG_6007-2.jpg?resize=1903%2C750&ssl=1",1903,750,true],"ab-block-post-grid-landscape":["https:\/\/i0.wp.com\/joyana.fr\/wp-content\/uploads\/2019\/08\/IMG_6007-2.jpg?resize=600%2C400&ssl=1",600,400,true],"ab-block-post-grid-square":["https:\/\/i0.wp.com\/joyana.fr\/wp-content\/uploads\/2019\/08\/IMG_6007-2.jpg?resize=600%2C600&ssl=1",600,600,true],"author-pro-image":["https:\/\/i0.wp.com\/joyana.fr\/wp-content\/uploads\/2019\/08\/IMG_6007-2.jpg?resize=360%2C570&ssl=1",360,570,true],"slider":["https:\/\/i0.wp.com\/joyana.fr\/wp-content\/uploads\/2019\/08\/IMG_6007-2.jpg?resize=920%2C400&ssl=1",920,400,true],"woocommerce_thumbnail":["https:\/\/i0.wp.com\/joyana.fr\/wp-content\/uploads\/2019\/08\/IMG_6007-2.jpg?resize=450%2C450&ssl=1",450,450,true],"woocommerce_single":["https:\/\/i0.wp.com\/joyana.fr\/wp-content\/uploads\/2019\/08\/IMG_6007-2.jpg?fit=920%2C920&ssl=1",920,920,true],"woocommerce_gallery_thumbnail":["https:\/\/i0.wp.com\/joyana.fr\/wp-content\/uploads\/2019\/08\/IMG_6007-2.jpg?resize=180%2C180&ssl=1",180,180,true],"sow-carousel-default":["https:\/\/i0.wp.com\/joyana.fr\/wp-content\/uploads\/2019\/08\/IMG_6007-2.jpg?resize=272%2C182&ssl=1",272,182,true]},"post_excerpt_stackable_v2":"<p>PIXEL 150 by the artist MAKERS SPACE<\/p>\n<p>The pre-order of the PIXEL 150 (limited to 30ex all colorway include not for each \u2013 25 for website, 5 in gallery for the 2019 design) is now closed. <a href=\"https:\/\/joyana.fr\/contact\/\" target=\"_blank\" rel=\"noopener noreferrer\">Contact us<\/a> if you want more information&#8230;<\/p>\n<p>Signed, numbered and dated. Delivered with its custom-made plexi box and its certificate of authenticity.<br \/>\nMore information at the bottom of the page&#8230;<\/p>\n","category_list_v2":"","author_info_v2":{"name":"Jo Yana","url":"https:\/\/joyana.fr\/ja\/author\/joyana\/"},"comments_num_v2":"0 comments","yoast_head":"<!-- This site is optimized with the Yoast SEO plugin v26.8 - https:\/\/yoast.com\/product\/yoast-seo-wordpress\/ -->\n<title>PIXEL 150 par MAKERS SPACE | SOLD OUT - JO YANA<\/title>\n<meta name=\"robots\" content=\"index, follow, max-snippet:-1, max-image-preview:large, max-video-preview:-1\" \/>\n<link rel=\"canonical\" href=\"https:\/\/joyana.fr\/ja\/gallery\/pixel-150-makers-space\/\" \/>\n<meta property=\"og:locale\" content=\"ja_JP\" \/>\n<meta property=\"og:locale:alternate\" content=\"fr_FR\" \/>\n<meta property=\"og:locale:alternate\" content=\"en_US\" \/>\n<meta property=\"og:type\" content=\"article\" \/>\n<meta property=\"og:title\" content=\"PIXEL 150 par MAKERS SPACE | SOLD OUT\" \/>\n<meta property=\"og:description\" content=\"PIXEL 150 by the artist MAKERS SPACE  The pre-order of the PIXEL 150 (limited to 30ex all colorway include not for each \u2013 25 for website, 5 in gallery for the 2019 design) is now closed. Contact us if you want more information...  Signed, numbered and dated. Delivered with its custom-made plexi box and its certificate of authenticity. More information at the bottom of the page...\" \/>\n<meta property=\"og:url\" content=\"https:\/\/joyana.fr\/ja\/gallery\/pixel-150-makers-space\/\" \/>\n<meta property=\"og:site_name\" content=\"JO YANA\" \/>\n<meta property=\"article:modified_time\" content=\"2021-01-30T14:40:45+00:00\" \/>\n<meta property=\"og:image\" content=\"https:\/\/i0.wp.com\/joyana.fr\/wp-content\/uploads\/2019\/08\/IMG_6007-2.jpg?fit=2048%2C2048&ssl=1\" \/>\n\t<meta property=\"og:image:width\" content=\"2048\" \/>\n\t<meta property=\"og:image:height\" content=\"2048\" \/>\n\t<meta property=\"og:image:type\" content=\"image\/jpeg\" \/>\n<meta name=\"twitter:card\" content=\"summary_large_image\" \/>\n<meta name=\"twitter:site\" content=\"@Jo_Yana\" \/>\n<meta name=\"twitter:label1\" content=\"\u63a8\u5b9a\u8aad\u307f\u53d6\u308a\u6642\u9593\" \/>\n\t<meta name=\"twitter:data1\" content=\"1\u5206\" \/>\n<script type=\"application\/ld+json\" class=\"yoast-schema-graph\">{\"@context\":\"https:\/\/schema.org\",\"@graph\":[{\"@type\":\"WebPage\",\"@id\":\"https:\/\/joyana.fr\/en\/gallery\/pixel-150-makers-space\/\",\"url\":\"https:\/\/joyana.fr\/en\/gallery\/pixel-150-makers-space\/\",\"name\":\"PIXEL 150 par MAKERS SPACE | SOLD OUT\",\"isPartOf\":{\"@id\":\"https:\/\/joyana.fr\/#website\"},\"primaryImageOfPage\":{\"@id\":\"https:\/\/joyana.fr\/en\/gallery\/pixel-150-makers-space\/#primaryimage\"},\"image\":{\"@id\":\"https:\/\/joyana.fr\/en\/gallery\/pixel-150-makers-space\/#primaryimage\"},\"thumbnailUrl\":\"https:\/\/i0.wp.com\/joyana.fr\/wp-content\/uploads\/2019\/08\/IMG_6007-2.jpg?fit=2048%2C2048&ssl=1\",\"datePublished\":\"2019-09-01T02:00:17+00:00\",\"dateModified\":\"2021-01-30T14:40:45+00:00\",\"breadcrumb\":{\"@id\":\"https:\/\/joyana.fr\/en\/gallery\/pixel-150-makers-space\/#breadcrumb\"},\"inLanguage\":\"ja\",\"potentialAction\":[{\"@type\":\"ReadAction\",\"target\":[\"https:\/\/joyana.fr\/en\/gallery\/pixel-150-makers-space\/\"]}]},{\"@type\":\"ImageObject\",\"inLanguage\":\"ja\",\"@id\":\"https:\/\/joyana.fr\/en\/gallery\/pixel-150-makers-space\/#primaryimage\",\"url\":\"https:\/\/i0.wp.com\/joyana.fr\/wp-content\/uploads\/2019\/08\/IMG_6007-2.jpg?fit=2048%2C2048&ssl=1\",\"contentUrl\":\"https:\/\/i0.wp.com\/joyana.fr\/wp-content\/uploads\/2019\/08\/IMG_6007-2.jpg?fit=2048%2C2048&ssl=1\",\"width\":2048,\"height\":2048},{\"@type\":\"BreadcrumbList\",\"@id\":\"https:\/\/joyana.fr\/en\/gallery\/pixel-150-makers-space\/#breadcrumb\",\"itemListElement\":[{\"@type\":\"ListItem\",\"position\":1,\"name\":\"Accueil\",\"item\":\"https:\/\/joyana.fr\/\"},{\"@type\":\"ListItem\",\"position\":2,\"name\":\"GALLERY JO YANA\",\"item\":\"https:\/\/joyana.fr\/en\/artgallery\/\"},{\"@type\":\"ListItem\",\"position\":3,\"name\":\"PIXEL 150 par MAKERS SPACE | SOLD OUT\"}]},{\"@type\":\"WebSite\",\"@id\":\"https:\/\/joyana.fr\/#website\",\"url\":\"https:\/\/joyana.fr\/\",\"name\":\"JO YANA\",\"description\":\"Blog Mode Homme, Lifestyle, D\u00e9co-Design\",\"publisher\":{\"@id\":\"https:\/\/joyana.fr\/#\/schema\/person\/cf2a1ad12a27c12c21801075bf37407c\"},\"potentialAction\":[{\"@type\":\"SearchAction\",\"target\":{\"@type\":\"EntryPoint\",\"urlTemplate\":\"https:\/\/joyana.fr\/?s={search_term_string}\"},\"query-input\":{\"@type\":\"PropertyValueSpecification\",\"valueRequired\":true,\"valueName\":\"search_term_string\"}}],\"inLanguage\":\"ja\"},{\"@type\":[\"Person\",\"Organization\"],\"@id\":\"https:\/\/joyana.fr\/#\/schema\/person\/cf2a1ad12a27c12c21801075bf37407c\",\"name\":\"Jo Yana\",\"image\":{\"@type\":\"ImageObject\",\"inLanguage\":\"ja\",\"@id\":\"https:\/\/joyana.fr\/#\/schema\/person\/image\/\",\"url\":\"https:\/\/i0.wp.com\/joyana.fr\/wp-content\/uploads\/2016\/08\/cropped-joyana-logo-black-360x180.png?fit=343%2C164&ssl=1\",\"contentUrl\":\"https:\/\/i0.wp.com\/joyana.fr\/wp-content\/uploads\/2016\/08\/cropped-joyana-logo-black-360x180.png?fit=343%2C164&ssl=1\",\"width\":343,\"height\":164,\"caption\":\"Jo Yana\"},\"logo\":{\"@id\":\"https:\/\/joyana.fr\/#\/schema\/person\/image\/\"},\"description\":\"Jo Yana est le cr\u00e9ateur et r\u00e9dacteur en chef des sites DECO-DESIGN. Passionn\u00e9 de Design, Mode, Photo, Luxe, Lifestyle, Musique, mais avant tout Blogueur ! Le plaisir de partager l'anime et a comme devise \\\"POUR L'AMOUR DU BEAU\\\". Retrouvez le aussi sur son blog personnel - https:\/\/joyana.fr...\",\"sameAs\":[\"https:\/\/joyana.fr\/\"]}]}<\/script>\n<!-- \/ Yoast SEO plugin. -->","yoast_head_json":{"title":"PIXEL 150 par MAKERS SPACE | SOLD OUT - JO YANA","robots":{"index":"index","follow":"follow","max-snippet":"max-snippet:-1","max-image-preview":"max-image-preview:large","max-video-preview":"max-video-preview:-1"},"canonical":"https:\/\/joyana.fr\/ja\/gallery\/pixel-150-makers-space\/","og_locale":"ja_JP","og_type":"article","og_title":"[:fr]PIXEL 150 par MAKERS SPACE &nbsp; SOLD OUT[:en]PIXEL 150 par MAKERS SPACE | SOLD OUT[:ja]PIXEL 150 par MAKERS SPACE | SOLD OUT[:] - JO YANA","og_description":"PIXEL 150 by the artist MAKERS SPACE  The pre-order of the PIXEL 150 (limited to 30ex all colorway include not for each \u2013 25 for website, 5 in gallery for the 2019 design) is now closed. Contact us if you want more information...  Signed, numbered and dated. Delivered with its custom-made plexi box and its certificate of authenticity. More information at the bottom of the page...","og_url":"https:\/\/joyana.fr\/ja\/gallery\/pixel-150-makers-space\/","og_site_name":"JO YANA","article_modified_time":"2021-01-30T14:40:45+00:00","og_image":[{"width":2048,"height":2048,"url":"https:\/\/i0.wp.com\/joyana.fr\/wp-content\/uploads\/2019\/08\/IMG_6007-2.jpg?fit=2048%2C2048&ssl=1","type":"image\/jpeg"}],"twitter_card":"summary_large_image","twitter_site":"@Jo_Yana","twitter_misc":{"\u63a8\u5b9a\u8aad\u307f\u53d6\u308a\u6642\u9593":"1\u5206"},"schema":{"@context":"https:\/\/schema.org","@graph":[{"@type":"WebPage","@id":"https:\/\/joyana.fr\/en\/gallery\/pixel-150-makers-space\/","url":"https:\/\/joyana.fr\/en\/gallery\/pixel-150-makers-space\/","name":"PIXEL 150 par MAKERS SPACE | SOLD OUT","isPartOf":{"@id":"https:\/\/joyana.fr\/#website"},"primaryImageOfPage":{"@id":"https:\/\/joyana.fr\/en\/gallery\/pixel-150-makers-space\/#primaryimage"},"image":{"@id":"https:\/\/joyana.fr\/en\/gallery\/pixel-150-makers-space\/#primaryimage"},"thumbnailUrl":"https:\/\/i0.wp.com\/joyana.fr\/wp-content\/uploads\/2019\/08\/IMG_6007-2.jpg?fit=2048%2C2048&ssl=1","datePublished":"2019-09-01T02:00:17+00:00","dateModified":"2021-01-30T14:40:45+00:00","breadcrumb":{"@id":"https:\/\/joyana.fr\/en\/gallery\/pixel-150-makers-space\/#breadcrumb"},"inLanguage":"ja","potentialAction":[{"@type":"ReadAction","target":["https:\/\/joyana.fr\/en\/gallery\/pixel-150-makers-space\/"]}]},{"@type":"ImageObject","inLanguage":"ja","@id":"https:\/\/joyana.fr\/en\/gallery\/pixel-150-makers-space\/#primaryimage","url":"https:\/\/i0.wp.com\/joyana.fr\/wp-content\/uploads\/2019\/08\/IMG_6007-2.jpg?fit=2048%2C2048&ssl=1","contentUrl":"https:\/\/i0.wp.com\/joyana.fr\/wp-content\/uploads\/2019\/08\/IMG_6007-2.jpg?fit=2048%2C2048&ssl=1","width":2048,"height":2048},{"@type":"BreadcrumbList","@id":"https:\/\/joyana.fr\/en\/gallery\/pixel-150-makers-space\/#breadcrumb","itemListElement":[{"@type":"ListItem","position":1,"name":"Accueil","item":"https:\/\/joyana.fr\/"},{"@type":"ListItem","position":2,"name":"GALLERY JO YANA","item":"https:\/\/joyana.fr\/en\/artgallery\/"},{"@type":"ListItem","position":3,"name":"PIXEL 150 par MAKERS SPACE | SOLD OUT"}]},{"@type":"WebSite","@id":"https:\/\/joyana.fr\/#website","url":"https:\/\/joyana.fr\/","name":"JO YANA","description":"Blog Mode Homme, Lifestyle, D\u00e9co-Design","publisher":{"@id":"https:\/\/joyana.fr\/#\/schema\/person\/cf2a1ad12a27c12c21801075bf37407c"},"potentialAction":[{"@type":"SearchAction","target":{"@type":"EntryPoint","urlTemplate":"https:\/\/joyana.fr\/?s={search_term_string}"},"query-input":{"@type":"PropertyValueSpecification","valueRequired":true,"valueName":"search_term_string"}}],"inLanguage":"ja"},{"@type":["Person","Organization"],"@id":"https:\/\/joyana.fr\/#\/schema\/person\/cf2a1ad12a27c12c21801075bf37407c","name":"Jo Yana","image":{"@type":"ImageObject","inLanguage":"ja","@id":"https:\/\/joyana.fr\/#\/schema\/person\/image\/","url":"https:\/\/i0.wp.com\/joyana.fr\/wp-content\/uploads\/2016\/08\/cropped-joyana-logo-black-360x180.png?fit=343%2C164&ssl=1","contentUrl":"https:\/\/i0.wp.com\/joyana.fr\/wp-content\/uploads\/2016\/08\/cropped-joyana-logo-black-360x180.png?fit=343%2C164&ssl=1","width":343,"height":164,"caption":"Jo Yana"},"logo":{"@id":"https:\/\/joyana.fr\/#\/schema\/person\/image\/"},"description":"Jo Yana est le cr\u00e9ateur et r\u00e9dacteur en chef des sites DECO-DESIGN. Passionn\u00e9 de Design, Mode, Photo, Luxe, Lifestyle, Musique, mais avant tout Blogueur ! Le plaisir de partager l'anime et a comme devise \"POUR L'AMOUR DU BEAU\". Retrouvez le aussi sur son blog personnel - https:\/\/joyana.fr...","sameAs":["https:\/\/joyana.fr\/"]}]}},"uagb_featured_image_src":{"full":["https:\/\/i0.wp.com\/joyana.fr\/wp-content\/uploads\/2019\/08\/IMG_6007-2.jpg?fit=2048%2C2048&ssl=1",2048,2048,false],"thumbnail":["https:\/\/i0.wp.com\/joyana.fr\/wp-content\/uploads\/2019\/08\/IMG_6007-2.jpg?resize=150%2C150&ssl=1",150,150,true],"medium":["https:\/\/i0.wp.com\/joyana.fr\/wp-content\/uploads\/2019\/08\/IMG_6007-2.jpg?fit=389%2C389&ssl=1",389,389,true],"medium_large":["https:\/\/i0.wp.com\/joyana.fr\/wp-content\/uploads\/2019\/08\/IMG_6007-2.jpg?fit=768%2C768&ssl=1",768,768,true],"large":["https:\/\/i0.wp.com\/joyana.fr\/wp-content\/uploads\/2019\/08\/IMG_6007-2.jpg?fit=1024%2C1024&ssl=1",1024,1024,true],"1536x1536":["https:\/\/i0.wp.com\/joyana.fr\/wp-content\/uploads\/2019\/08\/IMG_6007-2.jpg?fit=1536%2C1536&ssl=1",1536,1536,true],"2048x2048":["https:\/\/i0.wp.com\/joyana.fr\/wp-content\/uploads\/2019\/08\/IMG_6007-2.jpg?fit=2048%2C2048&ssl=1",2048,2048,true],"featured-thumb":["https:\/\/i0.wp.com\/joyana.fr\/wp-content\/uploads\/2019\/08\/IMG_6007-2.jpg?resize=1903%2C750&ssl=1",1903,750,true],"ab-block-post-grid-landscape":["https:\/\/i0.wp.com\/joyana.fr\/wp-content\/uploads\/2019\/08\/IMG_6007-2.jpg?resize=600%2C400&ssl=1",600,400,true],"ab-block-post-grid-square":["https:\/\/i0.wp.com\/joyana.fr\/wp-content\/uploads\/2019\/08\/IMG_6007-2.jpg?resize=600%2C600&ssl=1",600,600,true],"author-pro-image":["https:\/\/i0.wp.com\/joyana.fr\/wp-content\/uploads\/2019\/08\/IMG_6007-2.jpg?resize=360%2C570&ssl=1",360,570,true],"slider":["https:\/\/i0.wp.com\/joyana.fr\/wp-content\/uploads\/2019\/08\/IMG_6007-2.jpg?resize=920%2C400&ssl=1",920,400,true],"woocommerce_thumbnail":["https:\/\/i0.wp.com\/joyana.fr\/wp-content\/uploads\/2019\/08\/IMG_6007-2.jpg?resize=450%2C450&ssl=1",450,450,true],"woocommerce_single":["https:\/\/i0.wp.com\/joyana.fr\/wp-content\/uploads\/2019\/08\/IMG_6007-2.jpg?fit=920%2C920&ssl=1",920,920,true],"woocommerce_gallery_thumbnail":["https:\/\/i0.wp.com\/joyana.fr\/wp-content\/uploads\/2019\/08\/IMG_6007-2.jpg?resize=180%2C180&ssl=1",180,180,true],"sow-carousel-default":["https:\/\/i0.wp.com\/joyana.fr\/wp-content\/uploads\/2019\/08\/IMG_6007-2.jpg?resize=272%2C182&ssl=1",272,182,true]},"uagb_author_info":{"display_name":"Jo Yana","author_link":"https:\/\/joyana.fr\/ja\/author\/joyana\/"},"uagb_comment_info":0,"uagb_excerpt":"PIXEL 150 by the artist MAKERS SPACE The pre-order of t&hellip;","featured_img":"https:\/\/joyana.fr\/wp-content\/uploads\/2019\/08\/IMG_6007-2.jpg","coauthors":[],"author_meta":{"author_link":"https:\/\/joyana.fr\/ja\/author\/joyana\/","display_name":"Jo Yana"},"relative_dates":{"created":"Posted 7\u5e74 ago","modified":"Updated 5\u5e74 ago"},"absolute_dates":{"created":"Posted on 1 9\u6708 2019","modified":"Updated on 30 1\u6708 2021"},"absolute_dates_time":{"created":"Posted on 1 9\u6708 2019 4:00","modified":"Updated on 30 1\u6708 2021 16:40"},"featured_img_caption":"","tax_additional":{"product_type":{"linked":["<a href=\"https:\/\/joyana.fr\/ja\/?taxonomy=product_type&#038;term=variable\" class=\"advgb-post-tax-term\">variable<\/a>"],"unlinked":["<span class=\"advgb-post-tax-term\">variable<\/span>"],"slug":"product_type","name":"\u5546\u54c1\u30bf\u30a4\u30d7"},"product_visibility":{"linked":["<a href=\"https:\/\/joyana.fr\/ja\/?taxonomy=product_visibility&#038;term=outofstock\" class=\"advgb-post-tax-term\">outofstock<\/a>"],"unlinked":["<span class=\"advgb-post-tax-term\">outofstock<\/span>"],"slug":"product_visibility","name":"\u5546\u54c1\u306e\u8868\u793a\u8a2d\u5b9a"},"product_cat":{"linked":["<a href=\"https:\/\/joyana.fr\/ja\/artgallery\/oeuvres\/oeuvres-sold-out\/sculpture-oeuvres-sold-out\/\" class=\"advgb-post-tax-term\">Sculpture<\/a>","<a href=\"https:\/\/joyana.fr\/ja\/artgallery\/oeuvres\/oeuvres-sold-out\/\" class=\"advgb-post-tax-term\">\u0152uvres sold out<\/a>"],"unlinked":["<span class=\"advgb-post-tax-term\">Sculpture<\/span>","<span class=\"advgb-post-tax-term\">\u0152uvres sold out<\/span>"],"slug":"product_cat","name":"\u5546\u54c1\u30ab\u30c6\u30b4\u30ea\u30fc"},"product_tag":{"linked":["<a href=\"https:\/\/joyana.fr\/ja\/etiquette-produit\/art\/\" class=\"advgb-post-tax-term\">Art<\/a>","<a href=\"https:\/\/joyana.fr\/ja\/etiquette-produit\/gallery-jo-yana\/\" class=\"advgb-post-tax-term\">Gallery Jo Yana<\/a>","<a href=\"https:\/\/joyana.fr\/ja\/etiquette-produit\/makers__space\/\" class=\"advgb-post-tax-term\">Makers__Space<\/a>"],"unlinked":["<span class=\"advgb-post-tax-term\">Art<\/span>","<span class=\"advgb-post-tax-term\">Gallery Jo Yana<\/span>","<span class=\"advgb-post-tax-term\">Makers__Space<\/span>"],"slug":"product_tag","name":"\u5546\u54c1\u30bf\u30b0"},"product_shipping_class":{"linked":["<a href=\"https:\/\/joyana.fr\/ja\/?taxonomy=product_shipping_class&#038;term=monde-classic\" class=\"advgb-post-tax-term\">monde<\/a>"],"unlinked":["<span class=\"advgb-post-tax-term\">monde<\/span>"],"slug":"product_shipping_class","name":"\u5546\u54c1\u306e\u914d\u9001\u30af\u30e9\u30b9"},"pa_color":{"linked":["<a href=\"https:\/\/joyana.fr\/ja\/?taxonomy=pa_color&#038;term=aqua\" class=\"advgb-post-tax-term\">Aqua<\/a>","<a href=\"https:\/\/joyana.fr\/ja\/?taxonomy=pa_color&#038;term=klein\" class=\"advgb-post-tax-term\">Klein<\/a>","<a href=\"https:\/\/joyana.fr\/ja\/?taxonomy=pa_color&#038;term=green-camo\" class=\"advgb-post-tax-term\">Green Camo<\/a>","<a href=\"https:\/\/joyana.fr\/ja\/?taxonomy=pa_color&#038;term=cosmo-pink\" class=\"advgb-post-tax-term\">Cosmo Pink<\/a>","<a href=\"https:\/\/joyana.fr\/ja\/?taxonomy=pa_color&#038;term=deep-yellow\" class=\"advgb-post-tax-term\">Deep Yellow<\/a>"],"unlinked":["<span class=\"advgb-post-tax-term\">Aqua<\/span>","<span class=\"advgb-post-tax-term\">Klein<\/span>","<span class=\"advgb-post-tax-term\">Green Camo<\/span>","<span class=\"advgb-post-tax-term\">Cosmo Pink<\/span>","<span class=\"advgb-post-tax-term\">Deep Yellow<\/span>"],"slug":"pa_color","name":"\u5546\u54c1 Couleurs"},"pa_frhoraires":{"linked":[],"unlinked":[],"slug":"pa_frhoraires","name":"\u5546\u54c1 Horaires"}},"series_order":"","jetpack_sharing_enabled":false,"jetpack-related-posts":[],"_links":{"self":[{"href":"https:\/\/joyana.fr\/ja\/wp-json\/wp\/v2\/product\/131913","targetHints":{"allow":["GET"]}}],"collection":[{"href":"https:\/\/joyana.fr\/ja\/wp-json\/wp\/v2\/product"}],"about":[{"href":"https:\/\/joyana.fr\/ja\/wp-json\/wp\/v2\/types\/product"}],"wp:featuredmedia":[{"embeddable":true,"href":"https:\/\/joyana.fr\/ja\/wp-json\/wp\/v2\/media\/131902"}],"wp:attachment":[{"href":"https:\/\/joyana.fr\/ja\/wp-json\/wp\/v2\/media?parent=131913"}],"wp:term":[{"taxonomy":"product_cat","embeddable":true,"href":"https:\/\/joyana.fr\/ja\/wp-json\/wp\/v2\/product_cat?post=131913"},{"taxonomy":"product_tag","embeddable":true,"href":"https:\/\/joyana.fr\/ja\/wp-json\/wp\/v2\/product_tag?post=131913"}],"curies":[{"name":"wp","href":"https:\/\/api.w.org\/{rel}","templated":true}]}}