{"id":144901,"date":"2020-08-01T10:00:17","date_gmt":"2020-08-01T08:00:17","guid":{"rendered":"https:\/\/joyana.fr\/ja\/?post_type=product&#038;p=144901"},"modified":"2021-10-06T05:40:11","modified_gmt":"2021-10-06T03:40:11","slug":"tropical-city-shiho-so","status":"publish","type":"product","link":"https:\/\/joyana.fr\/ja\/gallery\/tropical-city-shiho-so\/","title":{"rendered":"TROPICAL CITY &#8211; SHIHO SO"},"content":{"rendered":"<p>About the artist :<\/p>\n<p>SHIHO SO is an artist based in Tokyo, who made a breakthrough on Instagram. She is mostly inspired by the 80s, thus creating illustrations of girls with themes and colours typical from this amazing decade. Her work is published in different medias, such as magazines, music records and cassette tapes, or in videos.<\/p>\n","protected":false},"excerpt":{"rendered":"<p>ARTIST | SHIHO SO<br \/>\nTITLE | TROPICAL CITY<br \/>\nINFO | 20ex Print 60x40cm Giclee print on Professional Photo Paper (semi-gloss) Signed and numbered by the artist<br \/>\nSHIPPING | Sent from Japan at the end of August<\/p>\n","protected":false},"author":3,"featured_media":144903,"template":"","meta":{"_coblocks_attr":"","_coblocks_dimensions":"","_coblocks_responsive_height":"","_coblocks_accordion_ie_support":"","_uag_custom_page_level_css":"","advgb_blocks_editor_width":"","advgb_blocks_columns_visual_guide":"","_genesis_hide_title":false,"_genesis_hide_breadcrumbs":false,"_genesis_hide_singular_image":false,"_genesis_hide_footer_widgets":false,"_genesis_custom_body_class":"","_genesis_custom_post_class":"","_genesis_layout":"full-width-content","_themeisle_gutenberg_block_has_review":false},"product_cat":[5279,5193,5263],"product_tag":[5194],"class_list":{"0":"post-144901","1":"product","2":"type-product","3":"status-publish","4":"has-post-thumbnail","6":"product_cat-print","7":"product_cat-shiho-so","8":"product_cat-oeuvres-sold-out","9":"product_tag-shiho-so","10":"product_shipping_class-print-shiho-so","11":"entry","13":"first","14":"outofstock","15":"shipping-taxable","16":"purchasable","17":"product-type-simple"},"featured_image_urls":{"full":["https:\/\/i0.wp.com\/joyana.fr\/wp-content\/uploads\/2020\/08\/shiho-so-carre-2020-08-01-%C3%A0-06.48.52.jpg?fit=750%2C750&ssl=1",750,750,false],"thumbnail":["https:\/\/i0.wp.com\/joyana.fr\/wp-content\/uploads\/2020\/08\/shiho-so-carre-2020-08-01-%C3%A0-06.48.52.jpg?resize=150%2C150&ssl=1",150,150,true],"medium":["https:\/\/i0.wp.com\/joyana.fr\/wp-content\/uploads\/2020\/08\/shiho-so-carre-2020-08-01-%C3%A0-06.48.52.jpg?fit=389%2C389&ssl=1",389,389,true],"medium_large":["https:\/\/i0.wp.com\/joyana.fr\/wp-content\/uploads\/2020\/08\/shiho-so-carre-2020-08-01-%C3%A0-06.48.52.jpg?fit=750%2C750&ssl=1",750,750,true],"large":["https:\/\/i0.wp.com\/joyana.fr\/wp-content\/uploads\/2020\/08\/shiho-so-carre-2020-08-01-%C3%A0-06.48.52.jpg?fit=750%2C750&ssl=1",750,750,true],"1536x1536":["https:\/\/i0.wp.com\/joyana.fr\/wp-content\/uploads\/2020\/08\/shiho-so-carre-2020-08-01-%C3%A0-06.48.52.jpg?fit=750%2C750&ssl=1",750,750,true],"2048x2048":["https:\/\/i0.wp.com\/joyana.fr\/wp-content\/uploads\/2020\/08\/shiho-so-carre-2020-08-01-%C3%A0-06.48.52.jpg?fit=750%2C750&ssl=1",750,750,true],"featured-thumb":["https:\/\/i0.wp.com\/joyana.fr\/wp-content\/uploads\/2020\/08\/shiho-so-carre-2020-08-01-%C3%A0-06.48.52.jpg?resize=750%2C750&ssl=1",750,750,true],"ab-block-post-grid-landscape":["https:\/\/i0.wp.com\/joyana.fr\/wp-content\/uploads\/2020\/08\/shiho-so-carre-2020-08-01-%C3%A0-06.48.52.jpg?resize=600%2C400&ssl=1",600,400,true],"ab-block-post-grid-square":["https:\/\/i0.wp.com\/joyana.fr\/wp-content\/uploads\/2020\/08\/shiho-so-carre-2020-08-01-%C3%A0-06.48.52.jpg?resize=600%2C600&ssl=1",600,600,true],"author-pro-image":["https:\/\/i0.wp.com\/joyana.fr\/wp-content\/uploads\/2020\/08\/shiho-so-carre-2020-08-01-%C3%A0-06.48.52.jpg?resize=360%2C570&ssl=1",360,570,true],"slider":["https:\/\/i0.wp.com\/joyana.fr\/wp-content\/uploads\/2020\/08\/shiho-so-carre-2020-08-01-%C3%A0-06.48.52.jpg?resize=750%2C400&ssl=1",750,400,true],"woocommerce_thumbnail":["https:\/\/i0.wp.com\/joyana.fr\/wp-content\/uploads\/2020\/08\/shiho-so-carre-2020-08-01-%C3%A0-06.48.52.jpg?resize=450%2C450&ssl=1",450,450,true],"woocommerce_single":["https:\/\/i0.wp.com\/joyana.fr\/wp-content\/uploads\/2020\/08\/shiho-so-carre-2020-08-01-%C3%A0-06.48.52.jpg?fit=750%2C750&ssl=1",750,750,true],"woocommerce_gallery_thumbnail":["https:\/\/i0.wp.com\/joyana.fr\/wp-content\/uploads\/2020\/08\/shiho-so-carre-2020-08-01-%C3%A0-06.48.52.jpg?resize=180%2C180&ssl=1",180,180,true],"sow-carousel-default":["https:\/\/i0.wp.com\/joyana.fr\/wp-content\/uploads\/2020\/08\/shiho-so-carre-2020-08-01-%C3%A0-06.48.52.jpg?resize=272%2C182&ssl=1",272,182,true]},"post_excerpt_stackable":"<p>ARTIST | SHIHO SO<br \/>\nTITLE | TROPICAL CITY<br \/>\nINFO | 20ex Print 60x40cm Giclee print on Professional Photo Paper (semi-gloss) Signed and numbered by the artist<br \/>\nSHIPPING | Sent from Japan at the end of August<\/p>\n","category_list":"","author_info":{"name":"Jo Yana","url":"https:\/\/joyana.fr\/ja\/author\/joyana\/"},"comments_num":"0 comments","featured_image_urls_v2":{"full":["https:\/\/i0.wp.com\/joyana.fr\/wp-content\/uploads\/2020\/08\/shiho-so-carre-2020-08-01-%C3%A0-06.48.52.jpg?fit=750%2C750&ssl=1",750,750,false],"thumbnail":["https:\/\/i0.wp.com\/joyana.fr\/wp-content\/uploads\/2020\/08\/shiho-so-carre-2020-08-01-%C3%A0-06.48.52.jpg?resize=150%2C150&ssl=1",150,150,true],"medium":["https:\/\/i0.wp.com\/joyana.fr\/wp-content\/uploads\/2020\/08\/shiho-so-carre-2020-08-01-%C3%A0-06.48.52.jpg?fit=389%2C389&ssl=1",389,389,true],"medium_large":["https:\/\/i0.wp.com\/joyana.fr\/wp-content\/uploads\/2020\/08\/shiho-so-carre-2020-08-01-%C3%A0-06.48.52.jpg?fit=750%2C750&ssl=1",750,750,true],"large":["https:\/\/i0.wp.com\/joyana.fr\/wp-content\/uploads\/2020\/08\/shiho-so-carre-2020-08-01-%C3%A0-06.48.52.jpg?fit=750%2C750&ssl=1",750,750,true],"1536x1536":["https:\/\/i0.wp.com\/joyana.fr\/wp-content\/uploads\/2020\/08\/shiho-so-carre-2020-08-01-%C3%A0-06.48.52.jpg?fit=750%2C750&ssl=1",750,750,true],"2048x2048":["https:\/\/i0.wp.com\/joyana.fr\/wp-content\/uploads\/2020\/08\/shiho-so-carre-2020-08-01-%C3%A0-06.48.52.jpg?fit=750%2C750&ssl=1",750,750,true],"featured-thumb":["https:\/\/i0.wp.com\/joyana.fr\/wp-content\/uploads\/2020\/08\/shiho-so-carre-2020-08-01-%C3%A0-06.48.52.jpg?resize=750%2C750&ssl=1",750,750,true],"ab-block-post-grid-landscape":["https:\/\/i0.wp.com\/joyana.fr\/wp-content\/uploads\/2020\/08\/shiho-so-carre-2020-08-01-%C3%A0-06.48.52.jpg?resize=600%2C400&ssl=1",600,400,true],"ab-block-post-grid-square":["https:\/\/i0.wp.com\/joyana.fr\/wp-content\/uploads\/2020\/08\/shiho-so-carre-2020-08-01-%C3%A0-06.48.52.jpg?resize=600%2C600&ssl=1",600,600,true],"author-pro-image":["https:\/\/i0.wp.com\/joyana.fr\/wp-content\/uploads\/2020\/08\/shiho-so-carre-2020-08-01-%C3%A0-06.48.52.jpg?resize=360%2C570&ssl=1",360,570,true],"slider":["https:\/\/i0.wp.com\/joyana.fr\/wp-content\/uploads\/2020\/08\/shiho-so-carre-2020-08-01-%C3%A0-06.48.52.jpg?resize=750%2C400&ssl=1",750,400,true],"woocommerce_thumbnail":["https:\/\/i0.wp.com\/joyana.fr\/wp-content\/uploads\/2020\/08\/shiho-so-carre-2020-08-01-%C3%A0-06.48.52.jpg?resize=450%2C450&ssl=1",450,450,true],"woocommerce_single":["https:\/\/i0.wp.com\/joyana.fr\/wp-content\/uploads\/2020\/08\/shiho-so-carre-2020-08-01-%C3%A0-06.48.52.jpg?fit=750%2C750&ssl=1",750,750,true],"woocommerce_gallery_thumbnail":["https:\/\/i0.wp.com\/joyana.fr\/wp-content\/uploads\/2020\/08\/shiho-so-carre-2020-08-01-%C3%A0-06.48.52.jpg?resize=180%2C180&ssl=1",180,180,true],"sow-carousel-default":["https:\/\/i0.wp.com\/joyana.fr\/wp-content\/uploads\/2020\/08\/shiho-so-carre-2020-08-01-%C3%A0-06.48.52.jpg?resize=272%2C182&ssl=1",272,182,true]},"post_excerpt_stackable_v2":"<p>ARTIST | SHIHO SO<br \/>\nTITLE | TROPICAL CITY<br \/>\nINFO | 20ex Print 60x40cm Giclee print on Professional Photo Paper (semi-gloss) Signed and numbered by the artist<br \/>\nSHIPPING | Sent from Japan at the end of August<\/p>\n","category_list_v2":"","author_info_v2":{"name":"Jo Yana","url":"https:\/\/joyana.fr\/ja\/author\/joyana\/"},"comments_num_v2":"0 comments","yoast_head":"<!-- This site is optimized with the Yoast SEO plugin v26.8 - https:\/\/yoast.com\/product\/yoast-seo-wordpress\/ -->\n<title>TROPICAL CITY -  - TROPICAL CITY - SHIHO SO[:] - JO YANA<\/title>\n<meta name=\"robots\" content=\"index, follow, max-snippet:-1, max-image-preview:large, max-video-preview:-1\" \/>\n<link rel=\"canonical\" href=\"https:\/\/joyana.fr\/ja\/gallery\/tropical-city-shiho-so\/\" \/>\n<meta property=\"og:locale\" content=\"ja_JP\" \/>\n<meta property=\"og:locale:alternate\" content=\"fr_FR\" \/>\n<meta property=\"og:locale:alternate\" content=\"en_US\" \/>\n<meta property=\"og:type\" content=\"article\" \/>\n<meta property=\"og:title\" content=\"TROPICAL CITY - SHIHO SO\" \/>\n<meta property=\"og:description\" content=\"ARTIST | SHIHO SO TITLE | TROPICAL CITY INFO | 20ex Print 60x40cm Giclee print on Professional Photo Paper (semi-gloss) Signed and numbered by the artist SHIPPING | Sent from Japan at the end of August\" \/>\n<meta property=\"og:url\" content=\"https:\/\/joyana.fr\/ja\/gallery\/tropical-city-shiho-so\/\" \/>\n<meta property=\"og:site_name\" content=\"JO YANA\" \/>\n<meta property=\"article:modified_time\" content=\"2021-10-06T03:40:11+00:00\" \/>\n<meta property=\"og:image\" content=\"https:\/\/i0.wp.com\/joyana.fr\/wp-content\/uploads\/2020\/08\/shiho-so-carre-2020-08-01-%C3%A0-06.48.52.jpg?fit=750%2C750&ssl=1\" \/>\n\t<meta property=\"og:image:width\" content=\"750\" \/>\n\t<meta property=\"og:image:height\" content=\"750\" \/>\n\t<meta property=\"og:image:type\" content=\"image\/jpeg\" \/>\n<meta name=\"twitter:card\" content=\"summary_large_image\" \/>\n<meta name=\"twitter:site\" content=\"@Jo_Yana\" \/>\n<meta name=\"twitter:label1\" content=\"\u63a8\u5b9a\u8aad\u307f\u53d6\u308a\u6642\u9593\" \/>\n\t<meta name=\"twitter:data1\" content=\"1\u5206\" \/>\n<script type=\"application\/ld+json\" class=\"yoast-schema-graph\">{\"@context\":\"https:\/\/schema.org\",\"@graph\":[{\"@type\":\"WebPage\",\"@id\":\"https:\/\/joyana.fr\/gallery\/tropical-city-shiho-so\/\",\"url\":\"https:\/\/joyana.fr\/gallery\/tropical-city-shiho-so\/\",\"name\":\"TROPICAL CITY - SHIHO SO\",\"isPartOf\":{\"@id\":\"https:\/\/joyana.fr\/#website\"},\"primaryImageOfPage\":{\"@id\":\"https:\/\/joyana.fr\/gallery\/tropical-city-shiho-so\/#primaryimage\"},\"image\":{\"@id\":\"https:\/\/joyana.fr\/gallery\/tropical-city-shiho-so\/#primaryimage\"},\"thumbnailUrl\":\"https:\/\/i0.wp.com\/joyana.fr\/wp-content\/uploads\/2020\/08\/shiho-so-carre-2020-08-01-%C3%A0-06.48.52.jpg?fit=750%2C750&ssl=1\",\"datePublished\":\"2020-08-01T08:00:17+00:00\",\"dateModified\":\"2021-10-06T03:40:11+00:00\",\"breadcrumb\":{\"@id\":\"https:\/\/joyana.fr\/gallery\/tropical-city-shiho-so\/#breadcrumb\"},\"inLanguage\":\"ja\",\"potentialAction\":[{\"@type\":\"ReadAction\",\"target\":[\"https:\/\/joyana.fr\/gallery\/tropical-city-shiho-so\/\"]}]},{\"@type\":\"ImageObject\",\"inLanguage\":\"ja\",\"@id\":\"https:\/\/joyana.fr\/gallery\/tropical-city-shiho-so\/#primaryimage\",\"url\":\"https:\/\/i0.wp.com\/joyana.fr\/wp-content\/uploads\/2020\/08\/shiho-so-carre-2020-08-01-%C3%A0-06.48.52.jpg?fit=750%2C750&ssl=1\",\"contentUrl\":\"https:\/\/i0.wp.com\/joyana.fr\/wp-content\/uploads\/2020\/08\/shiho-so-carre-2020-08-01-%C3%A0-06.48.52.jpg?fit=750%2C750&ssl=1\",\"width\":750,\"height\":750},{\"@type\":\"BreadcrumbList\",\"@id\":\"https:\/\/joyana.fr\/gallery\/tropical-city-shiho-so\/#breadcrumb\",\"itemListElement\":[{\"@type\":\"ListItem\",\"position\":1,\"name\":\"Accueil\",\"item\":\"https:\/\/joyana.fr\/\"},{\"@type\":\"ListItem\",\"position\":2,\"name\":\"GALLERY JO YANA\",\"item\":\"https:\/\/joyana.fr\/ja\/artgallery\/\"},{\"@type\":\"ListItem\",\"position\":3,\"name\":\"TROPICAL CITY &#8211; SHIHO SO\"}]},{\"@type\":\"WebSite\",\"@id\":\"https:\/\/joyana.fr\/#website\",\"url\":\"https:\/\/joyana.fr\/\",\"name\":\"JO YANA\",\"description\":\"Blog Mode Homme, Lifestyle, D\u00e9co-Design\",\"publisher\":{\"@id\":\"https:\/\/joyana.fr\/#\/schema\/person\/cf2a1ad12a27c12c21801075bf37407c\"},\"potentialAction\":[{\"@type\":\"SearchAction\",\"target\":{\"@type\":\"EntryPoint\",\"urlTemplate\":\"https:\/\/joyana.fr\/?s={search_term_string}\"},\"query-input\":{\"@type\":\"PropertyValueSpecification\",\"valueRequired\":true,\"valueName\":\"search_term_string\"}}],\"inLanguage\":\"ja\"},{\"@type\":[\"Person\",\"Organization\"],\"@id\":\"https:\/\/joyana.fr\/#\/schema\/person\/cf2a1ad12a27c12c21801075bf37407c\",\"name\":\"Jo Yana\",\"image\":{\"@type\":\"ImageObject\",\"inLanguage\":\"ja\",\"@id\":\"https:\/\/joyana.fr\/#\/schema\/person\/image\/\",\"url\":\"https:\/\/i0.wp.com\/joyana.fr\/wp-content\/uploads\/2016\/08\/cropped-joyana-logo-black-360x180.png?fit=343%2C164&ssl=1\",\"contentUrl\":\"https:\/\/i0.wp.com\/joyana.fr\/wp-content\/uploads\/2016\/08\/cropped-joyana-logo-black-360x180.png?fit=343%2C164&ssl=1\",\"width\":343,\"height\":164,\"caption\":\"Jo Yana\"},\"logo\":{\"@id\":\"https:\/\/joyana.fr\/#\/schema\/person\/image\/\"},\"description\":\"Jo Yana est le cr\u00e9ateur et r\u00e9dacteur en chef des sites DECO-DESIGN. Passionn\u00e9 de Design, Mode, Photo, Luxe, Lifestyle, Musique, mais avant tout Blogueur ! Le plaisir de partager l'anime et a comme devise \\\"POUR L'AMOUR DU BEAU\\\". Retrouvez le aussi sur son blog personnel - https:\/\/joyana.fr...\",\"sameAs\":[\"https:\/\/joyana.fr\/\"]}]}<\/script>\n<!-- \/ Yoast SEO plugin. -->","yoast_head_json":{"title":"TROPICAL CITY -  - TROPICAL CITY - SHIHO SO[:] - JO YANA","robots":{"index":"index","follow":"follow","max-snippet":"max-snippet:-1","max-image-preview":"max-image-preview:large","max-video-preview":"max-video-preview:-1"},"canonical":"https:\/\/joyana.fr\/ja\/gallery\/tropical-city-shiho-so\/","og_locale":"ja_JP","og_type":"article","og_title":"[:fr]TROPICAL CITY - SHIHO SO[:en]TROPICAL CITY - SHIHO SO[:ja]TROPICAL CITY - SHIHO SO[:] - JO YANA","og_description":"ARTIST | SHIHO SO TITLE | TROPICAL CITY INFO | 20ex Print 60x40cm Giclee print on Professional Photo Paper (semi-gloss) Signed and numbered by the artist SHIPPING | Sent from Japan at the end of August","og_url":"https:\/\/joyana.fr\/ja\/gallery\/tropical-city-shiho-so\/","og_site_name":"JO YANA","article_modified_time":"2021-10-06T03:40:11+00:00","og_image":[{"width":750,"height":750,"url":"https:\/\/i0.wp.com\/joyana.fr\/wp-content\/uploads\/2020\/08\/shiho-so-carre-2020-08-01-%C3%A0-06.48.52.jpg?fit=750%2C750&ssl=1","type":"image\/jpeg"}],"twitter_card":"summary_large_image","twitter_site":"@Jo_Yana","twitter_misc":{"\u63a8\u5b9a\u8aad\u307f\u53d6\u308a\u6642\u9593":"1\u5206"},"schema":{"@context":"https:\/\/schema.org","@graph":[{"@type":"WebPage","@id":"https:\/\/joyana.fr\/gallery\/tropical-city-shiho-so\/","url":"https:\/\/joyana.fr\/gallery\/tropical-city-shiho-so\/","name":"TROPICAL CITY - SHIHO SO","isPartOf":{"@id":"https:\/\/joyana.fr\/#website"},"primaryImageOfPage":{"@id":"https:\/\/joyana.fr\/gallery\/tropical-city-shiho-so\/#primaryimage"},"image":{"@id":"https:\/\/joyana.fr\/gallery\/tropical-city-shiho-so\/#primaryimage"},"thumbnailUrl":"https:\/\/i0.wp.com\/joyana.fr\/wp-content\/uploads\/2020\/08\/shiho-so-carre-2020-08-01-%C3%A0-06.48.52.jpg?fit=750%2C750&ssl=1","datePublished":"2020-08-01T08:00:17+00:00","dateModified":"2021-10-06T03:40:11+00:00","breadcrumb":{"@id":"https:\/\/joyana.fr\/gallery\/tropical-city-shiho-so\/#breadcrumb"},"inLanguage":"ja","potentialAction":[{"@type":"ReadAction","target":["https:\/\/joyana.fr\/gallery\/tropical-city-shiho-so\/"]}]},{"@type":"ImageObject","inLanguage":"ja","@id":"https:\/\/joyana.fr\/gallery\/tropical-city-shiho-so\/#primaryimage","url":"https:\/\/i0.wp.com\/joyana.fr\/wp-content\/uploads\/2020\/08\/shiho-so-carre-2020-08-01-%C3%A0-06.48.52.jpg?fit=750%2C750&ssl=1","contentUrl":"https:\/\/i0.wp.com\/joyana.fr\/wp-content\/uploads\/2020\/08\/shiho-so-carre-2020-08-01-%C3%A0-06.48.52.jpg?fit=750%2C750&ssl=1","width":750,"height":750},{"@type":"BreadcrumbList","@id":"https:\/\/joyana.fr\/gallery\/tropical-city-shiho-so\/#breadcrumb","itemListElement":[{"@type":"ListItem","position":1,"name":"Accueil","item":"https:\/\/joyana.fr\/"},{"@type":"ListItem","position":2,"name":"GALLERY JO YANA","item":"https:\/\/joyana.fr\/ja\/artgallery\/"},{"@type":"ListItem","position":3,"name":"TROPICAL CITY &#8211; SHIHO SO"}]},{"@type":"WebSite","@id":"https:\/\/joyana.fr\/#website","url":"https:\/\/joyana.fr\/","name":"JO YANA","description":"Blog Mode Homme, Lifestyle, D\u00e9co-Design","publisher":{"@id":"https:\/\/joyana.fr\/#\/schema\/person\/cf2a1ad12a27c12c21801075bf37407c"},"potentialAction":[{"@type":"SearchAction","target":{"@type":"EntryPoint","urlTemplate":"https:\/\/joyana.fr\/?s={search_term_string}"},"query-input":{"@type":"PropertyValueSpecification","valueRequired":true,"valueName":"search_term_string"}}],"inLanguage":"ja"},{"@type":["Person","Organization"],"@id":"https:\/\/joyana.fr\/#\/schema\/person\/cf2a1ad12a27c12c21801075bf37407c","name":"Jo Yana","image":{"@type":"ImageObject","inLanguage":"ja","@id":"https:\/\/joyana.fr\/#\/schema\/person\/image\/","url":"https:\/\/i0.wp.com\/joyana.fr\/wp-content\/uploads\/2016\/08\/cropped-joyana-logo-black-360x180.png?fit=343%2C164&ssl=1","contentUrl":"https:\/\/i0.wp.com\/joyana.fr\/wp-content\/uploads\/2016\/08\/cropped-joyana-logo-black-360x180.png?fit=343%2C164&ssl=1","width":343,"height":164,"caption":"Jo Yana"},"logo":{"@id":"https:\/\/joyana.fr\/#\/schema\/person\/image\/"},"description":"Jo Yana est le cr\u00e9ateur et r\u00e9dacteur en chef des sites DECO-DESIGN. Passionn\u00e9 de Design, Mode, Photo, Luxe, Lifestyle, Musique, mais avant tout Blogueur ! Le plaisir de partager l'anime et a comme devise \"POUR L'AMOUR DU BEAU\". Retrouvez le aussi sur son blog personnel - https:\/\/joyana.fr...","sameAs":["https:\/\/joyana.fr\/"]}]}},"uagb_featured_image_src":{"full":["https:\/\/i0.wp.com\/joyana.fr\/wp-content\/uploads\/2020\/08\/shiho-so-carre-2020-08-01-%C3%A0-06.48.52.jpg?fit=750%2C750&ssl=1",750,750,false],"thumbnail":["https:\/\/i0.wp.com\/joyana.fr\/wp-content\/uploads\/2020\/08\/shiho-so-carre-2020-08-01-%C3%A0-06.48.52.jpg?resize=150%2C150&ssl=1",150,150,true],"medium":["https:\/\/i0.wp.com\/joyana.fr\/wp-content\/uploads\/2020\/08\/shiho-so-carre-2020-08-01-%C3%A0-06.48.52.jpg?fit=389%2C389&ssl=1",389,389,true],"medium_large":["https:\/\/i0.wp.com\/joyana.fr\/wp-content\/uploads\/2020\/08\/shiho-so-carre-2020-08-01-%C3%A0-06.48.52.jpg?fit=750%2C750&ssl=1",750,750,true],"large":["https:\/\/i0.wp.com\/joyana.fr\/wp-content\/uploads\/2020\/08\/shiho-so-carre-2020-08-01-%C3%A0-06.48.52.jpg?fit=750%2C750&ssl=1",750,750,true],"1536x1536":["https:\/\/i0.wp.com\/joyana.fr\/wp-content\/uploads\/2020\/08\/shiho-so-carre-2020-08-01-%C3%A0-06.48.52.jpg?fit=750%2C750&ssl=1",750,750,true],"2048x2048":["https:\/\/i0.wp.com\/joyana.fr\/wp-content\/uploads\/2020\/08\/shiho-so-carre-2020-08-01-%C3%A0-06.48.52.jpg?fit=750%2C750&ssl=1",750,750,true],"featured-thumb":["https:\/\/i0.wp.com\/joyana.fr\/wp-content\/uploads\/2020\/08\/shiho-so-carre-2020-08-01-%C3%A0-06.48.52.jpg?resize=750%2C750&ssl=1",750,750,true],"ab-block-post-grid-landscape":["https:\/\/i0.wp.com\/joyana.fr\/wp-content\/uploads\/2020\/08\/shiho-so-carre-2020-08-01-%C3%A0-06.48.52.jpg?resize=600%2C400&ssl=1",600,400,true],"ab-block-post-grid-square":["https:\/\/i0.wp.com\/joyana.fr\/wp-content\/uploads\/2020\/08\/shiho-so-carre-2020-08-01-%C3%A0-06.48.52.jpg?resize=600%2C600&ssl=1",600,600,true],"author-pro-image":["https:\/\/i0.wp.com\/joyana.fr\/wp-content\/uploads\/2020\/08\/shiho-so-carre-2020-08-01-%C3%A0-06.48.52.jpg?resize=360%2C570&ssl=1",360,570,true],"slider":["https:\/\/i0.wp.com\/joyana.fr\/wp-content\/uploads\/2020\/08\/shiho-so-carre-2020-08-01-%C3%A0-06.48.52.jpg?resize=750%2C400&ssl=1",750,400,true],"woocommerce_thumbnail":["https:\/\/i0.wp.com\/joyana.fr\/wp-content\/uploads\/2020\/08\/shiho-so-carre-2020-08-01-%C3%A0-06.48.52.jpg?resize=450%2C450&ssl=1",450,450,true],"woocommerce_single":["https:\/\/i0.wp.com\/joyana.fr\/wp-content\/uploads\/2020\/08\/shiho-so-carre-2020-08-01-%C3%A0-06.48.52.jpg?fit=750%2C750&ssl=1",750,750,true],"woocommerce_gallery_thumbnail":["https:\/\/i0.wp.com\/joyana.fr\/wp-content\/uploads\/2020\/08\/shiho-so-carre-2020-08-01-%C3%A0-06.48.52.jpg?resize=180%2C180&ssl=1",180,180,true],"sow-carousel-default":["https:\/\/i0.wp.com\/joyana.fr\/wp-content\/uploads\/2020\/08\/shiho-so-carre-2020-08-01-%C3%A0-06.48.52.jpg?resize=272%2C182&ssl=1",272,182,true]},"uagb_author_info":{"display_name":"Jo Yana","author_link":"https:\/\/joyana.fr\/ja\/author\/joyana\/"},"uagb_comment_info":0,"uagb_excerpt":"ARTIST | SHIHO SO TITLE | TROPICAL CITY INFO | 20ex Pri&hellip;","featured_img":"https:\/\/joyana.fr\/wp-content\/uploads\/2020\/08\/shiho-so-carre-2020-08-01-\u00e0-06.48.52.jpg","coauthors":[],"author_meta":{"author_link":"https:\/\/joyana.fr\/ja\/author\/joyana\/","display_name":"Jo Yana"},"relative_dates":{"created":"Posted 6\u5e74 ago","modified":"Updated 5\u5e74 ago"},"absolute_dates":{"created":"Posted on 1 8\u6708 2020","modified":"Updated on 6 10\u6708 2021"},"absolute_dates_time":{"created":"Posted on 1 8\u6708 2020 10:00","modified":"Updated on 6 10\u6708 2021 5:40"},"featured_img_caption":"","tax_additional":{"product_type":{"linked":["<a href=\"https:\/\/joyana.fr\/ja\/?taxonomy=product_type&#038;term=simple\" class=\"advgb-post-tax-term\">simple<\/a>"],"unlinked":["<span class=\"advgb-post-tax-term\">simple<\/span>"],"slug":"product_type","name":"\u5546\u54c1\u30bf\u30a4\u30d7"},"product_visibility":{"linked":["<a href=\"https:\/\/joyana.fr\/ja\/?taxonomy=product_visibility&#038;term=outofstock\" class=\"advgb-post-tax-term\">outofstock<\/a>"],"unlinked":["<span class=\"advgb-post-tax-term\">outofstock<\/span>"],"slug":"product_visibility","name":"\u5546\u54c1\u306e\u8868\u793a\u8a2d\u5b9a"},"product_cat":{"linked":["<a href=\"https:\/\/joyana.fr\/ja\/artgallery\/oeuvres\/oeuvres-sold-out\/print\/\" class=\"advgb-post-tax-term\">Print<\/a>","<a href=\"https:\/\/joyana.fr\/ja\/artgallery\/nos-artistes\/shiho-so\/\" class=\"advgb-post-tax-term\">SHIHO SO<\/a>","<a href=\"https:\/\/joyana.fr\/ja\/artgallery\/oeuvres\/oeuvres-sold-out\/\" class=\"advgb-post-tax-term\">\u0152uvres sold out<\/a>"],"unlinked":["<span class=\"advgb-post-tax-term\">Print<\/span>","<span class=\"advgb-post-tax-term\">SHIHO SO<\/span>","<span class=\"advgb-post-tax-term\">\u0152uvres sold out<\/span>"],"slug":"product_cat","name":"\u5546\u54c1\u30ab\u30c6\u30b4\u30ea\u30fc"},"product_tag":{"linked":["<a href=\"https:\/\/joyana.fr\/ja\/etiquette-produit\/shiho-so\/\" class=\"advgb-post-tax-term\">SHIHO SO<\/a>"],"unlinked":["<span class=\"advgb-post-tax-term\">SHIHO SO<\/span>"],"slug":"product_tag","name":"\u5546\u54c1\u30bf\u30b0"},"product_shipping_class":{"linked":["<a href=\"https:\/\/joyana.fr\/ja\/?taxonomy=product_shipping_class&#038;term=print-shiho-so\" class=\"advgb-post-tax-term\">print shiho so<\/a>"],"unlinked":["<span class=\"advgb-post-tax-term\">print shiho so<\/span>"],"slug":"product_shipping_class","name":"\u5546\u54c1\u306e\u914d\u9001\u30af\u30e9\u30b9"},"pa_color":{"linked":[],"unlinked":[],"slug":"pa_color","name":"\u5546\u54c1 Couleurs"},"pa_frhoraires":{"linked":[],"unlinked":[],"slug":"pa_frhoraires","name":"\u5546\u54c1 Horaires"}},"series_order":"","jetpack_sharing_enabled":true,"jetpack-related-posts":[],"_links":{"self":[{"href":"https:\/\/joyana.fr\/ja\/wp-json\/wp\/v2\/product\/144901","targetHints":{"allow":["GET"]}}],"collection":[{"href":"https:\/\/joyana.fr\/ja\/wp-json\/wp\/v2\/product"}],"about":[{"href":"https:\/\/joyana.fr\/ja\/wp-json\/wp\/v2\/types\/product"}],"wp:featuredmedia":[{"embeddable":true,"href":"https:\/\/joyana.fr\/ja\/wp-json\/wp\/v2\/media\/144903"}],"wp:attachment":[{"href":"https:\/\/joyana.fr\/ja\/wp-json\/wp\/v2\/media?parent=144901"}],"wp:term":[{"taxonomy":"product_cat","embeddable":true,"href":"https:\/\/joyana.fr\/ja\/wp-json\/wp\/v2\/product_cat?post=144901"},{"taxonomy":"product_tag","embeddable":true,"href":"https:\/\/joyana.fr\/ja\/wp-json\/wp\/v2\/product_tag?post=144901"}],"curies":[{"name":"wp","href":"https:\/\/api.w.org\/{rel}","templated":true}]}}