{"id":144932,"date":"2020-08-01T10:00:14","date_gmt":"2020-08-01T08:00:14","guid":{"rendered":"https:\/\/joyana.fr\/ja\/?post_type=product&#038;p=144932"},"modified":"2021-01-30T16:25:44","modified_gmt":"2021-01-30T14:25:44","slug":"sunshine-girl-2-sakurai-hajime","status":"publish","type":"product","link":"https:\/\/joyana.fr\/ja\/gallery\/sunshine-girl-2-sakurai-hajime\/","title":{"rendered":"SUNSHINE GIRL #2 &#8211; SAKURAI HAJIME"},"content":{"rendered":"<p>About the artist :<\/p>\n<p>SAKURAI HAJIME is based in Osaka. As a multi-media artist, he has worked for advertisement, posters, magazines, and even for the music industry by illustrating music records. Thanks to his great knowledge in fashion, music and Pop Art culture, he brings some fresh air in this artistic movement with his series of illustrations POP ART SOUL.<\/p>\n","protected":false},"excerpt":{"rendered":"<p>ARTIST | SAKURAI HAJIME<br \/>\nTITLE | SUNSHINE GIRL #2<br \/>\nINFO | Print Silkscreen on premium grain paper &#8211; 40x60cm &#8211; 20EX signed and numbered by the artist<br \/>\nSHIPPING | Sent from France at the end of September<\/p>\n","protected":false},"author":3,"featured_media":144911,"template":"","meta":{"_coblocks_attr":"","_coblocks_dimensions":"","_coblocks_responsive_height":"","_coblocks_accordion_ie_support":"","_uag_custom_page_level_css":"","advgb_blocks_editor_width":"","advgb_blocks_columns_visual_guide":"","_genesis_hide_title":false,"_genesis_hide_breadcrumbs":false,"_genesis_hide_singular_image":false,"_genesis_hide_footer_widgets":false,"_genesis_custom_body_class":"","_genesis_custom_post_class":"","_genesis_layout":"full-width-content","_themeisle_gutenberg_block_has_review":false},"product_cat":[5280,5196,5258],"product_tag":[5197],"class_list":{"0":"post-144932","1":"product","2":"type-product","3":"status-publish","4":"has-post-thumbnail","6":"product_cat-print-oeuvres-disponibles","7":"product_cat-sakurai-hajime","8":"product_cat-oeuvres-disponibles","9":"product_tag-sakurai-hajime","10":"product_shipping_class-print-enroule-60","11":"entry","13":"first","14":"instock","15":"shipping-taxable","16":"purchasable","17":"product-type-simple"},"featured_image_urls":{"full":["https:\/\/i0.wp.com\/joyana.fr\/wp-content\/uploads\/2020\/08\/carre-sakurai-works-04.jpg?fit=790%2C790&ssl=1",790,790,false],"thumbnail":["https:\/\/i0.wp.com\/joyana.fr\/wp-content\/uploads\/2020\/08\/carre-sakurai-works-04.jpg?resize=150%2C150&ssl=1",150,150,true],"medium":["https:\/\/i0.wp.com\/joyana.fr\/wp-content\/uploads\/2020\/08\/carre-sakurai-works-04.jpg?fit=389%2C389&ssl=1",389,389,true],"medium_large":["https:\/\/i0.wp.com\/joyana.fr\/wp-content\/uploads\/2020\/08\/carre-sakurai-works-04.jpg?fit=768%2C768&ssl=1",768,768,true],"large":["https:\/\/i0.wp.com\/joyana.fr\/wp-content\/uploads\/2020\/08\/carre-sakurai-works-04.jpg?fit=790%2C790&ssl=1",790,790,true],"1536x1536":["https:\/\/i0.wp.com\/joyana.fr\/wp-content\/uploads\/2020\/08\/carre-sakurai-works-04.jpg?fit=790%2C790&ssl=1",790,790,true],"2048x2048":["https:\/\/i0.wp.com\/joyana.fr\/wp-content\/uploads\/2020\/08\/carre-sakurai-works-04.jpg?fit=790%2C790&ssl=1",790,790,true],"featured-thumb":["https:\/\/i0.wp.com\/joyana.fr\/wp-content\/uploads\/2020\/08\/carre-sakurai-works-04.jpg?resize=790%2C750&ssl=1",790,750,true],"ab-block-post-grid-landscape":["https:\/\/i0.wp.com\/joyana.fr\/wp-content\/uploads\/2020\/08\/carre-sakurai-works-04.jpg?resize=600%2C400&ssl=1",600,400,true],"ab-block-post-grid-square":["https:\/\/i0.wp.com\/joyana.fr\/wp-content\/uploads\/2020\/08\/carre-sakurai-works-04.jpg?resize=600%2C600&ssl=1",600,600,true],"author-pro-image":["https:\/\/i0.wp.com\/joyana.fr\/wp-content\/uploads\/2020\/08\/carre-sakurai-works-04.jpg?resize=360%2C570&ssl=1",360,570,true],"slider":["https:\/\/i0.wp.com\/joyana.fr\/wp-content\/uploads\/2020\/08\/carre-sakurai-works-04.jpg?resize=790%2C400&ssl=1",790,400,true],"woocommerce_thumbnail":["https:\/\/i0.wp.com\/joyana.fr\/wp-content\/uploads\/2020\/08\/carre-sakurai-works-04.jpg?resize=450%2C450&ssl=1",450,450,true],"woocommerce_single":["https:\/\/i0.wp.com\/joyana.fr\/wp-content\/uploads\/2020\/08\/carre-sakurai-works-04.jpg?fit=790%2C790&ssl=1",790,790,true],"woocommerce_gallery_thumbnail":["https:\/\/i0.wp.com\/joyana.fr\/wp-content\/uploads\/2020\/08\/carre-sakurai-works-04.jpg?resize=180%2C180&ssl=1",180,180,true],"sow-carousel-default":["https:\/\/i0.wp.com\/joyana.fr\/wp-content\/uploads\/2020\/08\/carre-sakurai-works-04.jpg?resize=272%2C182&ssl=1",272,182,true]},"post_excerpt_stackable":"<p>ARTIST | SAKURAI HAJIME<br \/>\nTITLE | SUNSHINE GIRL #2<br \/>\nINFO | Print Silkscreen on premium grain paper &#8211; 40x60cm &#8211; 20EX signed and numbered by the artist<br \/>\nSHIPPING | Sent from France at the end of September<\/p>\n","category_list":"","author_info":{"name":"Jo Yana","url":"https:\/\/joyana.fr\/ja\/author\/joyana\/"},"comments_num":"0 comments","featured_image_urls_v2":{"full":["https:\/\/i0.wp.com\/joyana.fr\/wp-content\/uploads\/2020\/08\/carre-sakurai-works-04.jpg?fit=790%2C790&ssl=1",790,790,false],"thumbnail":["https:\/\/i0.wp.com\/joyana.fr\/wp-content\/uploads\/2020\/08\/carre-sakurai-works-04.jpg?resize=150%2C150&ssl=1",150,150,true],"medium":["https:\/\/i0.wp.com\/joyana.fr\/wp-content\/uploads\/2020\/08\/carre-sakurai-works-04.jpg?fit=389%2C389&ssl=1",389,389,true],"medium_large":["https:\/\/i0.wp.com\/joyana.fr\/wp-content\/uploads\/2020\/08\/carre-sakurai-works-04.jpg?fit=768%2C768&ssl=1",768,768,true],"large":["https:\/\/i0.wp.com\/joyana.fr\/wp-content\/uploads\/2020\/08\/carre-sakurai-works-04.jpg?fit=790%2C790&ssl=1",790,790,true],"1536x1536":["https:\/\/i0.wp.com\/joyana.fr\/wp-content\/uploads\/2020\/08\/carre-sakurai-works-04.jpg?fit=790%2C790&ssl=1",790,790,true],"2048x2048":["https:\/\/i0.wp.com\/joyana.fr\/wp-content\/uploads\/2020\/08\/carre-sakurai-works-04.jpg?fit=790%2C790&ssl=1",790,790,true],"featured-thumb":["https:\/\/i0.wp.com\/joyana.fr\/wp-content\/uploads\/2020\/08\/carre-sakurai-works-04.jpg?resize=790%2C750&ssl=1",790,750,true],"ab-block-post-grid-landscape":["https:\/\/i0.wp.com\/joyana.fr\/wp-content\/uploads\/2020\/08\/carre-sakurai-works-04.jpg?resize=600%2C400&ssl=1",600,400,true],"ab-block-post-grid-square":["https:\/\/i0.wp.com\/joyana.fr\/wp-content\/uploads\/2020\/08\/carre-sakurai-works-04.jpg?resize=600%2C600&ssl=1",600,600,true],"author-pro-image":["https:\/\/i0.wp.com\/joyana.fr\/wp-content\/uploads\/2020\/08\/carre-sakurai-works-04.jpg?resize=360%2C570&ssl=1",360,570,true],"slider":["https:\/\/i0.wp.com\/joyana.fr\/wp-content\/uploads\/2020\/08\/carre-sakurai-works-04.jpg?resize=790%2C400&ssl=1",790,400,true],"woocommerce_thumbnail":["https:\/\/i0.wp.com\/joyana.fr\/wp-content\/uploads\/2020\/08\/carre-sakurai-works-04.jpg?resize=450%2C450&ssl=1",450,450,true],"woocommerce_single":["https:\/\/i0.wp.com\/joyana.fr\/wp-content\/uploads\/2020\/08\/carre-sakurai-works-04.jpg?fit=790%2C790&ssl=1",790,790,true],"woocommerce_gallery_thumbnail":["https:\/\/i0.wp.com\/joyana.fr\/wp-content\/uploads\/2020\/08\/carre-sakurai-works-04.jpg?resize=180%2C180&ssl=1",180,180,true],"sow-carousel-default":["https:\/\/i0.wp.com\/joyana.fr\/wp-content\/uploads\/2020\/08\/carre-sakurai-works-04.jpg?resize=272%2C182&ssl=1",272,182,true]},"post_excerpt_stackable_v2":"<p>ARTIST | SAKURAI HAJIME<br \/>\nTITLE | SUNSHINE GIRL #2<br \/>\nINFO | Print Silkscreen on premium grain paper &#8211; 40x60cm &#8211; 20EX signed and numbered by the artist<br \/>\nSHIPPING | Sent from France at the end of September<\/p>\n","category_list_v2":"","author_info_v2":{"name":"Jo Yana","url":"https:\/\/joyana.fr\/ja\/author\/joyana\/"},"comments_num_v2":"0 comments","yoast_head":"<!-- This site is optimized with the Yoast SEO plugin v26.8 - https:\/\/yoast.com\/product\/yoast-seo-wordpress\/ -->\n<title>SUNSHINE GIRL #2 -  - SUNSHINE GIRL #2 - SAKURAI HAJIME[:] - JO YANA<\/title>\n<meta name=\"robots\" content=\"index, follow, max-snippet:-1, max-image-preview:large, max-video-preview:-1\" \/>\n<link rel=\"canonical\" href=\"https:\/\/www.joyana.fr\/ja\/gallery\/sunshine-girl-2-sakurai-hajime\/\" \/>\n<meta property=\"og:locale\" content=\"ja_JP\" \/>\n<meta property=\"og:locale:alternate\" content=\"fr_FR\" \/>\n<meta property=\"og:locale:alternate\" content=\"en_US\" \/>\n<meta property=\"og:type\" content=\"article\" \/>\n<meta property=\"og:title\" content=\"SUNSHINE GIRL #2 - SAKURAI HAJIME\" \/>\n<meta property=\"og:description\" content=\"ARTIST | SAKURAI HAJIME TITLE | SUNSHINE GIRL #2 INFO | Print Silkscreen on premium grain paper - 40x60cm - 20EX signed and numbered by the artist SHIPPING | Sent from France at the end of September\" \/>\n<meta property=\"og:url\" content=\"https:\/\/joyana.fr\/ja\/gallery\/sunshine-girl-2-sakurai-hajime\/\" \/>\n<meta property=\"og:site_name\" content=\"JO YANA\" \/>\n<meta property=\"article:modified_time\" content=\"2021-01-30T14:25:44+00:00\" \/>\n<meta property=\"og:image\" content=\"https:\/\/i0.wp.com\/www.joyana.fr\/wp-content\/uploads\/2020\/08\/carre-sakurai-works-04.jpg?fit=790%2C790&ssl=1\" \/>\n\t<meta property=\"og:image:width\" content=\"790\" \/>\n\t<meta property=\"og:image:height\" content=\"790\" \/>\n\t<meta property=\"og:image:type\" content=\"image\/jpeg\" \/>\n<meta name=\"twitter:card\" content=\"summary_large_image\" \/>\n<meta name=\"twitter:site\" content=\"@Jo_Yana\" \/>\n<meta name=\"twitter:label1\" content=\"\u63a8\u5b9a\u8aad\u307f\u53d6\u308a\u6642\u9593\" \/>\n\t<meta name=\"twitter:data1\" content=\"1\u5206\" \/>\n<script type=\"application\/ld+json\" class=\"yoast-schema-graph\">{\"@context\":\"https:\/\/schema.org\",\"@graph\":[{\"@type\":\"WebPage\",\"@id\":\"https:\/\/www.joyana.fr\/ja\/gallery\/sunshine-girl-2-sakurai-hajime\/\",\"url\":\"https:\/\/www.joyana.fr\/ja\/gallery\/sunshine-girl-2-sakurai-hajime\/\",\"name\":\"SUNSHINE GIRL #2 - SAKURAI HAJIME\",\"isPartOf\":{\"@id\":\"https:\/\/www.joyana.fr\/#website\"},\"primaryImageOfPage\":{\"@id\":\"https:\/\/www.joyana.fr\/ja\/gallery\/sunshine-girl-2-sakurai-hajime\/#primaryimage\"},\"image\":{\"@id\":\"https:\/\/www.joyana.fr\/ja\/gallery\/sunshine-girl-2-sakurai-hajime\/#primaryimage\"},\"thumbnailUrl\":\"https:\/\/i0.wp.com\/joyana.fr\/wp-content\/uploads\/2020\/08\/carre-sakurai-works-04.jpg?fit=790%2C790&ssl=1\",\"datePublished\":\"2020-08-01T08:00:14+00:00\",\"dateModified\":\"2021-01-30T14:25:44+00:00\",\"breadcrumb\":{\"@id\":\"https:\/\/www.joyana.fr\/ja\/gallery\/sunshine-girl-2-sakurai-hajime\/#breadcrumb\"},\"inLanguage\":\"ja\",\"potentialAction\":[{\"@type\":\"ReadAction\",\"target\":[\"https:\/\/www.joyana.fr\/ja\/gallery\/sunshine-girl-2-sakurai-hajime\/\"]}]},{\"@type\":\"ImageObject\",\"inLanguage\":\"ja\",\"@id\":\"https:\/\/www.joyana.fr\/ja\/gallery\/sunshine-girl-2-sakurai-hajime\/#primaryimage\",\"url\":\"https:\/\/i0.wp.com\/joyana.fr\/wp-content\/uploads\/2020\/08\/carre-sakurai-works-04.jpg?fit=790%2C790&ssl=1\",\"contentUrl\":\"https:\/\/i0.wp.com\/joyana.fr\/wp-content\/uploads\/2020\/08\/carre-sakurai-works-04.jpg?fit=790%2C790&ssl=1\",\"width\":790,\"height\":790},{\"@type\":\"BreadcrumbList\",\"@id\":\"https:\/\/www.joyana.fr\/ja\/gallery\/sunshine-girl-2-sakurai-hajime\/#breadcrumb\",\"itemListElement\":[{\"@type\":\"ListItem\",\"position\":1,\"name\":\"Accueil\",\"item\":\"https:\/\/www.joyana.fr\/\"},{\"@type\":\"ListItem\",\"position\":2,\"name\":\"GALLERY JO YANA\",\"item\":\"https:\/\/www.joyana.fr\/ja\/artgallery\/\"},{\"@type\":\"ListItem\",\"position\":3,\"name\":\"SUNSHINE GIRL #2 &#8211; SAKURAI HAJIME\"}]},{\"@type\":\"WebSite\",\"@id\":\"https:\/\/www.joyana.fr\/#website\",\"url\":\"https:\/\/www.joyana.fr\/\",\"name\":\"JO YANA\",\"description\":\"Blog Mode Homme, Lifestyle, D\u00e9co-Design\",\"publisher\":{\"@id\":\"https:\/\/www.joyana.fr\/#\/schema\/person\/cf2a1ad12a27c12c21801075bf37407c\"},\"potentialAction\":[{\"@type\":\"SearchAction\",\"target\":{\"@type\":\"EntryPoint\",\"urlTemplate\":\"https:\/\/www.joyana.fr\/?s={search_term_string}\"},\"query-input\":{\"@type\":\"PropertyValueSpecification\",\"valueRequired\":true,\"valueName\":\"search_term_string\"}}],\"inLanguage\":\"ja\"},{\"@type\":[\"Person\",\"Organization\"],\"@id\":\"https:\/\/www.joyana.fr\/#\/schema\/person\/cf2a1ad12a27c12c21801075bf37407c\",\"name\":\"Jo Yana\",\"image\":{\"@type\":\"ImageObject\",\"inLanguage\":\"ja\",\"@id\":\"https:\/\/www.joyana.fr\/#\/schema\/person\/image\/\",\"url\":\"https:\/\/i0.wp.com\/joyana.fr\/wp-content\/uploads\/2016\/08\/cropped-joyana-logo-black-360x180.png?fit=343%2C164&ssl=1\",\"contentUrl\":\"https:\/\/i0.wp.com\/joyana.fr\/wp-content\/uploads\/2016\/08\/cropped-joyana-logo-black-360x180.png?fit=343%2C164&ssl=1\",\"width\":343,\"height\":164,\"caption\":\"Jo Yana\"},\"logo\":{\"@id\":\"https:\/\/www.joyana.fr\/#\/schema\/person\/image\/\"},\"description\":\"Jo Yana est le cr\u00e9ateur et r\u00e9dacteur en chef des sites DECO-DESIGN. Passionn\u00e9 de Design, Mode, Photo, Luxe, Lifestyle, Musique, mais avant tout Blogueur ! Le plaisir de partager l'anime et a comme devise \\\"POUR L'AMOUR DU BEAU\\\". Retrouvez le aussi sur son blog personnel - https:\/\/joyana.fr...\",\"sameAs\":[\"https:\/\/joyana.fr\/\"]}]}<\/script>\n<!-- \/ Yoast SEO plugin. -->","yoast_head_json":{"title":"SUNSHINE GIRL #2 -  - SUNSHINE GIRL #2 - SAKURAI HAJIME[:] - JO YANA","robots":{"index":"index","follow":"follow","max-snippet":"max-snippet:-1","max-image-preview":"max-image-preview:large","max-video-preview":"max-video-preview:-1"},"canonical":"https:\/\/www.joyana.fr\/ja\/gallery\/sunshine-girl-2-sakurai-hajime\/","og_locale":"ja_JP","og_type":"article","og_title":"[:fr]SUNSHINE GIRL #2 - SAKURAI HAJIME[:en]SUNSHINE GIRL #2 - SAKURAI HAJIME[:ja]SUNSHINE GIRL #2 - SAKURAI HAJIME[:] - JO YANA","og_description":"ARTIST | SAKURAI HAJIME TITLE | SUNSHINE GIRL #2 INFO | Print Silkscreen on premium grain paper - 40x60cm - 20EX signed and numbered by the artist SHIPPING | Sent from France at the end of September","og_url":"https:\/\/joyana.fr\/ja\/gallery\/sunshine-girl-2-sakurai-hajime\/","og_site_name":"JO YANA","article_modified_time":"2021-01-30T14:25:44+00:00","og_image":[{"width":790,"height":790,"url":"https:\/\/i0.wp.com\/www.joyana.fr\/wp-content\/uploads\/2020\/08\/carre-sakurai-works-04.jpg?fit=790%2C790&ssl=1","type":"image\/jpeg"}],"twitter_card":"summary_large_image","twitter_site":"@Jo_Yana","twitter_misc":{"\u63a8\u5b9a\u8aad\u307f\u53d6\u308a\u6642\u9593":"1\u5206"},"schema":{"@context":"https:\/\/schema.org","@graph":[{"@type":"WebPage","@id":"https:\/\/www.joyana.fr\/ja\/gallery\/sunshine-girl-2-sakurai-hajime\/","url":"https:\/\/www.joyana.fr\/ja\/gallery\/sunshine-girl-2-sakurai-hajime\/","name":"SUNSHINE GIRL #2 - SAKURAI HAJIME","isPartOf":{"@id":"https:\/\/www.joyana.fr\/#website"},"primaryImageOfPage":{"@id":"https:\/\/www.joyana.fr\/ja\/gallery\/sunshine-girl-2-sakurai-hajime\/#primaryimage"},"image":{"@id":"https:\/\/www.joyana.fr\/ja\/gallery\/sunshine-girl-2-sakurai-hajime\/#primaryimage"},"thumbnailUrl":"https:\/\/i0.wp.com\/joyana.fr\/wp-content\/uploads\/2020\/08\/carre-sakurai-works-04.jpg?fit=790%2C790&ssl=1","datePublished":"2020-08-01T08:00:14+00:00","dateModified":"2021-01-30T14:25:44+00:00","breadcrumb":{"@id":"https:\/\/www.joyana.fr\/ja\/gallery\/sunshine-girl-2-sakurai-hajime\/#breadcrumb"},"inLanguage":"ja","potentialAction":[{"@type":"ReadAction","target":["https:\/\/www.joyana.fr\/ja\/gallery\/sunshine-girl-2-sakurai-hajime\/"]}]},{"@type":"ImageObject","inLanguage":"ja","@id":"https:\/\/www.joyana.fr\/ja\/gallery\/sunshine-girl-2-sakurai-hajime\/#primaryimage","url":"https:\/\/i0.wp.com\/joyana.fr\/wp-content\/uploads\/2020\/08\/carre-sakurai-works-04.jpg?fit=790%2C790&ssl=1","contentUrl":"https:\/\/i0.wp.com\/joyana.fr\/wp-content\/uploads\/2020\/08\/carre-sakurai-works-04.jpg?fit=790%2C790&ssl=1","width":790,"height":790},{"@type":"BreadcrumbList","@id":"https:\/\/www.joyana.fr\/ja\/gallery\/sunshine-girl-2-sakurai-hajime\/#breadcrumb","itemListElement":[{"@type":"ListItem","position":1,"name":"Accueil","item":"https:\/\/www.joyana.fr\/"},{"@type":"ListItem","position":2,"name":"GALLERY JO YANA","item":"https:\/\/www.joyana.fr\/ja\/artgallery\/"},{"@type":"ListItem","position":3,"name":"SUNSHINE GIRL #2 &#8211; SAKURAI HAJIME"}]},{"@type":"WebSite","@id":"https:\/\/www.joyana.fr\/#website","url":"https:\/\/www.joyana.fr\/","name":"JO YANA","description":"Blog Mode Homme, Lifestyle, D\u00e9co-Design","publisher":{"@id":"https:\/\/www.joyana.fr\/#\/schema\/person\/cf2a1ad12a27c12c21801075bf37407c"},"potentialAction":[{"@type":"SearchAction","target":{"@type":"EntryPoint","urlTemplate":"https:\/\/www.joyana.fr\/?s={search_term_string}"},"query-input":{"@type":"PropertyValueSpecification","valueRequired":true,"valueName":"search_term_string"}}],"inLanguage":"ja"},{"@type":["Person","Organization"],"@id":"https:\/\/www.joyana.fr\/#\/schema\/person\/cf2a1ad12a27c12c21801075bf37407c","name":"Jo Yana","image":{"@type":"ImageObject","inLanguage":"ja","@id":"https:\/\/www.joyana.fr\/#\/schema\/person\/image\/","url":"https:\/\/i0.wp.com\/joyana.fr\/wp-content\/uploads\/2016\/08\/cropped-joyana-logo-black-360x180.png?fit=343%2C164&ssl=1","contentUrl":"https:\/\/i0.wp.com\/joyana.fr\/wp-content\/uploads\/2016\/08\/cropped-joyana-logo-black-360x180.png?fit=343%2C164&ssl=1","width":343,"height":164,"caption":"Jo Yana"},"logo":{"@id":"https:\/\/www.joyana.fr\/#\/schema\/person\/image\/"},"description":"Jo Yana est le cr\u00e9ateur et r\u00e9dacteur en chef des sites DECO-DESIGN. Passionn\u00e9 de Design, Mode, Photo, Luxe, Lifestyle, Musique, mais avant tout Blogueur ! Le plaisir de partager l'anime et a comme devise \"POUR L'AMOUR DU BEAU\". Retrouvez le aussi sur son blog personnel - https:\/\/joyana.fr...","sameAs":["https:\/\/joyana.fr\/"]}]}},"uagb_featured_image_src":{"full":["https:\/\/i0.wp.com\/joyana.fr\/wp-content\/uploads\/2020\/08\/carre-sakurai-works-04.jpg?fit=790%2C790&ssl=1",790,790,false],"thumbnail":["https:\/\/i0.wp.com\/joyana.fr\/wp-content\/uploads\/2020\/08\/carre-sakurai-works-04.jpg?resize=150%2C150&ssl=1",150,150,true],"medium":["https:\/\/i0.wp.com\/joyana.fr\/wp-content\/uploads\/2020\/08\/carre-sakurai-works-04.jpg?fit=389%2C389&ssl=1",389,389,true],"medium_large":["https:\/\/i0.wp.com\/joyana.fr\/wp-content\/uploads\/2020\/08\/carre-sakurai-works-04.jpg?fit=768%2C768&ssl=1",768,768,true],"large":["https:\/\/i0.wp.com\/joyana.fr\/wp-content\/uploads\/2020\/08\/carre-sakurai-works-04.jpg?fit=790%2C790&ssl=1",790,790,true],"1536x1536":["https:\/\/i0.wp.com\/joyana.fr\/wp-content\/uploads\/2020\/08\/carre-sakurai-works-04.jpg?fit=790%2C790&ssl=1",790,790,true],"2048x2048":["https:\/\/i0.wp.com\/joyana.fr\/wp-content\/uploads\/2020\/08\/carre-sakurai-works-04.jpg?fit=790%2C790&ssl=1",790,790,true],"featured-thumb":["https:\/\/i0.wp.com\/joyana.fr\/wp-content\/uploads\/2020\/08\/carre-sakurai-works-04.jpg?resize=790%2C750&ssl=1",790,750,true],"ab-block-post-grid-landscape":["https:\/\/i0.wp.com\/joyana.fr\/wp-content\/uploads\/2020\/08\/carre-sakurai-works-04.jpg?resize=600%2C400&ssl=1",600,400,true],"ab-block-post-grid-square":["https:\/\/i0.wp.com\/joyana.fr\/wp-content\/uploads\/2020\/08\/carre-sakurai-works-04.jpg?resize=600%2C600&ssl=1",600,600,true],"author-pro-image":["https:\/\/i0.wp.com\/joyana.fr\/wp-content\/uploads\/2020\/08\/carre-sakurai-works-04.jpg?resize=360%2C570&ssl=1",360,570,true],"slider":["https:\/\/i0.wp.com\/joyana.fr\/wp-content\/uploads\/2020\/08\/carre-sakurai-works-04.jpg?resize=790%2C400&ssl=1",790,400,true],"woocommerce_thumbnail":["https:\/\/i0.wp.com\/joyana.fr\/wp-content\/uploads\/2020\/08\/carre-sakurai-works-04.jpg?resize=450%2C450&ssl=1",450,450,true],"woocommerce_single":["https:\/\/i0.wp.com\/joyana.fr\/wp-content\/uploads\/2020\/08\/carre-sakurai-works-04.jpg?fit=790%2C790&ssl=1",790,790,true],"woocommerce_gallery_thumbnail":["https:\/\/i0.wp.com\/joyana.fr\/wp-content\/uploads\/2020\/08\/carre-sakurai-works-04.jpg?resize=180%2C180&ssl=1",180,180,true],"sow-carousel-default":["https:\/\/i0.wp.com\/joyana.fr\/wp-content\/uploads\/2020\/08\/carre-sakurai-works-04.jpg?resize=272%2C182&ssl=1",272,182,true]},"uagb_author_info":{"display_name":"Jo Yana","author_link":"https:\/\/joyana.fr\/ja\/author\/joyana\/"},"uagb_comment_info":0,"uagb_excerpt":"ARTIST | SAKURAI HAJIME TITLE | SUNSHINE GIRL #2 INFO |&hellip;","featured_img":"https:\/\/joyana.fr\/wp-content\/uploads\/2020\/08\/carre-sakurai-works-04.jpg","coauthors":[],"author_meta":{"author_link":"https:\/\/joyana.fr\/ja\/author\/joyana\/","display_name":"Jo Yana"},"relative_dates":{"created":"Posted 6\u5e74 ago","modified":"Updated 5\u5e74 ago"},"absolute_dates":{"created":"Posted on 1 8\u6708 2020","modified":"Updated on 30 1\u6708 2021"},"absolute_dates_time":{"created":"Posted on 1 8\u6708 2020 10:00","modified":"Updated on 30 1\u6708 2021 16:25"},"featured_img_caption":"","tax_additional":{"product_type":{"linked":["<a href=\"https:\/\/joyana.fr\/ja\/?taxonomy=product_type&#038;term=simple\" class=\"advgb-post-tax-term\">simple<\/a>"],"unlinked":["<span class=\"advgb-post-tax-term\">simple<\/span>"],"slug":"product_type","name":"\u5546\u54c1\u30bf\u30a4\u30d7"},"product_visibility":{"linked":[],"unlinked":[],"slug":"product_visibility","name":"\u5546\u54c1\u306e\u8868\u793a\u8a2d\u5b9a"},"product_cat":{"linked":["<a href=\"https:\/\/joyana.fr\/ja\/artgallery\/oeuvres\/oeuvres-disponibles\/print-oeuvres-disponibles\/\" class=\"advgb-post-tax-term\">Print<\/a>","<a href=\"https:\/\/joyana.fr\/ja\/artgallery\/nos-artistes\/sakurai-hajime\/\" class=\"advgb-post-tax-term\">SAKURAI HAJIME<\/a>","<a href=\"https:\/\/joyana.fr\/ja\/artgallery\/oeuvres\/oeuvres-disponibles\/\" class=\"advgb-post-tax-term\">\u0152uvres disponibles<\/a>"],"unlinked":["<span class=\"advgb-post-tax-term\">Print<\/span>","<span class=\"advgb-post-tax-term\">SAKURAI HAJIME<\/span>","<span class=\"advgb-post-tax-term\">\u0152uvres disponibles<\/span>"],"slug":"product_cat","name":"\u5546\u54c1\u30ab\u30c6\u30b4\u30ea\u30fc"},"product_tag":{"linked":["<a href=\"https:\/\/joyana.fr\/ja\/etiquette-produit\/sakurai-hajime\/\" class=\"advgb-post-tax-term\">Sakurai HAJIME<\/a>"],"unlinked":["<span class=\"advgb-post-tax-term\">Sakurai HAJIME<\/span>"],"slug":"product_tag","name":"\u5546\u54c1\u30bf\u30b0"},"product_shipping_class":{"linked":["<a href=\"https:\/\/joyana.fr\/ja\/?taxonomy=product_shipping_class&#038;term=print-enroule-60\" class=\"advgb-post-tax-term\">print enroule 60<\/a>"],"unlinked":["<span class=\"advgb-post-tax-term\">print enroule 60<\/span>"],"slug":"product_shipping_class","name":"\u5546\u54c1\u306e\u914d\u9001\u30af\u30e9\u30b9"},"pa_color":{"linked":[],"unlinked":[],"slug":"pa_color","name":"\u5546\u54c1 Couleurs"},"pa_frhoraires":{"linked":[],"unlinked":[],"slug":"pa_frhoraires","name":"\u5546\u54c1 Horaires"}},"series_order":"","jetpack_sharing_enabled":true,"jetpack-related-posts":[],"_links":{"self":[{"href":"https:\/\/joyana.fr\/ja\/wp-json\/wp\/v2\/product\/144932","targetHints":{"allow":["GET"]}}],"collection":[{"href":"https:\/\/joyana.fr\/ja\/wp-json\/wp\/v2\/product"}],"about":[{"href":"https:\/\/joyana.fr\/ja\/wp-json\/wp\/v2\/types\/product"}],"wp:featuredmedia":[{"embeddable":true,"href":"https:\/\/joyana.fr\/ja\/wp-json\/wp\/v2\/media\/144911"}],"wp:attachment":[{"href":"https:\/\/joyana.fr\/ja\/wp-json\/wp\/v2\/media?parent=144932"}],"wp:term":[{"taxonomy":"product_cat","embeddable":true,"href":"https:\/\/joyana.fr\/ja\/wp-json\/wp\/v2\/product_cat?post=144932"},{"taxonomy":"product_tag","embeddable":true,"href":"https:\/\/joyana.fr\/ja\/wp-json\/wp\/v2\/product_tag?post=144932"}],"curies":[{"name":"wp","href":"https:\/\/api.w.org\/{rel}","templated":true}]}}