{"id":146707,"date":"2021-04-01T10:00:54","date_gmt":"2021-04-01T08:00:54","guid":{"rendered":"https:\/\/joyana.fr\/ja\/?post_type=product&#038;p=146707"},"modified":"2025-02-13T16:22:14","modified_gmt":"2025-02-13T14:22:14","slug":"livre-signe-mifu-kamisuki-artwork-vol-2-mifuu-oda","status":"publish","type":"product","link":"https:\/\/joyana.fr\/ja\/gallery\/livre-signe-mifu-kamisuki-artwork-vol-2-mifuu-oda\/","title":{"rendered":"Signed Book &#8211; Mifu Kamisuki Artwork Vol. 2 &#8211; MIFUU ODA"},"content":{"rendered":"<p>About MIFUU ODA &#8211; MIFUU ODA was born in 1997, graduated in 2020 from Osaka University of the Arts, Department of Art Planning. MIFUU ODA is a young artist who works on the symbolic image of a &#8220;girl&#8221; with shades of acrylic paint.<\/p>\n<p>By multiplying the abstract expression by touching the painting knife and mixing the colors, she expresses the fluid fluctuation of the girl&#8217;s heart and her own world of colors&#8230;<\/p>\n","protected":false},"excerpt":{"rendered":"<p>Artist &#8211; MIFUU ODA (Japan)<br \/>\nTitle &#8211; Mifu Kamisuki Artwork Vol. 2<br \/>\nInformation &#8211; 17 pages &#8211; 21x21cm<br \/>\nSigned by the artist at the end<br \/>\nPrice &#8211; 25 \u20ac<\/p>\n","protected":false},"author":3,"featured_media":146673,"template":"","meta":{"_coblocks_attr":"","_coblocks_dimensions":"","_coblocks_responsive_height":"","_coblocks_accordion_ie_support":"","_uag_custom_page_level_css":"","advgb_blocks_editor_width":"","advgb_blocks_columns_visual_guide":"","_genesis_hide_title":false,"_genesis_hide_breadcrumbs":false,"_genesis_hide_singular_image":false,"_genesis_hide_footer_widgets":false,"_genesis_custom_body_class":"","_genesis_custom_post_class":"","_genesis_layout":"full-width-content","_themeisle_gutenberg_block_has_review":false},"product_cat":[5277,5316,5263],"product_tag":[2548,5310,5317],"class_list":{"0":"post-146707","1":"product","2":"type-product","3":"status-publish","4":"has-post-thumbnail","6":"product_cat-goods","7":"product_cat-mifuu-oda","8":"product_cat-oeuvres-sold-out","9":"product_tag-japan","10":"product_tag-art-japonais","11":"product_tag-mifuu-oda","12":"product_shipping_class-livre","13":"entry","15":"first","16":"outofstock","17":"shipping-taxable","18":"product-type-simple"},"featured_image_urls":{"full":["https:\/\/i0.wp.com\/joyana.fr\/wp-content\/uploads\/2021\/03\/DSC02035.jpg?fit=1488%2C1488&ssl=1",1488,1488,false],"thumbnail":["https:\/\/i0.wp.com\/joyana.fr\/wp-content\/uploads\/2021\/03\/DSC02035.jpg?resize=150%2C150&ssl=1",150,150,true],"medium":["https:\/\/i0.wp.com\/joyana.fr\/wp-content\/uploads\/2021\/03\/DSC02035.jpg?fit=389%2C389&ssl=1",389,389,true],"medium_large":["https:\/\/i0.wp.com\/joyana.fr\/wp-content\/uploads\/2021\/03\/DSC02035.jpg?fit=768%2C768&ssl=1",768,768,true],"large":["https:\/\/i0.wp.com\/joyana.fr\/wp-content\/uploads\/2021\/03\/DSC02035.jpg?fit=1024%2C1024&ssl=1",1024,1024,true],"1536x1536":["https:\/\/i0.wp.com\/joyana.fr\/wp-content\/uploads\/2021\/03\/DSC02035.jpg?fit=1488%2C1488&ssl=1",1488,1488,true],"2048x2048":["https:\/\/i0.wp.com\/joyana.fr\/wp-content\/uploads\/2021\/03\/DSC02035.jpg?fit=1488%2C1488&ssl=1",1488,1488,true],"featured-thumb":["https:\/\/i0.wp.com\/joyana.fr\/wp-content\/uploads\/2021\/03\/DSC02035.jpg?resize=1488%2C750&ssl=1",1488,750,true],"ab-block-post-grid-landscape":["https:\/\/i0.wp.com\/joyana.fr\/wp-content\/uploads\/2021\/03\/DSC02035.jpg?resize=600%2C400&ssl=1",600,400,true],"ab-block-post-grid-square":["https:\/\/i0.wp.com\/joyana.fr\/wp-content\/uploads\/2021\/03\/DSC02035.jpg?resize=600%2C600&ssl=1",600,600,true],"author-pro-image":["https:\/\/i0.wp.com\/joyana.fr\/wp-content\/uploads\/2021\/03\/DSC02035.jpg?resize=360%2C570&ssl=1",360,570,true],"slider":["https:\/\/i0.wp.com\/joyana.fr\/wp-content\/uploads\/2021\/03\/DSC02035.jpg?resize=920%2C400&ssl=1",920,400,true],"woocommerce_thumbnail":["https:\/\/i0.wp.com\/joyana.fr\/wp-content\/uploads\/2021\/03\/DSC02035.jpg?resize=450%2C450&ssl=1",450,450,true],"woocommerce_single":["https:\/\/i0.wp.com\/joyana.fr\/wp-content\/uploads\/2021\/03\/DSC02035.jpg?fit=920%2C920&ssl=1",920,920,true],"woocommerce_gallery_thumbnail":["https:\/\/i0.wp.com\/joyana.fr\/wp-content\/uploads\/2021\/03\/DSC02035.jpg?resize=180%2C180&ssl=1",180,180,true],"sow-carousel-default":["https:\/\/i0.wp.com\/joyana.fr\/wp-content\/uploads\/2021\/03\/DSC02035.jpg?resize=272%2C182&ssl=1",272,182,true]},"post_excerpt_stackable":"<p>Artist &#8211; MIFUU ODA (Japan)<br \/>\nTitle &#8211; Mifu Kamisuki Artwork Vol. 2<br \/>\nInformation &#8211; 17 pages &#8211; 21x21cm<br \/>\nSigned by the artist at the end<br \/>\nPrice &#8211; 25 \u20ac<\/p>\n","category_list":"","author_info":{"name":"Jo Yana","url":"https:\/\/joyana.fr\/ja\/author\/joyana\/"},"comments_num":"0 comments","featured_image_urls_v2":{"full":["https:\/\/i0.wp.com\/joyana.fr\/wp-content\/uploads\/2021\/03\/DSC02035.jpg?fit=1488%2C1488&ssl=1",1488,1488,false],"thumbnail":["https:\/\/i0.wp.com\/joyana.fr\/wp-content\/uploads\/2021\/03\/DSC02035.jpg?resize=150%2C150&ssl=1",150,150,true],"medium":["https:\/\/i0.wp.com\/joyana.fr\/wp-content\/uploads\/2021\/03\/DSC02035.jpg?fit=389%2C389&ssl=1",389,389,true],"medium_large":["https:\/\/i0.wp.com\/joyana.fr\/wp-content\/uploads\/2021\/03\/DSC02035.jpg?fit=768%2C768&ssl=1",768,768,true],"large":["https:\/\/i0.wp.com\/joyana.fr\/wp-content\/uploads\/2021\/03\/DSC02035.jpg?fit=1024%2C1024&ssl=1",1024,1024,true],"1536x1536":["https:\/\/i0.wp.com\/joyana.fr\/wp-content\/uploads\/2021\/03\/DSC02035.jpg?fit=1488%2C1488&ssl=1",1488,1488,true],"2048x2048":["https:\/\/i0.wp.com\/joyana.fr\/wp-content\/uploads\/2021\/03\/DSC02035.jpg?fit=1488%2C1488&ssl=1",1488,1488,true],"featured-thumb":["https:\/\/i0.wp.com\/joyana.fr\/wp-content\/uploads\/2021\/03\/DSC02035.jpg?resize=1488%2C750&ssl=1",1488,750,true],"ab-block-post-grid-landscape":["https:\/\/i0.wp.com\/joyana.fr\/wp-content\/uploads\/2021\/03\/DSC02035.jpg?resize=600%2C400&ssl=1",600,400,true],"ab-block-post-grid-square":["https:\/\/i0.wp.com\/joyana.fr\/wp-content\/uploads\/2021\/03\/DSC02035.jpg?resize=600%2C600&ssl=1",600,600,true],"author-pro-image":["https:\/\/i0.wp.com\/joyana.fr\/wp-content\/uploads\/2021\/03\/DSC02035.jpg?resize=360%2C570&ssl=1",360,570,true],"slider":["https:\/\/i0.wp.com\/joyana.fr\/wp-content\/uploads\/2021\/03\/DSC02035.jpg?resize=920%2C400&ssl=1",920,400,true],"woocommerce_thumbnail":["https:\/\/i0.wp.com\/joyana.fr\/wp-content\/uploads\/2021\/03\/DSC02035.jpg?resize=450%2C450&ssl=1",450,450,true],"woocommerce_single":["https:\/\/i0.wp.com\/joyana.fr\/wp-content\/uploads\/2021\/03\/DSC02035.jpg?fit=920%2C920&ssl=1",920,920,true],"woocommerce_gallery_thumbnail":["https:\/\/i0.wp.com\/joyana.fr\/wp-content\/uploads\/2021\/03\/DSC02035.jpg?resize=180%2C180&ssl=1",180,180,true],"sow-carousel-default":["https:\/\/i0.wp.com\/joyana.fr\/wp-content\/uploads\/2021\/03\/DSC02035.jpg?resize=272%2C182&ssl=1",272,182,true]},"post_excerpt_stackable_v2":"<p>Artist &#8211; MIFUU ODA (Japan)<br \/>\nTitle &#8211; Mifu Kamisuki Artwork Vol. 2<br \/>\nInformation &#8211; 17 pages &#8211; 21x21cm<br \/>\nSigned by the artist at the end<br \/>\nPrice &#8211; 25 \u20ac<\/p>\n","category_list_v2":"","author_info_v2":{"name":"Jo Yana","url":"https:\/\/joyana.fr\/ja\/author\/joyana\/"},"comments_num_v2":"0 comments","yoast_head":"<!-- This site is optimized with the Yoast SEO plugin v26.8 - https:\/\/yoast.com\/product\/yoast-seo-wordpress\/ -->\n<title>Livre sign\u00e9 : Mifu Kamisuki Artwork Vol.2 -  - Mifu Kamisuki Artwork Vol. 2 - Signed Book - Mifu Kamisuki Artwork Vol. 2 - MIFUU ODA[:] - JO YANA<\/title>\n<meta name=\"robots\" content=\"index, follow, max-snippet:-1, max-image-preview:large, max-video-preview:-1\" \/>\n<link rel=\"canonical\" href=\"https:\/\/www.joyana.fr\/ja\/gallery\/livre-signe-mifu-kamisuki-artwork-vol-2-mifuu-oda\/\" \/>\n<meta property=\"og:locale\" content=\"ja_JP\" \/>\n<meta property=\"og:locale:alternate\" content=\"fr_FR\" \/>\n<meta property=\"og:locale:alternate\" content=\"en_US\" \/>\n<meta property=\"og:type\" content=\"article\" \/>\n<meta property=\"og:title\" content=\"Signed Book - Mifu Kamisuki Artwork Vol. 2 - MIFUU ODA\" \/>\n<meta property=\"og:description\" content=\"Artist - MIFUU ODA (Japan) Title - Mifu Kamisuki Artwork Vol. 2 Information - 17 pages - 21x21cm Signed by the artist at the end Price - 25 \u20ac\" \/>\n<meta property=\"og:url\" content=\"https:\/\/joyana.fr\/ja\/gallery\/livre-signe-mifu-kamisuki-artwork-vol-2-mifuu-oda\/\" \/>\n<meta property=\"og:site_name\" content=\"JO YANA\" \/>\n<meta property=\"article:modified_time\" content=\"2025-02-13T14:22:14+00:00\" \/>\n<meta property=\"og:image\" content=\"https:\/\/i0.wp.com\/www.joyana.fr\/wp-content\/uploads\/2021\/03\/DSC02035.jpg?fit=1488%2C1488&ssl=1\" \/>\n\t<meta property=\"og:image:width\" content=\"1488\" \/>\n\t<meta property=\"og:image:height\" content=\"1488\" \/>\n\t<meta property=\"og:image:type\" content=\"image\/jpeg\" \/>\n<meta name=\"twitter:card\" content=\"summary_large_image\" \/>\n<meta name=\"twitter:site\" content=\"@Jo_Yana\" \/>\n<meta name=\"twitter:label1\" content=\"\u63a8\u5b9a\u8aad\u307f\u53d6\u308a\u6642\u9593\" \/>\n\t<meta name=\"twitter:data1\" content=\"1\u5206\" \/>\n<script type=\"application\/ld+json\" class=\"yoast-schema-graph\">{\"@context\":\"https:\/\/schema.org\",\"@graph\":[{\"@type\":\"WebPage\",\"@id\":\"https:\/\/www.joyana.fr\/ja\/gallery\/livre-signe-mifu-kamisuki-artwork-vol-2-mifuu-oda\/\",\"url\":\"https:\/\/www.joyana.fr\/ja\/gallery\/livre-signe-mifu-kamisuki-artwork-vol-2-mifuu-oda\/\",\"name\":\"Signed Book - Mifu Kamisuki Artwork Vol. 2 - MIFUU ODA\",\"isPartOf\":{\"@id\":\"https:\/\/joyana.fr\/#website\"},\"primaryImageOfPage\":{\"@id\":\"https:\/\/www.joyana.fr\/ja\/gallery\/livre-signe-mifu-kamisuki-artwork-vol-2-mifuu-oda\/#primaryimage\"},\"image\":{\"@id\":\"https:\/\/www.joyana.fr\/ja\/gallery\/livre-signe-mifu-kamisuki-artwork-vol-2-mifuu-oda\/#primaryimage\"},\"thumbnailUrl\":\"https:\/\/i0.wp.com\/joyana.fr\/wp-content\/uploads\/2021\/03\/DSC02035.jpg?fit=1488%2C1488&ssl=1\",\"datePublished\":\"2021-04-01T08:00:54+00:00\",\"dateModified\":\"2025-02-13T14:22:14+00:00\",\"breadcrumb\":{\"@id\":\"https:\/\/www.joyana.fr\/ja\/gallery\/livre-signe-mifu-kamisuki-artwork-vol-2-mifuu-oda\/#breadcrumb\"},\"inLanguage\":\"ja\",\"potentialAction\":[{\"@type\":\"ReadAction\",\"target\":[\"https:\/\/www.joyana.fr\/ja\/gallery\/livre-signe-mifu-kamisuki-artwork-vol-2-mifuu-oda\/\"]}]},{\"@type\":\"ImageObject\",\"inLanguage\":\"ja\",\"@id\":\"https:\/\/www.joyana.fr\/ja\/gallery\/livre-signe-mifu-kamisuki-artwork-vol-2-mifuu-oda\/#primaryimage\",\"url\":\"https:\/\/i0.wp.com\/joyana.fr\/wp-content\/uploads\/2021\/03\/DSC02035.jpg?fit=1488%2C1488&ssl=1\",\"contentUrl\":\"https:\/\/i0.wp.com\/joyana.fr\/wp-content\/uploads\/2021\/03\/DSC02035.jpg?fit=1488%2C1488&ssl=1\",\"width\":1488,\"height\":1488},{\"@type\":\"BreadcrumbList\",\"@id\":\"https:\/\/www.joyana.fr\/ja\/gallery\/livre-signe-mifu-kamisuki-artwork-vol-2-mifuu-oda\/#breadcrumb\",\"itemListElement\":[{\"@type\":\"ListItem\",\"position\":1,\"name\":\"Accueil\",\"item\":\"https:\/\/joyana.fr\/\"},{\"@type\":\"ListItem\",\"position\":2,\"name\":\"GALLERY JO YANA\",\"item\":\"https:\/\/joyana.fr\/en\/artgallery\/\"},{\"@type\":\"ListItem\",\"position\":3,\"name\":\"Signed Book &#8211; Mifu Kamisuki Artwork Vol. 2 &#8211; MIFUU ODA\"}]},{\"@type\":\"WebSite\",\"@id\":\"https:\/\/joyana.fr\/#website\",\"url\":\"https:\/\/joyana.fr\/\",\"name\":\"JO YANA\",\"description\":\"Blog Mode Homme, Lifestyle, D\u00e9co-Design\",\"publisher\":{\"@id\":\"https:\/\/joyana.fr\/#\/schema\/person\/cf2a1ad12a27c12c21801075bf37407c\"},\"potentialAction\":[{\"@type\":\"SearchAction\",\"target\":{\"@type\":\"EntryPoint\",\"urlTemplate\":\"https:\/\/joyana.fr\/?s={search_term_string}\"},\"query-input\":{\"@type\":\"PropertyValueSpecification\",\"valueRequired\":true,\"valueName\":\"search_term_string\"}}],\"inLanguage\":\"ja\"},{\"@type\":[\"Person\",\"Organization\"],\"@id\":\"https:\/\/joyana.fr\/#\/schema\/person\/cf2a1ad12a27c12c21801075bf37407c\",\"name\":\"Jo Yana\",\"image\":{\"@type\":\"ImageObject\",\"inLanguage\":\"ja\",\"@id\":\"https:\/\/joyana.fr\/#\/schema\/person\/image\/\",\"url\":\"https:\/\/i0.wp.com\/joyana.fr\/wp-content\/uploads\/2016\/08\/cropped-joyana-logo-black-360x180.png?fit=343%2C164&ssl=1\",\"contentUrl\":\"https:\/\/i0.wp.com\/joyana.fr\/wp-content\/uploads\/2016\/08\/cropped-joyana-logo-black-360x180.png?fit=343%2C164&ssl=1\",\"width\":343,\"height\":164,\"caption\":\"Jo Yana\"},\"logo\":{\"@id\":\"https:\/\/joyana.fr\/#\/schema\/person\/image\/\"},\"description\":\"Jo Yana est le cr\u00e9ateur et r\u00e9dacteur en chef des sites DECO-DESIGN. Passionn\u00e9 de Design, Mode, Photo, Luxe, Lifestyle, Musique, mais avant tout Blogueur ! Le plaisir de partager l'anime et a comme devise \\\"POUR L'AMOUR DU BEAU\\\". Retrouvez le aussi sur son blog personnel - https:\/\/joyana.fr...\",\"sameAs\":[\"https:\/\/joyana.fr\/\"]}]}<\/script>\n<!-- \/ Yoast SEO plugin. -->","yoast_head_json":{"title":"Livre sign\u00e9 : Mifu Kamisuki Artwork Vol.2 -  - Mifu Kamisuki Artwork Vol. 2 - Signed Book - Mifu Kamisuki Artwork Vol. 2 - MIFUU ODA[:] - JO YANA","robots":{"index":"index","follow":"follow","max-snippet":"max-snippet:-1","max-image-preview":"max-image-preview:large","max-video-preview":"max-video-preview:-1"},"canonical":"https:\/\/www.joyana.fr\/ja\/gallery\/livre-signe-mifu-kamisuki-artwork-vol-2-mifuu-oda\/","og_locale":"ja_JP","og_type":"article","og_title":"[:fr]Livre sign\u00e9 : Mifu Kamisuki Artwork Vol.2 - MIFUU ODA[:en]Signed Book - Mifu Kamisuki Artwork Vol. 2 - MIFUU ODA[:ja]Signed Book - Mifu Kamisuki Artwork Vol. 2 - MIFUU ODA[:] - JO YANA","og_description":"Artist - MIFUU ODA (Japan) Title - Mifu Kamisuki Artwork Vol. 2 Information - 17 pages - 21x21cm Signed by the artist at the end Price - 25 \u20ac","og_url":"https:\/\/joyana.fr\/ja\/gallery\/livre-signe-mifu-kamisuki-artwork-vol-2-mifuu-oda\/","og_site_name":"JO YANA","article_modified_time":"2025-02-13T14:22:14+00:00","og_image":[{"width":1488,"height":1488,"url":"https:\/\/i0.wp.com\/www.joyana.fr\/wp-content\/uploads\/2021\/03\/DSC02035.jpg?fit=1488%2C1488&ssl=1","type":"image\/jpeg"}],"twitter_card":"summary_large_image","twitter_site":"@Jo_Yana","twitter_misc":{"\u63a8\u5b9a\u8aad\u307f\u53d6\u308a\u6642\u9593":"1\u5206"},"schema":{"@context":"https:\/\/schema.org","@graph":[{"@type":"WebPage","@id":"https:\/\/www.joyana.fr\/ja\/gallery\/livre-signe-mifu-kamisuki-artwork-vol-2-mifuu-oda\/","url":"https:\/\/www.joyana.fr\/ja\/gallery\/livre-signe-mifu-kamisuki-artwork-vol-2-mifuu-oda\/","name":"Signed Book - Mifu Kamisuki Artwork Vol. 2 - MIFUU ODA","isPartOf":{"@id":"https:\/\/joyana.fr\/#website"},"primaryImageOfPage":{"@id":"https:\/\/www.joyana.fr\/ja\/gallery\/livre-signe-mifu-kamisuki-artwork-vol-2-mifuu-oda\/#primaryimage"},"image":{"@id":"https:\/\/www.joyana.fr\/ja\/gallery\/livre-signe-mifu-kamisuki-artwork-vol-2-mifuu-oda\/#primaryimage"},"thumbnailUrl":"https:\/\/i0.wp.com\/joyana.fr\/wp-content\/uploads\/2021\/03\/DSC02035.jpg?fit=1488%2C1488&ssl=1","datePublished":"2021-04-01T08:00:54+00:00","dateModified":"2025-02-13T14:22:14+00:00","breadcrumb":{"@id":"https:\/\/www.joyana.fr\/ja\/gallery\/livre-signe-mifu-kamisuki-artwork-vol-2-mifuu-oda\/#breadcrumb"},"inLanguage":"ja","potentialAction":[{"@type":"ReadAction","target":["https:\/\/www.joyana.fr\/ja\/gallery\/livre-signe-mifu-kamisuki-artwork-vol-2-mifuu-oda\/"]}]},{"@type":"ImageObject","inLanguage":"ja","@id":"https:\/\/www.joyana.fr\/ja\/gallery\/livre-signe-mifu-kamisuki-artwork-vol-2-mifuu-oda\/#primaryimage","url":"https:\/\/i0.wp.com\/joyana.fr\/wp-content\/uploads\/2021\/03\/DSC02035.jpg?fit=1488%2C1488&ssl=1","contentUrl":"https:\/\/i0.wp.com\/joyana.fr\/wp-content\/uploads\/2021\/03\/DSC02035.jpg?fit=1488%2C1488&ssl=1","width":1488,"height":1488},{"@type":"BreadcrumbList","@id":"https:\/\/www.joyana.fr\/ja\/gallery\/livre-signe-mifu-kamisuki-artwork-vol-2-mifuu-oda\/#breadcrumb","itemListElement":[{"@type":"ListItem","position":1,"name":"Accueil","item":"https:\/\/joyana.fr\/"},{"@type":"ListItem","position":2,"name":"GALLERY JO YANA","item":"https:\/\/joyana.fr\/en\/artgallery\/"},{"@type":"ListItem","position":3,"name":"Signed Book &#8211; Mifu Kamisuki Artwork Vol. 2 &#8211; MIFUU ODA"}]},{"@type":"WebSite","@id":"https:\/\/joyana.fr\/#website","url":"https:\/\/joyana.fr\/","name":"JO YANA","description":"Blog Mode Homme, Lifestyle, D\u00e9co-Design","publisher":{"@id":"https:\/\/joyana.fr\/#\/schema\/person\/cf2a1ad12a27c12c21801075bf37407c"},"potentialAction":[{"@type":"SearchAction","target":{"@type":"EntryPoint","urlTemplate":"https:\/\/joyana.fr\/?s={search_term_string}"},"query-input":{"@type":"PropertyValueSpecification","valueRequired":true,"valueName":"search_term_string"}}],"inLanguage":"ja"},{"@type":["Person","Organization"],"@id":"https:\/\/joyana.fr\/#\/schema\/person\/cf2a1ad12a27c12c21801075bf37407c","name":"Jo Yana","image":{"@type":"ImageObject","inLanguage":"ja","@id":"https:\/\/joyana.fr\/#\/schema\/person\/image\/","url":"https:\/\/i0.wp.com\/joyana.fr\/wp-content\/uploads\/2016\/08\/cropped-joyana-logo-black-360x180.png?fit=343%2C164&ssl=1","contentUrl":"https:\/\/i0.wp.com\/joyana.fr\/wp-content\/uploads\/2016\/08\/cropped-joyana-logo-black-360x180.png?fit=343%2C164&ssl=1","width":343,"height":164,"caption":"Jo Yana"},"logo":{"@id":"https:\/\/joyana.fr\/#\/schema\/person\/image\/"},"description":"Jo Yana est le cr\u00e9ateur et r\u00e9dacteur en chef des sites DECO-DESIGN. Passionn\u00e9 de Design, Mode, Photo, Luxe, Lifestyle, Musique, mais avant tout Blogueur ! Le plaisir de partager l'anime et a comme devise \"POUR L'AMOUR DU BEAU\". Retrouvez le aussi sur son blog personnel - https:\/\/joyana.fr...","sameAs":["https:\/\/joyana.fr\/"]}]}},"uagb_featured_image_src":{"full":["https:\/\/i0.wp.com\/joyana.fr\/wp-content\/uploads\/2021\/03\/DSC02035.jpg?fit=1488%2C1488&ssl=1",1488,1488,false],"thumbnail":["https:\/\/i0.wp.com\/joyana.fr\/wp-content\/uploads\/2021\/03\/DSC02035.jpg?resize=150%2C150&ssl=1",150,150,true],"medium":["https:\/\/i0.wp.com\/joyana.fr\/wp-content\/uploads\/2021\/03\/DSC02035.jpg?fit=389%2C389&ssl=1",389,389,true],"medium_large":["https:\/\/i0.wp.com\/joyana.fr\/wp-content\/uploads\/2021\/03\/DSC02035.jpg?fit=768%2C768&ssl=1",768,768,true],"large":["https:\/\/i0.wp.com\/joyana.fr\/wp-content\/uploads\/2021\/03\/DSC02035.jpg?fit=1024%2C1024&ssl=1",1024,1024,true],"1536x1536":["https:\/\/i0.wp.com\/joyana.fr\/wp-content\/uploads\/2021\/03\/DSC02035.jpg?fit=1488%2C1488&ssl=1",1488,1488,true],"2048x2048":["https:\/\/i0.wp.com\/joyana.fr\/wp-content\/uploads\/2021\/03\/DSC02035.jpg?fit=1488%2C1488&ssl=1",1488,1488,true],"featured-thumb":["https:\/\/i0.wp.com\/joyana.fr\/wp-content\/uploads\/2021\/03\/DSC02035.jpg?resize=1488%2C750&ssl=1",1488,750,true],"ab-block-post-grid-landscape":["https:\/\/i0.wp.com\/joyana.fr\/wp-content\/uploads\/2021\/03\/DSC02035.jpg?resize=600%2C400&ssl=1",600,400,true],"ab-block-post-grid-square":["https:\/\/i0.wp.com\/joyana.fr\/wp-content\/uploads\/2021\/03\/DSC02035.jpg?resize=600%2C600&ssl=1",600,600,true],"author-pro-image":["https:\/\/i0.wp.com\/joyana.fr\/wp-content\/uploads\/2021\/03\/DSC02035.jpg?resize=360%2C570&ssl=1",360,570,true],"slider":["https:\/\/i0.wp.com\/joyana.fr\/wp-content\/uploads\/2021\/03\/DSC02035.jpg?resize=920%2C400&ssl=1",920,400,true],"woocommerce_thumbnail":["https:\/\/i0.wp.com\/joyana.fr\/wp-content\/uploads\/2021\/03\/DSC02035.jpg?resize=450%2C450&ssl=1",450,450,true],"woocommerce_single":["https:\/\/i0.wp.com\/joyana.fr\/wp-content\/uploads\/2021\/03\/DSC02035.jpg?fit=920%2C920&ssl=1",920,920,true],"woocommerce_gallery_thumbnail":["https:\/\/i0.wp.com\/joyana.fr\/wp-content\/uploads\/2021\/03\/DSC02035.jpg?resize=180%2C180&ssl=1",180,180,true],"sow-carousel-default":["https:\/\/i0.wp.com\/joyana.fr\/wp-content\/uploads\/2021\/03\/DSC02035.jpg?resize=272%2C182&ssl=1",272,182,true]},"uagb_author_info":{"display_name":"Jo Yana","author_link":"https:\/\/joyana.fr\/ja\/author\/joyana\/"},"uagb_comment_info":0,"uagb_excerpt":"Artist - MIFUU ODA (Japan) Title - Mifu Kamisuki Artwor&hellip;","featured_img":"https:\/\/joyana.fr\/wp-content\/uploads\/2021\/03\/DSC02035.jpg","coauthors":[],"author_meta":{"author_link":"https:\/\/joyana.fr\/ja\/author\/joyana\/","display_name":"Jo Yana"},"relative_dates":{"created":"Posted 5\u5e74 ago","modified":"Updated 1\u5e74 ago"},"absolute_dates":{"created":"Posted on 1 4\u6708 2021","modified":"Updated on 13 2\u6708 2025"},"absolute_dates_time":{"created":"Posted on 1 4\u6708 2021 10:00","modified":"Updated on 13 2\u6708 2025 16:22"},"featured_img_caption":"","tax_additional":{"product_type":{"linked":["<a href=\"https:\/\/joyana.fr\/ja\/?taxonomy=product_type&#038;term=simple\" class=\"advgb-post-tax-term\">simple<\/a>"],"unlinked":["<span class=\"advgb-post-tax-term\">simple<\/span>"],"slug":"product_type","name":"\u5546\u54c1\u30bf\u30a4\u30d7"},"product_visibility":{"linked":["<a href=\"https:\/\/joyana.fr\/ja\/?taxonomy=product_visibility&#038;term=outofstock\" class=\"advgb-post-tax-term\">outofstock<\/a>"],"unlinked":["<span class=\"advgb-post-tax-term\">outofstock<\/span>"],"slug":"product_visibility","name":"\u5546\u54c1\u306e\u8868\u793a\u8a2d\u5b9a"},"product_cat":{"linked":["<a href=\"https:\/\/joyana.fr\/ja\/artgallery\/oeuvres\/oeuvres-sold-out\/goods\/\" class=\"advgb-post-tax-term\">Goods<\/a>","<a href=\"https:\/\/joyana.fr\/ja\/artgallery\/nos-artistes\/mifuu-oda\/\" class=\"advgb-post-tax-term\">MIFUU ODA<\/a>","<a href=\"https:\/\/joyana.fr\/ja\/artgallery\/oeuvres\/oeuvres-sold-out\/\" class=\"advgb-post-tax-term\">\u0152uvres sold out<\/a>"],"unlinked":["<span class=\"advgb-post-tax-term\">Goods<\/span>","<span class=\"advgb-post-tax-term\">MIFUU ODA<\/span>","<span class=\"advgb-post-tax-term\">\u0152uvres sold out<\/span>"],"slug":"product_cat","name":"\u5546\u54c1\u30ab\u30c6\u30b4\u30ea\u30fc"},"product_tag":{"linked":["<a href=\"https:\/\/joyana.fr\/ja\/etiquette-produit\/japan\/\" class=\"advgb-post-tax-term\">Japan<\/a>","<a href=\"https:\/\/joyana.fr\/ja\/etiquette-produit\/art-japonais\/\" class=\"advgb-post-tax-term\">Art Japonais<\/a>","<a href=\"https:\/\/joyana.fr\/ja\/etiquette-produit\/mifuu-oda\/\" class=\"advgb-post-tax-term\">MIFUU ODA<\/a>"],"unlinked":["<span class=\"advgb-post-tax-term\">Japan<\/span>","<span class=\"advgb-post-tax-term\">Art Japonais<\/span>","<span class=\"advgb-post-tax-term\">MIFUU ODA<\/span>"],"slug":"product_tag","name":"\u5546\u54c1\u30bf\u30b0"},"product_shipping_class":{"linked":["<a href=\"https:\/\/joyana.fr\/ja\/?taxonomy=product_shipping_class&#038;term=livre\" class=\"advgb-post-tax-term\">livre<\/a>"],"unlinked":["<span class=\"advgb-post-tax-term\">livre<\/span>"],"slug":"product_shipping_class","name":"\u5546\u54c1\u306e\u914d\u9001\u30af\u30e9\u30b9"},"pa_color":{"linked":[],"unlinked":[],"slug":"pa_color","name":"\u5546\u54c1 Couleurs"},"pa_frhoraires":{"linked":[],"unlinked":[],"slug":"pa_frhoraires","name":"\u5546\u54c1 Horaires"}},"series_order":"","jetpack_sharing_enabled":true,"jetpack-related-posts":[],"_links":{"self":[{"href":"https:\/\/joyana.fr\/ja\/wp-json\/wp\/v2\/product\/146707","targetHints":{"allow":["GET"]}}],"collection":[{"href":"https:\/\/joyana.fr\/ja\/wp-json\/wp\/v2\/product"}],"about":[{"href":"https:\/\/joyana.fr\/ja\/wp-json\/wp\/v2\/types\/product"}],"wp:featuredmedia":[{"embeddable":true,"href":"https:\/\/joyana.fr\/ja\/wp-json\/wp\/v2\/media\/146673"}],"wp:attachment":[{"href":"https:\/\/joyana.fr\/ja\/wp-json\/wp\/v2\/media?parent=146707"}],"wp:term":[{"taxonomy":"product_cat","embeddable":true,"href":"https:\/\/joyana.fr\/ja\/wp-json\/wp\/v2\/product_cat?post=146707"},{"taxonomy":"product_tag","embeddable":true,"href":"https:\/\/joyana.fr\/ja\/wp-json\/wp\/v2\/product_tag?post=146707"}],"curies":[{"name":"wp","href":"https:\/\/api.w.org\/{rel}","templated":true}]}}