{"id":146709,"date":"2021-04-01T09:00:13","date_gmt":"2021-04-01T07:00:13","guid":{"rendered":"https:\/\/joyana.fr\/?post_type=product&#038;p=146709"},"modified":"2021-05-01T08:53:18","modified_gmt":"2021-05-01T06:53:18","slug":"toile-ichiko-sakura-judas-arrieta","status":"publish","type":"product","link":"https:\/\/joyana.fr\/ja\/gallery\/toile-ichiko-sakura-judas-arrieta\/","title":{"rendered":"Canvas ICHIKO SAKURA &#8211; Judas ARRIETA"},"content":{"rendered":"<p>About the artist:<\/p>\n<p>Originally from the Spanish Basque Country, Judas Arrieta is considered the most recognized Iberian artist of his generation and is exhibited around the world. The kung fu movies and Japanese anime films had a considerable impact on his life &#8211; he lives between the Basque Country and Beijing &#8211; and on his art, which abounds in well-known pop-culture characters and a 100% Asian aesthetic. In addition to being an artist, Judas Arrieta enjoys sharing his knowledge and his vision of art in numerous publications or at conferences focusing in particular on the relationship between contemporary art and Asian or Western pop-cultures. Judas Arrieta aims to make a positive impact on the public and decided a few years ago to approach people in a fun and joyful way by specializing in toy art pieces. For him, Art should be a pleasant experience for everyone !<\/p>\n","protected":false},"excerpt":{"rendered":"<p>Artist &#8211; JUDAS ARRIETA (Spain)<br \/>\nTitle &#8211; ICHIKO SAKURA<br \/>\nInformation &#8211; 49x49x4cm &#8211; Mixed media on canvas<br \/>\nPrice &#8211; 950\u20ac<\/p>\n","protected":false},"author":3,"featured_media":146689,"template":"","meta":{"_coblocks_attr":"","_coblocks_dimensions":"","_coblocks_responsive_height":"","_coblocks_accordion_ie_support":"","_uag_custom_page_level_css":"","advgb_blocks_editor_width":"","advgb_blocks_columns_visual_guide":"","_genesis_hide_title":false,"_genesis_hide_breadcrumbs":false,"_genesis_hide_singular_image":false,"_genesis_hide_footer_widgets":false,"_genesis_custom_body_class":"","_genesis_custom_post_class":"","_genesis_layout":"full-width-content","_themeisle_gutenberg_block_has_review":false},"product_cat":[5259,5258],"product_tag":[5216],"class_list":{"0":"post-146709","1":"product","2":"type-product","3":"status-publish","4":"has-post-thumbnail","6":"product_cat-toile","7":"product_cat-oeuvres-disponibles","8":"product_tag-judas-arrieta","9":"product_shipping_class-nan-toka-cadre","10":"entry","12":"first","13":"instock","14":"shipping-taxable","15":"purchasable","16":"product-type-simple"},"featured_image_urls":{"full":["https:\/\/i0.wp.com\/joyana.fr\/wp-content\/uploads\/2021\/03\/IMG_8622-1.jpg?fit=1280%2C1280&ssl=1",1280,1280,false],"thumbnail":["https:\/\/i0.wp.com\/joyana.fr\/wp-content\/uploads\/2021\/03\/IMG_8622-1.jpg?resize=150%2C150&ssl=1",150,150,true],"medium":["https:\/\/i0.wp.com\/joyana.fr\/wp-content\/uploads\/2021\/03\/IMG_8622-1.jpg?fit=389%2C389&ssl=1",389,389,true],"medium_large":["https:\/\/i0.wp.com\/joyana.fr\/wp-content\/uploads\/2021\/03\/IMG_8622-1.jpg?fit=768%2C768&ssl=1",768,768,true],"large":["https:\/\/i0.wp.com\/joyana.fr\/wp-content\/uploads\/2021\/03\/IMG_8622-1.jpg?fit=1024%2C1024&ssl=1",1024,1024,true],"1536x1536":["https:\/\/i0.wp.com\/joyana.fr\/wp-content\/uploads\/2021\/03\/IMG_8622-1.jpg?fit=1280%2C1280&ssl=1",1280,1280,true],"2048x2048":["https:\/\/i0.wp.com\/joyana.fr\/wp-content\/uploads\/2021\/03\/IMG_8622-1.jpg?fit=1280%2C1280&ssl=1",1280,1280,true],"featured-thumb":["https:\/\/i0.wp.com\/joyana.fr\/wp-content\/uploads\/2021\/03\/IMG_8622-1.jpg?resize=1280%2C750&ssl=1",1280,750,true],"ab-block-post-grid-landscape":["https:\/\/i0.wp.com\/joyana.fr\/wp-content\/uploads\/2021\/03\/IMG_8622-1.jpg?resize=600%2C400&ssl=1",600,400,true],"ab-block-post-grid-square":["https:\/\/i0.wp.com\/joyana.fr\/wp-content\/uploads\/2021\/03\/IMG_8622-1.jpg?resize=600%2C600&ssl=1",600,600,true],"author-pro-image":["https:\/\/i0.wp.com\/joyana.fr\/wp-content\/uploads\/2021\/03\/IMG_8622-1.jpg?resize=360%2C570&ssl=1",360,570,true],"slider":["https:\/\/i0.wp.com\/joyana.fr\/wp-content\/uploads\/2021\/03\/IMG_8622-1.jpg?resize=920%2C400&ssl=1",920,400,true],"woocommerce_thumbnail":["https:\/\/i0.wp.com\/joyana.fr\/wp-content\/uploads\/2021\/03\/IMG_8622-1.jpg?resize=450%2C450&ssl=1",450,450,true],"woocommerce_single":["https:\/\/i0.wp.com\/joyana.fr\/wp-content\/uploads\/2021\/03\/IMG_8622-1.jpg?fit=920%2C920&ssl=1",920,920,true],"woocommerce_gallery_thumbnail":["https:\/\/i0.wp.com\/joyana.fr\/wp-content\/uploads\/2021\/03\/IMG_8622-1.jpg?resize=180%2C180&ssl=1",180,180,true],"sow-carousel-default":["https:\/\/i0.wp.com\/joyana.fr\/wp-content\/uploads\/2021\/03\/IMG_8622-1.jpg?resize=272%2C182&ssl=1",272,182,true]},"post_excerpt_stackable":"<p>Artist &#8211; JUDAS ARRIETA (Spain)<br \/>\nTitle &#8211; ICHIKO SAKURA<br \/>\nInformation &#8211; 49x49x4cm &#8211; Mixed media on canvas<br \/>\nPrice &#8211; 950\u20ac<\/p>\n","category_list":"","author_info":{"name":"Jo Yana","url":"https:\/\/joyana.fr\/ja\/author\/joyana\/"},"comments_num":"0 comments","featured_image_urls_v2":{"full":["https:\/\/i0.wp.com\/joyana.fr\/wp-content\/uploads\/2021\/03\/IMG_8622-1.jpg?fit=1280%2C1280&ssl=1",1280,1280,false],"thumbnail":["https:\/\/i0.wp.com\/joyana.fr\/wp-content\/uploads\/2021\/03\/IMG_8622-1.jpg?resize=150%2C150&ssl=1",150,150,true],"medium":["https:\/\/i0.wp.com\/joyana.fr\/wp-content\/uploads\/2021\/03\/IMG_8622-1.jpg?fit=389%2C389&ssl=1",389,389,true],"medium_large":["https:\/\/i0.wp.com\/joyana.fr\/wp-content\/uploads\/2021\/03\/IMG_8622-1.jpg?fit=768%2C768&ssl=1",768,768,true],"large":["https:\/\/i0.wp.com\/joyana.fr\/wp-content\/uploads\/2021\/03\/IMG_8622-1.jpg?fit=1024%2C1024&ssl=1",1024,1024,true],"1536x1536":["https:\/\/i0.wp.com\/joyana.fr\/wp-content\/uploads\/2021\/03\/IMG_8622-1.jpg?fit=1280%2C1280&ssl=1",1280,1280,true],"2048x2048":["https:\/\/i0.wp.com\/joyana.fr\/wp-content\/uploads\/2021\/03\/IMG_8622-1.jpg?fit=1280%2C1280&ssl=1",1280,1280,true],"featured-thumb":["https:\/\/i0.wp.com\/joyana.fr\/wp-content\/uploads\/2021\/03\/IMG_8622-1.jpg?resize=1280%2C750&ssl=1",1280,750,true],"ab-block-post-grid-landscape":["https:\/\/i0.wp.com\/joyana.fr\/wp-content\/uploads\/2021\/03\/IMG_8622-1.jpg?resize=600%2C400&ssl=1",600,400,true],"ab-block-post-grid-square":["https:\/\/i0.wp.com\/joyana.fr\/wp-content\/uploads\/2021\/03\/IMG_8622-1.jpg?resize=600%2C600&ssl=1",600,600,true],"author-pro-image":["https:\/\/i0.wp.com\/joyana.fr\/wp-content\/uploads\/2021\/03\/IMG_8622-1.jpg?resize=360%2C570&ssl=1",360,570,true],"slider":["https:\/\/i0.wp.com\/joyana.fr\/wp-content\/uploads\/2021\/03\/IMG_8622-1.jpg?resize=920%2C400&ssl=1",920,400,true],"woocommerce_thumbnail":["https:\/\/i0.wp.com\/joyana.fr\/wp-content\/uploads\/2021\/03\/IMG_8622-1.jpg?resize=450%2C450&ssl=1",450,450,true],"woocommerce_single":["https:\/\/i0.wp.com\/joyana.fr\/wp-content\/uploads\/2021\/03\/IMG_8622-1.jpg?fit=920%2C920&ssl=1",920,920,true],"woocommerce_gallery_thumbnail":["https:\/\/i0.wp.com\/joyana.fr\/wp-content\/uploads\/2021\/03\/IMG_8622-1.jpg?resize=180%2C180&ssl=1",180,180,true],"sow-carousel-default":["https:\/\/i0.wp.com\/joyana.fr\/wp-content\/uploads\/2021\/03\/IMG_8622-1.jpg?resize=272%2C182&ssl=1",272,182,true]},"post_excerpt_stackable_v2":"<p>Artist &#8211; JUDAS ARRIETA (Spain)<br \/>\nTitle &#8211; ICHIKO SAKURA<br \/>\nInformation &#8211; 49x49x4cm &#8211; Mixed media on canvas<br \/>\nPrice &#8211; 950\u20ac<\/p>\n","category_list_v2":"","author_info_v2":{"name":"Jo Yana","url":"https:\/\/joyana.fr\/ja\/author\/joyana\/"},"comments_num_v2":"0 comments","yoast_head":"<!-- This site is optimized with the Yoast SEO plugin v26.8 - https:\/\/yoast.com\/product\/yoast-seo-wordpress\/ -->\n<title>Toile ICHIKO SAKURA -  - Canvas ICHIKO SAKURA - Judas ARRIETA[:] - JO YANA<\/title>\n<meta name=\"robots\" content=\"index, follow, max-snippet:-1, max-image-preview:large, max-video-preview:-1\" \/>\n<link rel=\"canonical\" href=\"https:\/\/joyana.fr\/ja\/gallery\/toile-ichiko-sakura-judas-arrieta\/\" \/>\n<meta property=\"og:locale\" content=\"ja_JP\" \/>\n<meta property=\"og:locale:alternate\" content=\"fr_FR\" \/>\n<meta property=\"og:locale:alternate\" content=\"en_US\" \/>\n<meta property=\"og:type\" content=\"article\" \/>\n<meta property=\"og:title\" content=\"Canvas ICHIKO SAKURA - Judas ARRIETA\" \/>\n<meta property=\"og:description\" content=\"Artist - JUDAS ARRIETA (Spain) Title - ICHIKO SAKURA Information - 49x49x4cm - Mixed media on canvas Price - 950\u20ac\" \/>\n<meta property=\"og:url\" content=\"https:\/\/joyana.fr\/ja\/gallery\/toile-ichiko-sakura-judas-arrieta\/\" \/>\n<meta property=\"og:site_name\" content=\"JO YANA\" \/>\n<meta property=\"article:modified_time\" content=\"2021-05-01T06:53:18+00:00\" \/>\n<meta property=\"og:image\" content=\"https:\/\/i0.wp.com\/joyana.fr\/wp-content\/uploads\/2021\/03\/IMG_8622-1.jpg?fit=1280%2C1280&ssl=1\" \/>\n\t<meta property=\"og:image:width\" content=\"1280\" \/>\n\t<meta property=\"og:image:height\" content=\"1280\" \/>\n\t<meta property=\"og:image:type\" content=\"image\/jpeg\" \/>\n<meta name=\"twitter:card\" content=\"summary_large_image\" \/>\n<meta name=\"twitter:site\" content=\"@Jo_Yana\" \/>\n<meta name=\"twitter:label1\" content=\"\u63a8\u5b9a\u8aad\u307f\u53d6\u308a\u6642\u9593\" \/>\n\t<meta name=\"twitter:data1\" content=\"2\u5206\" \/>\n<script type=\"application\/ld+json\" class=\"yoast-schema-graph\">{\"@context\":\"https:\/\/schema.org\",\"@graph\":[{\"@type\":\"WebPage\",\"@id\":\"https:\/\/joyana.fr\/gallery\/toile-ichiko-sakura-judas-arrieta\/\",\"url\":\"https:\/\/joyana.fr\/gallery\/toile-ichiko-sakura-judas-arrieta\/\",\"name\":\"Canvas ICHIKO SAKURA - Judas ARRIETA\",\"isPartOf\":{\"@id\":\"https:\/\/joyana.fr\/#website\"},\"primaryImageOfPage\":{\"@id\":\"https:\/\/joyana.fr\/gallery\/toile-ichiko-sakura-judas-arrieta\/#primaryimage\"},\"image\":{\"@id\":\"https:\/\/joyana.fr\/gallery\/toile-ichiko-sakura-judas-arrieta\/#primaryimage\"},\"thumbnailUrl\":\"https:\/\/i0.wp.com\/joyana.fr\/wp-content\/uploads\/2021\/03\/IMG_8622-1.jpg?fit=1280%2C1280&ssl=1\",\"datePublished\":\"2021-04-01T07:00:13+00:00\",\"dateModified\":\"2021-05-01T06:53:18+00:00\",\"breadcrumb\":{\"@id\":\"https:\/\/joyana.fr\/gallery\/toile-ichiko-sakura-judas-arrieta\/#breadcrumb\"},\"inLanguage\":\"ja\",\"potentialAction\":[{\"@type\":\"ReadAction\",\"target\":[\"https:\/\/joyana.fr\/gallery\/toile-ichiko-sakura-judas-arrieta\/\"]}]},{\"@type\":\"ImageObject\",\"inLanguage\":\"ja\",\"@id\":\"https:\/\/joyana.fr\/gallery\/toile-ichiko-sakura-judas-arrieta\/#primaryimage\",\"url\":\"https:\/\/i0.wp.com\/joyana.fr\/wp-content\/uploads\/2021\/03\/IMG_8622-1.jpg?fit=1280%2C1280&ssl=1\",\"contentUrl\":\"https:\/\/i0.wp.com\/joyana.fr\/wp-content\/uploads\/2021\/03\/IMG_8622-1.jpg?fit=1280%2C1280&ssl=1\",\"width\":1280,\"height\":1280},{\"@type\":\"BreadcrumbList\",\"@id\":\"https:\/\/joyana.fr\/gallery\/toile-ichiko-sakura-judas-arrieta\/#breadcrumb\",\"itemListElement\":[{\"@type\":\"ListItem\",\"position\":1,\"name\":\"Accueil\",\"item\":\"https:\/\/joyana.fr\/\"},{\"@type\":\"ListItem\",\"position\":2,\"name\":\"GALLERY JO YANA\",\"item\":\"https:\/\/joyana.fr\/ja\/artgallery\/\"},{\"@type\":\"ListItem\",\"position\":3,\"name\":\"Toile ICHIKO SAKURA &#8211; JUDAS ARRIETA\"}]},{\"@type\":\"WebSite\",\"@id\":\"https:\/\/joyana.fr\/#website\",\"url\":\"https:\/\/joyana.fr\/\",\"name\":\"JO YANA\",\"description\":\"Blog Mode Homme, Lifestyle, D\u00e9co-Design\",\"publisher\":{\"@id\":\"https:\/\/joyana.fr\/#\/schema\/person\/cf2a1ad12a27c12c21801075bf37407c\"},\"potentialAction\":[{\"@type\":\"SearchAction\",\"target\":{\"@type\":\"EntryPoint\",\"urlTemplate\":\"https:\/\/joyana.fr\/?s={search_term_string}\"},\"query-input\":{\"@type\":\"PropertyValueSpecification\",\"valueRequired\":true,\"valueName\":\"search_term_string\"}}],\"inLanguage\":\"ja\"},{\"@type\":[\"Person\",\"Organization\"],\"@id\":\"https:\/\/joyana.fr\/#\/schema\/person\/cf2a1ad12a27c12c21801075bf37407c\",\"name\":\"Jo Yana\",\"image\":{\"@type\":\"ImageObject\",\"inLanguage\":\"ja\",\"@id\":\"https:\/\/joyana.fr\/#\/schema\/person\/image\/\",\"url\":\"https:\/\/i0.wp.com\/joyana.fr\/wp-content\/uploads\/2016\/08\/cropped-joyana-logo-black-360x180.png?fit=343%2C164&ssl=1\",\"contentUrl\":\"https:\/\/i0.wp.com\/joyana.fr\/wp-content\/uploads\/2016\/08\/cropped-joyana-logo-black-360x180.png?fit=343%2C164&ssl=1\",\"width\":343,\"height\":164,\"caption\":\"Jo Yana\"},\"logo\":{\"@id\":\"https:\/\/joyana.fr\/#\/schema\/person\/image\/\"},\"description\":\"Jo Yana est le cr\u00e9ateur et r\u00e9dacteur en chef des sites DECO-DESIGN. Passionn\u00e9 de Design, Mode, Photo, Luxe, Lifestyle, Musique, mais avant tout Blogueur ! Le plaisir de partager l'anime et a comme devise \\\"POUR L'AMOUR DU BEAU\\\". Retrouvez le aussi sur son blog personnel - https:\/\/joyana.fr...\",\"sameAs\":[\"https:\/\/joyana.fr\/\"]}]}<\/script>\n<!-- \/ Yoast SEO plugin. -->","yoast_head_json":{"title":"Toile ICHIKO SAKURA -  - Canvas ICHIKO SAKURA - Judas ARRIETA[:] - JO YANA","robots":{"index":"index","follow":"follow","max-snippet":"max-snippet:-1","max-image-preview":"max-image-preview:large","max-video-preview":"max-video-preview:-1"},"canonical":"https:\/\/joyana.fr\/ja\/gallery\/toile-ichiko-sakura-judas-arrieta\/","og_locale":"ja_JP","og_type":"article","og_title":"[:fr]Toile ICHIKO SAKURA - JUDAS ARRIETA[:en]Canvas ICHIKO SAKURA - Judas ARRIETA[:ja]Canvas ICHIKO SAKURA - Judas ARRIETA[:] - JO YANA","og_description":"Artist - JUDAS ARRIETA (Spain) Title - ICHIKO SAKURA Information - 49x49x4cm - Mixed media on canvas Price - 950\u20ac","og_url":"https:\/\/joyana.fr\/ja\/gallery\/toile-ichiko-sakura-judas-arrieta\/","og_site_name":"JO YANA","article_modified_time":"2021-05-01T06:53:18+00:00","og_image":[{"width":1280,"height":1280,"url":"https:\/\/i0.wp.com\/joyana.fr\/wp-content\/uploads\/2021\/03\/IMG_8622-1.jpg?fit=1280%2C1280&ssl=1","type":"image\/jpeg"}],"twitter_card":"summary_large_image","twitter_site":"@Jo_Yana","twitter_misc":{"\u63a8\u5b9a\u8aad\u307f\u53d6\u308a\u6642\u9593":"2\u5206"},"schema":{"@context":"https:\/\/schema.org","@graph":[{"@type":"WebPage","@id":"https:\/\/joyana.fr\/gallery\/toile-ichiko-sakura-judas-arrieta\/","url":"https:\/\/joyana.fr\/gallery\/toile-ichiko-sakura-judas-arrieta\/","name":"Canvas ICHIKO SAKURA - Judas ARRIETA","isPartOf":{"@id":"https:\/\/joyana.fr\/#website"},"primaryImageOfPage":{"@id":"https:\/\/joyana.fr\/gallery\/toile-ichiko-sakura-judas-arrieta\/#primaryimage"},"image":{"@id":"https:\/\/joyana.fr\/gallery\/toile-ichiko-sakura-judas-arrieta\/#primaryimage"},"thumbnailUrl":"https:\/\/i0.wp.com\/joyana.fr\/wp-content\/uploads\/2021\/03\/IMG_8622-1.jpg?fit=1280%2C1280&ssl=1","datePublished":"2021-04-01T07:00:13+00:00","dateModified":"2021-05-01T06:53:18+00:00","breadcrumb":{"@id":"https:\/\/joyana.fr\/gallery\/toile-ichiko-sakura-judas-arrieta\/#breadcrumb"},"inLanguage":"ja","potentialAction":[{"@type":"ReadAction","target":["https:\/\/joyana.fr\/gallery\/toile-ichiko-sakura-judas-arrieta\/"]}]},{"@type":"ImageObject","inLanguage":"ja","@id":"https:\/\/joyana.fr\/gallery\/toile-ichiko-sakura-judas-arrieta\/#primaryimage","url":"https:\/\/i0.wp.com\/joyana.fr\/wp-content\/uploads\/2021\/03\/IMG_8622-1.jpg?fit=1280%2C1280&ssl=1","contentUrl":"https:\/\/i0.wp.com\/joyana.fr\/wp-content\/uploads\/2021\/03\/IMG_8622-1.jpg?fit=1280%2C1280&ssl=1","width":1280,"height":1280},{"@type":"BreadcrumbList","@id":"https:\/\/joyana.fr\/gallery\/toile-ichiko-sakura-judas-arrieta\/#breadcrumb","itemListElement":[{"@type":"ListItem","position":1,"name":"Accueil","item":"https:\/\/joyana.fr\/"},{"@type":"ListItem","position":2,"name":"GALLERY JO YANA","item":"https:\/\/joyana.fr\/ja\/artgallery\/"},{"@type":"ListItem","position":3,"name":"Toile ICHIKO SAKURA &#8211; JUDAS ARRIETA"}]},{"@type":"WebSite","@id":"https:\/\/joyana.fr\/#website","url":"https:\/\/joyana.fr\/","name":"JO YANA","description":"Blog Mode Homme, Lifestyle, D\u00e9co-Design","publisher":{"@id":"https:\/\/joyana.fr\/#\/schema\/person\/cf2a1ad12a27c12c21801075bf37407c"},"potentialAction":[{"@type":"SearchAction","target":{"@type":"EntryPoint","urlTemplate":"https:\/\/joyana.fr\/?s={search_term_string}"},"query-input":{"@type":"PropertyValueSpecification","valueRequired":true,"valueName":"search_term_string"}}],"inLanguage":"ja"},{"@type":["Person","Organization"],"@id":"https:\/\/joyana.fr\/#\/schema\/person\/cf2a1ad12a27c12c21801075bf37407c","name":"Jo Yana","image":{"@type":"ImageObject","inLanguage":"ja","@id":"https:\/\/joyana.fr\/#\/schema\/person\/image\/","url":"https:\/\/i0.wp.com\/joyana.fr\/wp-content\/uploads\/2016\/08\/cropped-joyana-logo-black-360x180.png?fit=343%2C164&ssl=1","contentUrl":"https:\/\/i0.wp.com\/joyana.fr\/wp-content\/uploads\/2016\/08\/cropped-joyana-logo-black-360x180.png?fit=343%2C164&ssl=1","width":343,"height":164,"caption":"Jo Yana"},"logo":{"@id":"https:\/\/joyana.fr\/#\/schema\/person\/image\/"},"description":"Jo Yana est le cr\u00e9ateur et r\u00e9dacteur en chef des sites DECO-DESIGN. Passionn\u00e9 de Design, Mode, Photo, Luxe, Lifestyle, Musique, mais avant tout Blogueur ! Le plaisir de partager l'anime et a comme devise \"POUR L'AMOUR DU BEAU\". Retrouvez le aussi sur son blog personnel - https:\/\/joyana.fr...","sameAs":["https:\/\/joyana.fr\/"]}]}},"uagb_featured_image_src":{"full":["https:\/\/i0.wp.com\/joyana.fr\/wp-content\/uploads\/2021\/03\/IMG_8622-1.jpg?fit=1280%2C1280&ssl=1",1280,1280,false],"thumbnail":["https:\/\/i0.wp.com\/joyana.fr\/wp-content\/uploads\/2021\/03\/IMG_8622-1.jpg?resize=150%2C150&ssl=1",150,150,true],"medium":["https:\/\/i0.wp.com\/joyana.fr\/wp-content\/uploads\/2021\/03\/IMG_8622-1.jpg?fit=389%2C389&ssl=1",389,389,true],"medium_large":["https:\/\/i0.wp.com\/joyana.fr\/wp-content\/uploads\/2021\/03\/IMG_8622-1.jpg?fit=768%2C768&ssl=1",768,768,true],"large":["https:\/\/i0.wp.com\/joyana.fr\/wp-content\/uploads\/2021\/03\/IMG_8622-1.jpg?fit=1024%2C1024&ssl=1",1024,1024,true],"1536x1536":["https:\/\/i0.wp.com\/joyana.fr\/wp-content\/uploads\/2021\/03\/IMG_8622-1.jpg?fit=1280%2C1280&ssl=1",1280,1280,true],"2048x2048":["https:\/\/i0.wp.com\/joyana.fr\/wp-content\/uploads\/2021\/03\/IMG_8622-1.jpg?fit=1280%2C1280&ssl=1",1280,1280,true],"featured-thumb":["https:\/\/i0.wp.com\/joyana.fr\/wp-content\/uploads\/2021\/03\/IMG_8622-1.jpg?resize=1280%2C750&ssl=1",1280,750,true],"ab-block-post-grid-landscape":["https:\/\/i0.wp.com\/joyana.fr\/wp-content\/uploads\/2021\/03\/IMG_8622-1.jpg?resize=600%2C400&ssl=1",600,400,true],"ab-block-post-grid-square":["https:\/\/i0.wp.com\/joyana.fr\/wp-content\/uploads\/2021\/03\/IMG_8622-1.jpg?resize=600%2C600&ssl=1",600,600,true],"author-pro-image":["https:\/\/i0.wp.com\/joyana.fr\/wp-content\/uploads\/2021\/03\/IMG_8622-1.jpg?resize=360%2C570&ssl=1",360,570,true],"slider":["https:\/\/i0.wp.com\/joyana.fr\/wp-content\/uploads\/2021\/03\/IMG_8622-1.jpg?resize=920%2C400&ssl=1",920,400,true],"woocommerce_thumbnail":["https:\/\/i0.wp.com\/joyana.fr\/wp-content\/uploads\/2021\/03\/IMG_8622-1.jpg?resize=450%2C450&ssl=1",450,450,true],"woocommerce_single":["https:\/\/i0.wp.com\/joyana.fr\/wp-content\/uploads\/2021\/03\/IMG_8622-1.jpg?fit=920%2C920&ssl=1",920,920,true],"woocommerce_gallery_thumbnail":["https:\/\/i0.wp.com\/joyana.fr\/wp-content\/uploads\/2021\/03\/IMG_8622-1.jpg?resize=180%2C180&ssl=1",180,180,true],"sow-carousel-default":["https:\/\/i0.wp.com\/joyana.fr\/wp-content\/uploads\/2021\/03\/IMG_8622-1.jpg?resize=272%2C182&ssl=1",272,182,true]},"uagb_author_info":{"display_name":"Jo Yana","author_link":"https:\/\/joyana.fr\/ja\/author\/joyana\/"},"uagb_comment_info":0,"uagb_excerpt":"Artist - JUDAS ARRIETA (Spain) Title - ICHIKO SAKURA In&hellip;","featured_img":"https:\/\/joyana.fr\/wp-content\/uploads\/2021\/03\/IMG_8622-1.jpg","coauthors":[],"author_meta":{"author_link":"https:\/\/joyana.fr\/ja\/author\/joyana\/","display_name":"Jo Yana"},"relative_dates":{"created":"Posted 5\u5e74 ago","modified":"Updated 5\u5e74 ago"},"absolute_dates":{"created":"Posted on 1 4\u6708 2021","modified":"Updated on 1 5\u6708 2021"},"absolute_dates_time":{"created":"Posted on 1 4\u6708 2021 9:00","modified":"Updated on 1 5\u6708 2021 8:53"},"featured_img_caption":"","tax_additional":{"product_type":{"linked":["<a href=\"https:\/\/joyana.fr\/ja\/?taxonomy=product_type&#038;term=simple\" class=\"advgb-post-tax-term\">simple<\/a>"],"unlinked":["<span class=\"advgb-post-tax-term\">simple<\/span>"],"slug":"product_type","name":"\u5546\u54c1\u30bf\u30a4\u30d7"},"product_visibility":{"linked":[],"unlinked":[],"slug":"product_visibility","name":"\u5546\u54c1\u306e\u8868\u793a\u8a2d\u5b9a"},"product_cat":{"linked":["<a href=\"https:\/\/joyana.fr\/ja\/artgallery\/oeuvres\/oeuvres-disponibles\/toile\/\" class=\"advgb-post-tax-term\">Toile<\/a>","<a href=\"https:\/\/joyana.fr\/ja\/artgallery\/oeuvres\/oeuvres-disponibles\/\" class=\"advgb-post-tax-term\">\u0152uvres disponibles<\/a>"],"unlinked":["<span class=\"advgb-post-tax-term\">Toile<\/span>","<span class=\"advgb-post-tax-term\">\u0152uvres disponibles<\/span>"],"slug":"product_cat","name":"\u5546\u54c1\u30ab\u30c6\u30b4\u30ea\u30fc"},"product_tag":{"linked":["<a href=\"https:\/\/joyana.fr\/ja\/etiquette-produit\/judas-arrieta\/\" class=\"advgb-post-tax-term\">Judas ARRIETA<\/a>"],"unlinked":["<span class=\"advgb-post-tax-term\">Judas ARRIETA<\/span>"],"slug":"product_tag","name":"\u5546\u54c1\u30bf\u30b0"},"product_shipping_class":{"linked":["<a href=\"https:\/\/joyana.fr\/ja\/?taxonomy=product_shipping_class&#038;term=nan-toka-cadre\" class=\"advgb-post-tax-term\">nan toka cadre<\/a>"],"unlinked":["<span class=\"advgb-post-tax-term\">nan toka cadre<\/span>"],"slug":"product_shipping_class","name":"\u5546\u54c1\u306e\u914d\u9001\u30af\u30e9\u30b9"},"pa_color":{"linked":[],"unlinked":[],"slug":"pa_color","name":"\u5546\u54c1 Couleurs"},"pa_frhoraires":{"linked":[],"unlinked":[],"slug":"pa_frhoraires","name":"\u5546\u54c1 Horaires"}},"series_order":"","jetpack_sharing_enabled":true,"jetpack-related-posts":[],"_links":{"self":[{"href":"https:\/\/joyana.fr\/ja\/wp-json\/wp\/v2\/product\/146709","targetHints":{"allow":["GET"]}}],"collection":[{"href":"https:\/\/joyana.fr\/ja\/wp-json\/wp\/v2\/product"}],"about":[{"href":"https:\/\/joyana.fr\/ja\/wp-json\/wp\/v2\/types\/product"}],"wp:featuredmedia":[{"embeddable":true,"href":"https:\/\/joyana.fr\/ja\/wp-json\/wp\/v2\/media\/146689"}],"wp:attachment":[{"href":"https:\/\/joyana.fr\/ja\/wp-json\/wp\/v2\/media?parent=146709"}],"wp:term":[{"taxonomy":"product_cat","embeddable":true,"href":"https:\/\/joyana.fr\/ja\/wp-json\/wp\/v2\/product_cat?post=146709"},{"taxonomy":"product_tag","embeddable":true,"href":"https:\/\/joyana.fr\/ja\/wp-json\/wp\/v2\/product_tag?post=146709"}],"curies":[{"name":"wp","href":"https:\/\/api.w.org\/{rel}","templated":true}]}}