{"id":146865,"date":"2021-05-01T07:59:39","date_gmt":"2021-05-01T05:59:39","guid":{"rendered":"https:\/\/joyana.fr\/?post_type=product&#038;p=146865"},"modified":"2021-06-01T04:07:09","modified_gmt":"2021-06-01T02:07:09","slug":"bougies-vases-red-fig-ln-boul","status":"publish","type":"product","link":"https:\/\/joyana.fr\/ja\/gallery\/bougies-vases-red-fig-ln-boul\/","title":{"rendered":"Candles\/Vases 3 set RED FIG by LN BOUL"},"content":{"rendered":"<p>This set of three RED FIG candles &#8211; was crafted in the workshop of French ceramist LN BOUL. Like each piece of craftsmanship, each model is unique and presents slight variations in shape and color.<\/p>\n<p>About LN BOUL: Designer by training, graduate of the Beaux Arts de Marseille, H\u00e9l\u00e8ne Besset created the Ln Boul workshop in 2007. After designing furniture, lighting, objects, and scenography, she turned to ceramics following vocational training in 2018. She works with &#8220;low temperature stoneware&#8221; fired at 1150 degrees, utility pieces with simple shapes, and in raku for decorative pieces.<\/p>\n<p>His initial training influenced him to try to make these pieces designed for everyday life and accessible to all&#8230;<\/p>\n","protected":false},"excerpt":{"rendered":"<p><strong>Set of 3 RED FIG Candles \/ Vases by LN BOUL (France)<\/strong><\/p>\n<p><strong>INFO<\/strong> | sizes 16x8cm (small) 19.5&#215;9.5cm (medium) 28x12cm (large) &#8211; French white sandstone &#8211; Signed below &#8211; MADE IN FRANCE<\/p>\n<p><strong>CANDLE<\/strong> | RED FIG Perfume &#8211; Sweet fragrance combining the warmth of the bark, the freshness of the leaves, and the sweetness of fig milk. Add to that a hint of red fruit, and let your senses guide you. In all 1120g (240 hours burn time) soy wax without GMOs or pesticides, untreated cotton wick, fragrances of Grasse. (exclusive creation for Gallery Jo Yana)<\/p>\n<p><strong>USE<\/strong> | Once the candles are finished, the set transforms into three vases as in the photos.<\/p>\n<p>SHIPPING | Shipped from France around end of May 2021<\/p>\n","protected":false},"author":3,"featured_media":146867,"template":"","meta":{"_coblocks_attr":"","_coblocks_dimensions":"","_coblocks_responsive_height":"","_coblocks_accordion_ie_support":"","_uag_custom_page_level_css":"","advgb_blocks_editor_width":"","advgb_blocks_columns_visual_guide":"","_genesis_hide_title":false,"_genesis_hide_breadcrumbs":false,"_genesis_hide_singular_image":false,"_genesis_hide_footer_widgets":false,"_genesis_custom_body_class":"","_genesis_custom_post_class":"","_genesis_layout":"full-width-content","_themeisle_gutenberg_block_has_review":false},"product_cat":[5262,5258],"product_tag":[5168],"class_list":{"0":"post-146865","1":"product","2":"type-product","3":"status-publish","4":"has-post-thumbnail","6":"product_cat-ceramique","7":"product_cat-oeuvres-disponibles","8":"product_tag-ln-boul","9":"product_shipping_class-ln-boul-red-fig","10":"entry","12":"first","13":"instock","14":"shipping-taxable","15":"purchasable","16":"product-type-simple"},"featured_image_urls":{"full":["https:\/\/i0.wp.com\/joyana.fr\/wp-content\/uploads\/2021\/05\/RED-FIG-IMG_0999.jpg?fit=1800%2C1800&ssl=1",1800,1800,false],"thumbnail":["https:\/\/i0.wp.com\/joyana.fr\/wp-content\/uploads\/2021\/05\/RED-FIG-IMG_0999.jpg?resize=150%2C150&ssl=1",150,150,true],"medium":["https:\/\/i0.wp.com\/joyana.fr\/wp-content\/uploads\/2021\/05\/RED-FIG-IMG_0999.jpg?fit=389%2C389&ssl=1",389,389,true],"medium_large":["https:\/\/i0.wp.com\/joyana.fr\/wp-content\/uploads\/2021\/05\/RED-FIG-IMG_0999.jpg?fit=768%2C768&ssl=1",768,768,true],"large":["https:\/\/i0.wp.com\/joyana.fr\/wp-content\/uploads\/2021\/05\/RED-FIG-IMG_0999.jpg?fit=1024%2C1024&ssl=1",1024,1024,true],"1536x1536":["https:\/\/i0.wp.com\/joyana.fr\/wp-content\/uploads\/2021\/05\/RED-FIG-IMG_0999.jpg?fit=1536%2C1536&ssl=1",1536,1536,true],"2048x2048":["https:\/\/i0.wp.com\/joyana.fr\/wp-content\/uploads\/2021\/05\/RED-FIG-IMG_0999.jpg?fit=1800%2C1800&ssl=1",1800,1800,true],"featured-thumb":["https:\/\/i0.wp.com\/joyana.fr\/wp-content\/uploads\/2021\/05\/RED-FIG-IMG_0999.jpg?resize=1800%2C750&ssl=1",1800,750,true],"ab-block-post-grid-landscape":["https:\/\/i0.wp.com\/joyana.fr\/wp-content\/uploads\/2021\/05\/RED-FIG-IMG_0999.jpg?resize=600%2C400&ssl=1",600,400,true],"ab-block-post-grid-square":["https:\/\/i0.wp.com\/joyana.fr\/wp-content\/uploads\/2021\/05\/RED-FIG-IMG_0999.jpg?resize=600%2C600&ssl=1",600,600,true],"author-pro-image":["https:\/\/i0.wp.com\/joyana.fr\/wp-content\/uploads\/2021\/05\/RED-FIG-IMG_0999.jpg?resize=360%2C570&ssl=1",360,570,true],"slider":["https:\/\/i0.wp.com\/joyana.fr\/wp-content\/uploads\/2021\/05\/RED-FIG-IMG_0999.jpg?resize=920%2C400&ssl=1",920,400,true],"woocommerce_thumbnail":["https:\/\/i0.wp.com\/joyana.fr\/wp-content\/uploads\/2021\/05\/RED-FIG-IMG_0999.jpg?resize=450%2C450&ssl=1",450,450,true],"woocommerce_single":["https:\/\/i0.wp.com\/joyana.fr\/wp-content\/uploads\/2021\/05\/RED-FIG-IMG_0999.jpg?fit=920%2C920&ssl=1",920,920,true],"woocommerce_gallery_thumbnail":["https:\/\/i0.wp.com\/joyana.fr\/wp-content\/uploads\/2021\/05\/RED-FIG-IMG_0999.jpg?resize=180%2C180&ssl=1",180,180,true],"sow-carousel-default":["https:\/\/i0.wp.com\/joyana.fr\/wp-content\/uploads\/2021\/05\/RED-FIG-IMG_0999.jpg?resize=272%2C182&ssl=1",272,182,true]},"post_excerpt_stackable":"<p><strong>Set of 3 RED FIG Candles \/ Vases by LN BOUL (France)<\/strong><\/p>\n<p><strong>INFO<\/strong> | sizes 16x8cm (small) 19.5&#215;9.5cm (medium) 28x12cm (large) &#8211; French white sandstone &#8211; Signed below &#8211; MADE IN FRANCE<\/p>\n<p><strong>CANDLE<\/strong> | RED FIG Perfume &#8211; Sweet fragrance combining the warmth of the bark, the freshness of the leaves, and the sweetness of fig milk. Add to that a hint of red fruit, and let your senses guide you. In all 1120g (240 hours burn time) soy wax without GMOs or pesticides, untreated cotton wick, fragrances of Grasse. (exclusive creation for Gallery Jo Yana)<\/p>\n<p><strong>USE<\/strong> | Once the candles are finished, the set transforms into three vases as in the photos.<\/p>\n<p>SHIPPING | Shipped from France around end of May 2021<\/p>\n","category_list":"","author_info":{"name":"Jo Yana","url":"https:\/\/joyana.fr\/ja\/author\/joyana\/"},"comments_num":"0 comments","featured_image_urls_v2":{"full":["https:\/\/i0.wp.com\/joyana.fr\/wp-content\/uploads\/2021\/05\/RED-FIG-IMG_0999.jpg?fit=1800%2C1800&ssl=1",1800,1800,false],"thumbnail":["https:\/\/i0.wp.com\/joyana.fr\/wp-content\/uploads\/2021\/05\/RED-FIG-IMG_0999.jpg?resize=150%2C150&ssl=1",150,150,true],"medium":["https:\/\/i0.wp.com\/joyana.fr\/wp-content\/uploads\/2021\/05\/RED-FIG-IMG_0999.jpg?fit=389%2C389&ssl=1",389,389,true],"medium_large":["https:\/\/i0.wp.com\/joyana.fr\/wp-content\/uploads\/2021\/05\/RED-FIG-IMG_0999.jpg?fit=768%2C768&ssl=1",768,768,true],"large":["https:\/\/i0.wp.com\/joyana.fr\/wp-content\/uploads\/2021\/05\/RED-FIG-IMG_0999.jpg?fit=1024%2C1024&ssl=1",1024,1024,true],"1536x1536":["https:\/\/i0.wp.com\/joyana.fr\/wp-content\/uploads\/2021\/05\/RED-FIG-IMG_0999.jpg?fit=1536%2C1536&ssl=1",1536,1536,true],"2048x2048":["https:\/\/i0.wp.com\/joyana.fr\/wp-content\/uploads\/2021\/05\/RED-FIG-IMG_0999.jpg?fit=1800%2C1800&ssl=1",1800,1800,true],"featured-thumb":["https:\/\/i0.wp.com\/joyana.fr\/wp-content\/uploads\/2021\/05\/RED-FIG-IMG_0999.jpg?resize=1800%2C750&ssl=1",1800,750,true],"ab-block-post-grid-landscape":["https:\/\/i0.wp.com\/joyana.fr\/wp-content\/uploads\/2021\/05\/RED-FIG-IMG_0999.jpg?resize=600%2C400&ssl=1",600,400,true],"ab-block-post-grid-square":["https:\/\/i0.wp.com\/joyana.fr\/wp-content\/uploads\/2021\/05\/RED-FIG-IMG_0999.jpg?resize=600%2C600&ssl=1",600,600,true],"author-pro-image":["https:\/\/i0.wp.com\/joyana.fr\/wp-content\/uploads\/2021\/05\/RED-FIG-IMG_0999.jpg?resize=360%2C570&ssl=1",360,570,true],"slider":["https:\/\/i0.wp.com\/joyana.fr\/wp-content\/uploads\/2021\/05\/RED-FIG-IMG_0999.jpg?resize=920%2C400&ssl=1",920,400,true],"woocommerce_thumbnail":["https:\/\/i0.wp.com\/joyana.fr\/wp-content\/uploads\/2021\/05\/RED-FIG-IMG_0999.jpg?resize=450%2C450&ssl=1",450,450,true],"woocommerce_single":["https:\/\/i0.wp.com\/joyana.fr\/wp-content\/uploads\/2021\/05\/RED-FIG-IMG_0999.jpg?fit=920%2C920&ssl=1",920,920,true],"woocommerce_gallery_thumbnail":["https:\/\/i0.wp.com\/joyana.fr\/wp-content\/uploads\/2021\/05\/RED-FIG-IMG_0999.jpg?resize=180%2C180&ssl=1",180,180,true],"sow-carousel-default":["https:\/\/i0.wp.com\/joyana.fr\/wp-content\/uploads\/2021\/05\/RED-FIG-IMG_0999.jpg?resize=272%2C182&ssl=1",272,182,true]},"post_excerpt_stackable_v2":"<p><strong>Set of 3 RED FIG Candles \/ Vases by LN BOUL (France)<\/strong><\/p>\n<p><strong>INFO<\/strong> | sizes 16x8cm (small) 19.5&#215;9.5cm (medium) 28x12cm (large) &#8211; French white sandstone &#8211; Signed below &#8211; MADE IN FRANCE<\/p>\n<p><strong>CANDLE<\/strong> | RED FIG Perfume &#8211; Sweet fragrance combining the warmth of the bark, the freshness of the leaves, and the sweetness of fig milk. Add to that a hint of red fruit, and let your senses guide you. In all 1120g (240 hours burn time) soy wax without GMOs or pesticides, untreated cotton wick, fragrances of Grasse. (exclusive creation for Gallery Jo Yana)<\/p>\n<p><strong>USE<\/strong> | Once the candles are finished, the set transforms into three vases as in the photos.<\/p>\n<p>SHIPPING | Shipped from France around end of May 2021<\/p>\n","category_list_v2":"","author_info_v2":{"name":"Jo Yana","url":"https:\/\/joyana.fr\/ja\/author\/joyana\/"},"comments_num_v2":"0 comments","yoast_head":"<!-- This site is optimized with the Yoast SEO plugin v26.8 - https:\/\/yoast.com\/product\/yoast-seo-wordpress\/ -->\n<title>Bougies\/Vases RED FIG - Candles\/Vases 3 set RED FIG by LN BOUL - JO YANA<\/title>\n<meta name=\"robots\" content=\"index, follow, max-snippet:-1, max-image-preview:large, max-video-preview:-1\" \/>\n<link rel=\"canonical\" href=\"https:\/\/www.joyana.fr\/en\/gallery\/bougies-vases-red-fig-ln-boul\/\" \/>\n<meta property=\"og:locale\" content=\"ja_JP\" \/>\n<meta property=\"og:locale:alternate\" content=\"fr_FR\" \/>\n<meta property=\"og:locale:alternate\" content=\"en_US\" \/>\n<meta property=\"og:type\" content=\"article\" \/>\n<meta property=\"og:title\" content=\"Candles\/Vases 3 set RED FIG by LN BOUL\" \/>\n<meta property=\"og:description\" content=\"Set of 3 RED FIG Candles \/ Vases by LN BOUL (France)  INFO | sizes 16x8cm (small) 19.5x9.5cm (medium) 28x12cm (large) - French white sandstone - Signed below - MADE IN FRANCE  CANDLE | RED FIG Perfume - Sweet fragrance combining the warmth of the bark, the freshness of the leaves, and the sweetness of fig milk. Add to that a hint of red fruit, and let your senses guide you. In all 1120g (240 hours burn time) soy wax without GMOs or pesticides, untreated cotton wick, fragrances of Grasse. (exclusive creation for Gallery Jo Yana)  USE | Once the candles are finished, the set transforms into three vases as in the photos.  SHIPPING | Shipped from France around end of May 2021\" \/>\n<meta property=\"og:url\" content=\"https:\/\/joyana.fr\/ja\/gallery\/bougies-vases-red-fig-ln-boul\/\" \/>\n<meta property=\"og:site_name\" content=\"JO YANA\" \/>\n<meta property=\"article:modified_time\" content=\"2021-06-01T02:07:09+00:00\" \/>\n<meta property=\"og:image\" content=\"https:\/\/i0.wp.com\/www.joyana.fr\/wp-content\/uploads\/2021\/05\/RED-FIG-IMG_0999.jpg?fit=1800%2C1800&ssl=1\" \/>\n\t<meta property=\"og:image:width\" content=\"1800\" \/>\n\t<meta property=\"og:image:height\" content=\"1800\" \/>\n\t<meta property=\"og:image:type\" content=\"image\/jpeg\" \/>\n<meta name=\"twitter:card\" content=\"summary_large_image\" \/>\n<meta name=\"twitter:site\" content=\"@Jo_Yana\" \/>\n<meta name=\"twitter:label1\" content=\"\u63a8\u5b9a\u8aad\u307f\u53d6\u308a\u6642\u9593\" \/>\n\t<meta name=\"twitter:data1\" content=\"1\u5206\" \/>\n<script type=\"application\/ld+json\" class=\"yoast-schema-graph\">{\"@context\":\"https:\/\/schema.org\",\"@graph\":[{\"@type\":\"WebPage\",\"@id\":\"https:\/\/www.joyana.fr\/en\/gallery\/bougies-vases-red-fig-ln-boul\/\",\"url\":\"https:\/\/www.joyana.fr\/en\/gallery\/bougies-vases-red-fig-ln-boul\/\",\"name\":\"Candles\/Vases 3 set RED FIG by LN BOUL\",\"isPartOf\":{\"@id\":\"https:\/\/www.joyana.fr\/#website\"},\"primaryImageOfPage\":{\"@id\":\"https:\/\/www.joyana.fr\/en\/gallery\/bougies-vases-red-fig-ln-boul\/#primaryimage\"},\"image\":{\"@id\":\"https:\/\/www.joyana.fr\/en\/gallery\/bougies-vases-red-fig-ln-boul\/#primaryimage\"},\"thumbnailUrl\":\"https:\/\/i0.wp.com\/joyana.fr\/wp-content\/uploads\/2021\/05\/RED-FIG-IMG_0999.jpg?fit=1800%2C1800&ssl=1\",\"datePublished\":\"2021-05-01T05:59:39+00:00\",\"dateModified\":\"2021-06-01T02:07:09+00:00\",\"breadcrumb\":{\"@id\":\"https:\/\/www.joyana.fr\/en\/gallery\/bougies-vases-red-fig-ln-boul\/#breadcrumb\"},\"inLanguage\":\"ja\",\"potentialAction\":[{\"@type\":\"ReadAction\",\"target\":[\"https:\/\/www.joyana.fr\/en\/gallery\/bougies-vases-red-fig-ln-boul\/\"]}]},{\"@type\":\"ImageObject\",\"inLanguage\":\"ja\",\"@id\":\"https:\/\/www.joyana.fr\/en\/gallery\/bougies-vases-red-fig-ln-boul\/#primaryimage\",\"url\":\"https:\/\/i0.wp.com\/joyana.fr\/wp-content\/uploads\/2021\/05\/RED-FIG-IMG_0999.jpg?fit=1800%2C1800&ssl=1\",\"contentUrl\":\"https:\/\/i0.wp.com\/joyana.fr\/wp-content\/uploads\/2021\/05\/RED-FIG-IMG_0999.jpg?fit=1800%2C1800&ssl=1\",\"width\":1800,\"height\":1800},{\"@type\":\"BreadcrumbList\",\"@id\":\"https:\/\/www.joyana.fr\/en\/gallery\/bougies-vases-red-fig-ln-boul\/#breadcrumb\",\"itemListElement\":[{\"@type\":\"ListItem\",\"position\":1,\"name\":\"Accueil\",\"item\":\"https:\/\/www.joyana.fr\/\"},{\"@type\":\"ListItem\",\"position\":2,\"name\":\"GALLERY JO YANA\",\"item\":\"https:\/\/joyana.fr\/en\/artgallery\/\"},{\"@type\":\"ListItem\",\"position\":3,\"name\":\"Candles\/Vases 3 set RED FIG by LN BOUL\"}]},{\"@type\":\"WebSite\",\"@id\":\"https:\/\/www.joyana.fr\/#website\",\"url\":\"https:\/\/www.joyana.fr\/\",\"name\":\"JO YANA\",\"description\":\"Blog Mode Homme, Lifestyle, D\u00e9co-Design\",\"publisher\":{\"@id\":\"https:\/\/www.joyana.fr\/#\/schema\/person\/cf2a1ad12a27c12c21801075bf37407c\"},\"potentialAction\":[{\"@type\":\"SearchAction\",\"target\":{\"@type\":\"EntryPoint\",\"urlTemplate\":\"https:\/\/www.joyana.fr\/?s={search_term_string}\"},\"query-input\":{\"@type\":\"PropertyValueSpecification\",\"valueRequired\":true,\"valueName\":\"search_term_string\"}}],\"inLanguage\":\"ja\"},{\"@type\":[\"Person\",\"Organization\"],\"@id\":\"https:\/\/www.joyana.fr\/#\/schema\/person\/cf2a1ad12a27c12c21801075bf37407c\",\"name\":\"Jo Yana\",\"image\":{\"@type\":\"ImageObject\",\"inLanguage\":\"ja\",\"@id\":\"https:\/\/www.joyana.fr\/#\/schema\/person\/image\/\",\"url\":\"https:\/\/i0.wp.com\/joyana.fr\/wp-content\/uploads\/2016\/08\/cropped-joyana-logo-black-360x180.png?fit=343%2C164&ssl=1\",\"contentUrl\":\"https:\/\/i0.wp.com\/joyana.fr\/wp-content\/uploads\/2016\/08\/cropped-joyana-logo-black-360x180.png?fit=343%2C164&ssl=1\",\"width\":343,\"height\":164,\"caption\":\"Jo Yana\"},\"logo\":{\"@id\":\"https:\/\/www.joyana.fr\/#\/schema\/person\/image\/\"},\"description\":\"Jo Yana est le cr\u00e9ateur et r\u00e9dacteur en chef des sites DECO-DESIGN. Passionn\u00e9 de Design, Mode, Photo, Luxe, Lifestyle, Musique, mais avant tout Blogueur ! Le plaisir de partager l'anime et a comme devise \\\"POUR L'AMOUR DU BEAU\\\". Retrouvez le aussi sur son blog personnel - https:\/\/joyana.fr...\",\"sameAs\":[\"https:\/\/joyana.fr\/\"]}]}<\/script>\n<!-- \/ Yoast SEO plugin. -->","yoast_head_json":{"title":"Bougies\/Vases RED FIG - Candles\/Vases 3 set RED FIG by LN BOUL - JO YANA","robots":{"index":"index","follow":"follow","max-snippet":"max-snippet:-1","max-image-preview":"max-image-preview:large","max-video-preview":"max-video-preview:-1"},"canonical":"https:\/\/www.joyana.fr\/en\/gallery\/bougies-vases-red-fig-ln-boul\/","og_locale":"ja_JP","og_type":"article","og_title":"[:fr]Bougies\/Vases RED FIG - LN BOUL[:en]Candles\/Vases 3 set RED FIG by LN BOUL[:ja]Candles\/Vases 3 set RED FIG by LN BOUL[:] - JO YANA","og_description":"Set of 3 RED FIG Candles \/ Vases by LN BOUL (France)  INFO | sizes 16x8cm (small) 19.5x9.5cm (medium) 28x12cm (large) - French white sandstone - Signed below - MADE IN FRANCE  CANDLE | RED FIG Perfume - Sweet fragrance combining the warmth of the bark, the freshness of the leaves, and the sweetness of fig milk. Add to that a hint of red fruit, and let your senses guide you. In all 1120g (240 hours burn time) soy wax without GMOs or pesticides, untreated cotton wick, fragrances of Grasse. (exclusive creation for Gallery Jo Yana)  USE | Once the candles are finished, the set transforms into three vases as in the photos.  SHIPPING | Shipped from France around end of May 2021","og_url":"https:\/\/joyana.fr\/ja\/gallery\/bougies-vases-red-fig-ln-boul\/","og_site_name":"JO YANA","article_modified_time":"2021-06-01T02:07:09+00:00","og_image":[{"width":1800,"height":1800,"url":"https:\/\/i0.wp.com\/www.joyana.fr\/wp-content\/uploads\/2021\/05\/RED-FIG-IMG_0999.jpg?fit=1800%2C1800&ssl=1","type":"image\/jpeg"}],"twitter_card":"summary_large_image","twitter_site":"@Jo_Yana","twitter_misc":{"\u63a8\u5b9a\u8aad\u307f\u53d6\u308a\u6642\u9593":"1\u5206"},"schema":{"@context":"https:\/\/schema.org","@graph":[{"@type":"WebPage","@id":"https:\/\/www.joyana.fr\/en\/gallery\/bougies-vases-red-fig-ln-boul\/","url":"https:\/\/www.joyana.fr\/en\/gallery\/bougies-vases-red-fig-ln-boul\/","name":"Candles\/Vases 3 set RED FIG by LN BOUL","isPartOf":{"@id":"https:\/\/www.joyana.fr\/#website"},"primaryImageOfPage":{"@id":"https:\/\/www.joyana.fr\/en\/gallery\/bougies-vases-red-fig-ln-boul\/#primaryimage"},"image":{"@id":"https:\/\/www.joyana.fr\/en\/gallery\/bougies-vases-red-fig-ln-boul\/#primaryimage"},"thumbnailUrl":"https:\/\/i0.wp.com\/joyana.fr\/wp-content\/uploads\/2021\/05\/RED-FIG-IMG_0999.jpg?fit=1800%2C1800&ssl=1","datePublished":"2021-05-01T05:59:39+00:00","dateModified":"2021-06-01T02:07:09+00:00","breadcrumb":{"@id":"https:\/\/www.joyana.fr\/en\/gallery\/bougies-vases-red-fig-ln-boul\/#breadcrumb"},"inLanguage":"ja","potentialAction":[{"@type":"ReadAction","target":["https:\/\/www.joyana.fr\/en\/gallery\/bougies-vases-red-fig-ln-boul\/"]}]},{"@type":"ImageObject","inLanguage":"ja","@id":"https:\/\/www.joyana.fr\/en\/gallery\/bougies-vases-red-fig-ln-boul\/#primaryimage","url":"https:\/\/i0.wp.com\/joyana.fr\/wp-content\/uploads\/2021\/05\/RED-FIG-IMG_0999.jpg?fit=1800%2C1800&ssl=1","contentUrl":"https:\/\/i0.wp.com\/joyana.fr\/wp-content\/uploads\/2021\/05\/RED-FIG-IMG_0999.jpg?fit=1800%2C1800&ssl=1","width":1800,"height":1800},{"@type":"BreadcrumbList","@id":"https:\/\/www.joyana.fr\/en\/gallery\/bougies-vases-red-fig-ln-boul\/#breadcrumb","itemListElement":[{"@type":"ListItem","position":1,"name":"Accueil","item":"https:\/\/www.joyana.fr\/"},{"@type":"ListItem","position":2,"name":"GALLERY JO YANA","item":"https:\/\/joyana.fr\/en\/artgallery\/"},{"@type":"ListItem","position":3,"name":"Candles\/Vases 3 set RED FIG by LN BOUL"}]},{"@type":"WebSite","@id":"https:\/\/www.joyana.fr\/#website","url":"https:\/\/www.joyana.fr\/","name":"JO YANA","description":"Blog Mode Homme, Lifestyle, D\u00e9co-Design","publisher":{"@id":"https:\/\/www.joyana.fr\/#\/schema\/person\/cf2a1ad12a27c12c21801075bf37407c"},"potentialAction":[{"@type":"SearchAction","target":{"@type":"EntryPoint","urlTemplate":"https:\/\/www.joyana.fr\/?s={search_term_string}"},"query-input":{"@type":"PropertyValueSpecification","valueRequired":true,"valueName":"search_term_string"}}],"inLanguage":"ja"},{"@type":["Person","Organization"],"@id":"https:\/\/www.joyana.fr\/#\/schema\/person\/cf2a1ad12a27c12c21801075bf37407c","name":"Jo Yana","image":{"@type":"ImageObject","inLanguage":"ja","@id":"https:\/\/www.joyana.fr\/#\/schema\/person\/image\/","url":"https:\/\/i0.wp.com\/joyana.fr\/wp-content\/uploads\/2016\/08\/cropped-joyana-logo-black-360x180.png?fit=343%2C164&ssl=1","contentUrl":"https:\/\/i0.wp.com\/joyana.fr\/wp-content\/uploads\/2016\/08\/cropped-joyana-logo-black-360x180.png?fit=343%2C164&ssl=1","width":343,"height":164,"caption":"Jo Yana"},"logo":{"@id":"https:\/\/www.joyana.fr\/#\/schema\/person\/image\/"},"description":"Jo Yana est le cr\u00e9ateur et r\u00e9dacteur en chef des sites DECO-DESIGN. Passionn\u00e9 de Design, Mode, Photo, Luxe, Lifestyle, Musique, mais avant tout Blogueur ! Le plaisir de partager l'anime et a comme devise \"POUR L'AMOUR DU BEAU\". Retrouvez le aussi sur son blog personnel - https:\/\/joyana.fr...","sameAs":["https:\/\/joyana.fr\/"]}]}},"uagb_featured_image_src":{"full":["https:\/\/i0.wp.com\/joyana.fr\/wp-content\/uploads\/2021\/05\/RED-FIG-IMG_0999.jpg?fit=1800%2C1800&ssl=1",1800,1800,false],"thumbnail":["https:\/\/i0.wp.com\/joyana.fr\/wp-content\/uploads\/2021\/05\/RED-FIG-IMG_0999.jpg?resize=150%2C150&ssl=1",150,150,true],"medium":["https:\/\/i0.wp.com\/joyana.fr\/wp-content\/uploads\/2021\/05\/RED-FIG-IMG_0999.jpg?fit=389%2C389&ssl=1",389,389,true],"medium_large":["https:\/\/i0.wp.com\/joyana.fr\/wp-content\/uploads\/2021\/05\/RED-FIG-IMG_0999.jpg?fit=768%2C768&ssl=1",768,768,true],"large":["https:\/\/i0.wp.com\/joyana.fr\/wp-content\/uploads\/2021\/05\/RED-FIG-IMG_0999.jpg?fit=1024%2C1024&ssl=1",1024,1024,true],"1536x1536":["https:\/\/i0.wp.com\/joyana.fr\/wp-content\/uploads\/2021\/05\/RED-FIG-IMG_0999.jpg?fit=1536%2C1536&ssl=1",1536,1536,true],"2048x2048":["https:\/\/i0.wp.com\/joyana.fr\/wp-content\/uploads\/2021\/05\/RED-FIG-IMG_0999.jpg?fit=1800%2C1800&ssl=1",1800,1800,true],"featured-thumb":["https:\/\/i0.wp.com\/joyana.fr\/wp-content\/uploads\/2021\/05\/RED-FIG-IMG_0999.jpg?resize=1800%2C750&ssl=1",1800,750,true],"ab-block-post-grid-landscape":["https:\/\/i0.wp.com\/joyana.fr\/wp-content\/uploads\/2021\/05\/RED-FIG-IMG_0999.jpg?resize=600%2C400&ssl=1",600,400,true],"ab-block-post-grid-square":["https:\/\/i0.wp.com\/joyana.fr\/wp-content\/uploads\/2021\/05\/RED-FIG-IMG_0999.jpg?resize=600%2C600&ssl=1",600,600,true],"author-pro-image":["https:\/\/i0.wp.com\/joyana.fr\/wp-content\/uploads\/2021\/05\/RED-FIG-IMG_0999.jpg?resize=360%2C570&ssl=1",360,570,true],"slider":["https:\/\/i0.wp.com\/joyana.fr\/wp-content\/uploads\/2021\/05\/RED-FIG-IMG_0999.jpg?resize=920%2C400&ssl=1",920,400,true],"woocommerce_thumbnail":["https:\/\/i0.wp.com\/joyana.fr\/wp-content\/uploads\/2021\/05\/RED-FIG-IMG_0999.jpg?resize=450%2C450&ssl=1",450,450,true],"woocommerce_single":["https:\/\/i0.wp.com\/joyana.fr\/wp-content\/uploads\/2021\/05\/RED-FIG-IMG_0999.jpg?fit=920%2C920&ssl=1",920,920,true],"woocommerce_gallery_thumbnail":["https:\/\/i0.wp.com\/joyana.fr\/wp-content\/uploads\/2021\/05\/RED-FIG-IMG_0999.jpg?resize=180%2C180&ssl=1",180,180,true],"sow-carousel-default":["https:\/\/i0.wp.com\/joyana.fr\/wp-content\/uploads\/2021\/05\/RED-FIG-IMG_0999.jpg?resize=272%2C182&ssl=1",272,182,true]},"uagb_author_info":{"display_name":"Jo Yana","author_link":"https:\/\/joyana.fr\/ja\/author\/joyana\/"},"uagb_comment_info":0,"uagb_excerpt":"Set of 3 RED FIG Candles \/ Vases by LN BOUL (France) IN&hellip;","featured_img":"https:\/\/joyana.fr\/wp-content\/uploads\/2021\/05\/RED-FIG-IMG_0999.jpg","coauthors":[],"author_meta":{"author_link":"https:\/\/joyana.fr\/ja\/author\/joyana\/","display_name":"Jo Yana"},"relative_dates":{"created":"Posted 5\u5e74 ago","modified":"Updated 5\u5e74 ago"},"absolute_dates":{"created":"Posted on 1 5\u6708 2021","modified":"Updated on 1 6\u6708 2021"},"absolute_dates_time":{"created":"Posted on 1 5\u6708 2021 7:59","modified":"Updated on 1 6\u6708 2021 4:07"},"featured_img_caption":"","tax_additional":{"product_type":{"linked":["<a href=\"https:\/\/joyana.fr\/ja\/?taxonomy=product_type&#038;term=simple\" class=\"advgb-post-tax-term\">simple<\/a>"],"unlinked":["<span class=\"advgb-post-tax-term\">simple<\/span>"],"slug":"product_type","name":"\u5546\u54c1\u30bf\u30a4\u30d7"},"product_visibility":{"linked":[],"unlinked":[],"slug":"product_visibility","name":"\u5546\u54c1\u306e\u8868\u793a\u8a2d\u5b9a"},"product_cat":{"linked":["<a href=\"https:\/\/joyana.fr\/ja\/artgallery\/oeuvres\/oeuvres-disponibles\/ceramique\/\" class=\"advgb-post-tax-term\">C\u00e9ramique<\/a>","<a href=\"https:\/\/joyana.fr\/ja\/artgallery\/oeuvres\/oeuvres-disponibles\/\" class=\"advgb-post-tax-term\">\u0152uvres disponibles<\/a>"],"unlinked":["<span class=\"advgb-post-tax-term\">C\u00e9ramique<\/span>","<span class=\"advgb-post-tax-term\">\u0152uvres disponibles<\/span>"],"slug":"product_cat","name":"\u5546\u54c1\u30ab\u30c6\u30b4\u30ea\u30fc"},"product_tag":{"linked":["<a href=\"https:\/\/joyana.fr\/ja\/etiquette-produit\/ln-boul\/\" class=\"advgb-post-tax-term\">LN BOUL<\/a>"],"unlinked":["<span class=\"advgb-post-tax-term\">LN BOUL<\/span>"],"slug":"product_tag","name":"\u5546\u54c1\u30bf\u30b0"},"product_shipping_class":{"linked":["<a href=\"https:\/\/joyana.fr\/ja\/?taxonomy=product_shipping_class&#038;term=ln-boul-red-fig\" class=\"advgb-post-tax-term\">LN BOUL RED FIG<\/a>"],"unlinked":["<span class=\"advgb-post-tax-term\">LN BOUL RED FIG<\/span>"],"slug":"product_shipping_class","name":"\u5546\u54c1\u306e\u914d\u9001\u30af\u30e9\u30b9"},"pa_color":{"linked":[],"unlinked":[],"slug":"pa_color","name":"\u5546\u54c1 Couleurs"},"pa_frhoraires":{"linked":[],"unlinked":[],"slug":"pa_frhoraires","name":"\u5546\u54c1 Horaires"}},"series_order":"","jetpack_sharing_enabled":true,"jetpack-related-posts":[],"_links":{"self":[{"href":"https:\/\/joyana.fr\/ja\/wp-json\/wp\/v2\/product\/146865","targetHints":{"allow":["GET"]}}],"collection":[{"href":"https:\/\/joyana.fr\/ja\/wp-json\/wp\/v2\/product"}],"about":[{"href":"https:\/\/joyana.fr\/ja\/wp-json\/wp\/v2\/types\/product"}],"wp:featuredmedia":[{"embeddable":true,"href":"https:\/\/joyana.fr\/ja\/wp-json\/wp\/v2\/media\/146867"}],"wp:attachment":[{"href":"https:\/\/joyana.fr\/ja\/wp-json\/wp\/v2\/media?parent=146865"}],"wp:term":[{"taxonomy":"product_cat","embeddable":true,"href":"https:\/\/joyana.fr\/ja\/wp-json\/wp\/v2\/product_cat?post=146865"},{"taxonomy":"product_tag","embeddable":true,"href":"https:\/\/joyana.fr\/ja\/wp-json\/wp\/v2\/product_tag?post=146865"}],"curies":[{"name":"wp","href":"https:\/\/api.w.org\/{rel}","templated":true}]}}