{"id":148212,"date":"2022-01-30T15:16:30","date_gmt":"2022-01-30T13:16:30","guid":{"rendered":"https:\/\/joyana.fr\/ja\/?post_type=product&#038;p=148212"},"modified":"2022-03-01T10:23:50","modified_gmt":"2022-03-01T08:23:50","slug":"every-last-drop-i-hanna-lee-joshi","status":"publish","type":"product","link":"https:\/\/joyana.fr\/ja\/gallery\/every-last-drop-i-hanna-lee-joshi\/","title":{"rendered":"EVERY LAST DROP I &#8211; HANNA LEE JOSHI"},"content":{"rendered":"<p>HANNA LEE JOSHI is a Korean-Canadian artist who mainly practices representations of the female form. The figures of women posed by the artist explore the female body in its roundness. They are at the center of the illustrations. Impossible to look away from these bodies that twist, contort themselves without holding impossible poses&#8230; @hannaleejoshi<\/p>\n","protected":false},"excerpt":{"rendered":"<p>EVERY LAST DROP I &#8211; HANNA LEE JOSHI (Korea)<br \/>\n40x40cm &#8211; gouache and colored pencil on paper<br \/>\nFramed with museum glass (frame dimensions 51x51x3cm)<\/p>\n<p>Shipped from France at the end of February<\/p>\n","protected":false},"author":3,"featured_media":148213,"template":"","meta":{"_coblocks_attr":"","_coblocks_dimensions":"","_coblocks_responsive_height":"","_coblocks_accordion_ie_support":"","_uag_custom_page_level_css":"","advgb_blocks_editor_width":"","advgb_blocks_columns_visual_guide":"","_genesis_hide_title":false,"_genesis_hide_breadcrumbs":false,"_genesis_hide_singular_image":false,"_genesis_hide_footer_widgets":false,"_genesis_custom_body_class":"","_genesis_custom_post_class":"","_genesis_layout":"full-width-content","_themeisle_gutenberg_block_has_review":false},"product_cat":[5260,5290,5269,5258],"product_tag":[5291],"class_list":{"0":"post-148212","1":"product","2":"type-product","3":"status-publish","4":"has-post-thumbnail","6":"product_cat-dessin-oeuvres-disponibles","7":"product_cat-hanna-lee-joshi","8":"product_cat-oeuvres","9":"product_cat-oeuvres-disponibles","10":"product_tag-hanna-lee-joshi","11":"product_shipping_class-monde-60x60","12":"entry","14":"first","15":"instock","16":"shipping-taxable","17":"purchasable","18":"product-type-simple"},"featured_image_urls":{"full":["https:\/\/i0.wp.com\/joyana.fr\/wp-content\/uploads\/2022\/01\/Every-Last-Drop-I-Hanna-Lee-Joshi-GalleryJoYana-1.jpeg?fit=960%2C960&ssl=1",960,960,false],"thumbnail":["https:\/\/i0.wp.com\/joyana.fr\/wp-content\/uploads\/2022\/01\/Every-Last-Drop-I-Hanna-Lee-Joshi-GalleryJoYana-1.jpeg?resize=150%2C150&ssl=1",150,150,true],"medium":["https:\/\/i0.wp.com\/joyana.fr\/wp-content\/uploads\/2022\/01\/Every-Last-Drop-I-Hanna-Lee-Joshi-GalleryJoYana-1.jpeg?fit=389%2C389&ssl=1",389,389,true],"medium_large":["https:\/\/i0.wp.com\/joyana.fr\/wp-content\/uploads\/2022\/01\/Every-Last-Drop-I-Hanna-Lee-Joshi-GalleryJoYana-1.jpeg?fit=768%2C768&ssl=1",768,768,true],"large":["https:\/\/i0.wp.com\/joyana.fr\/wp-content\/uploads\/2022\/01\/Every-Last-Drop-I-Hanna-Lee-Joshi-GalleryJoYana-1.jpeg?fit=960%2C960&ssl=1",960,960,true],"1536x1536":["https:\/\/i0.wp.com\/joyana.fr\/wp-content\/uploads\/2022\/01\/Every-Last-Drop-I-Hanna-Lee-Joshi-GalleryJoYana-1.jpeg?fit=960%2C960&ssl=1",960,960,true],"2048x2048":["https:\/\/i0.wp.com\/joyana.fr\/wp-content\/uploads\/2022\/01\/Every-Last-Drop-I-Hanna-Lee-Joshi-GalleryJoYana-1.jpeg?fit=960%2C960&ssl=1",960,960,true],"featured-thumb":["https:\/\/i0.wp.com\/joyana.fr\/wp-content\/uploads\/2022\/01\/Every-Last-Drop-I-Hanna-Lee-Joshi-GalleryJoYana-1.jpeg?resize=960%2C750&ssl=1",960,750,true],"ab-block-post-grid-landscape":["https:\/\/i0.wp.com\/joyana.fr\/wp-content\/uploads\/2022\/01\/Every-Last-Drop-I-Hanna-Lee-Joshi-GalleryJoYana-1.jpeg?resize=600%2C400&ssl=1",600,400,true],"ab-block-post-grid-square":["https:\/\/i0.wp.com\/joyana.fr\/wp-content\/uploads\/2022\/01\/Every-Last-Drop-I-Hanna-Lee-Joshi-GalleryJoYana-1.jpeg?resize=600%2C600&ssl=1",600,600,true],"author-pro-image":["https:\/\/i0.wp.com\/joyana.fr\/wp-content\/uploads\/2022\/01\/Every-Last-Drop-I-Hanna-Lee-Joshi-GalleryJoYana-1.jpeg?resize=360%2C570&ssl=1",360,570,true],"slider":["https:\/\/i0.wp.com\/joyana.fr\/wp-content\/uploads\/2022\/01\/Every-Last-Drop-I-Hanna-Lee-Joshi-GalleryJoYana-1.jpeg?resize=920%2C400&ssl=1",920,400,true],"woocommerce_thumbnail":["https:\/\/i0.wp.com\/joyana.fr\/wp-content\/uploads\/2022\/01\/Every-Last-Drop-I-Hanna-Lee-Joshi-GalleryJoYana-1.jpeg?resize=450%2C450&ssl=1",450,450,true],"woocommerce_single":["https:\/\/i0.wp.com\/joyana.fr\/wp-content\/uploads\/2022\/01\/Every-Last-Drop-I-Hanna-Lee-Joshi-GalleryJoYana-1.jpeg?fit=920%2C920&ssl=1",920,920,true],"woocommerce_gallery_thumbnail":["https:\/\/i0.wp.com\/joyana.fr\/wp-content\/uploads\/2022\/01\/Every-Last-Drop-I-Hanna-Lee-Joshi-GalleryJoYana-1.jpeg?resize=180%2C180&ssl=1",180,180,true],"sow-carousel-default":["https:\/\/i0.wp.com\/joyana.fr\/wp-content\/uploads\/2022\/01\/Every-Last-Drop-I-Hanna-Lee-Joshi-GalleryJoYana-1.jpeg?resize=272%2C182&ssl=1",272,182,true]},"post_excerpt_stackable":"<p>EVERY LAST DROP I &#8211; HANNA LEE JOSHI (Korea)<br \/>\n40x40cm &#8211; gouache and colored pencil on paper<br \/>\nFramed with museum glass (frame dimensions 51x51x3cm)<\/p>\n<p>Shipped from France at the end of February<\/p>\n","category_list":"","author_info":{"name":"Jo Yana","url":"https:\/\/joyana.fr\/ja\/author\/joyana\/"},"comments_num":"0 comments","featured_image_urls_v2":{"full":["https:\/\/i0.wp.com\/joyana.fr\/wp-content\/uploads\/2022\/01\/Every-Last-Drop-I-Hanna-Lee-Joshi-GalleryJoYana-1.jpeg?fit=960%2C960&ssl=1",960,960,false],"thumbnail":["https:\/\/i0.wp.com\/joyana.fr\/wp-content\/uploads\/2022\/01\/Every-Last-Drop-I-Hanna-Lee-Joshi-GalleryJoYana-1.jpeg?resize=150%2C150&ssl=1",150,150,true],"medium":["https:\/\/i0.wp.com\/joyana.fr\/wp-content\/uploads\/2022\/01\/Every-Last-Drop-I-Hanna-Lee-Joshi-GalleryJoYana-1.jpeg?fit=389%2C389&ssl=1",389,389,true],"medium_large":["https:\/\/i0.wp.com\/joyana.fr\/wp-content\/uploads\/2022\/01\/Every-Last-Drop-I-Hanna-Lee-Joshi-GalleryJoYana-1.jpeg?fit=768%2C768&ssl=1",768,768,true],"large":["https:\/\/i0.wp.com\/joyana.fr\/wp-content\/uploads\/2022\/01\/Every-Last-Drop-I-Hanna-Lee-Joshi-GalleryJoYana-1.jpeg?fit=960%2C960&ssl=1",960,960,true],"1536x1536":["https:\/\/i0.wp.com\/joyana.fr\/wp-content\/uploads\/2022\/01\/Every-Last-Drop-I-Hanna-Lee-Joshi-GalleryJoYana-1.jpeg?fit=960%2C960&ssl=1",960,960,true],"2048x2048":["https:\/\/i0.wp.com\/joyana.fr\/wp-content\/uploads\/2022\/01\/Every-Last-Drop-I-Hanna-Lee-Joshi-GalleryJoYana-1.jpeg?fit=960%2C960&ssl=1",960,960,true],"featured-thumb":["https:\/\/i0.wp.com\/joyana.fr\/wp-content\/uploads\/2022\/01\/Every-Last-Drop-I-Hanna-Lee-Joshi-GalleryJoYana-1.jpeg?resize=960%2C750&ssl=1",960,750,true],"ab-block-post-grid-landscape":["https:\/\/i0.wp.com\/joyana.fr\/wp-content\/uploads\/2022\/01\/Every-Last-Drop-I-Hanna-Lee-Joshi-GalleryJoYana-1.jpeg?resize=600%2C400&ssl=1",600,400,true],"ab-block-post-grid-square":["https:\/\/i0.wp.com\/joyana.fr\/wp-content\/uploads\/2022\/01\/Every-Last-Drop-I-Hanna-Lee-Joshi-GalleryJoYana-1.jpeg?resize=600%2C600&ssl=1",600,600,true],"author-pro-image":["https:\/\/i0.wp.com\/joyana.fr\/wp-content\/uploads\/2022\/01\/Every-Last-Drop-I-Hanna-Lee-Joshi-GalleryJoYana-1.jpeg?resize=360%2C570&ssl=1",360,570,true],"slider":["https:\/\/i0.wp.com\/joyana.fr\/wp-content\/uploads\/2022\/01\/Every-Last-Drop-I-Hanna-Lee-Joshi-GalleryJoYana-1.jpeg?resize=920%2C400&ssl=1",920,400,true],"woocommerce_thumbnail":["https:\/\/i0.wp.com\/joyana.fr\/wp-content\/uploads\/2022\/01\/Every-Last-Drop-I-Hanna-Lee-Joshi-GalleryJoYana-1.jpeg?resize=450%2C450&ssl=1",450,450,true],"woocommerce_single":["https:\/\/i0.wp.com\/joyana.fr\/wp-content\/uploads\/2022\/01\/Every-Last-Drop-I-Hanna-Lee-Joshi-GalleryJoYana-1.jpeg?fit=920%2C920&ssl=1",920,920,true],"woocommerce_gallery_thumbnail":["https:\/\/i0.wp.com\/joyana.fr\/wp-content\/uploads\/2022\/01\/Every-Last-Drop-I-Hanna-Lee-Joshi-GalleryJoYana-1.jpeg?resize=180%2C180&ssl=1",180,180,true],"sow-carousel-default":["https:\/\/i0.wp.com\/joyana.fr\/wp-content\/uploads\/2022\/01\/Every-Last-Drop-I-Hanna-Lee-Joshi-GalleryJoYana-1.jpeg?resize=272%2C182&ssl=1",272,182,true]},"post_excerpt_stackable_v2":"<p>EVERY LAST DROP I &#8211; HANNA LEE JOSHI (Korea)<br \/>\n40x40cm &#8211; gouache and colored pencil on paper<br \/>\nFramed with museum glass (frame dimensions 51x51x3cm)<\/p>\n<p>Shipped from France at the end of February<\/p>\n","category_list_v2":"","author_info_v2":{"name":"Jo Yana","url":"https:\/\/joyana.fr\/ja\/author\/joyana\/"},"comments_num_v2":"0 comments","yoast_head":"<!-- This site is optimized with the Yoast SEO plugin v26.8 - https:\/\/yoast.com\/product\/yoast-seo-wordpress\/ -->\n<title>EVERY LAST DROP I -  - EVERY LAST DROP I - HANNA LEE JOSHI[:] - JO YANA<\/title>\n<meta name=\"robots\" content=\"index, follow, max-snippet:-1, max-image-preview:large, max-video-preview:-1\" \/>\n<link rel=\"canonical\" href=\"https:\/\/joyana.fr\/ja\/gallery\/every-last-drop-i-hanna-lee-joshi\/\" \/>\n<meta property=\"og:locale\" content=\"ja_JP\" \/>\n<meta property=\"og:locale:alternate\" content=\"fr_FR\" \/>\n<meta property=\"og:locale:alternate\" content=\"en_US\" \/>\n<meta property=\"og:type\" content=\"article\" \/>\n<meta property=\"og:title\" content=\"EVERY LAST DROP I - HANNA LEE JOSHI\" \/>\n<meta property=\"og:description\" content=\"EVERY LAST DROP I - HANNA LEE JOSHI (Korea) 40x40cm - gouache and colored pencil on paper Framed with museum glass (frame dimensions 51x51x3cm)  Shipped from France at the end of February\" \/>\n<meta property=\"og:url\" content=\"https:\/\/joyana.fr\/ja\/gallery\/every-last-drop-i-hanna-lee-joshi\/\" \/>\n<meta property=\"og:site_name\" content=\"JO YANA\" \/>\n<meta property=\"article:modified_time\" content=\"2022-03-01T08:23:50+00:00\" \/>\n<meta property=\"og:image\" content=\"https:\/\/i0.wp.com\/joyana.fr\/wp-content\/uploads\/2022\/01\/Every-Last-Drop-I-Hanna-Lee-Joshi-GalleryJoYana-1.jpeg?fit=960%2C960&ssl=1\" \/>\n\t<meta property=\"og:image:width\" content=\"960\" \/>\n\t<meta property=\"og:image:height\" content=\"960\" \/>\n\t<meta property=\"og:image:type\" content=\"image\/jpeg\" \/>\n<meta name=\"twitter:card\" content=\"summary_large_image\" \/>\n<meta name=\"twitter:site\" content=\"@Jo_Yana\" \/>\n<meta name=\"twitter:label1\" content=\"\u63a8\u5b9a\u8aad\u307f\u53d6\u308a\u6642\u9593\" \/>\n\t<meta name=\"twitter:data1\" content=\"1\u5206\" \/>\n<script type=\"application\/ld+json\" class=\"yoast-schema-graph\">{\"@context\":\"https:\/\/schema.org\",\"@graph\":[{\"@type\":\"WebPage\",\"@id\":\"https:\/\/joyana.fr\/en\/gallery\/every-last-drop-i-hanna-lee-joshi\/\",\"url\":\"https:\/\/joyana.fr\/en\/gallery\/every-last-drop-i-hanna-lee-joshi\/\",\"name\":\"EVERY LAST DROP I - HANNA LEE JOSHI\",\"isPartOf\":{\"@id\":\"https:\/\/joyana.fr\/ja\/#website\"},\"primaryImageOfPage\":{\"@id\":\"https:\/\/joyana.fr\/en\/gallery\/every-last-drop-i-hanna-lee-joshi\/#primaryimage\"},\"image\":{\"@id\":\"https:\/\/joyana.fr\/en\/gallery\/every-last-drop-i-hanna-lee-joshi\/#primaryimage\"},\"thumbnailUrl\":\"https:\/\/i0.wp.com\/joyana.fr\/wp-content\/uploads\/2022\/01\/Every-Last-Drop-I-Hanna-Lee-Joshi-GalleryJoYana-1.jpeg?fit=960%2C960&ssl=1\",\"datePublished\":\"2022-01-30T13:16:30+00:00\",\"dateModified\":\"2022-03-01T08:23:50+00:00\",\"breadcrumb\":{\"@id\":\"https:\/\/joyana.fr\/en\/gallery\/every-last-drop-i-hanna-lee-joshi\/#breadcrumb\"},\"inLanguage\":\"ja\",\"potentialAction\":[{\"@type\":\"ReadAction\",\"target\":[\"https:\/\/joyana.fr\/en\/gallery\/every-last-drop-i-hanna-lee-joshi\/\"]}]},{\"@type\":\"ImageObject\",\"inLanguage\":\"ja\",\"@id\":\"https:\/\/joyana.fr\/en\/gallery\/every-last-drop-i-hanna-lee-joshi\/#primaryimage\",\"url\":\"https:\/\/i0.wp.com\/joyana.fr\/wp-content\/uploads\/2022\/01\/Every-Last-Drop-I-Hanna-Lee-Joshi-GalleryJoYana-1.jpeg?fit=960%2C960&ssl=1\",\"contentUrl\":\"https:\/\/i0.wp.com\/joyana.fr\/wp-content\/uploads\/2022\/01\/Every-Last-Drop-I-Hanna-Lee-Joshi-GalleryJoYana-1.jpeg?fit=960%2C960&ssl=1\",\"width\":960,\"height\":960},{\"@type\":\"BreadcrumbList\",\"@id\":\"https:\/\/joyana.fr\/en\/gallery\/every-last-drop-i-hanna-lee-joshi\/#breadcrumb\",\"itemListElement\":[{\"@type\":\"ListItem\",\"position\":1,\"name\":\"Accueil\",\"item\":\"https:\/\/joyana.fr\/ja\/\"},{\"@type\":\"ListItem\",\"position\":2,\"name\":\"GALLERY JO YANA\",\"item\":\"https:\/\/joyana.fr\/en\/artgallery\/\"},{\"@type\":\"ListItem\",\"position\":3,\"name\":\"EVERY LAST DROP I &#8211; HANNA LEE JOSHI\"}]},{\"@type\":\"WebSite\",\"@id\":\"https:\/\/joyana.fr\/ja\/#website\",\"url\":\"https:\/\/joyana.fr\/ja\/\",\"name\":\"JO YANA\",\"description\":\"Blog Mode Homme, Lifestyle, D\u00e9co-Design\",\"publisher\":{\"@id\":\"https:\/\/joyana.fr\/ja\/#\/schema\/person\/cf2a1ad12a27c12c21801075bf37407c\"},\"potentialAction\":[{\"@type\":\"SearchAction\",\"target\":{\"@type\":\"EntryPoint\",\"urlTemplate\":\"https:\/\/joyana.fr\/ja\/?s={search_term_string}\"},\"query-input\":{\"@type\":\"PropertyValueSpecification\",\"valueRequired\":true,\"valueName\":\"search_term_string\"}}],\"inLanguage\":\"ja\"},{\"@type\":[\"Person\",\"Organization\"],\"@id\":\"https:\/\/joyana.fr\/ja\/#\/schema\/person\/cf2a1ad12a27c12c21801075bf37407c\",\"name\":\"Jo Yana\",\"image\":{\"@type\":\"ImageObject\",\"inLanguage\":\"ja\",\"@id\":\"https:\/\/joyana.fr\/ja\/#\/schema\/person\/image\/\",\"url\":\"https:\/\/i0.wp.com\/joyana.fr\/wp-content\/uploads\/2016\/08\/cropped-joyana-logo-black-360x180.png?fit=343%2C164&ssl=1\",\"contentUrl\":\"https:\/\/i0.wp.com\/joyana.fr\/wp-content\/uploads\/2016\/08\/cropped-joyana-logo-black-360x180.png?fit=343%2C164&ssl=1\",\"width\":343,\"height\":164,\"caption\":\"Jo Yana\"},\"logo\":{\"@id\":\"https:\/\/joyana.fr\/ja\/#\/schema\/person\/image\/\"},\"description\":\"Jo Yana est le cr\u00e9ateur et r\u00e9dacteur en chef des sites DECO-DESIGN. Passionn\u00e9 de Design, Mode, Photo, Luxe, Lifestyle, Musique, mais avant tout Blogueur ! Le plaisir de partager l'anime et a comme devise \\\"POUR L'AMOUR DU BEAU\\\". Retrouvez le aussi sur son blog personnel - https:\/\/joyana.fr...\",\"sameAs\":[\"https:\/\/joyana.fr\/\"]}]}<\/script>\n<!-- \/ Yoast SEO plugin. -->","yoast_head_json":{"title":"EVERY LAST DROP I -  - EVERY LAST DROP I - HANNA LEE JOSHI[:] - JO YANA","robots":{"index":"index","follow":"follow","max-snippet":"max-snippet:-1","max-image-preview":"max-image-preview:large","max-video-preview":"max-video-preview:-1"},"canonical":"https:\/\/joyana.fr\/ja\/gallery\/every-last-drop-i-hanna-lee-joshi\/","og_locale":"ja_JP","og_type":"article","og_title":"[:fr]EVERY LAST DROP I - HANNA LEE JOSHI[:en]EVERY LAST DROP I - HANNA LEE JOSHI[:ja]EVERY LAST DROP I - HANNA LEE JOSHI[:] - JO YANA","og_description":"EVERY LAST DROP I - HANNA LEE JOSHI (Korea) 40x40cm - gouache and colored pencil on paper Framed with museum glass (frame dimensions 51x51x3cm)  Shipped from France at the end of February","og_url":"https:\/\/joyana.fr\/ja\/gallery\/every-last-drop-i-hanna-lee-joshi\/","og_site_name":"JO YANA","article_modified_time":"2022-03-01T08:23:50+00:00","og_image":[{"width":960,"height":960,"url":"https:\/\/i0.wp.com\/joyana.fr\/wp-content\/uploads\/2022\/01\/Every-Last-Drop-I-Hanna-Lee-Joshi-GalleryJoYana-1.jpeg?fit=960%2C960&ssl=1","type":"image\/jpeg"}],"twitter_card":"summary_large_image","twitter_site":"@Jo_Yana","twitter_misc":{"\u63a8\u5b9a\u8aad\u307f\u53d6\u308a\u6642\u9593":"1\u5206"},"schema":{"@context":"https:\/\/schema.org","@graph":[{"@type":"WebPage","@id":"https:\/\/joyana.fr\/en\/gallery\/every-last-drop-i-hanna-lee-joshi\/","url":"https:\/\/joyana.fr\/en\/gallery\/every-last-drop-i-hanna-lee-joshi\/","name":"EVERY LAST DROP I - HANNA LEE JOSHI","isPartOf":{"@id":"https:\/\/joyana.fr\/ja\/#website"},"primaryImageOfPage":{"@id":"https:\/\/joyana.fr\/en\/gallery\/every-last-drop-i-hanna-lee-joshi\/#primaryimage"},"image":{"@id":"https:\/\/joyana.fr\/en\/gallery\/every-last-drop-i-hanna-lee-joshi\/#primaryimage"},"thumbnailUrl":"https:\/\/i0.wp.com\/joyana.fr\/wp-content\/uploads\/2022\/01\/Every-Last-Drop-I-Hanna-Lee-Joshi-GalleryJoYana-1.jpeg?fit=960%2C960&ssl=1","datePublished":"2022-01-30T13:16:30+00:00","dateModified":"2022-03-01T08:23:50+00:00","breadcrumb":{"@id":"https:\/\/joyana.fr\/en\/gallery\/every-last-drop-i-hanna-lee-joshi\/#breadcrumb"},"inLanguage":"ja","potentialAction":[{"@type":"ReadAction","target":["https:\/\/joyana.fr\/en\/gallery\/every-last-drop-i-hanna-lee-joshi\/"]}]},{"@type":"ImageObject","inLanguage":"ja","@id":"https:\/\/joyana.fr\/en\/gallery\/every-last-drop-i-hanna-lee-joshi\/#primaryimage","url":"https:\/\/i0.wp.com\/joyana.fr\/wp-content\/uploads\/2022\/01\/Every-Last-Drop-I-Hanna-Lee-Joshi-GalleryJoYana-1.jpeg?fit=960%2C960&ssl=1","contentUrl":"https:\/\/i0.wp.com\/joyana.fr\/wp-content\/uploads\/2022\/01\/Every-Last-Drop-I-Hanna-Lee-Joshi-GalleryJoYana-1.jpeg?fit=960%2C960&ssl=1","width":960,"height":960},{"@type":"BreadcrumbList","@id":"https:\/\/joyana.fr\/en\/gallery\/every-last-drop-i-hanna-lee-joshi\/#breadcrumb","itemListElement":[{"@type":"ListItem","position":1,"name":"Accueil","item":"https:\/\/joyana.fr\/ja\/"},{"@type":"ListItem","position":2,"name":"GALLERY JO YANA","item":"https:\/\/joyana.fr\/en\/artgallery\/"},{"@type":"ListItem","position":3,"name":"EVERY LAST DROP I &#8211; HANNA LEE JOSHI"}]},{"@type":"WebSite","@id":"https:\/\/joyana.fr\/ja\/#website","url":"https:\/\/joyana.fr\/ja\/","name":"JO YANA","description":"Blog Mode Homme, Lifestyle, D\u00e9co-Design","publisher":{"@id":"https:\/\/joyana.fr\/ja\/#\/schema\/person\/cf2a1ad12a27c12c21801075bf37407c"},"potentialAction":[{"@type":"SearchAction","target":{"@type":"EntryPoint","urlTemplate":"https:\/\/joyana.fr\/ja\/?s={search_term_string}"},"query-input":{"@type":"PropertyValueSpecification","valueRequired":true,"valueName":"search_term_string"}}],"inLanguage":"ja"},{"@type":["Person","Organization"],"@id":"https:\/\/joyana.fr\/ja\/#\/schema\/person\/cf2a1ad12a27c12c21801075bf37407c","name":"Jo Yana","image":{"@type":"ImageObject","inLanguage":"ja","@id":"https:\/\/joyana.fr\/ja\/#\/schema\/person\/image\/","url":"https:\/\/i0.wp.com\/joyana.fr\/wp-content\/uploads\/2016\/08\/cropped-joyana-logo-black-360x180.png?fit=343%2C164&ssl=1","contentUrl":"https:\/\/i0.wp.com\/joyana.fr\/wp-content\/uploads\/2016\/08\/cropped-joyana-logo-black-360x180.png?fit=343%2C164&ssl=1","width":343,"height":164,"caption":"Jo Yana"},"logo":{"@id":"https:\/\/joyana.fr\/ja\/#\/schema\/person\/image\/"},"description":"Jo Yana est le cr\u00e9ateur et r\u00e9dacteur en chef des sites DECO-DESIGN. Passionn\u00e9 de Design, Mode, Photo, Luxe, Lifestyle, Musique, mais avant tout Blogueur ! Le plaisir de partager l'anime et a comme devise \"POUR L'AMOUR DU BEAU\". Retrouvez le aussi sur son blog personnel - https:\/\/joyana.fr...","sameAs":["https:\/\/joyana.fr\/"]}]}},"uagb_featured_image_src":{"full":["https:\/\/i0.wp.com\/joyana.fr\/wp-content\/uploads\/2022\/01\/Every-Last-Drop-I-Hanna-Lee-Joshi-GalleryJoYana-1.jpeg?fit=960%2C960&ssl=1",960,960,false],"thumbnail":["https:\/\/i0.wp.com\/joyana.fr\/wp-content\/uploads\/2022\/01\/Every-Last-Drop-I-Hanna-Lee-Joshi-GalleryJoYana-1.jpeg?resize=150%2C150&ssl=1",150,150,true],"medium":["https:\/\/i0.wp.com\/joyana.fr\/wp-content\/uploads\/2022\/01\/Every-Last-Drop-I-Hanna-Lee-Joshi-GalleryJoYana-1.jpeg?fit=389%2C389&ssl=1",389,389,true],"medium_large":["https:\/\/i0.wp.com\/joyana.fr\/wp-content\/uploads\/2022\/01\/Every-Last-Drop-I-Hanna-Lee-Joshi-GalleryJoYana-1.jpeg?fit=768%2C768&ssl=1",768,768,true],"large":["https:\/\/i0.wp.com\/joyana.fr\/wp-content\/uploads\/2022\/01\/Every-Last-Drop-I-Hanna-Lee-Joshi-GalleryJoYana-1.jpeg?fit=960%2C960&ssl=1",960,960,true],"1536x1536":["https:\/\/i0.wp.com\/joyana.fr\/wp-content\/uploads\/2022\/01\/Every-Last-Drop-I-Hanna-Lee-Joshi-GalleryJoYana-1.jpeg?fit=960%2C960&ssl=1",960,960,true],"2048x2048":["https:\/\/i0.wp.com\/joyana.fr\/wp-content\/uploads\/2022\/01\/Every-Last-Drop-I-Hanna-Lee-Joshi-GalleryJoYana-1.jpeg?fit=960%2C960&ssl=1",960,960,true],"featured-thumb":["https:\/\/i0.wp.com\/joyana.fr\/wp-content\/uploads\/2022\/01\/Every-Last-Drop-I-Hanna-Lee-Joshi-GalleryJoYana-1.jpeg?resize=960%2C750&ssl=1",960,750,true],"ab-block-post-grid-landscape":["https:\/\/i0.wp.com\/joyana.fr\/wp-content\/uploads\/2022\/01\/Every-Last-Drop-I-Hanna-Lee-Joshi-GalleryJoYana-1.jpeg?resize=600%2C400&ssl=1",600,400,true],"ab-block-post-grid-square":["https:\/\/i0.wp.com\/joyana.fr\/wp-content\/uploads\/2022\/01\/Every-Last-Drop-I-Hanna-Lee-Joshi-GalleryJoYana-1.jpeg?resize=600%2C600&ssl=1",600,600,true],"author-pro-image":["https:\/\/i0.wp.com\/joyana.fr\/wp-content\/uploads\/2022\/01\/Every-Last-Drop-I-Hanna-Lee-Joshi-GalleryJoYana-1.jpeg?resize=360%2C570&ssl=1",360,570,true],"slider":["https:\/\/i0.wp.com\/joyana.fr\/wp-content\/uploads\/2022\/01\/Every-Last-Drop-I-Hanna-Lee-Joshi-GalleryJoYana-1.jpeg?resize=920%2C400&ssl=1",920,400,true],"woocommerce_thumbnail":["https:\/\/i0.wp.com\/joyana.fr\/wp-content\/uploads\/2022\/01\/Every-Last-Drop-I-Hanna-Lee-Joshi-GalleryJoYana-1.jpeg?resize=450%2C450&ssl=1",450,450,true],"woocommerce_single":["https:\/\/i0.wp.com\/joyana.fr\/wp-content\/uploads\/2022\/01\/Every-Last-Drop-I-Hanna-Lee-Joshi-GalleryJoYana-1.jpeg?fit=920%2C920&ssl=1",920,920,true],"woocommerce_gallery_thumbnail":["https:\/\/i0.wp.com\/joyana.fr\/wp-content\/uploads\/2022\/01\/Every-Last-Drop-I-Hanna-Lee-Joshi-GalleryJoYana-1.jpeg?resize=180%2C180&ssl=1",180,180,true],"sow-carousel-default":["https:\/\/i0.wp.com\/joyana.fr\/wp-content\/uploads\/2022\/01\/Every-Last-Drop-I-Hanna-Lee-Joshi-GalleryJoYana-1.jpeg?resize=272%2C182&ssl=1",272,182,true]},"uagb_author_info":{"display_name":"Jo Yana","author_link":"https:\/\/joyana.fr\/ja\/author\/joyana\/"},"uagb_comment_info":0,"uagb_excerpt":"EVERY LAST DROP I - HANNA LEE JOSHI (Korea) 40x40cm - g&hellip;","featured_img":"https:\/\/joyana.fr\/wp-content\/uploads\/2022\/01\/Every-Last-Drop-I-Hanna-Lee-Joshi-GalleryJoYana-1.jpeg","coauthors":[],"author_meta":{"author_link":"https:\/\/joyana.fr\/ja\/author\/joyana\/","display_name":"Jo Yana"},"relative_dates":{"created":"Posted 4\u5e74 ago","modified":"Updated 4\u5e74 ago"},"absolute_dates":{"created":"Posted on 30 1\u6708 2022","modified":"Updated on 1 3\u6708 2022"},"absolute_dates_time":{"created":"Posted on 30 1\u6708 2022 15:16","modified":"Updated on 1 3\u6708 2022 10:23"},"featured_img_caption":"","tax_additional":{"product_type":{"linked":["<a href=\"https:\/\/joyana.fr\/ja\/?taxonomy=product_type&#038;term=simple\" class=\"advgb-post-tax-term\">simple<\/a>"],"unlinked":["<span class=\"advgb-post-tax-term\">simple<\/span>"],"slug":"product_type","name":"\u5546\u54c1\u30bf\u30a4\u30d7"},"product_visibility":{"linked":[],"unlinked":[],"slug":"product_visibility","name":"\u5546\u54c1\u306e\u8868\u793a\u8a2d\u5b9a"},"product_cat":{"linked":["<a href=\"https:\/\/joyana.fr\/ja\/artgallery\/oeuvres\/oeuvres-disponibles\/dessin-oeuvres-disponibles\/\" class=\"advgb-post-tax-term\">Dessin<\/a>","<a href=\"https:\/\/joyana.fr\/ja\/artgallery\/nos-artistes\/hanna-lee-joshi\/\" class=\"advgb-post-tax-term\">HANNA LEE JOSHI<\/a>","<a href=\"https:\/\/joyana.fr\/ja\/artgallery\/oeuvres\/\" class=\"advgb-post-tax-term\">\u82b8\u8853\u4f5c\u54c1<\/a>","<a href=\"https:\/\/joyana.fr\/ja\/artgallery\/oeuvres\/oeuvres-disponibles\/\" class=\"advgb-post-tax-term\">\u0152uvres disponibles<\/a>"],"unlinked":["<span class=\"advgb-post-tax-term\">Dessin<\/span>","<span class=\"advgb-post-tax-term\">HANNA LEE JOSHI<\/span>","<span class=\"advgb-post-tax-term\">\u82b8\u8853\u4f5c\u54c1<\/span>","<span class=\"advgb-post-tax-term\">\u0152uvres disponibles<\/span>"],"slug":"product_cat","name":"\u5546\u54c1\u30ab\u30c6\u30b4\u30ea\u30fc"},"product_tag":{"linked":["<a href=\"https:\/\/joyana.fr\/ja\/etiquette-produit\/hanna-lee-joshi\/\" class=\"advgb-post-tax-term\">HANNA LEE JOSHI<\/a>"],"unlinked":["<span class=\"advgb-post-tax-term\">HANNA LEE JOSHI<\/span>"],"slug":"product_tag","name":"\u5546\u54c1\u30bf\u30b0"},"product_shipping_class":{"linked":["<a href=\"https:\/\/joyana.fr\/ja\/?taxonomy=product_shipping_class&#038;term=monde-60x60\" class=\"advgb-post-tax-term\">monde 60x60<\/a>"],"unlinked":["<span class=\"advgb-post-tax-term\">monde 60x60<\/span>"],"slug":"product_shipping_class","name":"\u5546\u54c1\u306e\u914d\u9001\u30af\u30e9\u30b9"},"pa_color":{"linked":[],"unlinked":[],"slug":"pa_color","name":"\u5546\u54c1 Couleurs"},"pa_frhoraires":{"linked":[],"unlinked":[],"slug":"pa_frhoraires","name":"\u5546\u54c1 Horaires"}},"series_order":"","jetpack_sharing_enabled":true,"jetpack-related-posts":[],"_links":{"self":[{"href":"https:\/\/joyana.fr\/ja\/wp-json\/wp\/v2\/product\/148212","targetHints":{"allow":["GET"]}}],"collection":[{"href":"https:\/\/joyana.fr\/ja\/wp-json\/wp\/v2\/product"}],"about":[{"href":"https:\/\/joyana.fr\/ja\/wp-json\/wp\/v2\/types\/product"}],"wp:featuredmedia":[{"embeddable":true,"href":"https:\/\/joyana.fr\/ja\/wp-json\/wp\/v2\/media\/148213"}],"wp:attachment":[{"href":"https:\/\/joyana.fr\/ja\/wp-json\/wp\/v2\/media?parent=148212"}],"wp:term":[{"taxonomy":"product_cat","embeddable":true,"href":"https:\/\/joyana.fr\/ja\/wp-json\/wp\/v2\/product_cat?post=148212"},{"taxonomy":"product_tag","embeddable":true,"href":"https:\/\/joyana.fr\/ja\/wp-json\/wp\/v2\/product_tag?post=148212"}],"curies":[{"name":"wp","href":"https:\/\/api.w.org\/{rel}","templated":true}]}}