{"id":148240,"date":"2022-01-31T17:43:41","date_gmt":"2022-01-31T15:43:41","guid":{"rendered":"https:\/\/joyana.fr\/?post_type=product&#038;p=148240"},"modified":"2022-03-01T10:22:30","modified_gmt":"2022-03-01T08:22:30","slug":"f-w-old-boy-100x100cm-gwon-shinhong","status":"publish","type":"product","link":"https:\/\/joyana.fr\/ja\/gallery\/f-w-old-boy-100x100cm-gwon-shinhong\/","title":{"rendered":"F\/W OLD BOY! 100x100cm &#8211; GWON SHINHONG"},"content":{"rendered":"<p>About GWON SHINHONG &#8211; Gwon Shinhong is an established mid-career artist from the Republic of Korea. She was born in 1983, her style was largely influenced by the 1990s. We find in her works the recurrence of her &#8220;OLD BOY&#8221; as it is called, her old gentleman that she declines in different shapes and colors&#8230;<\/p>\n","protected":false},"excerpt":{"rendered":"<p>2021 F\/W OLD BOY!<br \/>\n100x100cm &#8211; acrylic on canvas 2021<\/p>\n","protected":false},"author":3,"featured_media":148245,"template":"","meta":{"_coblocks_attr":"","_coblocks_dimensions":"","_coblocks_responsive_height":"","_coblocks_accordion_ie_support":"","_uag_custom_page_level_css":"","advgb_blocks_editor_width":"","advgb_blocks_columns_visual_guide":"","_genesis_hide_title":false,"_genesis_hide_breadcrumbs":false,"_genesis_hide_singular_image":false,"_genesis_hide_footer_widgets":false,"_genesis_custom_body_class":"","_genesis_custom_post_class":"","_genesis_layout":"full-width-content","_themeisle_gutenberg_block_has_review":false},"product_cat":[5374,5269,5268,5259,5258],"product_tag":[5360],"class_list":{"0":"post-148240","1":"product","2":"type-product","3":"status-publish","4":"has-post-thumbnail","6":"product_cat-gwon-shinhong","7":"product_cat-oeuvres","8":"product_cat-nos-artistes","9":"product_cat-toile","10":"product_cat-oeuvres-disponibles","11":"product_tag-korean-art","12":"product_shipping_class-monde-100x120","13":"entry","15":"first","16":"instock","17":"shipping-taxable","18":"purchasable","19":"product-type-simple"},"featured_image_urls":{"full":["https:\/\/i0.wp.com\/joyana.fr\/wp-content\/uploads\/2022\/01\/PenultimateFullSizeRender-2-scaled.jpg?fit=2048%2C2048&ssl=1",2048,2048,false],"thumbnail":["https:\/\/i0.wp.com\/joyana.fr\/wp-content\/uploads\/2022\/01\/PenultimateFullSizeRender-2-scaled.jpg?resize=150%2C150&ssl=1",150,150,true],"medium":["https:\/\/i0.wp.com\/joyana.fr\/wp-content\/uploads\/2022\/01\/PenultimateFullSizeRender-2-scaled.jpg?fit=389%2C389&ssl=1",389,389,true],"medium_large":["https:\/\/i0.wp.com\/joyana.fr\/wp-content\/uploads\/2022\/01\/PenultimateFullSizeRender-2-scaled.jpg?fit=768%2C768&ssl=1",768,768,true],"large":["https:\/\/i0.wp.com\/joyana.fr\/wp-content\/uploads\/2022\/01\/PenultimateFullSizeRender-2-scaled.jpg?fit=1024%2C1024&ssl=1",1024,1024,true],"1536x1536":["https:\/\/i0.wp.com\/joyana.fr\/wp-content\/uploads\/2022\/01\/PenultimateFullSizeRender-2-scaled.jpg?fit=1536%2C1536&ssl=1",1536,1536,true],"2048x2048":["https:\/\/i0.wp.com\/joyana.fr\/wp-content\/uploads\/2022\/01\/PenultimateFullSizeRender-2-scaled.jpg?fit=2048%2C2048&ssl=1",2048,2048,true],"featured-thumb":["https:\/\/i0.wp.com\/joyana.fr\/wp-content\/uploads\/2022\/01\/PenultimateFullSizeRender-2-scaled.jpg?resize=1903%2C750&ssl=1",1903,750,true],"ab-block-post-grid-landscape":["https:\/\/i0.wp.com\/joyana.fr\/wp-content\/uploads\/2022\/01\/PenultimateFullSizeRender-2-scaled.jpg?resize=600%2C400&ssl=1",600,400,true],"ab-block-post-grid-square":["https:\/\/i0.wp.com\/joyana.fr\/wp-content\/uploads\/2022\/01\/PenultimateFullSizeRender-2-scaled.jpg?resize=600%2C600&ssl=1",600,600,true],"author-pro-image":["https:\/\/i0.wp.com\/joyana.fr\/wp-content\/uploads\/2022\/01\/PenultimateFullSizeRender-2-scaled.jpg?resize=360%2C570&ssl=1",360,570,true],"slider":["https:\/\/i0.wp.com\/joyana.fr\/wp-content\/uploads\/2022\/01\/PenultimateFullSizeRender-2-scaled.jpg?resize=920%2C400&ssl=1",920,400,true],"woocommerce_thumbnail":["https:\/\/i0.wp.com\/joyana.fr\/wp-content\/uploads\/2022\/01\/PenultimateFullSizeRender-2-scaled.jpg?resize=450%2C450&ssl=1",450,450,true],"woocommerce_single":["https:\/\/i0.wp.com\/joyana.fr\/wp-content\/uploads\/2022\/01\/PenultimateFullSizeRender-2-scaled.jpg?fit=920%2C920&ssl=1",920,920,true],"woocommerce_gallery_thumbnail":["https:\/\/i0.wp.com\/joyana.fr\/wp-content\/uploads\/2022\/01\/PenultimateFullSizeRender-2-scaled.jpg?resize=180%2C180&ssl=1",180,180,true],"sow-carousel-default":["https:\/\/i0.wp.com\/joyana.fr\/wp-content\/uploads\/2022\/01\/PenultimateFullSizeRender-2-scaled.jpg?resize=272%2C182&ssl=1",272,182,true]},"post_excerpt_stackable":"<p>2021 F\/W OLD BOY!<br \/>\n100x100cm &#8211; acrylic on canvas 2021<\/p>\n","category_list":"","author_info":{"name":"Jo Yana","url":"https:\/\/joyana.fr\/ja\/author\/joyana\/"},"comments_num":"0 comments","featured_image_urls_v2":{"full":["https:\/\/i0.wp.com\/joyana.fr\/wp-content\/uploads\/2022\/01\/PenultimateFullSizeRender-2-scaled.jpg?fit=2048%2C2048&ssl=1",2048,2048,false],"thumbnail":["https:\/\/i0.wp.com\/joyana.fr\/wp-content\/uploads\/2022\/01\/PenultimateFullSizeRender-2-scaled.jpg?resize=150%2C150&ssl=1",150,150,true],"medium":["https:\/\/i0.wp.com\/joyana.fr\/wp-content\/uploads\/2022\/01\/PenultimateFullSizeRender-2-scaled.jpg?fit=389%2C389&ssl=1",389,389,true],"medium_large":["https:\/\/i0.wp.com\/joyana.fr\/wp-content\/uploads\/2022\/01\/PenultimateFullSizeRender-2-scaled.jpg?fit=768%2C768&ssl=1",768,768,true],"large":["https:\/\/i0.wp.com\/joyana.fr\/wp-content\/uploads\/2022\/01\/PenultimateFullSizeRender-2-scaled.jpg?fit=1024%2C1024&ssl=1",1024,1024,true],"1536x1536":["https:\/\/i0.wp.com\/joyana.fr\/wp-content\/uploads\/2022\/01\/PenultimateFullSizeRender-2-scaled.jpg?fit=1536%2C1536&ssl=1",1536,1536,true],"2048x2048":["https:\/\/i0.wp.com\/joyana.fr\/wp-content\/uploads\/2022\/01\/PenultimateFullSizeRender-2-scaled.jpg?fit=2048%2C2048&ssl=1",2048,2048,true],"featured-thumb":["https:\/\/i0.wp.com\/joyana.fr\/wp-content\/uploads\/2022\/01\/PenultimateFullSizeRender-2-scaled.jpg?resize=1903%2C750&ssl=1",1903,750,true],"ab-block-post-grid-landscape":["https:\/\/i0.wp.com\/joyana.fr\/wp-content\/uploads\/2022\/01\/PenultimateFullSizeRender-2-scaled.jpg?resize=600%2C400&ssl=1",600,400,true],"ab-block-post-grid-square":["https:\/\/i0.wp.com\/joyana.fr\/wp-content\/uploads\/2022\/01\/PenultimateFullSizeRender-2-scaled.jpg?resize=600%2C600&ssl=1",600,600,true],"author-pro-image":["https:\/\/i0.wp.com\/joyana.fr\/wp-content\/uploads\/2022\/01\/PenultimateFullSizeRender-2-scaled.jpg?resize=360%2C570&ssl=1",360,570,true],"slider":["https:\/\/i0.wp.com\/joyana.fr\/wp-content\/uploads\/2022\/01\/PenultimateFullSizeRender-2-scaled.jpg?resize=920%2C400&ssl=1",920,400,true],"woocommerce_thumbnail":["https:\/\/i0.wp.com\/joyana.fr\/wp-content\/uploads\/2022\/01\/PenultimateFullSizeRender-2-scaled.jpg?resize=450%2C450&ssl=1",450,450,true],"woocommerce_single":["https:\/\/i0.wp.com\/joyana.fr\/wp-content\/uploads\/2022\/01\/PenultimateFullSizeRender-2-scaled.jpg?fit=920%2C920&ssl=1",920,920,true],"woocommerce_gallery_thumbnail":["https:\/\/i0.wp.com\/joyana.fr\/wp-content\/uploads\/2022\/01\/PenultimateFullSizeRender-2-scaled.jpg?resize=180%2C180&ssl=1",180,180,true],"sow-carousel-default":["https:\/\/i0.wp.com\/joyana.fr\/wp-content\/uploads\/2022\/01\/PenultimateFullSizeRender-2-scaled.jpg?resize=272%2C182&ssl=1",272,182,true]},"post_excerpt_stackable_v2":"<p>2021 F\/W OLD BOY!<br \/>\n100x100cm &#8211; acrylic on canvas 2021<\/p>\n","category_list_v2":"","author_info_v2":{"name":"Jo Yana","url":"https:\/\/joyana.fr\/ja\/author\/joyana\/"},"comments_num_v2":"0 comments","yoast_head":"<!-- This site is optimized with the Yoast SEO plugin v26.8 - https:\/\/yoast.com\/product\/yoast-seo-wordpress\/ -->\n<title>F\/W OLD BOY! 100x100cm -  - F\/W OLD BOY! 100x100cm - GWON SHINHONG[:] - JO YANA<\/title>\n<meta name=\"robots\" content=\"index, follow, max-snippet:-1, max-image-preview:large, max-video-preview:-1\" \/>\n<link rel=\"canonical\" href=\"https:\/\/joyana.fr\/ja\/gallery\/f-w-old-boy-100x100cm-gwon-shinhong\/\" \/>\n<meta property=\"og:locale\" content=\"ja_JP\" \/>\n<meta property=\"og:locale:alternate\" content=\"fr_FR\" \/>\n<meta property=\"og:locale:alternate\" content=\"en_US\" \/>\n<meta property=\"og:type\" content=\"article\" \/>\n<meta property=\"og:title\" content=\"F\/W OLD BOY! 100x100cm - GWON SHINHONG\" \/>\n<meta property=\"og:description\" content=\"2021 F\/W OLD BOY! 100x100cm - acrylic on canvas 2021\" \/>\n<meta property=\"og:url\" content=\"https:\/\/joyana.fr\/ja\/gallery\/f-w-old-boy-100x100cm-gwon-shinhong\/\" \/>\n<meta property=\"og:site_name\" content=\"JO YANA\" \/>\n<meta property=\"article:modified_time\" content=\"2022-03-01T08:22:30+00:00\" \/>\n<meta property=\"og:image\" content=\"https:\/\/i0.wp.com\/joyana.fr\/wp-content\/uploads\/2022\/01\/PenultimateFullSizeRender-2-scaled.jpg?fit=2048%2C2048&ssl=1\" \/>\n\t<meta property=\"og:image:width\" content=\"2048\" \/>\n\t<meta property=\"og:image:height\" content=\"2048\" \/>\n\t<meta property=\"og:image:type\" content=\"image\/jpeg\" \/>\n<meta name=\"twitter:card\" content=\"summary_large_image\" \/>\n<meta name=\"twitter:site\" content=\"@Jo_Yana\" \/>\n<meta name=\"twitter:label1\" content=\"\u63a8\u5b9a\u8aad\u307f\u53d6\u308a\u6642\u9593\" \/>\n\t<meta name=\"twitter:data1\" content=\"1\u5206\" \/>\n<script type=\"application\/ld+json\" class=\"yoast-schema-graph\">{\"@context\":\"https:\/\/schema.org\",\"@graph\":[{\"@type\":\"WebPage\",\"@id\":\"https:\/\/joyana.fr\/gallery\/f-w-old-boy-100x100cm-gwon-shinhong\/\",\"url\":\"https:\/\/joyana.fr\/gallery\/f-w-old-boy-100x100cm-gwon-shinhong\/\",\"name\":\"F\/W OLD BOY! 100x100cm - GWON SHINHONG\",\"isPartOf\":{\"@id\":\"https:\/\/joyana.fr\/#website\"},\"primaryImageOfPage\":{\"@id\":\"https:\/\/joyana.fr\/gallery\/f-w-old-boy-100x100cm-gwon-shinhong\/#primaryimage\"},\"image\":{\"@id\":\"https:\/\/joyana.fr\/gallery\/f-w-old-boy-100x100cm-gwon-shinhong\/#primaryimage\"},\"thumbnailUrl\":\"https:\/\/i0.wp.com\/joyana.fr\/wp-content\/uploads\/2022\/01\/PenultimateFullSizeRender-2-scaled.jpg?fit=2048%2C2048&ssl=1\",\"datePublished\":\"2022-01-31T15:43:41+00:00\",\"dateModified\":\"2022-03-01T08:22:30+00:00\",\"breadcrumb\":{\"@id\":\"https:\/\/joyana.fr\/gallery\/f-w-old-boy-100x100cm-gwon-shinhong\/#breadcrumb\"},\"inLanguage\":\"ja\",\"potentialAction\":[{\"@type\":\"ReadAction\",\"target\":[\"https:\/\/joyana.fr\/gallery\/f-w-old-boy-100x100cm-gwon-shinhong\/\"]}]},{\"@type\":\"ImageObject\",\"inLanguage\":\"ja\",\"@id\":\"https:\/\/joyana.fr\/gallery\/f-w-old-boy-100x100cm-gwon-shinhong\/#primaryimage\",\"url\":\"https:\/\/i0.wp.com\/joyana.fr\/wp-content\/uploads\/2022\/01\/PenultimateFullSizeRender-2-scaled.jpg?fit=2048%2C2048&ssl=1\",\"contentUrl\":\"https:\/\/i0.wp.com\/joyana.fr\/wp-content\/uploads\/2022\/01\/PenultimateFullSizeRender-2-scaled.jpg?fit=2048%2C2048&ssl=1\",\"width\":2048,\"height\":2048},{\"@type\":\"BreadcrumbList\",\"@id\":\"https:\/\/joyana.fr\/gallery\/f-w-old-boy-100x100cm-gwon-shinhong\/#breadcrumb\",\"itemListElement\":[{\"@type\":\"ListItem\",\"position\":1,\"name\":\"Accueil\",\"item\":\"https:\/\/joyana.fr\/\"},{\"@type\":\"ListItem\",\"position\":2,\"name\":\"GALLERY JO YANA\",\"item\":\"https:\/\/joyana.fr\/ja\/artgallery\/\"},{\"@type\":\"ListItem\",\"position\":3,\"name\":\"F\/W OLD BOY! 100x100cm &#8211; GWON SHINHONG\"}]},{\"@type\":\"WebSite\",\"@id\":\"https:\/\/joyana.fr\/#website\",\"url\":\"https:\/\/joyana.fr\/\",\"name\":\"JO YANA\",\"description\":\"Blog Mode Homme, Lifestyle, D\u00e9co-Design\",\"publisher\":{\"@id\":\"https:\/\/joyana.fr\/#\/schema\/person\/cf2a1ad12a27c12c21801075bf37407c\"},\"potentialAction\":[{\"@type\":\"SearchAction\",\"target\":{\"@type\":\"EntryPoint\",\"urlTemplate\":\"https:\/\/joyana.fr\/?s={search_term_string}\"},\"query-input\":{\"@type\":\"PropertyValueSpecification\",\"valueRequired\":true,\"valueName\":\"search_term_string\"}}],\"inLanguage\":\"ja\"},{\"@type\":[\"Person\",\"Organization\"],\"@id\":\"https:\/\/joyana.fr\/#\/schema\/person\/cf2a1ad12a27c12c21801075bf37407c\",\"name\":\"Jo Yana\",\"image\":{\"@type\":\"ImageObject\",\"inLanguage\":\"ja\",\"@id\":\"https:\/\/joyana.fr\/#\/schema\/person\/image\/\",\"url\":\"https:\/\/i0.wp.com\/joyana.fr\/wp-content\/uploads\/2016\/08\/cropped-joyana-logo-black-360x180.png?fit=343%2C164&ssl=1\",\"contentUrl\":\"https:\/\/i0.wp.com\/joyana.fr\/wp-content\/uploads\/2016\/08\/cropped-joyana-logo-black-360x180.png?fit=343%2C164&ssl=1\",\"width\":343,\"height\":164,\"caption\":\"Jo Yana\"},\"logo\":{\"@id\":\"https:\/\/joyana.fr\/#\/schema\/person\/image\/\"},\"description\":\"Jo Yana est le cr\u00e9ateur et r\u00e9dacteur en chef des sites DECO-DESIGN. Passionn\u00e9 de Design, Mode, Photo, Luxe, Lifestyle, Musique, mais avant tout Blogueur ! Le plaisir de partager l'anime et a comme devise \\\"POUR L'AMOUR DU BEAU\\\". Retrouvez le aussi sur son blog personnel - https:\/\/joyana.fr...\",\"sameAs\":[\"https:\/\/joyana.fr\/\"]}]}<\/script>\n<!-- \/ Yoast SEO plugin. -->","yoast_head_json":{"title":"F\/W OLD BOY! 100x100cm -  - F\/W OLD BOY! 100x100cm - GWON SHINHONG[:] - JO YANA","robots":{"index":"index","follow":"follow","max-snippet":"max-snippet:-1","max-image-preview":"max-image-preview:large","max-video-preview":"max-video-preview:-1"},"canonical":"https:\/\/joyana.fr\/ja\/gallery\/f-w-old-boy-100x100cm-gwon-shinhong\/","og_locale":"ja_JP","og_type":"article","og_title":"[:fr]F\/W OLD BOY! 100x100cm - GWON SHINHONG[:en]2021 F\/W OLD BOY! 100x100cm - GWON SHINHONG[:ja]F\/W OLD BOY! 100x100cm - GWON SHINHONG[:] - JO YANA","og_description":"2021 F\/W OLD BOY! 100x100cm - acrylic on canvas 2021","og_url":"https:\/\/joyana.fr\/ja\/gallery\/f-w-old-boy-100x100cm-gwon-shinhong\/","og_site_name":"JO YANA","article_modified_time":"2022-03-01T08:22:30+00:00","og_image":[{"width":2048,"height":2048,"url":"https:\/\/i0.wp.com\/joyana.fr\/wp-content\/uploads\/2022\/01\/PenultimateFullSizeRender-2-scaled.jpg?fit=2048%2C2048&ssl=1","type":"image\/jpeg"}],"twitter_card":"summary_large_image","twitter_site":"@Jo_Yana","twitter_misc":{"\u63a8\u5b9a\u8aad\u307f\u53d6\u308a\u6642\u9593":"1\u5206"},"schema":{"@context":"https:\/\/schema.org","@graph":[{"@type":"WebPage","@id":"https:\/\/joyana.fr\/gallery\/f-w-old-boy-100x100cm-gwon-shinhong\/","url":"https:\/\/joyana.fr\/gallery\/f-w-old-boy-100x100cm-gwon-shinhong\/","name":"F\/W OLD BOY! 100x100cm - GWON SHINHONG","isPartOf":{"@id":"https:\/\/joyana.fr\/#website"},"primaryImageOfPage":{"@id":"https:\/\/joyana.fr\/gallery\/f-w-old-boy-100x100cm-gwon-shinhong\/#primaryimage"},"image":{"@id":"https:\/\/joyana.fr\/gallery\/f-w-old-boy-100x100cm-gwon-shinhong\/#primaryimage"},"thumbnailUrl":"https:\/\/i0.wp.com\/joyana.fr\/wp-content\/uploads\/2022\/01\/PenultimateFullSizeRender-2-scaled.jpg?fit=2048%2C2048&ssl=1","datePublished":"2022-01-31T15:43:41+00:00","dateModified":"2022-03-01T08:22:30+00:00","breadcrumb":{"@id":"https:\/\/joyana.fr\/gallery\/f-w-old-boy-100x100cm-gwon-shinhong\/#breadcrumb"},"inLanguage":"ja","potentialAction":[{"@type":"ReadAction","target":["https:\/\/joyana.fr\/gallery\/f-w-old-boy-100x100cm-gwon-shinhong\/"]}]},{"@type":"ImageObject","inLanguage":"ja","@id":"https:\/\/joyana.fr\/gallery\/f-w-old-boy-100x100cm-gwon-shinhong\/#primaryimage","url":"https:\/\/i0.wp.com\/joyana.fr\/wp-content\/uploads\/2022\/01\/PenultimateFullSizeRender-2-scaled.jpg?fit=2048%2C2048&ssl=1","contentUrl":"https:\/\/i0.wp.com\/joyana.fr\/wp-content\/uploads\/2022\/01\/PenultimateFullSizeRender-2-scaled.jpg?fit=2048%2C2048&ssl=1","width":2048,"height":2048},{"@type":"BreadcrumbList","@id":"https:\/\/joyana.fr\/gallery\/f-w-old-boy-100x100cm-gwon-shinhong\/#breadcrumb","itemListElement":[{"@type":"ListItem","position":1,"name":"Accueil","item":"https:\/\/joyana.fr\/"},{"@type":"ListItem","position":2,"name":"GALLERY JO YANA","item":"https:\/\/joyana.fr\/ja\/artgallery\/"},{"@type":"ListItem","position":3,"name":"F\/W OLD BOY! 100x100cm &#8211; GWON SHINHONG"}]},{"@type":"WebSite","@id":"https:\/\/joyana.fr\/#website","url":"https:\/\/joyana.fr\/","name":"JO YANA","description":"Blog Mode Homme, Lifestyle, D\u00e9co-Design","publisher":{"@id":"https:\/\/joyana.fr\/#\/schema\/person\/cf2a1ad12a27c12c21801075bf37407c"},"potentialAction":[{"@type":"SearchAction","target":{"@type":"EntryPoint","urlTemplate":"https:\/\/joyana.fr\/?s={search_term_string}"},"query-input":{"@type":"PropertyValueSpecification","valueRequired":true,"valueName":"search_term_string"}}],"inLanguage":"ja"},{"@type":["Person","Organization"],"@id":"https:\/\/joyana.fr\/#\/schema\/person\/cf2a1ad12a27c12c21801075bf37407c","name":"Jo Yana","image":{"@type":"ImageObject","inLanguage":"ja","@id":"https:\/\/joyana.fr\/#\/schema\/person\/image\/","url":"https:\/\/i0.wp.com\/joyana.fr\/wp-content\/uploads\/2016\/08\/cropped-joyana-logo-black-360x180.png?fit=343%2C164&ssl=1","contentUrl":"https:\/\/i0.wp.com\/joyana.fr\/wp-content\/uploads\/2016\/08\/cropped-joyana-logo-black-360x180.png?fit=343%2C164&ssl=1","width":343,"height":164,"caption":"Jo Yana"},"logo":{"@id":"https:\/\/joyana.fr\/#\/schema\/person\/image\/"},"description":"Jo Yana est le cr\u00e9ateur et r\u00e9dacteur en chef des sites DECO-DESIGN. Passionn\u00e9 de Design, Mode, Photo, Luxe, Lifestyle, Musique, mais avant tout Blogueur ! Le plaisir de partager l'anime et a comme devise \"POUR L'AMOUR DU BEAU\". Retrouvez le aussi sur son blog personnel - https:\/\/joyana.fr...","sameAs":["https:\/\/joyana.fr\/"]}]}},"uagb_featured_image_src":{"full":["https:\/\/i0.wp.com\/joyana.fr\/wp-content\/uploads\/2022\/01\/PenultimateFullSizeRender-2-scaled.jpg?fit=2048%2C2048&ssl=1",2048,2048,false],"thumbnail":["https:\/\/i0.wp.com\/joyana.fr\/wp-content\/uploads\/2022\/01\/PenultimateFullSizeRender-2-scaled.jpg?resize=150%2C150&ssl=1",150,150,true],"medium":["https:\/\/i0.wp.com\/joyana.fr\/wp-content\/uploads\/2022\/01\/PenultimateFullSizeRender-2-scaled.jpg?fit=389%2C389&ssl=1",389,389,true],"medium_large":["https:\/\/i0.wp.com\/joyana.fr\/wp-content\/uploads\/2022\/01\/PenultimateFullSizeRender-2-scaled.jpg?fit=768%2C768&ssl=1",768,768,true],"large":["https:\/\/i0.wp.com\/joyana.fr\/wp-content\/uploads\/2022\/01\/PenultimateFullSizeRender-2-scaled.jpg?fit=1024%2C1024&ssl=1",1024,1024,true],"1536x1536":["https:\/\/i0.wp.com\/joyana.fr\/wp-content\/uploads\/2022\/01\/PenultimateFullSizeRender-2-scaled.jpg?fit=1536%2C1536&ssl=1",1536,1536,true],"2048x2048":["https:\/\/i0.wp.com\/joyana.fr\/wp-content\/uploads\/2022\/01\/PenultimateFullSizeRender-2-scaled.jpg?fit=2048%2C2048&ssl=1",2048,2048,true],"featured-thumb":["https:\/\/i0.wp.com\/joyana.fr\/wp-content\/uploads\/2022\/01\/PenultimateFullSizeRender-2-scaled.jpg?resize=1903%2C750&ssl=1",1903,750,true],"ab-block-post-grid-landscape":["https:\/\/i0.wp.com\/joyana.fr\/wp-content\/uploads\/2022\/01\/PenultimateFullSizeRender-2-scaled.jpg?resize=600%2C400&ssl=1",600,400,true],"ab-block-post-grid-square":["https:\/\/i0.wp.com\/joyana.fr\/wp-content\/uploads\/2022\/01\/PenultimateFullSizeRender-2-scaled.jpg?resize=600%2C600&ssl=1",600,600,true],"author-pro-image":["https:\/\/i0.wp.com\/joyana.fr\/wp-content\/uploads\/2022\/01\/PenultimateFullSizeRender-2-scaled.jpg?resize=360%2C570&ssl=1",360,570,true],"slider":["https:\/\/i0.wp.com\/joyana.fr\/wp-content\/uploads\/2022\/01\/PenultimateFullSizeRender-2-scaled.jpg?resize=920%2C400&ssl=1",920,400,true],"woocommerce_thumbnail":["https:\/\/i0.wp.com\/joyana.fr\/wp-content\/uploads\/2022\/01\/PenultimateFullSizeRender-2-scaled.jpg?resize=450%2C450&ssl=1",450,450,true],"woocommerce_single":["https:\/\/i0.wp.com\/joyana.fr\/wp-content\/uploads\/2022\/01\/PenultimateFullSizeRender-2-scaled.jpg?fit=920%2C920&ssl=1",920,920,true],"woocommerce_gallery_thumbnail":["https:\/\/i0.wp.com\/joyana.fr\/wp-content\/uploads\/2022\/01\/PenultimateFullSizeRender-2-scaled.jpg?resize=180%2C180&ssl=1",180,180,true],"sow-carousel-default":["https:\/\/i0.wp.com\/joyana.fr\/wp-content\/uploads\/2022\/01\/PenultimateFullSizeRender-2-scaled.jpg?resize=272%2C182&ssl=1",272,182,true]},"uagb_author_info":{"display_name":"Jo Yana","author_link":"https:\/\/joyana.fr\/ja\/author\/joyana\/"},"uagb_comment_info":0,"uagb_excerpt":"2021 F\/W OLD BOY! 100x100cm - acrylic on canvas 2021","featured_img":"https:\/\/joyana.fr\/wp-content\/uploads\/2022\/01\/PenultimateFullSizeRender-2-scaled.jpg","coauthors":[],"author_meta":{"author_link":"https:\/\/joyana.fr\/ja\/author\/joyana\/","display_name":"Jo Yana"},"relative_dates":{"created":"Posted 4\u5e74 ago","modified":"Updated 4\u5e74 ago"},"absolute_dates":{"created":"Posted on 31 1\u6708 2022","modified":"Updated on 1 3\u6708 2022"},"absolute_dates_time":{"created":"Posted on 31 1\u6708 2022 17:43","modified":"Updated on 1 3\u6708 2022 10:22"},"featured_img_caption":"","tax_additional":{"product_type":{"linked":["<a href=\"https:\/\/joyana.fr\/ja\/?taxonomy=product_type&#038;term=simple\" class=\"advgb-post-tax-term\">simple<\/a>"],"unlinked":["<span class=\"advgb-post-tax-term\">simple<\/span>"],"slug":"product_type","name":"\u5546\u54c1\u30bf\u30a4\u30d7"},"product_visibility":{"linked":[],"unlinked":[],"slug":"product_visibility","name":"\u5546\u54c1\u306e\u8868\u793a\u8a2d\u5b9a"},"product_cat":{"linked":["<a href=\"https:\/\/joyana.fr\/ja\/artgallery\/nos-artistes\/gwon-shinhong\/\" class=\"advgb-post-tax-term\">GWON SHINHONG<\/a>","<a href=\"https:\/\/joyana.fr\/ja\/artgallery\/oeuvres\/\" class=\"advgb-post-tax-term\">\u82b8\u8853\u4f5c\u54c1<\/a>","<a href=\"https:\/\/joyana.fr\/ja\/artgallery\/nos-artistes\/\" class=\"advgb-post-tax-term\">\u79c1\u305f\u3061\u306e\u30a2\u30fc\u30c6\u30a3\u30b9\u30c8<\/a>","<a href=\"https:\/\/joyana.fr\/ja\/artgallery\/oeuvres\/oeuvres-disponibles\/toile\/\" class=\"advgb-post-tax-term\">Toile<\/a>","<a href=\"https:\/\/joyana.fr\/ja\/artgallery\/oeuvres\/oeuvres-disponibles\/\" class=\"advgb-post-tax-term\">\u0152uvres disponibles<\/a>"],"unlinked":["<span class=\"advgb-post-tax-term\">GWON SHINHONG<\/span>","<span class=\"advgb-post-tax-term\">\u82b8\u8853\u4f5c\u54c1<\/span>","<span class=\"advgb-post-tax-term\">\u79c1\u305f\u3061\u306e\u30a2\u30fc\u30c6\u30a3\u30b9\u30c8<\/span>","<span class=\"advgb-post-tax-term\">Toile<\/span>","<span class=\"advgb-post-tax-term\">\u0152uvres disponibles<\/span>"],"slug":"product_cat","name":"\u5546\u54c1\u30ab\u30c6\u30b4\u30ea\u30fc"},"product_tag":{"linked":["<a href=\"https:\/\/joyana.fr\/ja\/etiquette-produit\/korean-art\/\" class=\"advgb-post-tax-term\">Korean Art<\/a>"],"unlinked":["<span class=\"advgb-post-tax-term\">Korean Art<\/span>"],"slug":"product_tag","name":"\u5546\u54c1\u30bf\u30b0"},"product_shipping_class":{"linked":["<a href=\"https:\/\/joyana.fr\/ja\/?taxonomy=product_shipping_class&#038;term=monde-100x120\" class=\"advgb-post-tax-term\">Monde 100x120<\/a>"],"unlinked":["<span class=\"advgb-post-tax-term\">Monde 100x120<\/span>"],"slug":"product_shipping_class","name":"\u5546\u54c1\u306e\u914d\u9001\u30af\u30e9\u30b9"},"pa_color":{"linked":[],"unlinked":[],"slug":"pa_color","name":"\u5546\u54c1 Couleurs"},"pa_frhoraires":{"linked":[],"unlinked":[],"slug":"pa_frhoraires","name":"\u5546\u54c1 Horaires"}},"series_order":"","jetpack_sharing_enabled":true,"jetpack-related-posts":[],"_links":{"self":[{"href":"https:\/\/joyana.fr\/ja\/wp-json\/wp\/v2\/product\/148240","targetHints":{"allow":["GET"]}}],"collection":[{"href":"https:\/\/joyana.fr\/ja\/wp-json\/wp\/v2\/product"}],"about":[{"href":"https:\/\/joyana.fr\/ja\/wp-json\/wp\/v2\/types\/product"}],"wp:featuredmedia":[{"embeddable":true,"href":"https:\/\/joyana.fr\/ja\/wp-json\/wp\/v2\/media\/148245"}],"wp:attachment":[{"href":"https:\/\/joyana.fr\/ja\/wp-json\/wp\/v2\/media?parent=148240"}],"wp:term":[{"taxonomy":"product_cat","embeddable":true,"href":"https:\/\/joyana.fr\/ja\/wp-json\/wp\/v2\/product_cat?post=148240"},{"taxonomy":"product_tag","embeddable":true,"href":"https:\/\/joyana.fr\/ja\/wp-json\/wp\/v2\/product_tag?post=148240"}],"curies":[{"name":"wp","href":"https:\/\/api.w.org\/{rel}","templated":true}]}}