{"id":149611,"date":"2024-02-21T17:47:27","date_gmt":"2024-02-21T15:47:27","guid":{"rendered":"https:\/\/joyana.fr\/ja\/?post_type=product&#038;p=149611"},"modified":"2024-02-21T18:01:25","modified_gmt":"2024-02-21T16:01:25","slug":"richard-virenque-and-marco-pantani-tomokazu-komiya","status":"publish","type":"product","link":"https:\/\/joyana.fr\/ja\/gallery\/richard-virenque-and-marco-pantani-tomokazu-komiya\/","title":{"rendered":"RICHARD VIRENQUE AND MARCO PANTANI &#8211; TOMOKAZU KOMIYA"},"content":{"rendered":"<p><span style=\"font-weight: 400\">\u00c0 propos de <\/span><span style=\"font-weight: 400\">TOMOKAZU KOMIYA :<\/span><\/p>\n<p><span style=\"font-weight: 400\">TOMOKAZU KOMIYA est un illustrateur japonais, connu pour ses illustrations de cartes Pok\u00e9mon. Dans son art, il exag\u00e8re souvent les traits de ses personnages, en particulier leurs proportions faciales et corporelles. Inspir\u00e9 par le primitivisme, ses \u0153uvres sont m\u00e9morables par leur choix de couleurs original, coups de pinceau visibles et style presque enfantin.<\/span><\/p>\n","protected":false},"excerpt":{"rendered":"<p>Title : RICHARD VIRENQUE AND MARCO PANTANI<br \/>\nSize: 41&#215;31,8cm<br \/>\nFramed with museum glass<br \/>\nMixed technics on cardboard<\/p>\n","protected":false},"author":614,"featured_media":149604,"template":"","meta":{"_coblocks_attr":"","_coblocks_dimensions":"","_coblocks_responsive_height":"","_coblocks_accordion_ie_support":"","_uag_custom_page_level_css":"","advgb_blocks_editor_width":"","advgb_blocks_columns_visual_guide":"","_genesis_hide_title":false,"_genesis_hide_breadcrumbs":false,"_genesis_hide_singular_image":false,"_genesis_hide_footer_widgets":false,"_genesis_custom_body_class":"","_genesis_custom_post_class":"","_genesis_layout":"","_themeisle_gutenberg_block_has_review":false},"product_cat":[5421,5259,5409,5258],"product_tag":[2548,5310,5121,5311],"class_list":{"0":"post-149611","1":"product","2":"type-product","3":"status-publish","4":"has-post-thumbnail","6":"product_cat-oeuvres-sur-demande","7":"product_cat-toile","8":"product_cat-tomokazu-komiya","9":"product_cat-oeuvres-disponibles","10":"product_tag-japan","11":"product_tag-art-japonais","12":"product_tag-gallery-jo-yana","13":"product_tag-japon","14":"entry","16":"first","17":"instock","18":"shipping-taxable","19":"product-type-simple"},"featured_image_urls":{"full":["https:\/\/i0.wp.com\/joyana.fr\/wp-content\/uploads\/2024\/02\/TOMOKAZU-KOMIYA-RICHARD-VIRENQUE-AND-MARCO-PANTANI.png?fit=348%2C450&ssl=1",348,450,false],"thumbnail":["https:\/\/i0.wp.com\/joyana.fr\/wp-content\/uploads\/2024\/02\/TOMOKAZU-KOMIYA-RICHARD-VIRENQUE-AND-MARCO-PANTANI.png?resize=150%2C150&ssl=1",150,150,true],"medium":["https:\/\/i0.wp.com\/joyana.fr\/wp-content\/uploads\/2024\/02\/TOMOKAZU-KOMIYA-RICHARD-VIRENQUE-AND-MARCO-PANTANI.png?fit=301%2C389&ssl=1",301,389,true],"medium_large":["https:\/\/i0.wp.com\/joyana.fr\/wp-content\/uploads\/2024\/02\/TOMOKAZU-KOMIYA-RICHARD-VIRENQUE-AND-MARCO-PANTANI.png?fit=348%2C450&ssl=1",348,450,true],"large":["https:\/\/i0.wp.com\/joyana.fr\/wp-content\/uploads\/2024\/02\/TOMOKAZU-KOMIYA-RICHARD-VIRENQUE-AND-MARCO-PANTANI.png?fit=348%2C450&ssl=1",348,450,true],"1536x1536":["https:\/\/i0.wp.com\/joyana.fr\/wp-content\/uploads\/2024\/02\/TOMOKAZU-KOMIYA-RICHARD-VIRENQUE-AND-MARCO-PANTANI.png?fit=348%2C450&ssl=1",348,450,true],"2048x2048":["https:\/\/i0.wp.com\/joyana.fr\/wp-content\/uploads\/2024\/02\/TOMOKAZU-KOMIYA-RICHARD-VIRENQUE-AND-MARCO-PANTANI.png?fit=348%2C450&ssl=1",348,450,true],"featured-thumb":["https:\/\/i0.wp.com\/joyana.fr\/wp-content\/uploads\/2024\/02\/TOMOKAZU-KOMIYA-RICHARD-VIRENQUE-AND-MARCO-PANTANI.png?resize=348%2C450&ssl=1",348,450,true],"ab-block-post-grid-landscape":["https:\/\/i0.wp.com\/joyana.fr\/wp-content\/uploads\/2024\/02\/TOMOKAZU-KOMIYA-RICHARD-VIRENQUE-AND-MARCO-PANTANI.png?resize=348%2C400&ssl=1",348,400,true],"ab-block-post-grid-square":["https:\/\/i0.wp.com\/joyana.fr\/wp-content\/uploads\/2024\/02\/TOMOKAZU-KOMIYA-RICHARD-VIRENQUE-AND-MARCO-PANTANI.png?resize=348%2C450&ssl=1",348,450,true],"author-pro-image":["https:\/\/i0.wp.com\/joyana.fr\/wp-content\/uploads\/2024\/02\/TOMOKAZU-KOMIYA-RICHARD-VIRENQUE-AND-MARCO-PANTANI.png?resize=348%2C450&ssl=1",348,450,true],"slider":["https:\/\/i0.wp.com\/joyana.fr\/wp-content\/uploads\/2024\/02\/TOMOKAZU-KOMIYA-RICHARD-VIRENQUE-AND-MARCO-PANTANI.png?resize=348%2C400&ssl=1",348,400,true],"woocommerce_thumbnail":["https:\/\/i0.wp.com\/joyana.fr\/wp-content\/uploads\/2024\/02\/TOMOKAZU-KOMIYA-RICHARD-VIRENQUE-AND-MARCO-PANTANI.png?resize=348%2C450&ssl=1",348,450,true],"woocommerce_single":["https:\/\/i0.wp.com\/joyana.fr\/wp-content\/uploads\/2024\/02\/TOMOKAZU-KOMIYA-RICHARD-VIRENQUE-AND-MARCO-PANTANI.png?fit=348%2C450&ssl=1",348,450,true],"woocommerce_gallery_thumbnail":["https:\/\/i0.wp.com\/joyana.fr\/wp-content\/uploads\/2024\/02\/TOMOKAZU-KOMIYA-RICHARD-VIRENQUE-AND-MARCO-PANTANI.png?resize=180%2C180&ssl=1",180,180,true],"sow-carousel-default":["https:\/\/i0.wp.com\/joyana.fr\/wp-content\/uploads\/2024\/02\/TOMOKAZU-KOMIYA-RICHARD-VIRENQUE-AND-MARCO-PANTANI.png?resize=272%2C182&ssl=1",272,182,true]},"post_excerpt_stackable":"<p>Title : RICHARD VIRENQUE AND MARCO PANTANI<br \/>\nSize: 41&#215;31,8cm<br \/>\nFramed with museum glass<br \/>\nMixed technics on cardboard<\/p>\n","category_list":"","author_info":{"name":"angela","url":"https:\/\/joyana.fr\/ja\/author\/angela\/"},"comments_num":"0 comments","featured_image_urls_v2":{"full":["https:\/\/i0.wp.com\/joyana.fr\/wp-content\/uploads\/2024\/02\/TOMOKAZU-KOMIYA-RICHARD-VIRENQUE-AND-MARCO-PANTANI.png?fit=348%2C450&ssl=1",348,450,false],"thumbnail":["https:\/\/i0.wp.com\/joyana.fr\/wp-content\/uploads\/2024\/02\/TOMOKAZU-KOMIYA-RICHARD-VIRENQUE-AND-MARCO-PANTANI.png?resize=150%2C150&ssl=1",150,150,true],"medium":["https:\/\/i0.wp.com\/joyana.fr\/wp-content\/uploads\/2024\/02\/TOMOKAZU-KOMIYA-RICHARD-VIRENQUE-AND-MARCO-PANTANI.png?fit=301%2C389&ssl=1",301,389,true],"medium_large":["https:\/\/i0.wp.com\/joyana.fr\/wp-content\/uploads\/2024\/02\/TOMOKAZU-KOMIYA-RICHARD-VIRENQUE-AND-MARCO-PANTANI.png?fit=348%2C450&ssl=1",348,450,true],"large":["https:\/\/i0.wp.com\/joyana.fr\/wp-content\/uploads\/2024\/02\/TOMOKAZU-KOMIYA-RICHARD-VIRENQUE-AND-MARCO-PANTANI.png?fit=348%2C450&ssl=1",348,450,true],"1536x1536":["https:\/\/i0.wp.com\/joyana.fr\/wp-content\/uploads\/2024\/02\/TOMOKAZU-KOMIYA-RICHARD-VIRENQUE-AND-MARCO-PANTANI.png?fit=348%2C450&ssl=1",348,450,true],"2048x2048":["https:\/\/i0.wp.com\/joyana.fr\/wp-content\/uploads\/2024\/02\/TOMOKAZU-KOMIYA-RICHARD-VIRENQUE-AND-MARCO-PANTANI.png?fit=348%2C450&ssl=1",348,450,true],"featured-thumb":["https:\/\/i0.wp.com\/joyana.fr\/wp-content\/uploads\/2024\/02\/TOMOKAZU-KOMIYA-RICHARD-VIRENQUE-AND-MARCO-PANTANI.png?resize=348%2C450&ssl=1",348,450,true],"ab-block-post-grid-landscape":["https:\/\/i0.wp.com\/joyana.fr\/wp-content\/uploads\/2024\/02\/TOMOKAZU-KOMIYA-RICHARD-VIRENQUE-AND-MARCO-PANTANI.png?resize=348%2C400&ssl=1",348,400,true],"ab-block-post-grid-square":["https:\/\/i0.wp.com\/joyana.fr\/wp-content\/uploads\/2024\/02\/TOMOKAZU-KOMIYA-RICHARD-VIRENQUE-AND-MARCO-PANTANI.png?resize=348%2C450&ssl=1",348,450,true],"author-pro-image":["https:\/\/i0.wp.com\/joyana.fr\/wp-content\/uploads\/2024\/02\/TOMOKAZU-KOMIYA-RICHARD-VIRENQUE-AND-MARCO-PANTANI.png?resize=348%2C450&ssl=1",348,450,true],"slider":["https:\/\/i0.wp.com\/joyana.fr\/wp-content\/uploads\/2024\/02\/TOMOKAZU-KOMIYA-RICHARD-VIRENQUE-AND-MARCO-PANTANI.png?resize=348%2C400&ssl=1",348,400,true],"woocommerce_thumbnail":["https:\/\/i0.wp.com\/joyana.fr\/wp-content\/uploads\/2024\/02\/TOMOKAZU-KOMIYA-RICHARD-VIRENQUE-AND-MARCO-PANTANI.png?resize=348%2C450&ssl=1",348,450,true],"woocommerce_single":["https:\/\/i0.wp.com\/joyana.fr\/wp-content\/uploads\/2024\/02\/TOMOKAZU-KOMIYA-RICHARD-VIRENQUE-AND-MARCO-PANTANI.png?fit=348%2C450&ssl=1",348,450,true],"woocommerce_gallery_thumbnail":["https:\/\/i0.wp.com\/joyana.fr\/wp-content\/uploads\/2024\/02\/TOMOKAZU-KOMIYA-RICHARD-VIRENQUE-AND-MARCO-PANTANI.png?resize=180%2C180&ssl=1",180,180,true],"sow-carousel-default":["https:\/\/i0.wp.com\/joyana.fr\/wp-content\/uploads\/2024\/02\/TOMOKAZU-KOMIYA-RICHARD-VIRENQUE-AND-MARCO-PANTANI.png?resize=272%2C182&ssl=1",272,182,true]},"post_excerpt_stackable_v2":"<p>Title : RICHARD VIRENQUE AND MARCO PANTANI<br \/>\nSize: 41&#215;31,8cm<br \/>\nFramed with museum glass<br \/>\nMixed technics on cardboard<\/p>\n","category_list_v2":"","author_info_v2":{"name":"angela","url":"https:\/\/joyana.fr\/ja\/author\/angela\/"},"comments_num_v2":"0 comments","yoast_head":"<!-- This site is optimized with the Yoast SEO plugin v26.8 - https:\/\/yoast.com\/product\/yoast-seo-wordpress\/ -->\n<title>RICHARD VIRENQUE AND MARCO PANTANI -  - RICHARD VIRENQUE AND MARCO PANTANI - TOMOKAZU KOMIYA[:] - JO YANA<\/title>\n<meta name=\"robots\" content=\"index, follow, max-snippet:-1, max-image-preview:large, max-video-preview:-1\" \/>\n<link rel=\"canonical\" href=\"https:\/\/joyana.fr\/ja\/gallery\/richard-virenque-and-marco-pantani-tomokazu-komiya\/\" \/>\n<meta property=\"og:locale\" content=\"ja_JP\" \/>\n<meta property=\"og:locale:alternate\" content=\"fr_FR\" \/>\n<meta property=\"og:locale:alternate\" content=\"en_US\" \/>\n<meta property=\"og:type\" content=\"article\" \/>\n<meta property=\"og:title\" content=\"RICHARD VIRENQUE AND MARCO PANTANI - TOMOKAZU KOMIYA\" \/>\n<meta property=\"og:description\" content=\"Title : RICHARD VIRENQUE AND MARCO PANTANI Size: 41x31,8cm Framed with museum glass Mixed technics on cardboard\" \/>\n<meta property=\"og:url\" content=\"https:\/\/joyana.fr\/ja\/gallery\/richard-virenque-and-marco-pantani-tomokazu-komiya\/\" \/>\n<meta property=\"og:site_name\" content=\"JO YANA\" \/>\n<meta property=\"article:modified_time\" content=\"2024-02-21T16:01:25+00:00\" \/>\n<meta property=\"og:image\" content=\"https:\/\/i0.wp.com\/joyana.fr\/wp-content\/uploads\/2024\/02\/TOMOKAZU-KOMIYA-RICHARD-VIRENQUE-AND-MARCO-PANTANI.png?fit=348%2C450&ssl=1\" \/>\n\t<meta property=\"og:image:width\" content=\"348\" \/>\n\t<meta property=\"og:image:height\" content=\"450\" \/>\n\t<meta property=\"og:image:type\" content=\"image\/png\" \/>\n<meta name=\"twitter:card\" content=\"summary_large_image\" \/>\n<meta name=\"twitter:site\" content=\"@Jo_Yana\" \/>\n<meta name=\"twitter:label1\" content=\"\u63a8\u5b9a\u8aad\u307f\u53d6\u308a\u6642\u9593\" \/>\n\t<meta name=\"twitter:data1\" content=\"1\u5206\" \/>\n<script type=\"application\/ld+json\" class=\"yoast-schema-graph\">{\"@context\":\"https:\/\/schema.org\",\"@graph\":[{\"@type\":\"WebPage\",\"@id\":\"https:\/\/joyana.fr\/en\/gallery\/richard-virenque-and-marco-pantani-tomokazu-komiya\/\",\"url\":\"https:\/\/joyana.fr\/en\/gallery\/richard-virenque-and-marco-pantani-tomokazu-komiya\/\",\"name\":\"RICHARD VIRENQUE AND MARCO PANTANI - TOMOKAZU KOMIYA\",\"isPartOf\":{\"@id\":\"https:\/\/joyana.fr\/#website\"},\"primaryImageOfPage\":{\"@id\":\"https:\/\/joyana.fr\/en\/gallery\/richard-virenque-and-marco-pantani-tomokazu-komiya\/#primaryimage\"},\"image\":{\"@id\":\"https:\/\/joyana.fr\/en\/gallery\/richard-virenque-and-marco-pantani-tomokazu-komiya\/#primaryimage\"},\"thumbnailUrl\":\"https:\/\/i0.wp.com\/joyana.fr\/wp-content\/uploads\/2024\/02\/TOMOKAZU-KOMIYA-RICHARD-VIRENQUE-AND-MARCO-PANTANI.png?fit=348%2C450&ssl=1\",\"datePublished\":\"2024-02-21T15:47:27+00:00\",\"dateModified\":\"2024-02-21T16:01:25+00:00\",\"breadcrumb\":{\"@id\":\"https:\/\/joyana.fr\/en\/gallery\/richard-virenque-and-marco-pantani-tomokazu-komiya\/#breadcrumb\"},\"inLanguage\":\"ja\",\"potentialAction\":[{\"@type\":\"ReadAction\",\"target\":[\"https:\/\/joyana.fr\/en\/gallery\/richard-virenque-and-marco-pantani-tomokazu-komiya\/\"]}]},{\"@type\":\"ImageObject\",\"inLanguage\":\"ja\",\"@id\":\"https:\/\/joyana.fr\/en\/gallery\/richard-virenque-and-marco-pantani-tomokazu-komiya\/#primaryimage\",\"url\":\"https:\/\/i0.wp.com\/joyana.fr\/wp-content\/uploads\/2024\/02\/TOMOKAZU-KOMIYA-RICHARD-VIRENQUE-AND-MARCO-PANTANI.png?fit=348%2C450&ssl=1\",\"contentUrl\":\"https:\/\/i0.wp.com\/joyana.fr\/wp-content\/uploads\/2024\/02\/TOMOKAZU-KOMIYA-RICHARD-VIRENQUE-AND-MARCO-PANTANI.png?fit=348%2C450&ssl=1\",\"width\":348,\"height\":450},{\"@type\":\"BreadcrumbList\",\"@id\":\"https:\/\/joyana.fr\/en\/gallery\/richard-virenque-and-marco-pantani-tomokazu-komiya\/#breadcrumb\",\"itemListElement\":[{\"@type\":\"ListItem\",\"position\":1,\"name\":\"Accueil\",\"item\":\"https:\/\/joyana.fr\/\"},{\"@type\":\"ListItem\",\"position\":2,\"name\":\"GALLERY JO YANA\",\"item\":\"https:\/\/joyana.fr\/en\/artgallery\/\"},{\"@type\":\"ListItem\",\"position\":3,\"name\":\"RICHARD VIRENQUE AND MARCO PANTANI &#8211; TOMOKAZU KOMIYA\"}]},{\"@type\":\"WebSite\",\"@id\":\"https:\/\/joyana.fr\/#website\",\"url\":\"https:\/\/joyana.fr\/\",\"name\":\"JO YANA\",\"description\":\"Blog Mode Homme, Lifestyle, D\u00e9co-Design\",\"publisher\":{\"@id\":\"https:\/\/joyana.fr\/#\/schema\/person\/cf2a1ad12a27c12c21801075bf37407c\"},\"potentialAction\":[{\"@type\":\"SearchAction\",\"target\":{\"@type\":\"EntryPoint\",\"urlTemplate\":\"https:\/\/joyana.fr\/?s={search_term_string}\"},\"query-input\":{\"@type\":\"PropertyValueSpecification\",\"valueRequired\":true,\"valueName\":\"search_term_string\"}}],\"inLanguage\":\"ja\"},{\"@type\":[\"Person\",\"Organization\"],\"@id\":\"https:\/\/joyana.fr\/#\/schema\/person\/cf2a1ad12a27c12c21801075bf37407c\",\"name\":\"Jo Yana\",\"image\":{\"@type\":\"ImageObject\",\"inLanguage\":\"ja\",\"@id\":\"https:\/\/joyana.fr\/#\/schema\/person\/image\/\",\"url\":\"https:\/\/i0.wp.com\/joyana.fr\/wp-content\/uploads\/2016\/08\/cropped-joyana-logo-black-360x180.png?fit=343%2C164&ssl=1\",\"contentUrl\":\"https:\/\/i0.wp.com\/joyana.fr\/wp-content\/uploads\/2016\/08\/cropped-joyana-logo-black-360x180.png?fit=343%2C164&ssl=1\",\"width\":343,\"height\":164,\"caption\":\"Jo Yana\"},\"logo\":{\"@id\":\"https:\/\/joyana.fr\/#\/schema\/person\/image\/\"},\"description\":\"Jo Yana est le cr\u00e9ateur et r\u00e9dacteur en chef des sites DECO-DESIGN. Passionn\u00e9 de Design, Mode, Photo, Luxe, Lifestyle, Musique, mais avant tout Blogueur ! Le plaisir de partager l'anime et a comme devise \\\"POUR L'AMOUR DU BEAU\\\". Retrouvez le aussi sur son blog personnel - https:\/\/joyana.fr...\",\"sameAs\":[\"https:\/\/joyana.fr\/\"]}]}<\/script>\n<!-- \/ Yoast SEO plugin. -->","yoast_head_json":{"title":"RICHARD VIRENQUE AND MARCO PANTANI -  - RICHARD VIRENQUE AND MARCO PANTANI - TOMOKAZU KOMIYA[:] - JO YANA","robots":{"index":"index","follow":"follow","max-snippet":"max-snippet:-1","max-image-preview":"max-image-preview:large","max-video-preview":"max-video-preview:-1"},"canonical":"https:\/\/joyana.fr\/ja\/gallery\/richard-virenque-and-marco-pantani-tomokazu-komiya\/","og_locale":"ja_JP","og_type":"article","og_title":"[:fr]RICHARD VIRENQUE AND MARCO PANTANI - TOMOKAZU KOMIYA[:en]RICHARD VIRENQUE AND MARCO PANTANI - TOMOKAZU KOMIYA[:ja]RICHARD VIRENQUE AND MARCO PANTANI - TOMOKAZU KOMIYA[:] - JO YANA","og_description":"Title : RICHARD VIRENQUE AND MARCO PANTANI Size: 41x31,8cm Framed with museum glass Mixed technics on cardboard","og_url":"https:\/\/joyana.fr\/ja\/gallery\/richard-virenque-and-marco-pantani-tomokazu-komiya\/","og_site_name":"JO YANA","article_modified_time":"2024-02-21T16:01:25+00:00","og_image":[{"width":348,"height":450,"url":"https:\/\/i0.wp.com\/joyana.fr\/wp-content\/uploads\/2024\/02\/TOMOKAZU-KOMIYA-RICHARD-VIRENQUE-AND-MARCO-PANTANI.png?fit=348%2C450&ssl=1","type":"image\/png"}],"twitter_card":"summary_large_image","twitter_site":"@Jo_Yana","twitter_misc":{"\u63a8\u5b9a\u8aad\u307f\u53d6\u308a\u6642\u9593":"1\u5206"},"schema":{"@context":"https:\/\/schema.org","@graph":[{"@type":"WebPage","@id":"https:\/\/joyana.fr\/en\/gallery\/richard-virenque-and-marco-pantani-tomokazu-komiya\/","url":"https:\/\/joyana.fr\/en\/gallery\/richard-virenque-and-marco-pantani-tomokazu-komiya\/","name":"RICHARD VIRENQUE AND MARCO PANTANI - TOMOKAZU KOMIYA","isPartOf":{"@id":"https:\/\/joyana.fr\/#website"},"primaryImageOfPage":{"@id":"https:\/\/joyana.fr\/en\/gallery\/richard-virenque-and-marco-pantani-tomokazu-komiya\/#primaryimage"},"image":{"@id":"https:\/\/joyana.fr\/en\/gallery\/richard-virenque-and-marco-pantani-tomokazu-komiya\/#primaryimage"},"thumbnailUrl":"https:\/\/i0.wp.com\/joyana.fr\/wp-content\/uploads\/2024\/02\/TOMOKAZU-KOMIYA-RICHARD-VIRENQUE-AND-MARCO-PANTANI.png?fit=348%2C450&ssl=1","datePublished":"2024-02-21T15:47:27+00:00","dateModified":"2024-02-21T16:01:25+00:00","breadcrumb":{"@id":"https:\/\/joyana.fr\/en\/gallery\/richard-virenque-and-marco-pantani-tomokazu-komiya\/#breadcrumb"},"inLanguage":"ja","potentialAction":[{"@type":"ReadAction","target":["https:\/\/joyana.fr\/en\/gallery\/richard-virenque-and-marco-pantani-tomokazu-komiya\/"]}]},{"@type":"ImageObject","inLanguage":"ja","@id":"https:\/\/joyana.fr\/en\/gallery\/richard-virenque-and-marco-pantani-tomokazu-komiya\/#primaryimage","url":"https:\/\/i0.wp.com\/joyana.fr\/wp-content\/uploads\/2024\/02\/TOMOKAZU-KOMIYA-RICHARD-VIRENQUE-AND-MARCO-PANTANI.png?fit=348%2C450&ssl=1","contentUrl":"https:\/\/i0.wp.com\/joyana.fr\/wp-content\/uploads\/2024\/02\/TOMOKAZU-KOMIYA-RICHARD-VIRENQUE-AND-MARCO-PANTANI.png?fit=348%2C450&ssl=1","width":348,"height":450},{"@type":"BreadcrumbList","@id":"https:\/\/joyana.fr\/en\/gallery\/richard-virenque-and-marco-pantani-tomokazu-komiya\/#breadcrumb","itemListElement":[{"@type":"ListItem","position":1,"name":"Accueil","item":"https:\/\/joyana.fr\/"},{"@type":"ListItem","position":2,"name":"GALLERY JO YANA","item":"https:\/\/joyana.fr\/en\/artgallery\/"},{"@type":"ListItem","position":3,"name":"RICHARD VIRENQUE AND MARCO PANTANI &#8211; TOMOKAZU KOMIYA"}]},{"@type":"WebSite","@id":"https:\/\/joyana.fr\/#website","url":"https:\/\/joyana.fr\/","name":"JO YANA","description":"Blog Mode Homme, Lifestyle, D\u00e9co-Design","publisher":{"@id":"https:\/\/joyana.fr\/#\/schema\/person\/cf2a1ad12a27c12c21801075bf37407c"},"potentialAction":[{"@type":"SearchAction","target":{"@type":"EntryPoint","urlTemplate":"https:\/\/joyana.fr\/?s={search_term_string}"},"query-input":{"@type":"PropertyValueSpecification","valueRequired":true,"valueName":"search_term_string"}}],"inLanguage":"ja"},{"@type":["Person","Organization"],"@id":"https:\/\/joyana.fr\/#\/schema\/person\/cf2a1ad12a27c12c21801075bf37407c","name":"Jo Yana","image":{"@type":"ImageObject","inLanguage":"ja","@id":"https:\/\/joyana.fr\/#\/schema\/person\/image\/","url":"https:\/\/i0.wp.com\/joyana.fr\/wp-content\/uploads\/2016\/08\/cropped-joyana-logo-black-360x180.png?fit=343%2C164&ssl=1","contentUrl":"https:\/\/i0.wp.com\/joyana.fr\/wp-content\/uploads\/2016\/08\/cropped-joyana-logo-black-360x180.png?fit=343%2C164&ssl=1","width":343,"height":164,"caption":"Jo Yana"},"logo":{"@id":"https:\/\/joyana.fr\/#\/schema\/person\/image\/"},"description":"Jo Yana est le cr\u00e9ateur et r\u00e9dacteur en chef des sites DECO-DESIGN. Passionn\u00e9 de Design, Mode, Photo, Luxe, Lifestyle, Musique, mais avant tout Blogueur ! Le plaisir de partager l'anime et a comme devise \"POUR L'AMOUR DU BEAU\". Retrouvez le aussi sur son blog personnel - https:\/\/joyana.fr...","sameAs":["https:\/\/joyana.fr\/"]}]}},"uagb_featured_image_src":{"full":["https:\/\/i0.wp.com\/joyana.fr\/wp-content\/uploads\/2024\/02\/TOMOKAZU-KOMIYA-RICHARD-VIRENQUE-AND-MARCO-PANTANI.png?fit=348%2C450&ssl=1",348,450,false],"thumbnail":["https:\/\/i0.wp.com\/joyana.fr\/wp-content\/uploads\/2024\/02\/TOMOKAZU-KOMIYA-RICHARD-VIRENQUE-AND-MARCO-PANTANI.png?resize=150%2C150&ssl=1",150,150,true],"medium":["https:\/\/i0.wp.com\/joyana.fr\/wp-content\/uploads\/2024\/02\/TOMOKAZU-KOMIYA-RICHARD-VIRENQUE-AND-MARCO-PANTANI.png?fit=301%2C389&ssl=1",301,389,true],"medium_large":["https:\/\/i0.wp.com\/joyana.fr\/wp-content\/uploads\/2024\/02\/TOMOKAZU-KOMIYA-RICHARD-VIRENQUE-AND-MARCO-PANTANI.png?fit=348%2C450&ssl=1",348,450,true],"large":["https:\/\/i0.wp.com\/joyana.fr\/wp-content\/uploads\/2024\/02\/TOMOKAZU-KOMIYA-RICHARD-VIRENQUE-AND-MARCO-PANTANI.png?fit=348%2C450&ssl=1",348,450,true],"1536x1536":["https:\/\/i0.wp.com\/joyana.fr\/wp-content\/uploads\/2024\/02\/TOMOKAZU-KOMIYA-RICHARD-VIRENQUE-AND-MARCO-PANTANI.png?fit=348%2C450&ssl=1",348,450,true],"2048x2048":["https:\/\/i0.wp.com\/joyana.fr\/wp-content\/uploads\/2024\/02\/TOMOKAZU-KOMIYA-RICHARD-VIRENQUE-AND-MARCO-PANTANI.png?fit=348%2C450&ssl=1",348,450,true],"featured-thumb":["https:\/\/i0.wp.com\/joyana.fr\/wp-content\/uploads\/2024\/02\/TOMOKAZU-KOMIYA-RICHARD-VIRENQUE-AND-MARCO-PANTANI.png?resize=348%2C450&ssl=1",348,450,true],"ab-block-post-grid-landscape":["https:\/\/i0.wp.com\/joyana.fr\/wp-content\/uploads\/2024\/02\/TOMOKAZU-KOMIYA-RICHARD-VIRENQUE-AND-MARCO-PANTANI.png?resize=348%2C400&ssl=1",348,400,true],"ab-block-post-grid-square":["https:\/\/i0.wp.com\/joyana.fr\/wp-content\/uploads\/2024\/02\/TOMOKAZU-KOMIYA-RICHARD-VIRENQUE-AND-MARCO-PANTANI.png?resize=348%2C450&ssl=1",348,450,true],"author-pro-image":["https:\/\/i0.wp.com\/joyana.fr\/wp-content\/uploads\/2024\/02\/TOMOKAZU-KOMIYA-RICHARD-VIRENQUE-AND-MARCO-PANTANI.png?resize=348%2C450&ssl=1",348,450,true],"slider":["https:\/\/i0.wp.com\/joyana.fr\/wp-content\/uploads\/2024\/02\/TOMOKAZU-KOMIYA-RICHARD-VIRENQUE-AND-MARCO-PANTANI.png?resize=348%2C400&ssl=1",348,400,true],"woocommerce_thumbnail":["https:\/\/i0.wp.com\/joyana.fr\/wp-content\/uploads\/2024\/02\/TOMOKAZU-KOMIYA-RICHARD-VIRENQUE-AND-MARCO-PANTANI.png?resize=348%2C450&ssl=1",348,450,true],"woocommerce_single":["https:\/\/i0.wp.com\/joyana.fr\/wp-content\/uploads\/2024\/02\/TOMOKAZU-KOMIYA-RICHARD-VIRENQUE-AND-MARCO-PANTANI.png?fit=348%2C450&ssl=1",348,450,true],"woocommerce_gallery_thumbnail":["https:\/\/i0.wp.com\/joyana.fr\/wp-content\/uploads\/2024\/02\/TOMOKAZU-KOMIYA-RICHARD-VIRENQUE-AND-MARCO-PANTANI.png?resize=180%2C180&ssl=1",180,180,true],"sow-carousel-default":["https:\/\/i0.wp.com\/joyana.fr\/wp-content\/uploads\/2024\/02\/TOMOKAZU-KOMIYA-RICHARD-VIRENQUE-AND-MARCO-PANTANI.png?resize=272%2C182&ssl=1",272,182,true]},"uagb_author_info":{"display_name":"angela","author_link":"https:\/\/joyana.fr\/ja\/author\/angela\/"},"uagb_comment_info":0,"uagb_excerpt":"Title : RICHARD VIRENQUE AND MARCO PANTANI Size: 41x31,&hellip;","featured_img":"https:\/\/joyana.fr\/wp-content\/uploads\/2024\/02\/TOMOKAZU-KOMIYA-RICHARD-VIRENQUE-AND-MARCO-PANTANI.png","coauthors":[],"author_meta":{"author_link":"https:\/\/joyana.fr\/ja\/author\/angela\/","display_name":"angela"},"relative_dates":{"created":"Posted 2\u5e74 ago","modified":"Updated 2\u5e74 ago"},"absolute_dates":{"created":"Posted on 21 2\u6708 2024","modified":"Updated on 21 2\u6708 2024"},"absolute_dates_time":{"created":"Posted on 21 2\u6708 2024 17:47","modified":"Updated on 21 2\u6708 2024 18:01"},"featured_img_caption":"","tax_additional":{"product_type":{"linked":["<a href=\"https:\/\/joyana.fr\/ja\/?taxonomy=product_type&#038;term=simple\" class=\"advgb-post-tax-term\">simple<\/a>"],"unlinked":["<span class=\"advgb-post-tax-term\">simple<\/span>"],"slug":"product_type","name":"\u5546\u54c1\u30bf\u30a4\u30d7"},"product_visibility":{"linked":[],"unlinked":[],"slug":"product_visibility","name":"\u5546\u54c1\u306e\u8868\u793a\u8a2d\u5b9a"},"product_cat":{"linked":["<a href=\"https:\/\/joyana.fr\/ja\/artgallery\/oeuvres\/oeuvres-sur-demande\/\" class=\"advgb-post-tax-term\"><\/a>","<a href=\"https:\/\/joyana.fr\/ja\/artgallery\/oeuvres\/oeuvres-disponibles\/toile\/\" class=\"advgb-post-tax-term\">Toile<\/a>","<a href=\"https:\/\/joyana.fr\/ja\/artgallery\/nos-artistes\/tomokazu-komiya\/\" class=\"advgb-post-tax-term\">TOMOKAZU KOMIYA<\/a>","<a href=\"https:\/\/joyana.fr\/ja\/artgallery\/oeuvres\/oeuvres-disponibles\/\" class=\"advgb-post-tax-term\">\u0152uvres disponibles<\/a>"],"unlinked":["<span class=\"advgb-post-tax-term\"><\/span>","<span class=\"advgb-post-tax-term\">Toile<\/span>","<span class=\"advgb-post-tax-term\">TOMOKAZU KOMIYA<\/span>","<span class=\"advgb-post-tax-term\">\u0152uvres disponibles<\/span>"],"slug":"product_cat","name":"\u5546\u54c1\u30ab\u30c6\u30b4\u30ea\u30fc"},"product_tag":{"linked":["<a href=\"https:\/\/joyana.fr\/ja\/etiquette-produit\/japan\/\" class=\"advgb-post-tax-term\">Japan<\/a>","<a href=\"https:\/\/joyana.fr\/ja\/etiquette-produit\/art-japonais\/\" class=\"advgb-post-tax-term\">Art Japonais<\/a>","<a href=\"https:\/\/joyana.fr\/ja\/etiquette-produit\/gallery-jo-yana\/\" class=\"advgb-post-tax-term\">Gallery Jo Yana<\/a>","<a href=\"https:\/\/joyana.fr\/ja\/etiquette-produit\/japon\/\" class=\"advgb-post-tax-term\">Japon<\/a>"],"unlinked":["<span class=\"advgb-post-tax-term\">Japan<\/span>","<span class=\"advgb-post-tax-term\">Art Japonais<\/span>","<span class=\"advgb-post-tax-term\">Gallery Jo Yana<\/span>","<span class=\"advgb-post-tax-term\">Japon<\/span>"],"slug":"product_tag","name":"\u5546\u54c1\u30bf\u30b0"},"product_shipping_class":{"linked":[],"unlinked":[],"slug":"product_shipping_class","name":"\u5546\u54c1\u306e\u914d\u9001\u30af\u30e9\u30b9"},"pa_color":{"linked":[],"unlinked":[],"slug":"pa_color","name":"\u5546\u54c1 Couleurs"},"pa_frhoraires":{"linked":[],"unlinked":[],"slug":"pa_frhoraires","name":"\u5546\u54c1 Horaires"}},"series_order":"","jetpack_sharing_enabled":true,"jetpack-related-posts":[],"_links":{"self":[{"href":"https:\/\/joyana.fr\/ja\/wp-json\/wp\/v2\/product\/149611","targetHints":{"allow":["GET"]}}],"collection":[{"href":"https:\/\/joyana.fr\/ja\/wp-json\/wp\/v2\/product"}],"about":[{"href":"https:\/\/joyana.fr\/ja\/wp-json\/wp\/v2\/types\/product"}],"wp:featuredmedia":[{"embeddable":true,"href":"https:\/\/joyana.fr\/ja\/wp-json\/wp\/v2\/media\/149604"}],"wp:attachment":[{"href":"https:\/\/joyana.fr\/ja\/wp-json\/wp\/v2\/media?parent=149611"}],"wp:term":[{"taxonomy":"product_cat","embeddable":true,"href":"https:\/\/joyana.fr\/ja\/wp-json\/wp\/v2\/product_cat?post=149611"},{"taxonomy":"product_tag","embeddable":true,"href":"https:\/\/joyana.fr\/ja\/wp-json\/wp\/v2\/product_tag?post=149611"}],"curies":[{"name":"wp","href":"https:\/\/api.w.org\/{rel}","templated":true}]}}